{"id":275206,"date":"2025-10-13T15:50:03","date_gmt":"2025-10-13T13:50:03","guid":{"rendered":"https:\/\/digalco.com\/tienda\/impressora-laser-develop-ineo-3351-recondicionado-pt-14147\/"},"modified":"2026-03-02T17:18:06","modified_gmt":"2026-03-02T16:18:06","slug":"impressora-laser-develop-ineo-3351-recondicionado-pt-14147","status":"publish","type":"product","link":"https:\/\/digalco.com\/pt-pt\/produto\/impressora-laser-develop-ineo-3351-recondicionado-pt-14147\/","title":{"rendered":"Impressora L\u00e1ser Develop Ineo +3351 | Recondicionado"},"content":{"rendered":"<p><strong>Geral impressora<\/strong><br \/>Color<br \/>Resolu\u00e7\u00e3o 1800x600ppp<br \/>Mem\u00f3ria RAM 2048Mb.<br \/>Linguagem da impressora PCL6<br \/><strong>Multifuncional<\/strong><br \/>Resolu\u00e7\u00e3o do scanner 600dpi<br \/><strong>C\u00f3pias<\/strong><br \/>Primeira p\u00e1gina 6.1 s<br \/>Preto e branco 25 ppm<br \/>Cor 25 ppm<br \/><strong>Manuseio de papel<\/strong><br \/>Duplo<br \/>Bandeja: 500 folhas<br \/>Bandeja manual: 100 folhas<br \/><strong>Conectividade impressora<\/strong><br \/>USB, Rede<br \/><strong>Dimens\u00f5es<\/strong><br \/>115x62x68 cm.<br \/><strong>Peso<\/strong><br \/>85.00 Kg.<br \/><strong>Especifica\u00e7\u00f5es adicionais<\/strong><br \/><strong>Estado geral:<\/strong> Bom estado est\u00e9tico.<strong>Incid\u00eancia:<\/strong> Erro de toner preto. Aba de fecho da carca\u00e7a do toner partida.<strong>Coment\u00e1rio t\u00e9cnico:<\/strong> Falha t\u00edpica por obstru\u00e7\u00e3o do sensor de toner ou engrenagem do cartucho.<strong>Argumento comercial:<\/strong>Equipamento com alto potencial de reintrodu\u00e7\u00e3o ap\u00f3s substitui\u00e7\u00e3o do sistema de toner ou repara\u00e7\u00e3o mec\u00e2nica do fecho. Ideal para empresas que disponham de unidades doadoras ou procurem recuperar equipamentos de gama m\u00e9dia a cores com estrutura completa.<strong>Estas m\u00e1quinas s\u00e3o fornecidas sem garantia.<\/strong> Especialmente direcionadas a profissionais de impress\u00e3o que, atrav\u00e9s da sua qualifica\u00e7\u00e3o, possam acrescentar uma parte do valor final ao seu cliente.Veja em \u201c+ Fotos\u201d e se tiver alguma d\u00favida ligue-nos ou use o nosso chat para obter mais informa\u00e7\u00f5es ou solicitar mais detalhes.<\/p>\n","protected":false},"excerpt":{"rendered":"<p>Tamanho do papel A4 \u00b7 Duplo \u00b7 Preto e branco 25ppm \u00b7 Cor 25ppm \u00b7 Resolu\u00e7\u00e3o 1800x600ppp \u00b7 Mem\u00f3ria RAM 2048Mb. \u00b7<u>Erro de toner preto.<\/u> [&#8230;]<\/p>\n<p><a class=\"btn btn-secondary understrap-read-more-link\" href=\"https:\/\/digalco.com\/pt-pt\/produto\/impressora-laser-develop-ineo-3351-recondicionado-pt-14147\/\">Continuar a ler&#8230;<span class=\"screen-reader-text\"> from Impressora L\u00e1ser Develop Ineo +3351 | Recondicionado<\/span><\/a><\/p>\n","protected":false},"featured_media":275175,"template":"","meta":[],"product_brand":[3939],"product_cat":[1671,1719,1703],"product_tag":[],"class_list":{"0":"post-275206","1":"product","2":"type-product","3":"status-publish","4":"has-post-thumbnail","6":"product_brand-develop","7":"product_cat-impressoras-pt","8":"product_cat-fotocopiadoras-pt","9":"product_cat-impressoras-multifuncional-pt","11":"first","12":"instock","13":"taxable","14":"shipping-taxable","15":"purchasable","16":"product-type-simple"},"bundled_by":[],"bundle_stock_status":"instock","bundle_stock_quantity":1,"bundle_virtual":false,"bundle_layout":"","bundle_add_to_cart_form_location":"","bundle_editable_in_cart":false,"bundle_sold_individually_context":"","bundle_item_grouping":"","bundle_min_size":"","bundle_max_size":"","bundle_price":[],"bundled_items":[],"bundle_sell_ids":[],"exclude_global_add_ons":[],"addons":[],"df_price":233,"df_sale_price":"","df_regular_price":233,"df_image_link":"https:\/\/digalco.com\/wp-content\/uploads\/images\/product\/14147\/deve00006_01-300x225.jpg","_links":{"self":[{"href":"https:\/\/digalco.com\/pt-pt\/wp-json\/wp\/v2\/product\/275206","targetHints":{"allow":["GET"]}}],"collection":[{"href":"https:\/\/digalco.com\/pt-pt\/wp-json\/wp\/v2\/product"}],"about":[{"href":"https:\/\/digalco.com\/pt-pt\/wp-json\/wp\/v2\/types\/product"}],"wp:featuredmedia":[{"embeddable":true,"href":"https:\/\/digalco.com\/pt-pt\/wp-json\/wp\/v2\/media\/275175"}],"wp:attachment":[{"href":"https:\/\/digalco.com\/pt-pt\/wp-json\/wp\/v2\/media?parent=275206"}],"wp:term":[{"taxonomy":"product_brand","embeddable":true,"href":"https:\/\/digalco.com\/pt-pt\/wp-json\/wp\/v2\/product_brand?post=275206"},{"taxonomy":"product_cat","embeddable":true,"href":"https:\/\/digalco.com\/pt-pt\/wp-json\/wp\/v2\/product_cat?post=275206"},{"taxonomy":"product_tag","embeddable":true,"href":"https:\/\/digalco.com\/pt-pt\/wp-json\/wp\/v2\/product_tag?post=275206"}],"curies":[{"name":"wp","href":"https:\/\/api.w.org\/{rel}","templated":true}]}}