{"id":275251,"date":"2025-10-13T16:00:54","date_gmt":"2025-10-13T14:00:54","guid":{"rendered":"https:\/\/digalco.com\/tienda\/impressora-laser-sharp-mx-b350w-recondicionado-pt-14189\/"},"modified":"2026-03-02T17:17:00","modified_gmt":"2026-03-02T16:17:00","slug":"impressora-laser-sharp-mx-b350w-recondicionado-pt-14189","status":"publish","type":"product","link":"https:\/\/digalco.com\/pt-pt\/produto\/impressora-laser-sharp-mx-b350w-recondicionado-pt-14189\/","title":{"rendered":"Impressora L\u00e1ser Sharp MX-B350W | Recondicionado"},"content":{"rendered":"<p><strong>Geral impressora<\/strong><br \/>Resolu\u00e7\u00e3o 600x600ppp<br \/>Mem\u00f3ria RAM 1024Mb.<br \/>Linguagem da impressora PCL6<br \/><strong>Multifuncional<\/strong><br \/>Resolu\u00e7\u00e3o do scanner 600dpi<br \/><strong>C\u00f3pias<\/strong><br \/>Preto e branco 35 ppm<br \/><strong>Manuseio de papel<\/strong><br \/>Duplo<br \/>ADF: 50 folhas<br \/>Bandeja: 500 folhas<br \/>Bandeja manual: 50 folhas<br \/><strong>Conectividade impressora<\/strong><br \/>USB, Rede, Fax<br \/><strong>Dimens\u00f5es<\/strong><br \/>56x52x49 cm.<br \/><strong>Peso<\/strong><br \/>29.00 Kg.<br \/><strong>Especifica\u00e7\u00f5es adicionais<\/strong><br \/><strong>Estado geral<\/strong>: Impec\u00e1vel.<strong>Incid\u00eancia:<\/strong> Sem toner, n\u00e3o testado.<strong>Coment\u00e1rio t\u00e9cnico:<\/strong> Unidade funcional, n\u00e3o test\u00e1vel por falta de consum\u00edvel.<strong>Argumento comercial:<\/strong>Equipamento compacto e de baixo custo operativo. Ideal para recondicionadores que disponham de toner compat\u00edvel. Excelente oportunidade para recuperar uma impressora multifun\u00e7\u00f5es com grande procura nas PME.<strong>Estas m\u00e1quinas s\u00e3o fornecidas sem garantia. <\/strong>Especialmente direcionadas a profissionais da impress\u00e3o que, atrav\u00e9s da sua qualifica\u00e7\u00e3o, possam acrescentar parte do valor final ao seu cliente.Veja em \u201c+ Fotos\u201d e se tiver alguma d\u00favida ligue-nos ou utilize o nosso chat para obter mais informa\u00e7\u00f5es ou solicitar mais detalhes.<\/p>\n","protected":false},"excerpt":{"rendered":"<p>Tamanho do papel A4 \u00b7 Duplo \u00b7 Preto e branco 35ppm \u00b7 Resolu\u00e7\u00e3o 600x600ppp \u00b7 Mem\u00f3ria RAM 1024Mb. \u00b7<u>N\u00e3o inclui toner<\/u> [&#8230;]<\/p>\n<p><a class=\"btn btn-secondary understrap-read-more-link\" href=\"https:\/\/digalco.com\/pt-pt\/produto\/impressora-laser-sharp-mx-b350w-recondicionado-pt-14189\/\">Continuar a ler&#8230;<span class=\"screen-reader-text\"> from Impressora L\u00e1ser Sharp MX-B350W | Recondicionado<\/span><\/a><\/p>\n","protected":false},"featured_media":275215,"template":"","meta":[],"product_brand":[3938],"product_cat":[1671,1719,1703],"product_tag":[],"class_list":{"0":"post-275251","1":"product","2":"type-product","3":"status-publish","4":"has-post-thumbnail","6":"product_brand-sharp","7":"product_cat-impressoras-pt","8":"product_cat-fotocopiadoras-pt","9":"product_cat-impressoras-multifuncional-pt","11":"first","12":"outofstock","13":"taxable","14":"shipping-taxable","15":"purchasable","16":"product-type-simple"},"bundled_by":[],"bundle_stock_status":"outofstock","bundle_stock_quantity":0,"bundle_virtual":false,"bundle_layout":"","bundle_add_to_cart_form_location":"","bundle_editable_in_cart":false,"bundle_sold_individually_context":"","bundle_item_grouping":"","bundle_min_size":"","bundle_max_size":"","bundle_price":[],"bundled_items":[],"bundle_sell_ids":[],"exclude_global_add_ons":[],"addons":[],"df_price":176,"df_sale_price":"","df_regular_price":176,"df_image_link":"https:\/\/digalco.com\/wp-content\/uploads\/images\/product\/14189\/sha00002_01-300x225.jpg","_links":{"self":[{"href":"https:\/\/digalco.com\/pt-pt\/wp-json\/wp\/v2\/product\/275251","targetHints":{"allow":["GET"]}}],"collection":[{"href":"https:\/\/digalco.com\/pt-pt\/wp-json\/wp\/v2\/product"}],"about":[{"href":"https:\/\/digalco.com\/pt-pt\/wp-json\/wp\/v2\/types\/product"}],"wp:featuredmedia":[{"embeddable":true,"href":"https:\/\/digalco.com\/pt-pt\/wp-json\/wp\/v2\/media\/275215"}],"wp:attachment":[{"href":"https:\/\/digalco.com\/pt-pt\/wp-json\/wp\/v2\/media?parent=275251"}],"wp:term":[{"taxonomy":"product_brand","embeddable":true,"href":"https:\/\/digalco.com\/pt-pt\/wp-json\/wp\/v2\/product_brand?post=275251"},{"taxonomy":"product_cat","embeddable":true,"href":"https:\/\/digalco.com\/pt-pt\/wp-json\/wp\/v2\/product_cat?post=275251"},{"taxonomy":"product_tag","embeddable":true,"href":"https:\/\/digalco.com\/pt-pt\/wp-json\/wp\/v2\/product_tag?post=275251"}],"curies":[{"name":"wp","href":"https:\/\/api.w.org\/{rel}","templated":true}]}}