{"id":275512,"date":"2025-10-14T15:10:54","date_gmt":"2025-10-14T13:10:54","guid":{"rendered":"https:\/\/digalco.com\/tienda\/impressora-pos-termica-zebra-z6m-recondicionado-pt-14084\/"},"modified":"2025-10-14T15:10:56","modified_gmt":"2025-10-14T13:10:56","slug":"impressora-pos-termica-zebra-z6m-recondicionado-pt-14084","status":"publish","type":"product","link":"https:\/\/digalco.com\/pt-pt\/produto\/impressora-pos-termica-zebra-z6m-recondicionado-pt-14084\/","title":{"rendered":"Impressora POS T\u00e9rmica Zebra Z6M | Recondicionado"},"content":{"rendered":"<p><strong>Tecnologia<\/strong><br \/>T\u00e9rmica<br \/><strong>C\u00f3pias<\/strong><br \/>Velocidade de impress\u00e3o 254 mm\/s<br \/>Caracteres por polegada 203<br \/><strong>Manuseio de papel<\/strong><br \/>Largura do papel 104mm<br \/>Corte autom\u00e1tico<br \/><strong>Conectividade impressora<\/strong><br \/>Serie, Paralelo<br \/><strong>Dimens\u00f5es<\/strong><br \/>27.8&#215;47.5&#215;33.8 cm.<br \/><strong>Peso<\/strong><br \/>15.00 Kg.<br \/><strong>Especifica\u00e7\u00f5es adicionais<\/strong><br \/>A Zebra Z6M \u00e9 uma impressora t\u00e9rmica industrial concebida para ambientes de trabalho intensivos onde a velocidade, a fiabilidade e a precis\u00e3o s\u00e3o indispens\u00e1veis. Com uma largura de papel at\u00e9 104 mm e uma velocidade de impress\u00e3o de 254 mm por segundo, oferece um desempenho excecional na produ\u00e7\u00e3o de etiquetas de alta qualidade, mesmo em grandes volumes. A sua resolu\u00e7\u00e3o de 203 dpi garante textos, c\u00f3digos de barras e gr\u00e1ficos n\u00edtidos, enquanto o sistema de corte autom\u00e1tico agiliza o processo de impress\u00e3o e melhora a efici\u00eancia operacional.Equipada com liga\u00e7\u00f5es S\u00e9rie e Paralela, integra-se facilmente em sistemas industriais e log\u00edsticos j\u00e1 existentes. A sua estrutura robusta em cor preta foi concebida para suportar condi\u00e7\u00f5es exigentes e uso cont\u00ednuo. Fi\u00e1vel, dur\u00e1vel e pensada para maximizar a produtividade, a Zebra Z6M \u00e9 uma solu\u00e7\u00e3o profissional ideal para armaz\u00e9ns, f\u00e1bricas, centros de distribui\u00e7\u00e3o e qualquer ambiente que exija impress\u00e3o t\u00e9rmica de alto desempenho.Bom aspeto exterior. Se tiver alguma d\u00favida ligue-nos ou use o nosso chat para solicitar mais detalhes.<br \/><strong>Coment\u00e1rios<\/strong><br \/><u>1 Mb Flash \/ 4 Mb DRAM \/ At\u00e9 2 Mb na motherboard e at\u00e9 8 Mb Flash PCMCIA<\/u><\/p>\n","protected":false},"excerpt":{"rendered":"<p>T\u00e9rmica \u00b7 Largura do papel 104mm \u00b7 Corte autom\u00e1tico \u00b7 Velocidade de impress\u00e3o 254 mm\/s \u00b7 Caracteres por polegada 203 \u00b7 <strong>Serie, Paralelo<\/strong> \u00b7 Caixa cor preto \u00b7<br \/>\n<u>1 Mb Flash \/ 4 Mb DRAM \/ At\u00e9 2 Mb na motherboard e at\u00e9 8 Mb Flash PCMCIA<br \/>\n<\/u> [&#8230;]<\/p>\n<p><a class=\"btn btn-secondary understrap-read-more-link\" href=\"https:\/\/digalco.com\/pt-pt\/produto\/impressora-pos-termica-zebra-z6m-recondicionado-pt-14084\/\">Continuar a ler&#8230;<span class=\"screen-reader-text\"> from Impressora POS T\u00e9rmica Zebra Z6M | Recondicionado<\/span><\/a><\/p>\n","protected":false},"featured_media":275506,"template":"","meta":[],"product_brand":[3883],"product_cat":[1671,3101,1707,1595],"product_tag":[],"class_list":{"0":"post-275512","1":"product","2":"type-product","3":"status-publish","4":"has-post-thumbnail","6":"product_brand-zebra","7":"product_cat-impressoras-pt","8":"product_cat-pos-impressoras-pt","9":"product_cat-impressoras-pos-pt","10":"product_cat-pos-pt","12":"first","13":"instock","14":"taxable","15":"shipping-taxable","16":"purchasable","17":"product-type-simple"},"bundled_by":[],"bundle_stock_status":"instock","bundle_stock_quantity":1,"bundle_virtual":false,"bundle_layout":"","bundle_add_to_cart_form_location":"","bundle_editable_in_cart":false,"bundle_sold_individually_context":"","bundle_item_grouping":"","bundle_min_size":"","bundle_max_size":"","bundle_price":[],"bundled_items":[],"bundle_sell_ids":[],"exclude_global_add_ons":[],"addons":[],"df_price":270,"df_sale_price":"","df_regular_price":270,"df_image_link":"https:\/\/digalco.com\/wp-content\/uploads\/images\/product\/14084\/zebr00027_01-300x225.jpg","_links":{"self":[{"href":"https:\/\/digalco.com\/pt-pt\/wp-json\/wp\/v2\/product\/275512","targetHints":{"allow":["GET"]}}],"collection":[{"href":"https:\/\/digalco.com\/pt-pt\/wp-json\/wp\/v2\/product"}],"about":[{"href":"https:\/\/digalco.com\/pt-pt\/wp-json\/wp\/v2\/types\/product"}],"wp:featuredmedia":[{"embeddable":true,"href":"https:\/\/digalco.com\/pt-pt\/wp-json\/wp\/v2\/media\/275506"}],"wp:attachment":[{"href":"https:\/\/digalco.com\/pt-pt\/wp-json\/wp\/v2\/media?parent=275512"}],"wp:term":[{"taxonomy":"product_brand","embeddable":true,"href":"https:\/\/digalco.com\/pt-pt\/wp-json\/wp\/v2\/product_brand?post=275512"},{"taxonomy":"product_cat","embeddable":true,"href":"https:\/\/digalco.com\/pt-pt\/wp-json\/wp\/v2\/product_cat?post=275512"},{"taxonomy":"product_tag","embeddable":true,"href":"https:\/\/digalco.com\/pt-pt\/wp-json\/wp\/v2\/product_tag?post=275512"}],"curies":[{"name":"wp","href":"https:\/\/api.w.org\/{rel}","templated":true}]}}