{"id":275616,"date":"2025-10-14T16:35:44","date_gmt":"2025-10-14T14:35:44","guid":{"rendered":"https:\/\/digalco.com\/tienda\/telefonia-ip-cisco-spa504g-recondicionado-pt-14092\/"},"modified":"2025-12-12T09:59:33","modified_gmt":"2025-12-12T08:59:33","slug":"telefonia-ip-cisco-spa504g-recondicionado-pt-14092","status":"publish","type":"product","link":"https:\/\/digalco.com\/pt-pt\/produto\/telefonia-ip-cisco-spa504g-recondicionado-pt-14092\/","title":{"rendered":"Telefon\u00eda IP CISCO SPA504G | Recondicionado"},"content":{"rendered":"<p>O Cisco SPA504G \u00e9 um telefone IP de 4 linhas com ecr\u00e3 LCD monocrom\u00e1tico, duas portas Ethernet 10\/100 com suporte a PoE e uma entrada para auriculares de 2,5 mm. Suporta os protocolos SIP e SPCP e inclui codecs de \u00e1udio como G.711a\/u, G.726, G.729ab e G.722 (\u00e1udio em banda larga). O telefone possui altifalante m\u00e3os-livres em full-duplex, indicador de mensagem \u00e0 espera integrado e v\u00e1rias fun\u00e7\u00f5es de chamada, incluindo identifica\u00e7\u00e3o de chamadas, chamada em espera e confer\u00eancia a 3 vias.<br \/><b>Especifica\u00e7\u00f5es principais<\/b><br \/><u>Linhas:<\/u> 4<br \/><u>Ecr\u00e3:<\/u> LCD monocrom\u00e1tico retroiluminado<br \/><u>Ethernet: <\/u>comutador de 2 portas 10\/100 com suporte PoE (Power over Ethernet)<br \/><u>Codecs de \u00e1udio:<\/u> G.711a\/u, G.726, G.729ab, G.722 (banda larga)<br \/><u>Entrada para auriculares:<\/u> 2,5 mm<br \/><u>Protocolos: <\/u>SIP e SPCP<br \/><u>Altifalante m\u00e3os-livres: <\/u>Full-duplex<br \/><u>Alimenta\u00e7\u00e3o: <\/u>Power over Ethernet ou adaptador de 5 V CC (vendido separadamente)<br \/><u>Dimens\u00f5es: <\/u>214\u00d7212\u00d744 mm<br \/><u>Peso: <\/u>0,9 kg<br \/><b>Destaques e fun\u00e7\u00f5es de chamada<\/b><br \/>Suporta at\u00e9 8 chamadas simult\u00e2neas<br \/>Identifica\u00e7\u00e3o de chamadas, chamada em espera e transfer\u00eancia de chamadas<br \/>Chamadas em confer\u00eancia a 3 vias<br \/>Indicador de mensagem \u00e0 espera<br \/>N\u00e3o incomodar<br \/>Toques distintivos<\/p>\n","protected":false},"excerpt":{"rendered":"<p>Linhas: 4 &#8211; Display: LCD monocrom\u00e1tico com retroilumina\u00e7\u00e3o &#8211; 2 portas 10\/100 com suporte PoE &#8211; Protocolos: SIP e SPCP &#8211; Alta-voz [&#8230;]<\/p>\n<p><a class=\"btn btn-secondary understrap-read-more-link\" href=\"https:\/\/digalco.com\/pt-pt\/produto\/telefonia-ip-cisco-spa504g-recondicionado-pt-14092\/\">Continuar a ler&#8230;<span class=\"screen-reader-text\"> from Telefon\u00eda IP CISCO SPA504G | Recondicionado<\/span><\/a><\/p>\n","protected":false},"featured_media":275605,"template":"","meta":[],"product_brand":[3882],"product_cat":[3797,1663],"product_tag":[],"class_list":{"0":"post-275616","1":"product","2":"type-product","3":"status-publish","4":"has-post-thumbnail","6":"product_brand-cisco","7":"product_cat-networking-telefonia-ip-pt","8":"product_cat-networking-pt","10":"first","11":"instock","12":"taxable","13":"shipping-taxable","14":"purchasable","15":"product-type-simple"},"bundled_by":[],"bundle_stock_status":"instock","bundle_stock_quantity":46,"bundle_virtual":false,"bundle_layout":"","bundle_add_to_cart_form_location":"","bundle_editable_in_cart":false,"bundle_sold_individually_context":"","bundle_item_grouping":"","bundle_min_size":"","bundle_max_size":"","bundle_price":[],"bundled_items":[],"bundle_sell_ids":[],"exclude_global_add_ons":[],"addons":[],"df_price":40,"df_sale_price":"","df_regular_price":40,"df_image_link":"https:\/\/digalco.com\/wp-content\/uploads\/images\/product\/14092\/cisc00108_01-300x225.jpg","_links":{"self":[{"href":"https:\/\/digalco.com\/pt-pt\/wp-json\/wp\/v2\/product\/275616","targetHints":{"allow":["GET"]}}],"collection":[{"href":"https:\/\/digalco.com\/pt-pt\/wp-json\/wp\/v2\/product"}],"about":[{"href":"https:\/\/digalco.com\/pt-pt\/wp-json\/wp\/v2\/types\/product"}],"wp:featuredmedia":[{"embeddable":true,"href":"https:\/\/digalco.com\/pt-pt\/wp-json\/wp\/v2\/media\/275605"}],"wp:attachment":[{"href":"https:\/\/digalco.com\/pt-pt\/wp-json\/wp\/v2\/media?parent=275616"}],"wp:term":[{"taxonomy":"product_brand","embeddable":true,"href":"https:\/\/digalco.com\/pt-pt\/wp-json\/wp\/v2\/product_brand?post=275616"},{"taxonomy":"product_cat","embeddable":true,"href":"https:\/\/digalco.com\/pt-pt\/wp-json\/wp\/v2\/product_cat?post=275616"},{"taxonomy":"product_tag","embeddable":true,"href":"https:\/\/digalco.com\/pt-pt\/wp-json\/wp\/v2\/product_tag?post=275616"}],"curies":[{"name":"wp","href":"https:\/\/api.w.org\/{rel}","templated":true}]}}