{"id":276015,"date":"2025-10-16T12:50:45","date_gmt":"2025-10-16T10:50:45","guid":{"rendered":"https:\/\/digalco.com\/tienda\/lenovo-thinkpad-t14-14-recondicionado-core-i5-17ghz-16-gb-ram-256-gb-ssd-m2-1920x1080-pt-14202\/"},"modified":"2026-04-20T11:33:28","modified_gmt":"2026-04-20T09:33:28","slug":"lenovo-thinkpad-t14-14-recondicionado-core-i5-17ghz-16-gb-ram-256-gb-ssd-m2-1920x1080-pt-14202","status":"publish","type":"product","link":"https:\/\/digalco.com\/pt-pt\/produto\/lenovo-thinkpad-t14-14-recondicionado-core-i5-17ghz-16-gb-ram-256-gb-ssd-m2-1920x1080-pt-14202\/","title":{"rendered":"Lenovo ThinkPad T14 14&#8221; | Recondicionado | Core i5 1.7GHz | 16 GB RAM | 256 GB SSD M2 1920&#215;1080"},"content":{"rendered":"<p><strong>Processador<\/strong><br \/>Intel Core i5 10310U 1.7 GHz.<br \/><strong>Mem\u00f3ria RAM<\/strong><br \/>16 Gb. SO-DDR4 RAM<br \/><strong>Disco r\u00edgido<\/strong><br \/>256 Gb. SSD M2<br \/><strong>Cart\u00f5es<\/strong><br \/>Placa gr\u00e1fica: Intel UHD Graphics<br \/>Som: Realtek HDA<br \/>Network: intel(R) ethernet l219-LM<br \/><strong>Sistema operativo<\/strong><br \/>Windows 11 Pro<br \/><strong>Portos<\/strong><br \/>USB-C<br \/>2x USB 3.1<br \/><strong>Tela<\/strong><br \/>T\u00e1til 14 &#8221; FullHD 16:9 \u00b7 Resolu\u00e7\u00e3o 1920&#215;1080<br \/><strong>Portas de v\u00eddeo<\/strong><br \/>HDMI<br \/><strong>Multim\u00eddia<\/strong><br \/>Webcam<br \/><strong>Conectividade<\/strong><br \/>RJ-45<br \/>WIFI<br \/>Bluetooth<br \/><strong>Espec\u00edfico laptop<\/strong><br \/>Layout do teclado Internacional (adesivos espanhol)<br \/><strong>Outros<\/strong><br \/>hR embalagens<br \/><strong>Dimens\u00f5es<\/strong><br \/>31x21x17 cm.<br \/><strong>Peso<\/strong><br \/>1.38 Kg.<br \/><strong>Especifica\u00e7\u00f5es adicionais<\/strong><br \/>O Lenovo ThinkPad T14 \u00e9 o companheiro ideal para profissionais que procuram desempenho, fiabilidade e mobilidade num s\u00f3 equipamento. Leve, resistente e com o inconfund\u00edvel design ThinkPad, este port\u00e1til foi feito para trabalhar a s\u00e9rio\u2026 em qualquer lugar.No seu interior conta com um Intel Core i5 10310U de 10\u00aa gera\u00e7\u00e3o (1.7 GHz), capaz de oferecer pot\u00eancia com efici\u00eancia energ\u00e9tica. Juntamente com 16 GB de RAM DDR4 e um r\u00e1pido SSD M.2 de 256 GB, garante arranque instant\u00e2neo, multitarefa fluida e desempenho constante ao longo do dia.O ecr\u00e3 t\u00e1til de 14\u2019\u2019 FullHD (1920&#215;1080) proporciona uma experi\u00eancia mais intuitiva e produtiva: toca, desliza ou escreve diretamente no painel com total precis\u00e3o. A tecnologia IPS oferece cores vivas e \u00e2ngulos de vis\u00e3o amplos, ideal tanto para trabalhar como para desfrutar de multim\u00e9dia.Inclui Windows 11 Pro, pensado para produtividade e seguran\u00e7a empresarial, e Webcam integrada, perfeita para videochamadas profissionais com grande qualidade.Como bom ThinkPad, \u00e9 constru\u00eddo segundo padr\u00f5es militares, garantindo m\u00e1xima durabilidade e fiabilidade.Um port\u00e1til com esp\u00edrito profissional, pensado para quem precisa de confian\u00e7a, desempenho e flexibilidade em cada projeto.Lenovo ThinkPad T14: produtividade sem limites, onde quer que estejas.Bom aspeto exterior. Se tiveres alguma d\u00favida, liga-nos ou usa o nosso chat para mais informa\u00e7\u00f5es ou para solicitar mais detalhes.<\/p>\n","protected":false},"excerpt":{"rendered":"<p>Intel Core i5 10310U 1.7 GHz. \u00b7 16 Gb. SO-DDR4 RAM \u00b7 256 Gb. SSD M2 \u00b7 <strong>Windows 11 Pro \u00b7 T\u00e1til 14 &#8221; FullHD<\/strong> 16:9 \u00b7 Webcam \u00b7<u>Teclado internacional com stickers em Portugu\u00eas<\/u> [&#8230;]<\/p>\n<p><a class=\"btn btn-secondary understrap-read-more-link\" href=\"https:\/\/digalco.com\/pt-pt\/produto\/lenovo-thinkpad-t14-14-recondicionado-core-i5-17ghz-16-gb-ram-256-gb-ssd-m2-1920x1080-pt-14202\/\">Continuar a ler&#8230;<span class=\"screen-reader-text\"> from Lenovo ThinkPad T14 14&#8221; | Recondicionado | Core i5 1.7GHz | 16 GB RAM | 256 GB SSD M2 1920&#215;1080<\/span><\/a><\/p>\n","protected":false},"featured_media":275974,"template":"","meta":[],"product_brand":[3856],"product_cat":[3759,1515,1531],"product_tag":[],"class_list":{"0":"post-276015","1":"product","2":"type-product","3":"status-publish","4":"has-post-thumbnail","6":"product_brand-lenovo","7":"product_cat-laptops-14-pt","8":"product_cat-laptops-pt","9":"product_cat-laptops-de-toque-pt","11":"first","12":"outofstock","13":"taxable","14":"shipping-taxable","15":"purchasable","16":"product-type-simple"},"bundled_by":[],"bundle_stock_status":"outofstock","bundle_stock_quantity":0,"bundle_virtual":false,"bundle_layout":"","bundle_add_to_cart_form_location":"","bundle_editable_in_cart":false,"bundle_sold_individually_context":"","bundle_item_grouping":"","bundle_min_size":"","bundle_max_size":"","bundle_price":[],"bundled_items":[],"bundle_sell_ids":[],"exclude_global_add_ons":true,"addons":{"keyboard-iso-upgrades":{"name":"Selecione idioma teclado","type":"multiple_choice","position":0,"required":false,"title_format":"heading","default":"","description_enable":false,"description":"","placeholder_enable":false,"placeholder":"","display":"radiobutton","restrictions_type":"any_text","adjust_price":false,"price":"","price_type":"quantity_based","restrictions":false,"min":"0","max":"0","options":[{"label":"Pegatinas Espanhol [AMP00082]","price":"0.0000","price_type":"quantity_based","image":0,"visibility":true},{"label":"Pegatinas Franc\u00e9s [AMP00084]","price":"0.0000","price_type":"quantity_based","image":0,"visibility":true},{"label":"Pegatinas Portugues [AMP00083]","price":"0.0000","price_type":"quantity_based","image":0,"visibility":true}]},"ram-memory-upgrades":{"name":"Extens\u00e3o RAM","type":"multiple_choice","position":0,"required":false,"title_format":"heading","default":"","description_enable":false,"description":"","placeholder_enable":false,"placeholder":"","display":"radiobutton","restrictions_type":"any_text","adjust_price":false,"price":"","price_type":"quantity_based","restrictions":false,"min":"0","max":"0","options":[{"label":"Extens\u00e3o SODIM RAM 32 Gb [AMP00098]","price":"150.0000","price_type":"quantity_based","image":0,"visibility":true}]},"hdd-upgrades":{"name":"Extens\u00e3o disco r\u00edgido","type":"multiple_choice","position":0,"required":false,"title_format":"heading","default":"","description_enable":false,"description":"","placeholder_enable":false,"placeholder":"","display":"radiobutton","restrictions_type":"any_text","adjust_price":false,"price":"","price_type":"quantity_based","restrictions":false,"min":"0","max":"0","options":[{"label":"Cambio a Disco SSD 500 Gb. M.2 2280 PCIe [AMP00106]","price":"110.0000","price_type":"quantity_based","image":0,"visibility":true},{"label":"Cambio a Disco SSD 1 Tb. M.2 2280 PCIe [AMP00107]","price":"165.0000","price_type":"quantity_based","image":0,"visibility":true}]},"os-upgrades":{"name":"Extens\u00e3o OS","type":"multiple_choice","position":0,"required":false,"title_format":"heading","default":"","description_enable":false,"description":"","placeholder_enable":false,"placeholder":"","display":"radiobutton","restrictions_type":"any_text","adjust_price":false,"price":"","price_type":"quantity_based","restrictions":false,"min":"0","max":"0","options":[{"label":"Alterar idioma para franc\u00eas [AMP00125]","price":"0.0000","price_type":"quantity_based","image":0,"visibility":true},{"label":"Alterar idioma para ingl\u00eas [AMP00008]","price":"0.0000","price_type":"quantity_based","image":0,"visibility":true},{"label":"Alterar idioma para o portugu\u00eas [AMP00009]","price":"0.0000","price_type":"quantity_based","image":0,"visibility":true}]},"briefcase-upgrades":{"name":"Maleta","type":"multiple_choice","position":0,"required":false,"title_format":"heading","default":"","description_enable":false,"description":"","placeholder_enable":false,"placeholder":"","display":"radiobutton","restrictions_type":"any_text","adjust_price":false,"price":"","price_type":"quantity_based","restrictions":false,"min":"0","max":"0","options":[{"label":"Maleta Port\u00e1til [AMP00041]","price":"5.0000","price_type":"quantity_based","image":0,"visibility":true}]}},"df_price":312,"df_sale_price":"","df_regular_price":312,"df_image_link":"https:\/\/digalco.com\/wp-content\/uploads\/images\/product\/14202\/leno01071_01-300x225.jpg","_links":{"self":[{"href":"https:\/\/digalco.com\/pt-pt\/wp-json\/wp\/v2\/product\/276015","targetHints":{"allow":["GET"]}}],"collection":[{"href":"https:\/\/digalco.com\/pt-pt\/wp-json\/wp\/v2\/product"}],"about":[{"href":"https:\/\/digalco.com\/pt-pt\/wp-json\/wp\/v2\/types\/product"}],"wp:featuredmedia":[{"embeddable":true,"href":"https:\/\/digalco.com\/pt-pt\/wp-json\/wp\/v2\/media\/275974"}],"wp:attachment":[{"href":"https:\/\/digalco.com\/pt-pt\/wp-json\/wp\/v2\/media?parent=276015"}],"wp:term":[{"taxonomy":"product_brand","embeddable":true,"href":"https:\/\/digalco.com\/pt-pt\/wp-json\/wp\/v2\/product_brand?post=276015"},{"taxonomy":"product_cat","embeddable":true,"href":"https:\/\/digalco.com\/pt-pt\/wp-json\/wp\/v2\/product_cat?post=276015"},{"taxonomy":"product_tag","embeddable":true,"href":"https:\/\/digalco.com\/pt-pt\/wp-json\/wp\/v2\/product_tag?post=276015"}],"curies":[{"name":"wp","href":"https:\/\/api.w.org\/{rel}","templated":true}]}}