{"id":276200,"date":"2025-10-17T12:00:35","date_gmt":"2025-10-17T10:00:35","guid":{"rendered":"https:\/\/digalco.com\/tienda\/impressora-pos-termica-epos-now-pos-80-gxa-recondicionado-pt-14026\/"},"modified":"2025-11-25T20:28:35","modified_gmt":"2025-11-25T19:28:35","slug":"impressora-pos-termica-epos-now-pos-80-gxa-recondicionado-pt-14026","status":"publish","type":"product","link":"https:\/\/digalco.com\/pt-pt\/produto\/impressora-pos-termica-epos-now-pos-80-gxa-recondicionado-pt-14026\/","title":{"rendered":"Impressora POS T\u00e9rmica Epos Now POS 80 GXA-Impecable | Recondicionado"},"content":{"rendered":"<p><strong>Tecnologia<\/strong><br \/>T\u00e9rmica<br \/><strong>C\u00f3pias<\/strong><br \/>Velocidade de impress\u00e3o 300 mm\/s<br \/><strong>Manuseio de papel<\/strong><br \/>Largura do papel 80mm<br \/>Corte autom\u00e1tico<br \/><strong>Conectividade impressora<\/strong><br \/>Serie, USB, Rede, Abertura gaveta<br \/><strong>Dimens\u00f5es<\/strong><br \/>19x14x20 cm.<br \/><strong>Peso<\/strong><br \/>2.00 Kg.<br \/><strong>Especifica\u00e7\u00f5es adicionais<\/strong><br \/>A Epos NowPOS 80 GXA \u00e9 uma impressora t\u00e9rmica profissional, concebida especificamente para pontos de venda que procuram rapidez, fiabilidade e uma apresenta\u00e7\u00e3o impec\u00e1vel. Com largura de papel de 80 mm e uma impressionante velocidade de impress\u00e3o de 300 mm por segundo, garante tal\u00f5es claros e precisos mesmo em momentos de grande movimento. O seu corte autom\u00e1tico agiliza o atendimento ao cliente e melhora o fluxo de trabalho no balc\u00e3o.<br \/>Equipada com liga\u00e7\u00f5es S\u00e9rie, USB e Rede, al\u00e9m de sa\u00edda para abertura de gaveta registadora, integra-se facilmente com qualquer sistema POS. A sua carca\u00e7a em cor preta apresenta um <b>aspeto exterior impec\u00e1vel,<\/b> oferecendo uma imagem moderna e profissional no ponto de venda.<br \/>Fi\u00e1vel, r\u00e1pida e esteticamente cuidada, a Epos NowPOS 80 GXA \u00e9 a escolha perfeita para com\u00e9rcio, hotelaria e neg\u00f3cios que necessitam de uma impress\u00e3o eficiente de tal\u00f5es com excelente apresenta\u00e7\u00e3o.<br \/>Consulte \u201c+ Fotos\u201d e se tiver alguma d\u00favida ligue-nos ou use o nosso chat para mais informa\u00e7\u00f5es ou para solicitar mais detalhes.<\/p>\n","protected":false},"excerpt":{"rendered":"<p>T\u00e9rmica \u00b7 Largura do papel 80mm \u00b7 Corte autom\u00e1tico \u00b7 Velocidade de impress\u00e3o 300 mm\/s \u00b7 <u>Serie, USB, Rede<\/u>, Abertura gaveta \u00b7 Caixa cor preto [&#8230;]<\/p>\n<p><a class=\"btn btn-secondary understrap-read-more-link\" href=\"https:\/\/digalco.com\/pt-pt\/produto\/impressora-pos-termica-epos-now-pos-80-gxa-recondicionado-pt-14026\/\">Continuar a ler&#8230;<span class=\"screen-reader-text\"> from Impressora POS T\u00e9rmica Epos Now POS 80 GXA-Impecable | Recondicionado<\/span><\/a><\/p>\n","protected":false},"featured_media":276170,"template":"","meta":[],"product_brand":[3936],"product_cat":[3101,1671,1671,3101,1707,1707,1595],"product_tag":[],"class_list":{"0":"post-276200","1":"product","2":"type-product","3":"status-publish","4":"has-post-thumbnail","6":"product_brand-epos-now","7":"product_cat-pos-impressoras-pt","8":"product_cat-impressoras-pt","11":"product_cat-impressoras-pos-pt","13":"product_cat-pos-pt","15":"first","16":"instock","17":"taxable","18":"shipping-taxable","19":"purchasable","20":"product-type-simple"},"bundled_by":[],"bundle_stock_status":"instock","bundle_stock_quantity":1,"bundle_virtual":false,"bundle_layout":"","bundle_add_to_cart_form_location":"","bundle_editable_in_cart":false,"bundle_sold_individually_context":"","bundle_item_grouping":"","bundle_min_size":"","bundle_max_size":"","bundle_price":[],"bundled_items":[],"bundle_sell_ids":[],"exclude_global_add_ons":[],"addons":[],"df_price":84,"df_sale_price":"","df_regular_price":84,"df_image_link":"https:\/\/digalco.com\/wp-content\/uploads\/images\/product\/14026\/epos00001_01-300x225.jpg","_links":{"self":[{"href":"https:\/\/digalco.com\/pt-pt\/wp-json\/wp\/v2\/product\/276200","targetHints":{"allow":["GET"]}}],"collection":[{"href":"https:\/\/digalco.com\/pt-pt\/wp-json\/wp\/v2\/product"}],"about":[{"href":"https:\/\/digalco.com\/pt-pt\/wp-json\/wp\/v2\/types\/product"}],"wp:featuredmedia":[{"embeddable":true,"href":"https:\/\/digalco.com\/pt-pt\/wp-json\/wp\/v2\/media\/276170"}],"wp:attachment":[{"href":"https:\/\/digalco.com\/pt-pt\/wp-json\/wp\/v2\/media?parent=276200"}],"wp:term":[{"taxonomy":"product_brand","embeddable":true,"href":"https:\/\/digalco.com\/pt-pt\/wp-json\/wp\/v2\/product_brand?post=276200"},{"taxonomy":"product_cat","embeddable":true,"href":"https:\/\/digalco.com\/pt-pt\/wp-json\/wp\/v2\/product_cat?post=276200"},{"taxonomy":"product_tag","embeddable":true,"href":"https:\/\/digalco.com\/pt-pt\/wp-json\/wp\/v2\/product_tag?post=276200"}],"curies":[{"name":"wp","href":"https:\/\/api.w.org\/{rel}","templated":true}]}}