{"id":277251,"date":"2025-10-23T09:31:48","date_gmt":"2025-10-23T07:31:48","guid":{"rendered":"https:\/\/digalco.com\/tienda\/apple-mac-mini-81-impecable-recondicionado-core-i3-36ghz-8-gb-ram-128-gb-ssd-m2-pt-14141\/"},"modified":"2025-10-23T09:42:29","modified_gmt":"2025-10-23T07:42:29","slug":"apple-mac-mini-81-impecable-recondicionado-core-i3-36ghz-8-gb-ram-128-gb-ssd-m2-pt-14141","status":"publish","type":"product","link":"https:\/\/digalco.com\/pt-pt\/produto\/apple-mac-mini-81-impecable-recondicionado-core-i3-36ghz-8-gb-ram-128-gb-ssd-m2-pt-14141\/","title":{"rendered":"Apple Mac Mini 8,1-Impecable | Recondicionado | Core i3 3.6GHz | 8 GB RAM | 128 GB SSD M2"},"content":{"rendered":"<p><strong>Processador<\/strong><br \/>Intel Core i3 8100B 3.6 GHz.<br \/><strong>Mem\u00f3ria RAM<\/strong><br \/>8 Gb. SO-DDR4 RAM<br \/><strong>Disco r\u00edgido<\/strong><br \/>128 Gb. SSD M2<br \/><strong>Cart\u00f5es<\/strong><br \/>Placa gr\u00e1fica: Intel UHD Graphics 630<br \/>Som: HD Audio<br \/>Network: Gigabit Ethernet<br \/><strong>Sistema operativo<\/strong><br \/>macOS Sequoia<br \/><strong>Portos<\/strong><br \/>2x USB 3.0<br \/>4x USB-C<br \/><strong>Portas de v\u00eddeo<\/strong><br \/>HDMI<br \/><strong>Conectividade<\/strong><br \/>RJ-45<br \/>WIFI<br \/>Bluetooth<br \/><strong>Outros<\/strong><br \/>hR embalagens<br \/><strong>Dimens\u00f5es<\/strong><br \/>20x20x3.6 cm.<br \/><strong>Peso<\/strong><br \/>1.30 Kg.<br \/><strong>Especifica\u00e7\u00f5es adicionais<\/strong><br \/>O Apple Mac Mini 8,1 (modelo A1993, Final de 2018) oferece a combina\u00e7\u00e3o perfeita entre pot\u00eancia, efici\u00eancia e design compacto. Equipado com um processador Intel Core i3 8100B de 3.6 GHz, este modelo garante um desempenho fluido e est\u00e1vel para as tarefas do dia a dia, desde a navega\u00e7\u00e3o na web e gest\u00e3o de documentos at\u00e9 \u00e0 reprodu\u00e7\u00e3o de conte\u00fados multim\u00e9dia com total suavidade.<br \/>Os seus 8 GB de mem\u00f3ria SO-DDR4 e o r\u00e1pido SSD M.2 de 128 GB asseguram uma resposta imediata do sistema, arranques r\u00e1pidos e uma experi\u00eancia \u00e1gil mesmo em ambientes multitarefa. O sistema operativo macOS Sequoia aumenta a produtividade com uma interface intuitiva, est\u00e1vel e otimizada para tirar o m\u00e1ximo partido do hardware Apple.<br \/>Com o seu elegante acabamento em Space Grey, o Mac Mini 8,1 integra-se perfeitamente em qualquer espa\u00e7o de trabalho moderno. Compacto, silencioso e eficiente, representa a ess\u00eancia do design inteligente da Apple: pot\u00eancia profissional num formato reduzido que n\u00e3o abdica de estilo nem de fiabilidade.<br \/><b>Aspeto exterior impec\u00e1vel.<\/b> Se tiver alguma d\u00favida, ligue-nos ou use o nosso chat para obter mais informa\u00e7\u00f5es ou solicitar mais detalhes.<br \/><strong>Coment\u00e1rios<\/strong><br \/><u>Modelo A1993 (Late 2018) &#8211; Cor Space Grey<\/u><\/p>\n","protected":false},"excerpt":{"rendered":"<p>Intel Core i3 8100B 3.6 GHz. \u00b7 8 Gb. SO-DDR4 RAM \u00b7 128 Gb. SSD M2 \u00b7 macOS Sequoia \u00b7<br \/>\n<u>Modelo A1993 (Late 2018) &#8211; Cor Space Grey<br \/>\n<\/u> [&#8230;]<\/p>\n<p><a class=\"btn btn-secondary understrap-read-more-link\" href=\"https:\/\/digalco.com\/pt-pt\/produto\/apple-mac-mini-81-impecable-recondicionado-core-i3-36ghz-8-gb-ram-128-gb-ssd-m2-pt-14141\/\">Continuar a ler&#8230;<span class=\"screen-reader-text\"> from Apple Mac Mini 8,1-Impecable | Recondicionado | Core i3 3.6GHz | 8 GB RAM | 128 GB SSD M2<\/span><\/a><\/p>\n","protected":false},"featured_media":277231,"template":"","meta":[],"product_brand":[3857],"product_cat":[1431,1451,1451],"product_tag":[],"class_list":{"0":"post-277251","1":"product","2":"type-product","3":"status-publish","4":"has-post-thumbnail","6":"product_brand-apple","7":"product_cat-apple-pt","8":"product_cat-apple-mac-mini-pt","11":"first","12":"instock","13":"taxable","14":"shipping-taxable","15":"purchasable","16":"product-type-simple"},"bundled_by":[],"bundle_stock_status":"instock","bundle_stock_quantity":1,"bundle_virtual":false,"bundle_layout":"","bundle_add_to_cart_form_location":"","bundle_editable_in_cart":false,"bundle_sold_individually_context":"","bundle_item_grouping":"","bundle_min_size":"","bundle_max_size":"","bundle_price":[],"bundled_items":[],"bundle_sell_ids":[],"exclude_global_add_ons":true,"addons":{"mouse-upgrades":{"name":"Extens\u00e3o rato","type":"multiple_choice","position":0,"required":false,"title_format":"heading","default":"","description_enable":false,"description":"","placeholder_enable":false,"placeholder":"","display":"radiobutton","restrictions_type":"any_text","adjust_price":false,"price":"","price_type":"quantity_based","restrictions":false,"min":"0","max":"0","options":[{"label":"Apple Magic Mouse 2 (A1657) [AMP00060]","price":"60.0000","price_type":"quantity_based","image":0,"visibility":true}]},"ram-memory-upgrades":{"name":"Extens\u00e3o RAM","type":"multiple_choice","position":0,"required":false,"title_format":"heading","default":"","description_enable":false,"description":"","placeholder_enable":false,"placeholder":"","display":"radiobutton","restrictions_type":"any_text","adjust_price":false,"price":"","price_type":"quantity_based","restrictions":false,"min":"0","max":"0","options":[{"label":"Extens\u00e3o SO-DIMM RAM 16 Gb DDR4 [AMP00081]","price":60,"price_type":"quantity_based","image":0,"visibility":true}]}},"df_price":310,"df_sale_price":"","df_regular_price":310,"df_image_link":"https:\/\/digalco.com\/wp-content\/uploads\/images\/product\/14141\/appl00648_01-300x225.jpg","_links":{"self":[{"href":"https:\/\/digalco.com\/pt-pt\/wp-json\/wp\/v2\/product\/277251","targetHints":{"allow":["GET"]}}],"collection":[{"href":"https:\/\/digalco.com\/pt-pt\/wp-json\/wp\/v2\/product"}],"about":[{"href":"https:\/\/digalco.com\/pt-pt\/wp-json\/wp\/v2\/types\/product"}],"wp:featuredmedia":[{"embeddable":true,"href":"https:\/\/digalco.com\/pt-pt\/wp-json\/wp\/v2\/media\/277231"}],"wp:attachment":[{"href":"https:\/\/digalco.com\/pt-pt\/wp-json\/wp\/v2\/media?parent=277251"}],"wp:term":[{"taxonomy":"product_brand","embeddable":true,"href":"https:\/\/digalco.com\/pt-pt\/wp-json\/wp\/v2\/product_brand?post=277251"},{"taxonomy":"product_cat","embeddable":true,"href":"https:\/\/digalco.com\/pt-pt\/wp-json\/wp\/v2\/product_cat?post=277251"},{"taxonomy":"product_tag","embeddable":true,"href":"https:\/\/digalco.com\/pt-pt\/wp-json\/wp\/v2\/product_tag?post=277251"}],"curies":[{"name":"wp","href":"https:\/\/api.w.org\/{rel}","templated":true}]}}