{"id":278724,"date":"2025-10-29T10:40:57","date_gmt":"2025-10-29T09:40:57","guid":{"rendered":"https:\/\/digalco.com\/tienda\/impressora-laser-samsung-clp-770nd-recondicionado-pt-14188\/"},"modified":"2026-03-02T17:28:29","modified_gmt":"2026-03-02T16:28:29","slug":"impressora-laser-samsung-clp-770nd-recondicionado-pt-14188","status":"publish","type":"product","link":"https:\/\/digalco.com\/pt-pt\/produto\/impressora-laser-samsung-clp-770nd-recondicionado-pt-14188\/","title":{"rendered":"Impressora L\u00e1ser Samsung CLP-770ND | Recondicionado"},"content":{"rendered":"<p><strong>Geral impressora<\/strong><br \/>Color<br \/>Resolu\u00e7\u00e3o 9600x600ppp<br \/>Mem\u00f3ria RAM 256Mb.<br \/>Linguagem da impressora PCL6<br \/><strong>C\u00f3pias<\/strong><br \/>Primeira p\u00e1gina 10 s<br \/>Preto e branco 32 ppm<br \/>Cor 32 ppm<br \/><strong>Manuseio de papel<\/strong><br \/>Duplo<br \/>Bandeja: 500 folhas<br \/>Bandeja manual: 100 folhas<br \/><strong>Conectividade impressora<\/strong><br \/>USB, Rede<br \/><strong>Dimens\u00f5es<\/strong><br \/>48x46x44 cm.<br \/><strong>Peso<\/strong><br \/>30.00 Kg.<br \/><strong>Especifica\u00e7\u00f5es adicionais<\/strong><br \/><b>Controlo de qualidade\/testes de laborat\u00f3rio:<\/b><br \/>Funciona corretamente e \u00e9 fornecida completa e sem quebras. N\u00e3o inclui cabos.<br \/>P\u00e1gina de teste inclu\u00edda (Teste de impress\u00e3o a partir da pr\u00f3pria m\u00e1quina).<br \/>Testes de impress\u00e3o a partir de todas as portas da m\u00e1quina.<br \/>Testes de impress\u00e3o a partir de todas as bandejas.<br \/>Toner usado (original\/compat\u00edvel). Sem garantia.<br \/>Bom aspeto exterior. Se tiver alguma d\u00favida, ligue-nos ou use o nosso chat para obter mais informa\u00e7\u00f5es ou solicitar mais detalhes.<br \/><b>Toner preto:<\/b> 29%<br \/><b>Toner ciano:<\/b> 72%<br \/><b>Toner magenta: <\/b>5%<br \/><b>Toner amarelo: <\/b>7%<br \/><b>Correia de transfer\u00eancia: <\/b>27%<br \/><b>Fusor:<\/b> 89278<br \/><b>Rolo de recolha da bandeja: <\/b>82707<br \/><b>Rolo de recolha da bandeja MP: <\/b>19<br \/><b>C\u00f3pias:<\/b> 192716<br \/><b>Estas m\u00e1quinas s\u00e3o fornecidas com uma garantia de 7 dias.<\/b> Especialmente direcionadas para profissionais de impress\u00e3o, que atrav\u00e9s da sua qualifica\u00e7\u00e3o possam acrescentar valor final ao seu cliente.<\/p>\n","protected":false},"excerpt":{"rendered":"<p>Tamanho do papel A4 \u00b7 Duplo \u00b7 Preto e branco 32ppm \u00b7 Cor 32ppm \u00b7 Resolu\u00e7\u00e3o 9600x600ppp \u00b7 Mem\u00f3ria RAM 256Mb. \u00b7 USB, Rede \u00b7 Bandejas: 1&#215;500\/1&#215;100 folhas [&#8230;]<\/p>\n<p><a class=\"btn btn-secondary understrap-read-more-link\" href=\"https:\/\/digalco.com\/pt-pt\/produto\/impressora-laser-samsung-clp-770nd-recondicionado-pt-14188\/\">Continuar a ler&#8230;<span class=\"screen-reader-text\"> from Impressora L\u00e1ser Samsung CLP-770ND | Recondicionado<\/span><\/a><\/p>\n","protected":false},"featured_media":278688,"template":"","meta":[],"product_brand":[3868],"product_cat":[1671,1695],"product_tag":[],"class_list":{"0":"post-278724","1":"product","2":"type-product","3":"status-publish","4":"has-post-thumbnail","6":"product_brand-samsung","7":"product_cat-impressoras-pt","8":"product_cat-impressoras-laser-coloridas-pt","10":"first","11":"instock","12":"taxable","13":"shipping-taxable","14":"purchasable","15":"product-type-simple"},"bundled_by":[],"bundle_stock_status":"instock","bundle_stock_quantity":1,"bundle_virtual":false,"bundle_layout":"","bundle_add_to_cart_form_location":"","bundle_editable_in_cart":false,"bundle_sold_individually_context":"","bundle_item_grouping":"","bundle_min_size":"","bundle_max_size":"","bundle_price":[],"bundled_items":[],"bundle_sell_ids":[],"exclude_global_add_ons":[],"addons":[],"df_price":176,"df_sale_price":"","df_regular_price":176,"df_image_link":"https:\/\/digalco.com\/wp-content\/uploads\/images\/product\/14188\/sam00148_01-300x225.jpg","_links":{"self":[{"href":"https:\/\/digalco.com\/pt-pt\/wp-json\/wp\/v2\/product\/278724","targetHints":{"allow":["GET"]}}],"collection":[{"href":"https:\/\/digalco.com\/pt-pt\/wp-json\/wp\/v2\/product"}],"about":[{"href":"https:\/\/digalco.com\/pt-pt\/wp-json\/wp\/v2\/types\/product"}],"wp:featuredmedia":[{"embeddable":true,"href":"https:\/\/digalco.com\/pt-pt\/wp-json\/wp\/v2\/media\/278688"}],"wp:attachment":[{"href":"https:\/\/digalco.com\/pt-pt\/wp-json\/wp\/v2\/media?parent=278724"}],"wp:term":[{"taxonomy":"product_brand","embeddable":true,"href":"https:\/\/digalco.com\/pt-pt\/wp-json\/wp\/v2\/product_brand?post=278724"},{"taxonomy":"product_cat","embeddable":true,"href":"https:\/\/digalco.com\/pt-pt\/wp-json\/wp\/v2\/product_cat?post=278724"},{"taxonomy":"product_tag","embeddable":true,"href":"https:\/\/digalco.com\/pt-pt\/wp-json\/wp\/v2\/product_tag?post=278724"}],"curies":[{"name":"wp","href":"https:\/\/api.w.org\/{rel}","templated":true}]}}