{"id":279753,"date":"2025-11-03T11:54:14","date_gmt":"2025-11-03T10:54:14","guid":{"rendered":"https:\/\/digalco.com\/tienda\/switch-d-link-dgs-1210-24p-recondicionado-pt-14091\/"},"modified":"2026-02-21T21:11:47","modified_gmt":"2026-02-21T20:11:47","slug":"switch-d-link-dgs-1210-24p-recondicionado-pt-14091","status":"publish","type":"product","link":"https:\/\/digalco.com\/pt-pt\/produto\/switch-d-link-dgs-1210-24p-recondicionado-pt-14091\/","title":{"rendered":"Switch D-Link DGS-1210-24P | Recondicionado"},"content":{"rendered":"<p><strong>Geral impressora<\/strong><br \/>Switch<br \/><strong>Portos de rede<\/strong><br \/>24x Ethernet 1000 Mbps.<br \/>4x Fibra 1000 Mbps.<br \/><strong>Dimens\u00f5es<\/strong><br \/>44x25x4.5 cm.<br \/><strong>Peso<\/strong><br \/>4.00 Kg.<br \/><strong>Especifica\u00e7\u00f5es adicionais<\/strong><br \/>O D-Link DGS-1210-24P \u00e9 a solu\u00e7\u00e3o ideal para empresas, escrit\u00f3rios e ambientes profissionais que procuram uma rede r\u00e1pida, est\u00e1vel e preparada para o futuro. Este switch ger\u00edvel Gigabit PoE combina desempenho excecional com administra\u00e7\u00e3o flex\u00edvel e simples, oferecendo o equil\u00edbrio perfeito entre pot\u00eancia, efici\u00eancia energ\u00e9tica e fiabilidade. Concebido para crescer com o seu neg\u00f3cio, garante conectividade sem interrup\u00e7\u00f5es em todos os momentos.<br \/>Com as suas 24 portas Gigabit Ethernet PoE+, o DGS-1210-24P permite alimentar c\u00e2maras IP, pontos de acesso Wi-Fi, telefones VoIP e outros dispositivos de rede diretamente atrav\u00e9s do cabo Ethernet, eliminando a necessidade de fontes de alimenta\u00e7\u00e3o adicionais. A sua elevada capacidade de comuta\u00e7\u00e3o, a gest\u00e3o inteligente baseada na Web e a compatibilidade com normas de seguran\u00e7a avan\u00e7adas tornam-no uma ferramenta vers\u00e1til para redes modernas e exigentes. Al\u00e9m disso, a tecnologia Green Ethernet da D-Link otimiza o consumo de energia sem comprometer o desempenho.<br \/>O D-Link DGS-1210-24P oferece a fiabilidade que a sua rede necessita e a flexibilidade que a sua empresa exige. Perfeito para quem valoriza uma gest\u00e3o eficiente, escalabilidade e estabilidade na sua infraestrutura de rede. Um switch preparado para acompanhar o ritmo dos ambientes profissionais atuais, garantindo uma conectividade s\u00f3lida, inteligente e com excelente rela\u00e7\u00e3o qualidade-pre\u00e7o.<br \/>Bom aspeto exterior. Se tiver alguma d\u00favida, ligue-nos ou use o nosso chat para obter mais informa\u00e7\u00f5es ou solicitar mais detalhes.<\/p>\n","protected":false},"excerpt":{"rendered":"<p>Switch \u00b7 24x Ethernet 1000 Mbps. \u00b7 4x Fibra 1000 Mbps. \u00b7 PoE \u00b7 Rackmount [&#8230;]<\/p>\n<p><a class=\"btn btn-secondary understrap-read-more-link\" href=\"https:\/\/digalco.com\/pt-pt\/produto\/switch-d-link-dgs-1210-24p-recondicionado-pt-14091\/\">Continuar a ler&#8230;<span class=\"screen-reader-text\"> from Switch D-Link DGS-1210-24P | Recondicionado<\/span><\/a><\/p>\n","protected":false},"featured_media":279752,"template":"","meta":[],"product_brand":[3935],"product_cat":[3785,1663],"product_tag":[],"class_list":{"0":"post-279753","1":"product","2":"type-product","3":"status-publish","4":"has-post-thumbnail","6":"product_brand-d-link","7":"product_cat-networking-switches-pt","8":"product_cat-networking-pt","10":"first","11":"outofstock","12":"taxable","13":"shipping-taxable","14":"purchasable","15":"product-type-simple"},"bundled_by":[],"bundle_stock_status":"outofstock","bundle_stock_quantity":0,"bundle_virtual":false,"bundle_layout":"","bundle_add_to_cart_form_location":"","bundle_editable_in_cart":false,"bundle_sold_individually_context":"","bundle_item_grouping":"","bundle_min_size":"","bundle_max_size":"","bundle_price":[],"bundled_items":[],"bundle_sell_ids":[],"exclude_global_add_ons":[],"addons":[],"df_price":84,"df_sale_price":"","df_regular_price":84,"df_image_link":"https:\/\/digalco.com\/wp-content\/uploads\/images\/product\/14091\/dlin00010_01-300x225.jpg","_links":{"self":[{"href":"https:\/\/digalco.com\/pt-pt\/wp-json\/wp\/v2\/product\/279753","targetHints":{"allow":["GET"]}}],"collection":[{"href":"https:\/\/digalco.com\/pt-pt\/wp-json\/wp\/v2\/product"}],"about":[{"href":"https:\/\/digalco.com\/pt-pt\/wp-json\/wp\/v2\/types\/product"}],"wp:featuredmedia":[{"embeddable":true,"href":"https:\/\/digalco.com\/pt-pt\/wp-json\/wp\/v2\/media\/279752"}],"wp:attachment":[{"href":"https:\/\/digalco.com\/pt-pt\/wp-json\/wp\/v2\/media?parent=279753"}],"wp:term":[{"taxonomy":"product_brand","embeddable":true,"href":"https:\/\/digalco.com\/pt-pt\/wp-json\/wp\/v2\/product_brand?post=279753"},{"taxonomy":"product_cat","embeddable":true,"href":"https:\/\/digalco.com\/pt-pt\/wp-json\/wp\/v2\/product_cat?post=279753"},{"taxonomy":"product_tag","embeddable":true,"href":"https:\/\/digalco.com\/pt-pt\/wp-json\/wp\/v2\/product_tag?post=279753"}],"curies":[{"name":"wp","href":"https:\/\/api.w.org\/{rel}","templated":true}]}}