{"id":279831,"date":"2025-11-04T10:44:18","date_gmt":"2025-11-04T09:44:18","guid":{"rendered":"https:\/\/digalco.com\/tienda\/switch-fortinet-fortigate-240d-recondicionado-pt-14113\/"},"modified":"2025-11-04T10:44:22","modified_gmt":"2025-11-04T09:44:22","slug":"switch-fortinet-fortigate-240d-recondicionado-pt-14113","status":"publish","type":"product","link":"https:\/\/digalco.com\/pt-pt\/produto\/switch-fortinet-fortigate-240d-recondicionado-pt-14113\/","title":{"rendered":"Switch Fortinet Fortigate 240D | Recondicionado"},"content":{"rendered":"<p><strong>Geral impressora<\/strong><br \/>Switch<br \/><strong>Portos de rede<\/strong><br \/>40x Ethernet 1000 Mbps.<br \/>2x Fibra 1000 Mbps.<br \/><strong>Dimens\u00f5es<\/strong><br \/>43.5&#215;29.5&#215;4.5 cm.<br \/><strong>Peso<\/strong><br \/>6.00 Kg.<br \/><strong>Especifica\u00e7\u00f5es adicionais<\/strong><br \/>O Fortinet FortiGate 240D foi desenvolvido para empresas que necessitam de prote\u00e7\u00e3o total sem comprometer a velocidade ou a fiabilidade. Este poderoso firewall de nova gera\u00e7\u00e3o (NGFW) oferece defesa inteligente contra amea\u00e7as avan\u00e7adas, combinando seguran\u00e7a de n\u00edvel empresarial com desempenho excecional. Ideal para organiza\u00e7\u00f5es m\u00e9dias e grandes, garante conectividade segura, est\u00e1vel e otimizada para ambientes de alta exig\u00eancia.<br \/>Com um elevado n\u00famero de portas Gigabit, o FortiGate 240D permite segmentar a rede de forma eficiente, integrar m\u00faltiplos servi\u00e7os e gerir a seguran\u00e7a a partir de um \u00fanico ponto. O sistema FortiOS proporciona controlo total sobre o tr\u00e1fego, filtragem de conte\u00fado, VPN, preven\u00e7\u00e3o de intrus\u00f5es (IPS) e prote\u00e7\u00e3o contra malware e ataques web. Gra\u00e7as \u00e0 integra\u00e7\u00e3o com o ecossistema Fortinet Security Fabric, o dispositivo oferece visibilidade completa da rede e resposta automatizada a incidentes, reduzindo significativamente os tempos de rea\u00e7\u00e3o.<br \/>O Fortinet FortiGate 240D \u00e9 sin\u00f3nimo de prote\u00e7\u00e3o, desempenho e fiabilidade cont\u00ednua. Um equipamento preparado para enfrentar os desafios atuais de ciberseguran\u00e7a, melhorar a efici\u00eancia da rede e manter a produtividade da sua organiza\u00e7\u00e3o sem interrup\u00e7\u00f5es. A solu\u00e7\u00e3o ideal para quem procura uma defesa s\u00f3lida, escal\u00e1vel e f\u00e1cil de administrar num ambiente profissional de alto n\u00edvel.<br \/>Bom aspeto exterior. Se tiver alguma d\u00favida, ligue-nos ou utilize o nosso chat para obter mais informa\u00e7\u00f5es ou solicitar mais detalhes.<br \/><strong>Coment\u00e1rios<\/strong><br \/><u>42 portas RJ45 de 1 GB (40 LAN, 2 WAN) &#8211; Portas de uplink SFP: 2 portas SFP de 1 GB &#8211; Portas de gerenciamento: 1 porta de console RJ45, 1 porta USB<\/u><\/p>\n","protected":false},"excerpt":{"rendered":"<p>Switch \u00b7 40x Ethernet 1000 Mbps. \u00b7 2x Fibra 1000 Mbps. \u00b7 Rackmount \u00b7 <u>42 portas RJ45 de 1 GB (40 LAN, 2 WAN) &#8211; Portas de uplink SFP: 2 portas SFP de 1 GB &#8211; Portas de gerenciamento: 1 porta de console RJ45, 1 porta USB<\/u> [&#8230;]<\/p>\n<p><a class=\"btn btn-secondary understrap-read-more-link\" href=\"https:\/\/digalco.com\/pt-pt\/produto\/switch-fortinet-fortigate-240d-recondicionado-pt-14113\/\">Continuar a ler&#8230;<span class=\"screen-reader-text\"> from Switch Fortinet Fortigate 240D | Recondicionado<\/span><\/a><\/p>\n","protected":false},"featured_media":279830,"template":"","meta":[],"product_brand":[3934],"product_cat":[1663,3785],"product_tag":[],"class_list":{"0":"post-279831","1":"product","2":"type-product","3":"status-publish","4":"has-post-thumbnail","6":"product_brand-fortinet","7":"product_cat-networking-pt","8":"product_cat-networking-switches-pt","10":"first","11":"outofstock","12":"taxable","13":"shipping-taxable","14":"purchasable","15":"product-type-simple"},"bundled_by":[],"bundle_stock_status":"outofstock","bundle_stock_quantity":0,"bundle_virtual":false,"bundle_layout":"","bundle_add_to_cart_form_location":"","bundle_editable_in_cart":false,"bundle_sold_individually_context":"","bundle_item_grouping":"","bundle_min_size":"","bundle_max_size":"","bundle_price":[],"bundled_items":[],"bundle_sell_ids":[],"exclude_global_add_ons":[],"addons":[],"df_price":180,"df_sale_price":"","df_regular_price":180,"df_image_link":"https:\/\/digalco.com\/wp-content\/uploads\/images\/product\/14113\/for00001_01-300x225.jpg","_links":{"self":[{"href":"https:\/\/digalco.com\/pt-pt\/wp-json\/wp\/v2\/product\/279831","targetHints":{"allow":["GET"]}}],"collection":[{"href":"https:\/\/digalco.com\/pt-pt\/wp-json\/wp\/v2\/product"}],"about":[{"href":"https:\/\/digalco.com\/pt-pt\/wp-json\/wp\/v2\/types\/product"}],"wp:featuredmedia":[{"embeddable":true,"href":"https:\/\/digalco.com\/pt-pt\/wp-json\/wp\/v2\/media\/279830"}],"wp:attachment":[{"href":"https:\/\/digalco.com\/pt-pt\/wp-json\/wp\/v2\/media?parent=279831"}],"wp:term":[{"taxonomy":"product_brand","embeddable":true,"href":"https:\/\/digalco.com\/pt-pt\/wp-json\/wp\/v2\/product_brand?post=279831"},{"taxonomy":"product_cat","embeddable":true,"href":"https:\/\/digalco.com\/pt-pt\/wp-json\/wp\/v2\/product_cat?post=279831"},{"taxonomy":"product_tag","embeddable":true,"href":"https:\/\/digalco.com\/pt-pt\/wp-json\/wp\/v2\/product_tag?post=279831"}],"curies":[{"name":"wp","href":"https:\/\/api.w.org\/{rel}","templated":true}]}}