{"id":279853,"date":"2025-11-04T11:09:01","date_gmt":"2025-11-04T10:09:01","guid":{"rendered":"https:\/\/digalco.com\/tienda\/router-huawei-e5576-320-recondicionado-pt-14106\/"},"modified":"2025-11-04T11:19:25","modified_gmt":"2025-11-04T10:19:25","slug":"router-huawei-e5576-320-recondicionado-pt-14106","status":"publish","type":"product","link":"https:\/\/digalco.com\/pt-pt\/produto\/router-huawei-e5576-320-recondicionado-pt-14106\/","title":{"rendered":"Router HUAWEI E5576-320 | Recondicionado"},"content":{"rendered":"<p><strong>Geral impressora<\/strong><br \/>Router<br \/><strong>Outros<\/strong><br \/>hR embalagens<br \/><strong>Dimens\u00f5es<\/strong><br \/>10x6x1 cm.<br \/><strong>Peso<\/strong><br \/>0.50 Kg.<br \/><strong>Especifica\u00e7\u00f5es adicionais<\/strong><br \/><b>4G:<\/b><br \/>Norma de comunica\u00e7\u00e3o: LTE CAT4<br \/>Rede aplic\u00e1vel: LTE\/UMTS<br \/>Taxa de transmiss\u00e3o 4G: 150 Mbps\/50 Mbps (Valor te\u00f3rico. A taxa real depende do operador)<br \/><b>Wi-Fi:<\/b><br \/>Banda de frequ\u00eancia: 2,4 GHz, 150 Mbps<br \/><b>Antena:<\/b><br \/>Tipo de antena 4G\/3G: Antenas principais e de diversidade LTE\/UMTS<br \/><b>Processadores:<\/b><br \/>CPU: Chipset Balong<br \/><b>Interface:<\/b><br \/>Micro USB\/SIM (2FF)<br \/><b>Coment\u00e1rios:<br \/><\/b>O Huawei E5576-320 \u00e9 o companheiro ideal para quem precisa de internet de alta velocidade em qualquer lugar. Compacto, leve e f\u00e1cil de usar, este router WiFi 4G port\u00e1til permite criar uma rede sem fios segura para conectar v\u00e1rios dispositivos simultaneamente \u2014 seja em viagens, escrit\u00f3rios m\u00f3veis ou em casa. Pensado para profissionais em movimento, estudantes ou fam\u00edlias que valorizam a liberdade de conex\u00e3o sem cabos nem instala\u00e7\u00f5es complicadas.<br \/>Equipado com tecnologia 4G LTE de at\u00e9 150 Mbps, o Huawei E5576-320 oferece uma liga\u00e7\u00e3o est\u00e1vel e fluida para navegar, trabalhar ou desfrutar de conte\u00fado multim\u00e9dia sem interrup\u00e7\u00f5es. A sua bateria recarreg\u00e1vel de longa dura\u00e7\u00e3o garante horas de autonomia, enquanto a compatibilidade com v\u00e1rios dispositivos \u2014smartphones, tablets, port\u00e1teis ou smart TVs\u2014 torna este modelo uma solu\u00e7\u00e3o vers\u00e1til e eficiente. Al\u00e9m disso, a sua interface intuitiva permite gerir facilmente a rede e a seguran\u00e7a.<br \/>O Huawei E5576-320 combina mobilidade, desempenho e simplicidade num design elegante e ultracompacto. Uma escolha perfeita para quem procura conectividade 4G fi\u00e1vel e port\u00e1til, ideal tanto para uso profissional como pessoal. Com este router, desfrutar\u00e1 de uma rede r\u00e1pida, est\u00e1vel e sempre dispon\u00edvel onde quer que v\u00e1.<br \/>Aspeto exterior atrativo. Se tiver alguma d\u00favida, ligue-nos ou utilize o nosso chat para obter mais informa\u00e7\u00f5es ou solicitar mais detalhes.<br \/><strong>Coment\u00e1rios<\/strong><br \/><u>Roteador sem fio 4G LTE 150 Mbps (CAT4) Wi-Fi 3s<\/u><\/p>\n","protected":false},"excerpt":{"rendered":"<p>Roteador sem fio 4G LTE 150 Mbps (CAT4) Wi-Fi 3s [&#8230;]<\/p>\n<p><a class=\"btn btn-secondary understrap-read-more-link\" href=\"https:\/\/digalco.com\/pt-pt\/produto\/router-huawei-e5576-320-recondicionado-pt-14106\/\">Continuar a ler&#8230;<span class=\"screen-reader-text\"> from Router HUAWEI E5576-320 | Recondicionado<\/span><\/a><\/p>\n","protected":false},"featured_media":279843,"template":"","meta":[],"product_brand":[3931],"product_cat":[1663,3793,3793],"product_tag":[],"class_list":{"0":"post-279853","1":"product","2":"type-product","3":"status-publish","4":"has-post-thumbnail","6":"product_brand-huawei","7":"product_cat-networking-pt","8":"product_cat-networking-wireless-pt","11":"first","12":"instock","13":"taxable","14":"shipping-taxable","15":"purchasable","16":"product-type-simple"},"bundled_by":[],"bundle_stock_status":"instock","bundle_stock_quantity":31,"bundle_virtual":false,"bundle_layout":"","bundle_add_to_cart_form_location":"","bundle_editable_in_cart":false,"bundle_sold_individually_context":"","bundle_item_grouping":"","bundle_min_size":"","bundle_max_size":"","bundle_price":[],"bundled_items":[],"bundle_sell_ids":[],"exclude_global_add_ons":[],"addons":[],"df_price":50,"df_sale_price":"","df_regular_price":50,"df_image_link":"https:\/\/digalco.com\/wp-content\/uploads\/images\/product\/14106\/hua00006_01-300x225.jpg","_links":{"self":[{"href":"https:\/\/digalco.com\/pt-pt\/wp-json\/wp\/v2\/product\/279853","targetHints":{"allow":["GET"]}}],"collection":[{"href":"https:\/\/digalco.com\/pt-pt\/wp-json\/wp\/v2\/product"}],"about":[{"href":"https:\/\/digalco.com\/pt-pt\/wp-json\/wp\/v2\/types\/product"}],"wp:featuredmedia":[{"embeddable":true,"href":"https:\/\/digalco.com\/pt-pt\/wp-json\/wp\/v2\/media\/279843"}],"wp:attachment":[{"href":"https:\/\/digalco.com\/pt-pt\/wp-json\/wp\/v2\/media?parent=279853"}],"wp:term":[{"taxonomy":"product_brand","embeddable":true,"href":"https:\/\/digalco.com\/pt-pt\/wp-json\/wp\/v2\/product_brand?post=279853"},{"taxonomy":"product_cat","embeddable":true,"href":"https:\/\/digalco.com\/pt-pt\/wp-json\/wp\/v2\/product_cat?post=279853"},{"taxonomy":"product_tag","embeddable":true,"href":"https:\/\/digalco.com\/pt-pt\/wp-json\/wp\/v2\/product_tag?post=279853"}],"curies":[{"name":"wp","href":"https:\/\/api.w.org\/{rel}","templated":true}]}}