{"id":280702,"date":"2025-11-07T10:30:59","date_gmt":"2025-11-07T09:30:59","guid":{"rendered":"https:\/\/digalco.com\/tienda\/lenovo-thinkbook-14-iml-14-recondicionado-core-i7-18ghz-16-gb-ram-512-gb-ssd-m2-1920x1080-pt-14331\/"},"modified":"2026-04-15T16:14:56","modified_gmt":"2026-04-15T14:14:56","slug":"lenovo-thinkbook-14-iml-14-recondicionado-core-i7-18ghz-16-gb-ram-512-gb-ssd-m2-1920x1080-pt-14331","status":"publish","type":"product","link":"https:\/\/digalco.com\/pt-pt\/produto\/lenovo-thinkbook-14-iml-14-recondicionado-core-i7-18ghz-16-gb-ram-512-gb-ssd-m2-1920x1080-pt-14331\/","title":{"rendered":"Lenovo ThinkBook 14-IML 14&#8221; | Recondicionado | Core i7 1.8GHz | 16 GB RAM | 512 GB SSD M2 1920&#215;1080"},"content":{"rendered":"<p><strong>Processador<\/strong><br \/>Intel Core i7 10510U 1.8 GHz.<br \/><strong>Mem\u00f3ria RAM<\/strong><br \/>16 Gb. SO-DDR4 RAM<br \/><strong>Disco r\u00edgido<\/strong><br \/>512 Gb. SSD M2<br \/><strong>Cart\u00f5es<\/strong><br \/>Placa gr\u00e1fica: Intel cometlake-u GT2 UHD<br \/>Som: High Definiton Audio<br \/>Network: Gigabate ethernet<br \/><strong>Sistema operativo<\/strong><br \/>Windows 11 Home<br \/><strong>Portos<\/strong><br \/>USB 2.0<br \/>2x USB-C<br \/>2x USB 3.1<br \/><strong>Tela<\/strong><br \/>IPS 14 &#8221; FullHD 16:9 \u00b7 Resolu\u00e7\u00e3o 1920&#215;1080<br \/><strong>Portas de v\u00eddeo<\/strong><br \/>HDMI<br \/><strong>Multim\u00eddia<\/strong><br \/>Leitor SD<br \/><strong>Conectividade<\/strong><br \/>RJ-45<br \/>WIFI<br \/>Bluetooth<br \/><strong>Espec\u00edfico laptop<\/strong><br \/>Layout do teclado Internacional (adesivos espanhol)<br \/><strong>Outros<\/strong><br \/>hR embalagens<br \/><strong>Dimens\u00f5es<\/strong><br \/>32.5x23x2.8 cm.<br \/><strong>Peso<\/strong><br \/>1.55 Kg.<br \/><strong>Especifica\u00e7\u00f5es adicionais<\/strong><br \/>O Lenovo ThinkBook 14-IML combina pot\u00eancia, eleg\u00e2ncia e funcionalidade num port\u00e1til concebido para oferecer uma experi\u00eancia de utiliza\u00e7\u00e3o profissional e fluida. Equipado com um processador Intel Core i7 10510U de 10\u00aa gera\u00e7\u00e3o, 16 GB de mem\u00f3ria DDR4 e um r\u00e1pido SSD M.2 de 512 GB, garante um desempenho \u00e1gil e est\u00e1vel tanto em multitarefa como em aplica\u00e7\u00f5es exigentes.O ecr\u00e3 IPS de 14\u201d FullHD (1920&#215;1080) oferece excelente qualidade de imagem com cores vivas e amplos \u00e2ngulos de visualiza\u00e7\u00e3o \u2014 ideal para trabalhar, estudar ou desfrutar de conte\u00fados multim\u00e9dia. Com Windows 11 Home e TPM 2.0, o sistema combina seguran\u00e7a moderna com um ambiente intuitivo e otimizado.O leitor de cart\u00f5es SD e a cuidadosa sele\u00e7\u00e3o de portas aumentam a sua versatilidade, enquanto o design fino e elegante com chassis met\u00e1lico reflete a est\u00e9tica premium caracter\u00edstica da linha ThinkBook.Fi\u00e1vel, r\u00e1pido e com o equil\u00edbrio perfeito entre desempenho e estilo, o Lenovo ThinkBook 14-IML \u00e9 a escolha ideal para quem procura um port\u00e1til profissional com alto desempenho e design contempor\u00e2neo.Aspeto exterior em bom estado. Pode apresentar ligeiras marcas de uso na carca\u00e7a. Se tiver alguma d\u00favida, ligue-nos ou utilize o nosso chat para obter mais informa\u00e7\u00f5es ou solicitar mais detalhes.<\/p>\n","protected":false},"excerpt":{"rendered":"<p>Intel Core i7 10510U 1.8 GHz. \u00b7 16 Gb. SO-DDR4 RAM \u00b7 512 Gb. SSD M2 \u00b7 Windows 11 Home \u00b7 IPS 14 &#8221; FullHD 16:9 \u00b7<u>Teclado internacional com stickers em Portugu\u00eas<\/u> [&#8230;]<\/p>\n<p><a class=\"btn btn-secondary understrap-read-more-link\" href=\"https:\/\/digalco.com\/pt-pt\/produto\/lenovo-thinkbook-14-iml-14-recondicionado-core-i7-18ghz-16-gb-ram-512-gb-ssd-m2-1920x1080-pt-14331\/\">Continuar a ler&#8230;<span class=\"screen-reader-text\"> from Lenovo ThinkBook 14-IML 14&#8221; | Recondicionado | Core i7 1.8GHz | 16 GB RAM | 512 GB SSD M2 1920&#215;1080<\/span><\/a><\/p>\n","protected":false},"featured_media":280676,"template":"","meta":[],"product_brand":[3856],"product_cat":[3759,1515],"product_tag":[],"class_list":{"0":"post-280702","1":"product","2":"type-product","3":"status-publish","4":"has-post-thumbnail","6":"product_brand-lenovo","7":"product_cat-laptops-14-pt","8":"product_cat-laptops-pt","10":"first","11":"instock","12":"taxable","13":"shipping-taxable","14":"purchasable","15":"product-type-simple"},"bundled_by":[],"bundle_stock_status":"instock","bundle_stock_quantity":1,"bundle_virtual":false,"bundle_layout":"","bundle_add_to_cart_form_location":"","bundle_editable_in_cart":false,"bundle_sold_individually_context":"","bundle_item_grouping":"","bundle_min_size":"","bundle_max_size":"","bundle_price":[],"bundled_items":[],"bundle_sell_ids":[],"exclude_global_add_ons":true,"addons":{"keyboard-iso-upgrades":{"name":"Selecione idioma teclado","type":"multiple_choice","position":0,"required":false,"title_format":"heading","default":"","description_enable":false,"description":"","placeholder_enable":false,"placeholder":"","display":"radiobutton","restrictions_type":"any_text","adjust_price":false,"price":"","price_type":"quantity_based","restrictions":false,"min":"0","max":"0","options":[{"label":"Pegatinas Espanhol [AMP00082]","price":"0.0000","price_type":"quantity_based","image":0,"visibility":true},{"label":"Pegatinas Franc\u00e9s [AMP00084]","price":"0.0000","price_type":"quantity_based","image":0,"visibility":true},{"label":"Pegatinas Portugues [AMP00083]","price":"0.0000","price_type":"quantity_based","image":0,"visibility":true}]},"ram-memory-upgrades":{"name":"Extens\u00e3o RAM","type":"multiple_choice","position":0,"required":false,"title_format":"heading","default":"","description_enable":false,"description":"","placeholder_enable":false,"placeholder":"","display":"radiobutton","restrictions_type":"any_text","adjust_price":false,"price":"","price_type":"quantity_based","restrictions":false,"min":"0","max":"0","options":[{"label":"Extens\u00e3o SODIM RAM 32 Gb [AMP00098]","price":"150.0000","price_type":"quantity_based","image":0,"visibility":true}]},"hdd-upgrades":{"name":"Extens\u00e3o disco r\u00edgido","type":"multiple_choice","position":0,"required":false,"title_format":"heading","default":"","description_enable":false,"description":"","placeholder_enable":false,"placeholder":"","display":"radiobutton","restrictions_type":"any_text","adjust_price":false,"price":"","price_type":"quantity_based","restrictions":false,"min":"0","max":"0","options":[{"label":"Cambio a Disco SSD 1 Tb. M.2 2280 PCIe [AMP00107]","price":"165.0000","price_type":"quantity_based","image":0,"visibility":true},{"label":"Cambio a Disco SSD 2 Tb. M.2 2280 PCIe [AMP00171]","price":"260.0000","price_type":"quantity_based","image":0,"visibility":true}]},"os-upgrades":{"name":"Extens\u00e3o OS","type":"multiple_choice","position":0,"required":false,"title_format":"heading","default":"","description_enable":false,"description":"","placeholder_enable":false,"placeholder":"","display":"radiobutton","restrictions_type":"any_text","adjust_price":false,"price":"","price_type":"quantity_based","restrictions":false,"min":"0","max":"0","options":[{"label":"Alterar idioma para franc\u00eas [AMP00125]","price":"0.0000","price_type":"quantity_based","image":0,"visibility":true},{"label":"Alterar idioma para ingl\u00eas [AMP00008]","price":"0.0000","price_type":"quantity_based","image":0,"visibility":true},{"label":"Alterar idioma para o portugu\u00eas [AMP00009]","price":"0.0000","price_type":"quantity_based","image":0,"visibility":true},{"label":"MAR Windows 11 PRO [AMP00145]","price":"30.0000","price_type":"quantity_based","image":0,"visibility":true}]},"briefcase-upgrades":{"name":"Maleta","type":"multiple_choice","position":0,"required":false,"title_format":"heading","default":"","description_enable":false,"description":"","placeholder_enable":false,"placeholder":"","display":"radiobutton","restrictions_type":"any_text","adjust_price":false,"price":"","price_type":"quantity_based","restrictions":false,"min":"0","max":"0","options":[{"label":"Maleta Port\u00e1til [AMP00041]","price":"5.0000","price_type":"quantity_based","image":0,"visibility":true}]}},"df_price":362,"df_sale_price":"","df_regular_price":362,"df_image_link":"https:\/\/digalco.com\/wp-content\/uploads\/images\/product\/14331\/leno01098_01-300x225.jpg","_links":{"self":[{"href":"https:\/\/digalco.com\/pt-pt\/wp-json\/wp\/v2\/product\/280702","targetHints":{"allow":["GET"]}}],"collection":[{"href":"https:\/\/digalco.com\/pt-pt\/wp-json\/wp\/v2\/product"}],"about":[{"href":"https:\/\/digalco.com\/pt-pt\/wp-json\/wp\/v2\/types\/product"}],"wp:featuredmedia":[{"embeddable":true,"href":"https:\/\/digalco.com\/pt-pt\/wp-json\/wp\/v2\/media\/280676"}],"wp:attachment":[{"href":"https:\/\/digalco.com\/pt-pt\/wp-json\/wp\/v2\/media?parent=280702"}],"wp:term":[{"taxonomy":"product_brand","embeddable":true,"href":"https:\/\/digalco.com\/pt-pt\/wp-json\/wp\/v2\/product_brand?post=280702"},{"taxonomy":"product_cat","embeddable":true,"href":"https:\/\/digalco.com\/pt-pt\/wp-json\/wp\/v2\/product_cat?post=280702"},{"taxonomy":"product_tag","embeddable":true,"href":"https:\/\/digalco.com\/pt-pt\/wp-json\/wp\/v2\/product_tag?post=280702"}],"curies":[{"name":"wp","href":"https:\/\/api.w.org\/{rel}","templated":true}]}}