{"id":281036,"date":"2025-11-10T10:44:52","date_gmt":"2025-11-10T09:44:52","guid":{"rendered":"https:\/\/digalco.com\/tienda\/intel-nuc-10i3fnkn2-impecable-mini-recondicionado-core-i3-21ghz-8-gb-ram-256-gb-ssd-m2-pt-14285\/"},"modified":"2025-12-01T09:05:29","modified_gmt":"2025-12-01T08:05:29","slug":"intel-nuc-10i3fnkn2-impecable-mini-recondicionado-core-i3-21ghz-8-gb-ram-256-gb-ssd-m2-pt-14285","status":"publish","type":"product","link":"https:\/\/digalco.com\/pt-pt\/produto\/intel-nuc-10i3fnkn2-impecable-mini-recondicionado-core-i3-21ghz-8-gb-ram-256-gb-ssd-m2-pt-14285\/","title":{"rendered":"Intel NUC 10i3FNKN2-Impecable Mini | Recondicionado | Core i3 2.1GHz | 8 GB RAM | 256 GB SSD M2"},"content":{"rendered":"<p><strong>Processador<\/strong><br \/>Intel Core i3 10100U 2.1 GHz.<br \/><strong>Fator de forma<\/strong><br \/>Mini<br \/><strong>Mem\u00f3ria RAM<\/strong><br \/>8 Gb. SO-DDR4 RAM<br \/><strong>Disco r\u00edgido<\/strong><br \/>256 Gb. SSD M2<br \/><strong>Cart\u00f5es<\/strong><br \/>Placa gr\u00e1fica: UHD Graphics<br \/>Som: HD Audio<br \/>Network: Intel i219V Ethernet Gigabit<br \/><strong>Sistema operativo<\/strong><br \/>Windows 11 Pro<br \/><strong>Portos<\/strong><br \/>2x USB-C<br \/>3x USB 3.1<br \/><strong>Portas de v\u00eddeo<\/strong><br \/>HDMI<br \/><strong>Multim\u00eddia<\/strong><br \/>Leitor SD<br \/><strong>Conectividade<\/strong><br \/>RJ-45<br \/>WIFI<br \/>Bluetooth<br \/><strong>Outros<\/strong><br \/>hR embalagens<br \/><strong>Dimens\u00f5es<\/strong><br \/>11.5&#215;11.1&#215;4.9 cm.<br \/><strong>Peso<\/strong><br \/>0.65 Kg.<br \/><strong>Especifica\u00e7\u00f5es adicionais<\/strong><br \/>O Intel NUC 10i3FNKN2 \u00e9 um mini PC projetado para oferecer desempenho, efici\u00eancia e versatilidade no menor espa\u00e7o poss\u00edvel. Equipado com um processador Intel Core i3 10100U de 10\u00aa gera\u00e7\u00e3o a 2.1 GHz, proporciona uma experi\u00eancia \u00e1gil e est\u00e1vel tanto em ambientes profissionais como dom\u00e9sticos, ideal para escrit\u00f3rios, teletrabalho, POS, sinaliza\u00e7\u00e3o digital ou uso multim\u00e9dia.<br \/>Com 8 GB de mem\u00f3ria SO-DDR4 e um SSD de 256 GB, garante arranques r\u00e1pidos, fluidez na multitarefa e um funcionamento silencioso e altamente eficiente. A sua compatibilidade com TPM 2.0 e Windows 11 Pro oferece um ambiente seguro e atualizado, preparado para as necessidades modernas de gest\u00e3o, cifragem e prote\u00e7\u00e3o de dados.<br \/>O formato ultracompacto do NUC permite instal\u00e1-lo praticamente em qualquer lugar: atr\u00e1s de um monitor, integrado em espa\u00e7os reduzidos ou como parte de um posto de trabalho minimalista. Apesar do seu tamanho, inclui conectividade completa, ideal para escrit\u00f3rios e utilizadores que necessitam de m\u00e1xima efici\u00eancia com o m\u00ednimo espa\u00e7o.<br \/>O Intel NUC 10i3FNKN2 \u00e9 uma solu\u00e7\u00e3o s\u00f3lida e moderna para quem procura um equipamento fi\u00e1vel, pequeno e potente, com o equil\u00edbrio perfeito entre baixo consumo, desempenho di\u00e1rio e qualidade Intel.<br \/><b>Aspeto exterior impec\u00e1vel<\/b>. Veja &#8220;+ Fotos&#8221; e &#8220;V\u00eddeo&#8221; e se tiver alguma d\u00favida contacte-nos ou utilize o nosso chat para mais informa\u00e7\u00f5es ou para pedir mais detalhes.<\/p>\n","protected":false},"excerpt":{"rendered":"<p>Intel Core i3 10100U 2.1 GHz. \u00b7 8 Gb. SO-DDR4 RAM \u00b7 256 Gb. SSD M2 \u00b7 <strong>Windows 11 Pro \u00b7 Wi-Fi \u00b7 Bluetooth<\/strong> [&#8230;]<\/p>\n<p><a class=\"btn btn-secondary understrap-read-more-link\" href=\"https:\/\/digalco.com\/pt-pt\/produto\/intel-nuc-10i3fnkn2-impecable-mini-recondicionado-core-i3-21ghz-8-gb-ram-256-gb-ssd-m2-pt-14285\/\">Continuar a ler&#8230;<span class=\"screen-reader-text\"> from Intel NUC 10i3FNKN2-Impecable Mini | Recondicionado | Core i3 2.1GHz | 8 GB RAM | 256 GB SSD M2<\/span><\/a><\/p>\n","protected":false},"featured_media":281015,"template":"","meta":[],"product_brand":[3878],"product_cat":[1467,1479],"product_tag":[],"class_list":{"0":"post-281036","1":"product","2":"type-product","3":"status-publish","4":"has-post-thumbnail","6":"product_brand-intel","7":"product_cat-computadores-pt","8":"product_cat-computadores-mini-pt","10":"first","11":"instock","12":"taxable","13":"shipping-taxable","14":"purchasable","15":"product-type-simple"},"bundled_by":[],"bundle_stock_status":"instock","bundle_stock_quantity":7,"bundle_virtual":false,"bundle_layout":"","bundle_add_to_cart_form_location":"","bundle_editable_in_cart":false,"bundle_sold_individually_context":"","bundle_item_grouping":"","bundle_min_size":"","bundle_max_size":"","bundle_price":[],"bundled_items":[],"bundle_sell_ids":[],"exclude_global_add_ons":true,"addons":{"webcam-upgrades":{"name":"Extens\u00e3o Webcam","type":"multiple_choice","position":0,"required":false,"title_format":"heading","default":"","description_enable":false,"description":"","placeholder_enable":false,"placeholder":"","display":"radiobutton","restrictions_type":"any_text","adjust_price":false,"price":"","price_type":"quantity_based","restrictions":false,"min":"0","max":"0","options":[{"label":"Conceptronic AMDIS FullHD [AMP00085]","price":"29.0000","price_type":"quantity_based","image":0,"visibility":true}]},"ram-memory-upgrades":{"name":"Extens\u00e3o RAM","type":"multiple_choice","position":0,"required":false,"title_format":"heading","default":"","description_enable":false,"description":"","placeholder_enable":false,"placeholder":"","display":"radiobutton","restrictions_type":"any_text","adjust_price":false,"price":"","price_type":"quantity_based","restrictions":false,"min":"0","max":"0","options":[{"label":"Extens\u00e3o SO-DIMM RAM 16 Gb DDR4 [AMP00081]","price":60,"price_type":"quantity_based","image":0,"visibility":true}]},"hdd-upgrades":{"name":"Extens\u00e3o disco r\u00edgido","type":"multiple_choice","position":0,"required":false,"title_format":"heading","default":"","description_enable":false,"description":"","placeholder_enable":false,"placeholder":"","display":"radiobutton","restrictions_type":"any_text","adjust_price":false,"price":"","price_type":"quantity_based","restrictions":false,"min":"0","max":"0","options":[{"label":"Cambio a Disco SSD 1 Tb. M.2 2280 PCIe [AMP00107]","price":165,"price_type":"quantity_based","image":0,"visibility":true},{"label":"Cambio a Disco SSD 2 Tb. M.2 2280 PCIe [AMP00171]","price":260,"price_type":"quantity_based","image":0,"visibility":true},{"label":"Cambio a Disco SSD 500 Gb. M.2 2280 PCIe [AMP00106]","price":110,"price_type":"quantity_based","image":0,"visibility":true}]},"os-upgrades":{"name":"Extens\u00e3o OS","type":"multiple_choice","position":0,"required":false,"title_format":"heading","default":"","description_enable":false,"description":"","placeholder_enable":false,"placeholder":"","display":"radiobutton","restrictions_type":"any_text","adjust_price":false,"price":"","price_type":"quantity_based","restrictions":false,"min":"0","max":"0","options":[{"label":"Alterar idioma para franc\u00eas [AMP00125]","price":"0.0000","price_type":"quantity_based","image":0,"visibility":true},{"label":"Alterar idioma para ingl\u00eas [AMP00008]","price":"0.0000","price_type":"quantity_based","image":0,"visibility":true},{"label":"Alterar idioma para o portugu\u00eas [AMP00009]","price":"0.0000","price_type":"quantity_based","image":0,"visibility":true}]},"keyboard-upgrades":{"name":"Extens\u00e3o teclado","type":"multiple_choice","position":0,"required":false,"title_format":"heading","default":"","description_enable":false,"description":"","placeholder_enable":false,"placeholder":"","display":"radiobutton","restrictions_type":"any_text","adjust_price":false,"price":"","price_type":"quantity_based","restrictions":false,"min":"0","max":"0","options":[{"label":"Teclado e Mouse [AMP00020]","price":"8.0000","price_type":"quantity_based","image":0,"visibility":true},{"label":"Teclado e Mouse Portugu\u00e9s Nuevo [AMP00088]","price":"15.0000","price_type":"quantity_based","image":0,"visibility":true},{"label":"Teclado e mouse USB em espanhol (Novo) [AMP00068]","price":"12.0000","price_type":"quantity_based","image":0,"visibility":true}]}},"df_price":292,"df_sale_price":"","df_regular_price":292,"df_image_link":"https:\/\/digalco.com\/wp-content\/uploads\/images\/product\/14285\/inte00028_01-300x225.jpg","_links":{"self":[{"href":"https:\/\/digalco.com\/pt-pt\/wp-json\/wp\/v2\/product\/281036","targetHints":{"allow":["GET"]}}],"collection":[{"href":"https:\/\/digalco.com\/pt-pt\/wp-json\/wp\/v2\/product"}],"about":[{"href":"https:\/\/digalco.com\/pt-pt\/wp-json\/wp\/v2\/types\/product"}],"wp:featuredmedia":[{"embeddable":true,"href":"https:\/\/digalco.com\/pt-pt\/wp-json\/wp\/v2\/media\/281015"}],"wp:attachment":[{"href":"https:\/\/digalco.com\/pt-pt\/wp-json\/wp\/v2\/media?parent=281036"}],"wp:term":[{"taxonomy":"product_brand","embeddable":true,"href":"https:\/\/digalco.com\/pt-pt\/wp-json\/wp\/v2\/product_brand?post=281036"},{"taxonomy":"product_cat","embeddable":true,"href":"https:\/\/digalco.com\/pt-pt\/wp-json\/wp\/v2\/product_cat?post=281036"},{"taxonomy":"product_tag","embeddable":true,"href":"https:\/\/digalco.com\/pt-pt\/wp-json\/wp\/v2\/product_tag?post=281036"}],"curies":[{"name":"wp","href":"https:\/\/api.w.org\/{rel}","templated":true}]}}