{"id":281916,"date":"2025-11-13T12:34:25","date_gmt":"2025-11-13T11:34:25","guid":{"rendered":"https:\/\/digalco.com\/tienda\/lenovo-m70q-gen-3-nuevo-mini-novo-core-i5-18ghz-16-gb-ram-512-gb-ssd-m2-pt-14286\/"},"modified":"2026-03-13T19:06:44","modified_gmt":"2026-03-13T18:06:44","slug":"lenovo-m70q-gen-3-nuevo-mini-novo-core-i5-18ghz-16-gb-ram-512-gb-ssd-m2-pt-14286","status":"publish","type":"product","link":"https:\/\/digalco.com\/pt-pt\/produto\/lenovo-m70q-gen-3-nuevo-mini-novo-core-i5-18ghz-16-gb-ram-512-gb-ssd-m2-pt-14286\/","title":{"rendered":"Lenovo M70Q Gen 3-Semi Nuevo Mini | Novo | Core i5 1.8GHz | 16 GB RAM | 512 GB SSD M2"},"content":{"rendered":"<p><strong>Processador<\/strong><br \/>Intel Core i5 12400T 1.8 GHz.<br \/><strong>Fator de forma<\/strong><br \/>Mini<br \/><strong>Mem\u00f3ria RAM<\/strong><br \/>16 Gb. SO-DDR4 RAM<br \/><strong>Disco r\u00edgido<\/strong><br \/>512 Gb. SSD M2<br \/><strong>Cart\u00f5es<\/strong><br \/>Placa gr\u00e1fica: INTEL GRAPHICS 730<br \/>Som: Realtek Audio Effects<br \/>Network: L219-LM<br \/><strong>Sistema operativo<\/strong><br \/>Windows 11 Pro<br \/><strong>Portos<\/strong><br \/>USB 2.0<br \/>USB-C<br \/>5x USB 3.1<br \/><strong>Portas de v\u00eddeo<\/strong><br \/>HDMI<br \/>Display Port<br \/><strong>Conectividade<\/strong><br \/>RJ-45<br \/>WIFI<br \/>Bluetooth<br \/><strong>Outros<\/strong><br \/>hR embalagens<br \/><strong>Dimens\u00f5es<\/strong><br \/>18x18x3.5 cm.<br \/><strong>Peso<\/strong><br \/>1.25 Kg.<br \/><strong>Especifica\u00e7\u00f5es adicionais<\/strong><br \/>O Lenovo M70Q Tiny Gen 3 redefine o conceito de mini PC profissional, combinando desempenho de \u00faltima gera\u00e7\u00e3o, efici\u00eancia energ\u00e9tica e m\u00e1xima versatilidade. Equipado com um processador Intel Core i5-12400T de 12\u00aa gera\u00e7\u00e3o a 1,8 GHz, oferece um desempenho fluido e est\u00e1vel mesmo em ambientes multitarefa exigentes, sendo ideal para escrit\u00f3rios, pontos de venda ou espa\u00e7os corporativos onde a fiabilidade \u00e9 essencial.<br \/>Os seus 16 GB de mem\u00f3ria SO-DDR4 e o r\u00e1pido SSD M.2 de 512 GB garantem tempos de arranque quase instant\u00e2neos, acesso r\u00e1pido aos dados e produtividade cont\u00ednua. Gra\u00e7as ao TPM 2.0 e ao Windows 11 Pro, o sistema oferece uma camada avan\u00e7ada de seguran\u00e7a e gest\u00e3o, assegurando a prote\u00e7\u00e3o da informa\u00e7\u00e3o e a compatibilidade com as infraestruturas de TI mais modernas.<br \/>O M70Q Tiny Gen 3 destaca-se tamb\u00e9m pelo seu design compacto e silencioso, que pode ser instalado atr\u00e1s do monitor atrav\u00e9s do suporte VESA inclu\u00eddo, libertando espa\u00e7o e proporcionando um ambiente de trabalho limpo e organizado. Al\u00e9m disso, \u00e9 fornecido com teclado e rato internacionais, permitindo a sua utiliza\u00e7\u00e3o imediata desde o primeiro arranque.<br \/>O Lenovo M70Q Tiny Gen 3 \u00e9 uma solu\u00e7\u00e3o ideal para revendedores e empresas que procuram um mini PC fi\u00e1vel, potente e preparado para o futuro, com o equil\u00edbrio perfeito entre desempenho, efici\u00eancia e design profissional.<br \/>Bom aspeto exterior. Se tiver alguma d\u00favida, ligue-nos ou utilize o nosso chat para obter mais informa\u00e7\u00f5es ou solicitar mais detalhes.<br \/><strong>Coment\u00e1rios<\/strong><br \/><u>Inclui teclado internacional, mouse e suporte VESA<\/u><\/p>\n","protected":false},"excerpt":{"rendered":"<p>Intel Core i5 12400T 1.8 GHz. \u00b7 16 Gb. SO-DDR4 RAM \u00b7 512 Gb. SSD M2 \u00b7 <strong>Windows 11 Pro \u00b7 Wi-Fi \u00b7 Bluetooth<\/strong> \u00b7<br \/>\n<u>Inclui teclado internacional, mouse e suporte VESA<br \/>\n<\/u> [&#8230;]<\/p>\n<p><a class=\"btn btn-secondary understrap-read-more-link\" href=\"https:\/\/digalco.com\/pt-pt\/produto\/lenovo-m70q-gen-3-nuevo-mini-novo-core-i5-18ghz-16-gb-ram-512-gb-ssd-m2-pt-14286\/\">Continuar a ler&#8230;<span class=\"screen-reader-text\"> from Lenovo M70Q Gen 3-Semi Nuevo Mini | Novo | Core i5 1.8GHz | 16 GB RAM | 512 GB SSD M2<\/span><\/a><\/p>\n","protected":false},"featured_media":281895,"template":"","meta":[],"product_brand":[3856],"product_cat":[1467,1479],"product_tag":[],"class_list":{"0":"post-281916","1":"product","2":"type-product","3":"status-publish","4":"has-post-thumbnail","6":"product_brand-lenovo","7":"product_cat-computadores-pt","8":"product_cat-computadores-mini-pt","10":"first","11":"instock","12":"taxable","13":"shipping-taxable","14":"purchasable","15":"product-type-simple"},"bundled_by":[],"bundle_stock_status":"instock","bundle_stock_quantity":1,"bundle_virtual":false,"bundle_layout":"","bundle_add_to_cart_form_location":"","bundle_editable_in_cart":false,"bundle_sold_individually_context":"","bundle_item_grouping":"","bundle_min_size":"","bundle_max_size":"","bundle_price":[],"bundled_items":[],"bundle_sell_ids":[],"exclude_global_add_ons":true,"addons":{"ram-memory-upgrades":{"name":"Extens\u00e3o RAM","type":"multiple_choice","position":0,"required":false,"title_format":"heading","default":"","description_enable":false,"description":"","placeholder_enable":false,"placeholder":"","display":"radiobutton","restrictions_type":"any_text","adjust_price":false,"price":"","price_type":"quantity_based","restrictions":false,"min":"0","max":"0","options":[{"label":"Extens\u00e3o SODIM RAM 32 Gb [AMP00098]","price":150,"price_type":"quantity_based","image":0,"visibility":true}]},"hdd-upgrades":{"name":"Extens\u00e3o disco r\u00edgido","type":"multiple_choice","position":0,"required":false,"title_format":"heading","default":"","description_enable":false,"description":"","placeholder_enable":false,"placeholder":"","display":"radiobutton","restrictions_type":"any_text","adjust_price":false,"price":"","price_type":"quantity_based","restrictions":false,"min":"0","max":"0","options":[{"label":"Cambio a Disco SSD 1 Tb. M.2 2280 PCIe [AMP00107]","price":165,"price_type":"quantity_based","image":0,"visibility":true},{"label":"Cambio a Disco SSD 2 Tb. M.2 2280 PCIe [AMP00171]","price":260,"price_type":"quantity_based","image":0,"visibility":true}]},"os-upgrades":{"name":"Extens\u00e3o OS","type":"multiple_choice","position":0,"required":false,"title_format":"heading","default":"","description_enable":false,"description":"","placeholder_enable":false,"placeholder":"","display":"radiobutton","restrictions_type":"any_text","adjust_price":false,"price":"","price_type":"quantity_based","restrictions":false,"min":"0","max":"0","options":[{"label":"Alterar idioma para franc\u00eas [AMP00125]","price":"0.0000","price_type":"quantity_based","image":0,"visibility":true},{"label":"Alterar idioma para ingl\u00eas [AMP00008]","price":"0.0000","price_type":"quantity_based","image":0,"visibility":true},{"label":"Alterar idioma para o portugu\u00eas [AMP00009]","price":"0.0000","price_type":"quantity_based","image":0,"visibility":true}]}},"df_price":590,"df_sale_price":"","df_regular_price":590,"df_image_link":"https:\/\/digalco.com\/wp-content\/uploads\/images\/product\/14286\/leno01096_01-300x225.jpg","_links":{"self":[{"href":"https:\/\/digalco.com\/pt-pt\/wp-json\/wp\/v2\/product\/281916","targetHints":{"allow":["GET"]}}],"collection":[{"href":"https:\/\/digalco.com\/pt-pt\/wp-json\/wp\/v2\/product"}],"about":[{"href":"https:\/\/digalco.com\/pt-pt\/wp-json\/wp\/v2\/types\/product"}],"wp:featuredmedia":[{"embeddable":true,"href":"https:\/\/digalco.com\/pt-pt\/wp-json\/wp\/v2\/media\/281895"}],"wp:attachment":[{"href":"https:\/\/digalco.com\/pt-pt\/wp-json\/wp\/v2\/media?parent=281916"}],"wp:term":[{"taxonomy":"product_brand","embeddable":true,"href":"https:\/\/digalco.com\/pt-pt\/wp-json\/wp\/v2\/product_brand?post=281916"},{"taxonomy":"product_cat","embeddable":true,"href":"https:\/\/digalco.com\/pt-pt\/wp-json\/wp\/v2\/product_cat?post=281916"},{"taxonomy":"product_tag","embeddable":true,"href":"https:\/\/digalco.com\/pt-pt\/wp-json\/wp\/v2\/product_tag?post=281916"}],"curies":[{"name":"wp","href":"https:\/\/api.w.org\/{rel}","templated":true}]}}