{"id":282227,"date":"2025-11-17T11:41:52","date_gmt":"2025-11-17T10:41:52","guid":{"rendered":"https:\/\/digalco.com\/tienda\/hp-eliteone-800-g6-238-aio-recondicionado-core-i5-31ghz-16-gb-ram-256-gb-ssd-m2-pt-14289\/"},"modified":"2026-04-10T11:07:43","modified_gmt":"2026-04-10T09:07:43","slug":"hp-eliteone-800-g6-238-aio-recondicionado-core-i5-31ghz-16-gb-ram-256-gb-ssd-m2-pt-14289","status":"publish","type":"product","link":"https:\/\/digalco.com\/pt-pt\/produto\/hp-eliteone-800-g6-238-aio-recondicionado-core-i5-31ghz-16-gb-ram-256-gb-ssd-m2-pt-14289\/","title":{"rendered":"HP EliteOne 800 G6 23.8&#8243; AIO | Recondicionado | Core i5 3.1GHz | 16 GB RAM | 256 GB SSD M2"},"content":{"rendered":"<p><strong>Processador<\/strong><br \/>Intel Core i5 10500 3.1 GHz.<br \/><strong>Fator de forma<\/strong><br \/>AIO<br \/><strong>Mem\u00f3ria RAM<\/strong><br \/>16 Gb. SO-DDR4 RAM<br \/><strong>Disco r\u00edgido<\/strong><br \/>256 Gb. SSD M2<br \/><strong>Cart\u00f5es<\/strong><br \/>Placa gr\u00e1fica: Intel UHD Graphics 630<br \/>Som: Bang&amp;Olufsen Audio<br \/>Network: Intel I219-LM<br \/><strong>Sistema operativo<\/strong><br \/>Windows 11 Pro<br \/><strong>Portos<\/strong><br \/>USB-C<br \/>6x USB 3.1<br \/><strong>Tela<\/strong><br \/>T\u00e1til 23.8 &#8221; FullHD com Alto-falantes \u00b7  16:9  \u00b7 Resolu\u00e7\u00e3o 1920&#215;1080<br \/><strong>Portas de v\u00eddeo<\/strong><br \/>HDMI<br \/>Display Port<br \/><strong>Multim\u00eddia<\/strong><br \/>Webcam<br \/>Leitor SD<br \/><strong>Espec\u00edfico tela<\/strong><br \/>Apoio VESA<br \/>Pedestal<br \/><strong>Conectividade<\/strong><br \/>RJ-45<br \/><strong>Outros<\/strong><br \/>hR embalagens<br \/><strong>Dimens\u00f5es<\/strong><br \/>40.5x54x20.5 cm.<br \/><strong>Peso<\/strong><br \/>9.55 Kg.<br \/><strong>Especifica\u00e7\u00f5es adicionais<\/strong><br \/>Descubra o HP EliteOne 800 G6 23.8&#8243;, um All-In-One projetado para profissionais que procuram desempenho, design e efici\u00eancia num \u00fanico equipamento. Equipado com um potente processador Intel Core i5 10500 a 3.1 GHz e 16 GB de mem\u00f3ria DDR4, garante multitarefa fluida e rapidez em qualquer ambiente de trabalho. O seu SSD M.2 de 256 GB proporciona arranques instant\u00e2neos e acesso ultrarr\u00e1pido aos seus ficheiros, enquanto o Windows 11 Pro assegura compatibilidade e seguran\u00e7a empresarial.<br \/>O ecr\u00e3 t\u00e1til FullHD de 23.8&#8243; combina produtividade e ergonomia, ideal para videoconfer\u00eancias, apresenta\u00e7\u00f5es ou design interativo. Gra\u00e7as ao formato All-In-One, reduz a desordem de cabos e oferece um aspeto moderno e profissional a qualquer escrit\u00f3rio. Inclui altifalantes integrados, teclado e rato, pronto a usar desde o primeiro momento.<br \/>Perfeito para distribuidores que procuram oferecer aos seus clientes uma solu\u00e7\u00e3o completa e de alta qualidade, capaz de atender tanto escrit\u00f3rios corporativos como ambientes educativos. Com o HP EliteOne 800 G6, efici\u00eancia, estilo e tecnologia avan\u00e7ada andam de m\u00e3os dadas.<br \/>Palavras-chave SEO: HP EliteOne 800 G6, All-In-One profissional, PC corporativo, computador t\u00e1til FullHD, equipamento para escrit\u00f3rio, desempenho Intel Core i5.<br \/>Bom aspeto exterior. Pode apresentar ligeiras marcas de uso na carca\u00e7a. Veja &#8220;+ Fotos&#8221; e &#8220;V\u00eddeo&#8221; e se tiver alguma d\u00favida contacte-nos ou utilize o nosso chat para mais informa\u00e7\u00f5es ou para pedir mais detalhes.<br \/><strong>Coment\u00e1rios<\/strong><br \/><u>Teclado e mouse inclu\u00eddos<\/u><\/p>\n","protected":false},"excerpt":{"rendered":"<p>Intel Core i5 10500 3.1 GHz. \u00b7 16 Gb. SO-DDR4 RAM \u00b7 256 Gb. SSD M2 \u00b7 <strong>Windows 11 Pro \u00b7 T\u00e1til 23.8 &#8221; FullHD<\/strong> com Alto-falantes \u00b7 16:9 \u00b7<br \/>\n<u>Teclado e mouse inclu\u00eddos<\/u> [&#8230;]<\/p>\n<p><a class=\"btn btn-secondary understrap-read-more-link\" href=\"https:\/\/digalco.com\/pt-pt\/produto\/hp-eliteone-800-g6-238-aio-recondicionado-core-i5-31ghz-16-gb-ram-256-gb-ssd-m2-pt-14289\/\">Continuar a ler&#8230;<span class=\"screen-reader-text\"> from HP EliteOne 800 G6 23.8&#8243; AIO | Recondicionado | Core i5 3.1GHz | 16 GB RAM | 256 GB SSD M2<\/span><\/a><\/p>\n","protected":false},"featured_media":282201,"template":"","meta":[],"product_brand":[3854],"product_cat":[1467,1475],"product_tag":[],"class_list":{"0":"post-282227","1":"product","2":"type-product","3":"status-publish","4":"has-post-thumbnail","6":"product_brand-hp","7":"product_cat-computadores-pt","8":"product_cat-computadores-all-in-one-pt","10":"first","11":"instock","12":"taxable","13":"shipping-taxable","14":"purchasable","15":"product-type-simple"},"bundled_by":[],"bundle_stock_status":"instock","bundle_stock_quantity":1,"bundle_virtual":false,"bundle_layout":"","bundle_add_to_cart_form_location":"","bundle_editable_in_cart":false,"bundle_sold_individually_context":"","bundle_item_grouping":"","bundle_min_size":"","bundle_max_size":"","bundle_price":[],"bundled_items":[],"bundle_sell_ids":[],"exclude_global_add_ons":true,"addons":{"ram-memory-upgrades":{"name":"Extens\u00e3o RAM","type":"multiple_choice","position":0,"required":false,"title_format":"heading","default":"","description_enable":false,"description":"","placeholder_enable":false,"placeholder":"","display":"radiobutton","restrictions_type":"any_text","adjust_price":false,"price":"","price_type":"quantity_based","restrictions":false,"min":"0","max":"0","options":[{"label":"Extens\u00e3o SODIM RAM 32 Gb [AMP00098]","price":"150.0000","price_type":"quantity_based","image":0,"visibility":true}]},"hdd-upgrades":{"name":"Extens\u00e3o disco r\u00edgido","type":"multiple_choice","position":0,"required":false,"title_format":"heading","default":"","description_enable":false,"description":"","placeholder_enable":false,"placeholder":"","display":"radiobutton","restrictions_type":"any_text","adjust_price":false,"price":"","price_type":"quantity_based","restrictions":false,"min":"0","max":"0","options":[{"label":"Cambio a Disco SSD 500 Gb. M.2 2280 PCIe [AMP00106]","price":"110.0000","price_type":"quantity_based","image":0,"visibility":true},{"label":"Cambio a Disco SSD 1 Tb. M.2 2280 PCIe [AMP00107]","price":"165.0000","price_type":"quantity_based","image":0,"visibility":true},{"label":"Cambio a Disco SSD 2 Tb. M.2 2280 PCIe [AMP00171]","price":"260.0000","price_type":"quantity_based","image":0,"visibility":true}]},"network-card-upgrades":{"name":"Extens\u00e3o WIFI","type":"multiple_choice","position":0,"required":false,"title_format":"heading","default":"","description_enable":false,"description":"","placeholder_enable":false,"placeholder":"","display":"radiobutton","restrictions_type":"any_text","adjust_price":false,"price":"","price_type":"quantity_based","restrictions":false,"min":"0","max":"0","options":[{"label":"Ampliaci\u00f3n a Wireless nano USB [AMP00018]","price":"12.0000","price_type":"quantity_based","image":0,"visibility":true}]},"os-upgrades":{"name":"Extens\u00e3o OS","type":"multiple_choice","position":0,"required":false,"title_format":"heading","default":"","description_enable":false,"description":"","placeholder_enable":false,"placeholder":"","display":"radiobutton","restrictions_type":"any_text","adjust_price":false,"price":"","price_type":"quantity_based","restrictions":false,"min":"0","max":"0","options":[{"label":"Alterar idioma para franc\u00eas [AMP00125]","price":"0.0000","price_type":"quantity_based","image":0,"visibility":true},{"label":"Alterar idioma para ingl\u00eas [AMP00008]","price":"0.0000","price_type":"quantity_based","image":0,"visibility":true},{"label":"Alterar idioma para o portugu\u00eas [AMP00009]","price":"0.0000","price_type":"quantity_based","image":0,"visibility":true}]}},"df_price":658,"df_sale_price":"","df_regular_price":658,"df_image_link":"https:\/\/digalco.com\/wp-content\/uploads\/images\/product\/14289\/hp03157_01-300x225.jpg","_links":{"self":[{"href":"https:\/\/digalco.com\/pt-pt\/wp-json\/wp\/v2\/product\/282227","targetHints":{"allow":["GET"]}}],"collection":[{"href":"https:\/\/digalco.com\/pt-pt\/wp-json\/wp\/v2\/product"}],"about":[{"href":"https:\/\/digalco.com\/pt-pt\/wp-json\/wp\/v2\/types\/product"}],"wp:featuredmedia":[{"embeddable":true,"href":"https:\/\/digalco.com\/pt-pt\/wp-json\/wp\/v2\/media\/282201"}],"wp:attachment":[{"href":"https:\/\/digalco.com\/pt-pt\/wp-json\/wp\/v2\/media?parent=282227"}],"wp:term":[{"taxonomy":"product_brand","embeddable":true,"href":"https:\/\/digalco.com\/pt-pt\/wp-json\/wp\/v2\/product_brand?post=282227"},{"taxonomy":"product_cat","embeddable":true,"href":"https:\/\/digalco.com\/pt-pt\/wp-json\/wp\/v2\/product_cat?post=282227"},{"taxonomy":"product_tag","embeddable":true,"href":"https:\/\/digalco.com\/pt-pt\/wp-json\/wp\/v2\/product_tag?post=282227"}],"curies":[{"name":"wp","href":"https:\/\/api.w.org\/{rel}","templated":true}]}}