{"id":282276,"date":"2025-11-17T12:58:55","date_gmt":"2025-11-17T11:58:55","guid":{"rendered":"https:\/\/digalco.com\/tienda\/switch-ibm-xgs-4100-firewall-recondicionado-pt-12498\/"},"modified":"2025-11-17T12:58:59","modified_gmt":"2025-11-17T11:58:59","slug":"switch-ibm-xgs-4100-firewall-recondicionado-pt-12498","status":"publish","type":"product","link":"https:\/\/digalco.com\/pt-pt\/produto\/switch-ibm-xgs-4100-firewall-recondicionado-pt-12498\/","title":{"rendered":"Switch IBM XGS 4100 FireWall | Recondicionado"},"content":{"rendered":"<p><strong>Geral impressora<\/strong><br \/>Switch<br \/><strong>Portos de rede<\/strong><br \/>4x Ethernet 1000 Mbps.<br \/><strong>Dimens\u00f5es<\/strong><br \/>45x46x4.5 cm.<br \/><strong>Peso<\/strong><br \/>11.00 Kg.<br \/><strong>Especifica\u00e7\u00f5es adicionais<\/strong><br \/>O IBM XGS 4100 Firewall foi projetado para empresas e ambientes corporativos que necessitam de seguran\u00e7a de rede robusta sem comprometer o desempenho. Este firewall mont\u00e1vel em rack combina a confiabilidade da IBM com capacidades avan\u00e7adas de inspe\u00e7\u00e3o de tr\u00e1fego, oferecendo prote\u00e7\u00e3o contra amea\u00e7as internas e externas de forma eficiente e escal\u00e1vel. Ideal para escrit\u00f3rios, centros de dados e PMEs que exigem uma infraestrutura de rede segura e controlada.<br \/>Com suas 4 portas Ethernet de 1000 Mbps, o IBM XGS 4100 permite gerenciar m\u00faltiplos segmentos de rede com alto desempenho e baixa lat\u00eancia. Seu design mont\u00e1vel em rack facilita a integra\u00e7\u00e3o em qualquer arm\u00e1rio de servidores, otimizando o espa\u00e7o e mantendo a organiza\u00e7\u00e3o da sua infraestrutura. Al\u00e9m disso, sua arquitetura avan\u00e7ada garante um gerenciamento eficiente de pol\u00edticas de seguran\u00e7a, inspe\u00e7\u00e3o de protocolos e filtragem de conte\u00fado sem afetar a velocidade da conex\u00e3o.<br \/>O IBM XGS 4100 Firewall oferece confiabilidade, escalabilidade e tranquilidade para sua rede corporativa. Perfeito para quem deseja combinar prote\u00e7\u00e3o avan\u00e7ada, conectividade r\u00e1pida e gest\u00e3o centralizada, garantindo que cada dispositivo e cada dado estejam protegidos sem sacrificar produtividade ou efici\u00eancia operacional. Um investimento em seguran\u00e7a que cresce com o seu neg\u00f3cio.<br \/>Bom aspeto exterior. Veja em \u201c+ Fotos\u201d e se tiver alguma d\u00favida, ligue-nos ou utilize nosso chat para solicitar mais informa\u00e7\u00f5es ou detalhes adicionais.<\/p>\n","protected":false},"excerpt":{"rendered":"<p>Firewall \u00b7 4x Ethernet 1000 Mbps. \u00b7 Rackmount \u00b7<strong>Prote\u00e7\u00e3o Avan\u00e7ada:<\/strong>IPS com an\u00e1lise profunda de protocolos e reputa\u00e7\u00e3o de IP do IBM X\u2011Force.<strong>Desempenho:<\/strong>At\u00e9 1\u202fGbps (IPS), 400\u202fMbps com inspe\u00e7\u00e3o SSL.<strong>Conectividade:<\/strong>1 M\u00f3dulo de Interface de Rede (NIM) e at\u00e9 6 segmentos protegidos.<strong>Seguran\u00e7a:<\/strong>Certifica\u00e7\u00e3o FIPS 140\u20112, armazenamento em SSD opcional.<strong>Gest\u00e3o Centralizada:<\/strong>Compat\u00edvel com IBM Security SiteProtector. [&#8230;]<\/p>\n<p><a class=\"btn btn-secondary understrap-read-more-link\" href=\"https:\/\/digalco.com\/pt-pt\/produto\/switch-ibm-xgs-4100-firewall-recondicionado-pt-12498\/\">Continuar a ler&#8230;<span class=\"screen-reader-text\"> from Switch IBM XGS 4100 FireWall | Recondicionado<\/span><\/a><\/p>\n","protected":false},"featured_media":282260,"template":"","meta":[],"product_brand":[3876],"product_cat":[1663,3789],"product_tag":[],"class_list":{"0":"post-282276","1":"product","2":"type-product","3":"status-publish","4":"has-post-thumbnail","6":"product_brand-ibm","7":"product_cat-networking-pt","8":"product_cat-networking-routers-pt","10":"first","11":"instock","12":"taxable","13":"shipping-taxable","14":"purchasable","15":"product-type-simple"},"bundled_by":[],"bundle_stock_status":"instock","bundle_stock_quantity":1,"bundle_virtual":false,"bundle_layout":"","bundle_add_to_cart_form_location":"","bundle_editable_in_cart":false,"bundle_sold_individually_context":"","bundle_item_grouping":"","bundle_min_size":"","bundle_max_size":"","bundle_price":[],"bundled_items":[],"bundle_sell_ids":[],"exclude_global_add_ons":[],"addons":[],"df_price":150,"df_sale_price":"","df_regular_price":150,"df_image_link":"https:\/\/digalco.com\/wp-content\/uploads\/images\/product\/12498\/ibm00059_01-300x225.jpg","_links":{"self":[{"href":"https:\/\/digalco.com\/pt-pt\/wp-json\/wp\/v2\/product\/282276","targetHints":{"allow":["GET"]}}],"collection":[{"href":"https:\/\/digalco.com\/pt-pt\/wp-json\/wp\/v2\/product"}],"about":[{"href":"https:\/\/digalco.com\/pt-pt\/wp-json\/wp\/v2\/types\/product"}],"wp:featuredmedia":[{"embeddable":true,"href":"https:\/\/digalco.com\/pt-pt\/wp-json\/wp\/v2\/media\/282260"}],"wp:attachment":[{"href":"https:\/\/digalco.com\/pt-pt\/wp-json\/wp\/v2\/media?parent=282276"}],"wp:term":[{"taxonomy":"product_brand","embeddable":true,"href":"https:\/\/digalco.com\/pt-pt\/wp-json\/wp\/v2\/product_brand?post=282276"},{"taxonomy":"product_cat","embeddable":true,"href":"https:\/\/digalco.com\/pt-pt\/wp-json\/wp\/v2\/product_cat?post=282276"},{"taxonomy":"product_tag","embeddable":true,"href":"https:\/\/digalco.com\/pt-pt\/wp-json\/wp\/v2\/product_tag?post=282276"}],"curies":[{"name":"wp","href":"https:\/\/api.w.org\/{rel}","templated":true}]}}