{"id":283175,"date":"2025-11-20T10:59:47","date_gmt":"2025-11-20T09:59:47","guid":{"rendered":"https:\/\/digalco.com\/tienda\/dell-poweredge-r640-barebone-rack-recondicionado-xeon-22ghz-32-gb-ram-sas-pt-13999\/"},"modified":"2025-11-20T10:59:51","modified_gmt":"2025-11-20T09:59:51","slug":"dell-poweredge-r640-barebone-rack-recondicionado-xeon-22ghz-32-gb-ram-sas-pt-13999","status":"publish","type":"product","link":"https:\/\/digalco.com\/pt-pt\/produto\/dell-poweredge-r640-barebone-rack-recondicionado-xeon-22ghz-32-gb-ram-sas-pt-13999\/","title":{"rendered":"Dell PowerEdge R640-Barebone Rack | Recondicionado | Xeon 2.2GHz | 32 GB RAM | SAS"},"content":{"rendered":"<p><strong>Processador<\/strong><br \/>Intel Xeon Silver 4210 2.2 GHz.<br \/><strong>Fator de forma<\/strong><br \/>Rack (1U)<br \/><strong>Mem\u00f3ria RAM<\/strong><br \/>32 Gb. DDR4 ECC RAM<br \/>24 ba\u00edas (22 vazio )<br \/><strong>Disco r\u00edgido<\/strong><br \/>SAS 2.5&#8221;<br \/>8 ba\u00edas<br \/><strong>Cart\u00f5es<\/strong><br \/>Network: Gigabit Ethernet Quad Port<br \/><strong>Sistema operativo<\/strong><br \/>&#8211; Sem sistema operativo &#8211;<br \/><strong>Portos<\/strong><br \/>S\u00e9rie<br \/>3x USB 3.0<br \/>USB-C<br \/><strong>Conectividade<\/strong><br \/>4x RJ-45<br \/><strong>Alimenta\u00e7\u00e3o<\/strong><br \/>2x Fontes de alimenta\u00e7\u00e3o (Hotplug)<br \/><strong>Outros<\/strong><br \/>hR embalagens<br \/><strong>Dimens\u00f5es<\/strong><br \/>74.5&#215;48.5&#215;4.5 cm.<br \/><strong>Peso<\/strong><br \/>13.60 Kg.<br \/><strong>Especifica\u00e7\u00f5es adicionais<\/strong><br \/>O Dell PowerEdge R640 \u00e9 um servidor rack 1U de alto desempenho, projetado para oferecer m\u00e1xima densidade, efici\u00eancia energ\u00e9tica e pot\u00eancia computacional em ambientes profissionais onde o espa\u00e7o \u00e9 um recurso cr\u00edtico. Equipado com um processador Intel Xeon Silver 4210 a 2.2 GHz e 32 GB de mem\u00f3ria DDR4 ECC, proporciona um desempenho est\u00e1vel e seguro para cargas de trabalho como virtualiza\u00e7\u00e3o, VDI, an\u00e1lise de dados ou aplica\u00e7\u00f5es corporativas de uso intensivo.Este modelo \u00e9 apresentado no formato barebone, sem discos instalados, permitindo que distribuidores e integradores personalizem o armazenamento de acordo com os requisitos do projeto. Disp\u00f5e de 24 baias para unidades de 2.5&#8243; (22 vazias) com suporte SAS, al\u00e9m de 8 baias adicionais, oferecendo uma plataforma extremamente escal\u00e1vel e flex\u00edvel para crescer conforme as necessidades do neg\u00f3cio. A controladora RAID PERC H730P Mini garante prote\u00e7\u00e3o avan\u00e7ada de dados, excelente desempenho de I\/O e compatibilidade com configura\u00e7\u00f5es RAID exigentes.O R640 destaca-se pela sua capacidade de expans\u00e3o inteligente, com um slot PCIe X16, ideal para placas de rede de alto desempenho ou adaptadores espec\u00edficos. Inclui ainda um aviso importante: as gavetas dos discos n\u00e3o est\u00e3o inclu\u00eddas, facilitando que o integrador escolha os acess\u00f3rios mais adequados para a configura\u00e7\u00e3o final.Com um design robusto, eficiente e otimizado para funcionamento 24\/7, o Dell PowerEdge R640 torna-se numa solu\u00e7\u00e3o ideal para centros de dados, integradores e distribuidores que procuram um servidor de nova gera\u00e7\u00e3o, altamente escal\u00e1vel e adapt\u00e1vel a qualquer infraestrutura profissional.Servidor barebone, ideal para configura\u00e7\u00f5es personalizadas conforme as necessidades do cliente.Bom estado exterior. Se tiver alguma d\u00favida, ligue-nos ou use o nosso chat para obter mais informa\u00e7\u00f5es ou solicitar mais detalhes.<br \/><strong>Coment\u00e1rios<\/strong><br \/><u>Perc H730P Mini Raid Controller &#8211; 1xPCIe X16 &#8211; Guias de disco n\u00e3o inclu\u00eddos<\/u><\/p>\n","protected":false},"excerpt":{"rendered":"<p>Intel Xeon Silver 4210 2.2 GHz. \u00b7 32 Gb. DDR4 ECC RAM \u00b7 24 ba\u00edas (22 vazio ) \u00b7 SAS 2.5&#8221; \u00b7 8 ba\u00edas \u00b7<br \/>\n<strong>Perc H730P Mini Raid Controller<\/strong> &#8211; <u>1xPCIe X16 &#8211; Guias de disco n\u00e3o inclu\u00eddos<br \/>\n<\/u> [&#8230;]<\/p>\n<p><a class=\"btn btn-secondary understrap-read-more-link\" href=\"https:\/\/digalco.com\/pt-pt\/produto\/dell-poweredge-r640-barebone-rack-recondicionado-xeon-22ghz-32-gb-ram-sas-pt-13999\/\">Continuar a ler&#8230;<span class=\"screen-reader-text\"> from Dell PowerEdge R640-Barebone Rack | Recondicionado | Xeon 2.2GHz | 32 GB RAM | SAS<\/span><\/a><\/p>\n","protected":false},"featured_media":283164,"template":"","meta":[],"product_brand":[3852],"product_cat":[3744,1639,1631],"product_tag":[],"class_list":{"0":"post-283175","1":"product","2":"type-product","3":"status-publish","4":"has-post-thumbnail","6":"product_brand-dell","7":"product_cat-barebone-pt","8":"product_cat-servidores-rack-pt","9":"product_cat-servidores-pt","11":"first","12":"instock","13":"taxable","14":"shipping-taxable","15":"purchasable","16":"product-type-simple"},"bundled_by":[],"bundle_stock_status":"instock","bundle_stock_quantity":3,"bundle_virtual":false,"bundle_layout":"","bundle_add_to_cart_form_location":"","bundle_editable_in_cart":false,"bundle_sold_individually_context":"","bundle_item_grouping":"","bundle_min_size":"","bundle_max_size":"","bundle_price":[],"bundled_items":[],"bundle_sell_ids":[],"exclude_global_add_ons":[],"addons":[],"df_price":984,"df_sale_price":"","df_regular_price":984,"df_image_link":"https:\/\/digalco.com\/wp-content\/uploads\/images\/product\/13999\/dell01499_01-300x225.jpg","_links":{"self":[{"href":"https:\/\/digalco.com\/pt-pt\/wp-json\/wp\/v2\/product\/283175","targetHints":{"allow":["GET"]}}],"collection":[{"href":"https:\/\/digalco.com\/pt-pt\/wp-json\/wp\/v2\/product"}],"about":[{"href":"https:\/\/digalco.com\/pt-pt\/wp-json\/wp\/v2\/types\/product"}],"wp:featuredmedia":[{"embeddable":true,"href":"https:\/\/digalco.com\/pt-pt\/wp-json\/wp\/v2\/media\/283164"}],"wp:attachment":[{"href":"https:\/\/digalco.com\/pt-pt\/wp-json\/wp\/v2\/media?parent=283175"}],"wp:term":[{"taxonomy":"product_brand","embeddable":true,"href":"https:\/\/digalco.com\/pt-pt\/wp-json\/wp\/v2\/product_brand?post=283175"},{"taxonomy":"product_cat","embeddable":true,"href":"https:\/\/digalco.com\/pt-pt\/wp-json\/wp\/v2\/product_cat?post=283175"},{"taxonomy":"product_tag","embeddable":true,"href":"https:\/\/digalco.com\/pt-pt\/wp-json\/wp\/v2\/product_tag?post=283175"}],"curies":[{"name":"wp","href":"https:\/\/api.w.org\/{rel}","templated":true}]}}