{"id":283219,"date":"2025-11-20T12:38:12","date_gmt":"2025-11-20T11:38:12","guid":{"rendered":"https:\/\/digalco.com\/tienda\/dell-poweredge-r410-barebone-rack-recondicionado-xeon-quad-core-24ghz-4-gb-ram-sin-disco-pt-14000\/"},"modified":"2026-01-22T13:56:36","modified_gmt":"2026-01-22T12:56:36","slug":"dell-poweredge-r410-barebone-rack-recondicionado-xeon-quad-core-24ghz-4-gb-ram-sin-disco-pt-14000","status":"publish","type":"product","link":"https:\/\/digalco.com\/pt-pt\/produto\/dell-poweredge-r410-barebone-rack-recondicionado-xeon-quad-core-24ghz-4-gb-ram-sin-disco-pt-14000\/","title":{"rendered":"Dell PowerEdge R410-Barebone Rack | Recondicionado | Xeon Quad Core 2.4GHz | 4 GB RAM | &#8211; Sin disco &#8211;"},"content":{"rendered":"<p><strong>Processador<\/strong><br \/>2x Intel Xeon Quad Core E5620 2.4 GHz.<br \/><strong>Fator de forma<\/strong><br \/>Rack (1U)<br \/><strong>Mem\u00f3ria RAM<\/strong><br \/>4 Gb. DDR3 ECC RAM<br \/>8 ba\u00edas (6 vazio )<br \/><strong>Disco r\u00edgido<\/strong><br \/>&#8211; Sin disco &#8211; 3.5&#8221;<br \/>4 ba\u00edas<br \/><strong>Drive \u00f3ptico<\/strong><br \/>DVD<br \/><strong>Cart\u00f5es<\/strong><br \/>Placa gr\u00e1fica: MATROX G200EW<br \/>Network: broadcom BCM5716<br \/><strong>Sistema operativo<\/strong><br \/>COA Windows Server 2008 atualizado para &#8211; Sem sistema operativo &#8211;<br \/><strong>Portos<\/strong><br \/>S\u00e9rie<br \/>4x USB 2.0<br \/><strong>Conectividade<\/strong><br \/>2x RJ-45<br \/><strong>Alimenta\u00e7\u00e3o<\/strong><br \/>2x Fontes de alimenta\u00e7\u00e3o (Hotplug)<br \/><strong>Outros<\/strong><br \/>hR embalagens<br \/><strong>Dimens\u00f5es<\/strong><br \/>xx cm.<br \/><strong>Peso<\/strong><br \/>15.00 Kg.<br \/><strong>Especifica\u00e7\u00f5es adicionais<\/strong><br \/>O Dell PowerEdge R410-Barebone com processadores Intel Xeon E5620 Quad Core \u00e9 a solu\u00e7\u00e3o que o seu canal precisa para projetos exigentes com or\u00e7amentos competitivos. Com 2 CPUs Xeon a 2,4 GHz, este servidor garante uma plataforma est\u00e1vel e eficiente, capaz de gerir servi\u00e7os dedicados, virtualiza\u00e7\u00e3o inicial e gest\u00e3o de ficheiros em empresas de qualquer dimens\u00e3o.Os seus 4GB de mem\u00f3ria DDR3 ECC s\u00e3o ideais para tarefas de rede, servi\u00e7os perif\u00e9ricos ou aplica\u00e7\u00f5es empresariais b\u00e1sicas, permitindo aos integradores ajustar a RAM facilmente conforme as necessidades do cliente final. Al\u00e9m disso, a capacidade de 8 compartimentos para discos de 3,5\u201d \u2014 6 deles livres \u2014 oferece uma grande margem para adapta\u00e7\u00f5es futuras, armazenamento escal\u00e1vel e configura\u00e7\u00f5es RAID avan\u00e7adas atrav\u00e9s do fi\u00e1vel controlador Dell PERC 6i.O formato compacto de rack 1U \u00e9 perfeito para otimizar o espa\u00e7o f\u00edsico, facilitando o montagem em instala\u00e7\u00f5es de alto volume ou centros de dados com infraestruturas em expans\u00e3o acelerada. A ranhura PCIe X16 garante que possa atualizar e adaptar o hardware conforme os desafios do mercado, enquanto a unidade DVD simplifica migra\u00e7\u00f5es, restaura\u00e7\u00f5es e implementa\u00e7\u00f5es personalizadas.\u00c9 um equipamento vers\u00e1til, pronto para se adaptar a qualquer exig\u00eancia profissional, destacando uma excelente rela\u00e7\u00e3o desempenho-custo e o suporte de uma marca l\u00edder em servidores. O Dell R410-Barebone E5620 \u00e9 a escolha ideal para quem procura fiabilidade, escalabilidade e flexibilidade num s\u00f3 produto.Bom aspeto exterior. Se tiver alguma d\u00favida, ligue-nos ou utilize o nosso chat para obter mais informa\u00e7\u00f5es ou solicitar mais detalhes.\ufeff<br \/><strong>Coment\u00e1rios<\/strong><br \/><u>Perc 6i Raid Controller &#8211; 1xPCIe X16<\/u><\/p>\n","protected":false},"excerpt":{"rendered":"<p>2x Intel Xeon Quad Core E5620 2.4 GHz. \u00b7 4 Gb. DDR3 ECC RAM \u00b7 8 ba\u00edas (6 vazio ) \u00b7 3.5&#8221; \u00b7 4 ba\u00edas \u00b7 DVD \u00b7<br \/>\n<strong>Perc 6i Raid Controller<\/strong> &#8211; <u>1xPCIe X16<br \/>\n<\/u> [&#8230;]<\/p>\n<p><a class=\"btn btn-secondary understrap-read-more-link\" href=\"https:\/\/digalco.com\/pt-pt\/produto\/dell-poweredge-r410-barebone-rack-recondicionado-xeon-quad-core-24ghz-4-gb-ram-sin-disco-pt-14000\/\">Continuar a ler&#8230;<span class=\"screen-reader-text\"> from Dell PowerEdge R410-Barebone Rack | Recondicionado | Xeon Quad Core 2.4GHz | 4 GB RAM | &#8211; Sin disco &#8211;<\/span><\/a><\/p>\n","protected":false},"featured_media":283218,"template":"","meta":[],"product_brand":[3852],"product_cat":[3744,1631,1639],"product_tag":[],"class_list":{"0":"post-283219","1":"product","2":"type-product","3":"status-publish","4":"has-post-thumbnail","6":"product_brand-dell","7":"product_cat-barebone-pt","8":"product_cat-servidores-pt","9":"product_cat-servidores-rack-pt","11":"first","12":"instock","13":"taxable","14":"shipping-taxable","15":"purchasable","16":"product-type-simple"},"bundled_by":[],"bundle_stock_status":"instock","bundle_stock_quantity":1,"bundle_virtual":false,"bundle_layout":"","bundle_add_to_cart_form_location":"","bundle_editable_in_cart":false,"bundle_sold_individually_context":"","bundle_item_grouping":"","bundle_min_size":"","bundle_max_size":"","bundle_price":[],"bundled_items":[],"bundle_sell_ids":[],"exclude_global_add_ons":[],"addons":[],"df_price":120,"df_sale_price":"","df_regular_price":120,"df_image_link":"https:\/\/digalco.com\/wp-content\/uploads\/images\/product\/14000\/dell01500_01-300x225.jpg","_links":{"self":[{"href":"https:\/\/digalco.com\/pt-pt\/wp-json\/wp\/v2\/product\/283219","targetHints":{"allow":["GET"]}}],"collection":[{"href":"https:\/\/digalco.com\/pt-pt\/wp-json\/wp\/v2\/product"}],"about":[{"href":"https:\/\/digalco.com\/pt-pt\/wp-json\/wp\/v2\/types\/product"}],"wp:featuredmedia":[{"embeddable":true,"href":"https:\/\/digalco.com\/pt-pt\/wp-json\/wp\/v2\/media\/283218"}],"wp:attachment":[{"href":"https:\/\/digalco.com\/pt-pt\/wp-json\/wp\/v2\/media?parent=283219"}],"wp:term":[{"taxonomy":"product_brand","embeddable":true,"href":"https:\/\/digalco.com\/pt-pt\/wp-json\/wp\/v2\/product_brand?post=283219"},{"taxonomy":"product_cat","embeddable":true,"href":"https:\/\/digalco.com\/pt-pt\/wp-json\/wp\/v2\/product_cat?post=283219"},{"taxonomy":"product_tag","embeddable":true,"href":"https:\/\/digalco.com\/pt-pt\/wp-json\/wp\/v2\/product_tag?post=283219"}],"curies":[{"name":"wp","href":"https:\/\/api.w.org\/{rel}","templated":true}]}}