{"id":283261,"date":"2025-11-20T13:15:58","date_gmt":"2025-11-20T12:15:58","guid":{"rendered":"https:\/\/digalco.com\/tienda\/hp-proliant-dl120-g6-barebone-rack-recondicionado-xeon-quad-core-24ghz-4-gb-ram-hdd-pt-14008\/"},"modified":"2025-11-20T13:16:04","modified_gmt":"2025-11-20T12:16:04","slug":"hp-proliant-dl120-g6-barebone-rack-recondicionado-xeon-quad-core-24ghz-4-gb-ram-hdd-pt-14008","status":"publish","type":"product","link":"https:\/\/digalco.com\/pt-pt\/produto\/hp-proliant-dl120-g6-barebone-rack-recondicionado-xeon-quad-core-24ghz-4-gb-ram-hdd-pt-14008\/","title":{"rendered":"HP Proliant DL120 G6-Barebone Rack | Recondicionado | Xeon Quad Core 2.4GHz | 4 GB RAM | HDD"},"content":{"rendered":"<p><strong>Processador<\/strong><br \/>Intel Xeon Quad Core X3430 2.4 GHz.<br \/><strong>Fator de forma<\/strong><br \/>Rack (1U)<br \/><strong>Mem\u00f3ria RAM<\/strong><br \/>4 Gb. DDR2 RAM<br \/>4 ba\u00edas (2 vazio )<br \/><strong>Disco r\u00edgido<\/strong><br \/>SATA 3.5&#8221;<br \/>4 ba\u00edas<br \/><strong>Sistema operativo<\/strong><br \/>&#8211; Sem sistema operativo &#8211;<br \/><strong>Portos<\/strong><br \/>S\u00e9rie<br \/>6x USB 2.0<br \/><strong>Conectividade<\/strong><br \/>2x RJ-45<br \/><strong>Alimenta\u00e7\u00e3o<\/strong><br \/>Fontes de alimenta\u00e7\u00e3o<br \/><strong>Dimens\u00f5es<\/strong><br \/>70&#215;48.5&#215;4.5 cm.<br \/><strong>Peso<\/strong><br \/>15.00 Kg.<br \/><strong>Especifica\u00e7\u00f5es adicionais<\/strong><br \/>O HP Proliant DL120 G6-Barebone, equipado com processador Intel Xeon Quad Core X3430 de 2,4 GHz e 4GB de RAM DDR2, \u00e9 a resposta para quem procura uma solu\u00e7\u00e3o robusta e econ\u00f3mica em formato rack de 1U. Perfeito para ambientes de implementa\u00e7\u00e3o r\u00e1pida, servi\u00e7os web, gest\u00e3o documental ou plataformas de trabalho partilhadas.Gra\u00e7as \u00e0s suas 4 ba\u00edas SATA de 3,5\u201d \u2014 2 delas livres para expans\u00e3o conforme as necessidades de armazenamento \u2014 o DL120 G6 assegura flexibilidade para crescer com o neg\u00f3cio. Integra ainda uma ranhura PCIe X16 para adicionar placas de rede, armazenamento ou adaptadores espec\u00edficos, proporcionando in\u00fameras possibilidades em projetos personalizados.Este modelo destaca-se pela efici\u00eancia energ\u00e9tica e baixo consumo, tornando-o ideal para infraestruturas que exigem efici\u00eancia operacional e optimiza\u00e7\u00e3o de custos sem sacrificar a fiabilidade. A HP oferece uma engenharia s\u00f3lida, excelente capacidade de gest\u00e3o remota e f\u00e1cil integra\u00e7\u00e3o em racks de qualquer tamanho.Desde servidores de aplica\u00e7\u00f5es empresariais, controladores de dom\u00ednio, at\u00e9 solu\u00e7\u00f5es de backup, o DL120 G6-Barebone adapta-se aos desafios de quem valoriza rapidez de entrega, garantia de marca e a possibilidade de criar configura\u00e7\u00f5es personalizadas.A melhor escolha para quem precisa de um servidor fi\u00e1vel, escal\u00e1vel e rent\u00e1vel, com o apoio da HP e possibilidades de expans\u00e3o desde o primeiro dia.Bom aspeto exterior. Se tiver alguma d\u00favida, ligue-nos ou utilize o nosso chat para obter mais informa\u00e7\u00f5es ou solicitar mais detalhes.<br \/><strong>Coment\u00e1rios<\/strong><br \/><u>1xPCIe X16<\/u><\/p>\n","protected":false},"excerpt":{"rendered":"<p>Intel Xeon Quad Core X3430 2.4 GHz. \u00b7 4 Gb. DDR2 RAM \u00b7 4 ba\u00edas (2 vazio ) \u00b7 SATA 3.5&#8221; \u00b7 4 ba\u00edas \u00b7<br \/>\n<u>1xPCIe X16<br \/>\n<\/u> [&#8230;]<\/p>\n<p><a class=\"btn btn-secondary understrap-read-more-link\" href=\"https:\/\/digalco.com\/pt-pt\/produto\/hp-proliant-dl120-g6-barebone-rack-recondicionado-xeon-quad-core-24ghz-4-gb-ram-hdd-pt-14008\/\">Continuar a ler&#8230;<span class=\"screen-reader-text\"> from HP Proliant DL120 G6-Barebone Rack | Recondicionado | Xeon Quad Core 2.4GHz | 4 GB RAM | HDD<\/span><\/a><\/p>\n","protected":false},"featured_media":283260,"template":"","meta":[],"product_brand":[3854],"product_cat":[3744,1631,1639],"product_tag":[],"class_list":{"0":"post-283261","1":"product","2":"type-product","3":"status-publish","4":"has-post-thumbnail","6":"product_brand-hp","7":"product_cat-barebone-pt","8":"product_cat-servidores-pt","9":"product_cat-servidores-rack-pt","11":"first","12":"instock","13":"taxable","14":"shipping-taxable","15":"purchasable","16":"product-type-simple"},"bundled_by":[],"bundle_stock_status":"instock","bundle_stock_quantity":1,"bundle_virtual":false,"bundle_layout":"","bundle_add_to_cart_form_location":"","bundle_editable_in_cart":false,"bundle_sold_individually_context":"","bundle_item_grouping":"","bundle_min_size":"","bundle_max_size":"","bundle_price":[],"bundled_items":[],"bundle_sell_ids":[],"exclude_global_add_ons":[],"addons":[],"df_price":108,"df_sale_price":"","df_regular_price":108,"df_image_link":"https:\/\/digalco.com\/wp-content\/uploads\/images\/product\/14008\/hp03105_01-300x225.jpg","_links":{"self":[{"href":"https:\/\/digalco.com\/pt-pt\/wp-json\/wp\/v2\/product\/283261","targetHints":{"allow":["GET"]}}],"collection":[{"href":"https:\/\/digalco.com\/pt-pt\/wp-json\/wp\/v2\/product"}],"about":[{"href":"https:\/\/digalco.com\/pt-pt\/wp-json\/wp\/v2\/types\/product"}],"wp:featuredmedia":[{"embeddable":true,"href":"https:\/\/digalco.com\/pt-pt\/wp-json\/wp\/v2\/media\/283260"}],"wp:attachment":[{"href":"https:\/\/digalco.com\/pt-pt\/wp-json\/wp\/v2\/media?parent=283261"}],"wp:term":[{"taxonomy":"product_brand","embeddable":true,"href":"https:\/\/digalco.com\/pt-pt\/wp-json\/wp\/v2\/product_brand?post=283261"},{"taxonomy":"product_cat","embeddable":true,"href":"https:\/\/digalco.com\/pt-pt\/wp-json\/wp\/v2\/product_cat?post=283261"},{"taxonomy":"product_tag","embeddable":true,"href":"https:\/\/digalco.com\/pt-pt\/wp-json\/wp\/v2\/product_tag?post=283261"}],"curies":[{"name":"wp","href":"https:\/\/api.w.org\/{rel}","templated":true}]}}