{"id":283956,"date":"2025-11-25T13:30:54","date_gmt":"2025-11-25T12:30:54","guid":{"rendered":"https:\/\/digalco.com\/tienda\/ibm-g74-17-crt-43-recondicionado-1280x1024-pt-14410\/"},"modified":"2025-11-25T13:30:59","modified_gmt":"2025-11-25T12:30:59","slug":"ibm-g74-17-crt-43-recondicionado-1280x1024-pt-14410","status":"publish","type":"product","link":"https:\/\/digalco.com\/pt-pt\/produto\/ibm-g74-17-crt-43-recondicionado-1280x1024-pt-14410\/","title":{"rendered":"IBM G74 17&#8221; CRT 4:3 | Recondicionado | 1280&#215;1024"},"content":{"rendered":"<p><strong>Tela<\/strong><br \/>CRT 17 &#8221; HD 4:3 \u00b7 Resolu\u00e7\u00e3o 1280&#215;1024<br \/>Dot pitch 0.27 mm<br \/><strong>Portas de v\u00eddeo<\/strong><br \/>VGA<br \/><strong>Espec\u00edfico tela<\/strong><br \/>Pedestal<br \/><strong>Outros<\/strong><br \/>hR embalagens<br \/><strong>Dimens\u00f5es<\/strong><br \/>45x45x42 cm.<br \/><strong>Peso<\/strong><br \/>19.00 Kg.<br \/><strong>Especifica\u00e7\u00f5es adicionais<\/strong><br \/>O IBM G74 \u00e9 um monitor CRT pensado para quem precisa de um ecr\u00e3 resistente, est\u00e1vel e com o desempenho comprovado que os equipamentos profissionais da IBM sempre ofereceram. Perfeito para ambientes industriais, sistemas legacy ou postos que necessitam de compatibilidade com hardware antigo, este modelo mant\u00e9m a robustez e a precis\u00e3o procuradas por muitos distribuidores especializados em solu\u00e7\u00f5es t\u00e9cnicas e de manuten\u00e7\u00e3o.Com 17 polegadas no formato 4:3 e resolu\u00e7\u00e3o de 1280&#215;1024, o IBM G74 oferece uma imagem n\u00edtida e definida gra\u00e7as ao seu dot pitch de 0,27 mm, proporcionando o n\u00edvel de detalhe ideal para aplica\u00e7\u00f5es cl\u00e1ssicas, software corporativo e sistemas de gest\u00e3o ainda baseados em tecnologias anteriores. A sua liga\u00e7\u00e3o VGA garante compatibilidade total com equipamentos legacy, servidores antigos ou esta\u00e7\u00f5es de trabalho que necessitam deste padr\u00e3o.O IBM G74 \u00e9 uma aposta segura para quem valoriza durabilidade, estabilidade e total compatibilidade com infraestruturas inform\u00e1ticas tradicionais. A sua fiabilidade torna-o um produto muito atrativo para distribuidores que procuram monitores CRT funcionais e com procura real em ambientes espec\u00edficos. Um monitor s\u00f3lido, preciso e pronto para continuar a trabalhar onde um painel moderno simplesmente n\u00e3o serve.Bom aspeto exterior. Consulta \u201c+ Fotos\u201d e \u201cV\u00eddeo\u201d e, se tiveres alguma d\u00favida, liga-nos ou usa o nosso chat para pedir mais informa\u00e7\u00f5es ou detalhes adicionais.<br \/><strong>Coment\u00e1rios<\/strong><br \/><u>Cabo de alimenta\u00e7\u00e3o e VGA inclu\u00eddo<\/u><\/p>\n","protected":false},"excerpt":{"rendered":"<p><strong>CRT 17 &#8221;<\/strong> HD 4:3 \u00b7 Resolu\u00e7\u00e3o 1280&#215;1024 \u00b7 Dot pitch 0.27 mm \u00b7 VGA \u00b7<br \/>\n<u>Cabo de alimenta\u00e7\u00e3o e VGA inclu\u00eddo<br \/>\n<\/u> [&#8230;]<\/p>\n<p><a class=\"btn btn-secondary understrap-read-more-link\" href=\"https:\/\/digalco.com\/pt-pt\/produto\/ibm-g74-17-crt-43-recondicionado-1280x1024-pt-14410\/\">Continuar a ler&#8230;<span class=\"screen-reader-text\"> from IBM G74 17&#8221; CRT 4:3 | Recondicionado | 1280&#215;1024<\/span><\/a><\/p>\n","protected":false},"featured_media":283930,"template":"","meta":[],"product_brand":[3876],"product_cat":[2369,1491,1503],"product_tag":[],"class_list":{"0":"post-283956","1":"product","2":"type-product","3":"status-publish","4":"has-post-thumbnail","6":"product_brand-ibm","7":"product_cat-monitores-17-pt","8":"product_cat-monitores-pt","9":"product_cat-monitores-outros-pt","11":"first","12":"instock","13":"taxable","14":"shipping-taxable","15":"purchasable","16":"product-type-simple"},"bundled_by":[],"bundle_stock_status":"instock","bundle_stock_quantity":1,"bundle_virtual":false,"bundle_layout":"","bundle_add_to_cart_form_location":"","bundle_editable_in_cart":false,"bundle_sold_individually_context":"","bundle_item_grouping":"","bundle_min_size":"","bundle_max_size":"","bundle_price":[],"bundled_items":[],"bundle_sell_ids":[],"exclude_global_add_ons":[],"addons":[],"df_price":233,"df_sale_price":"","df_regular_price":233,"df_image_link":"https:\/\/digalco.com\/wp-content\/uploads\/images\/product\/14410\/ibm00067_01-300x225.jpg","_links":{"self":[{"href":"https:\/\/digalco.com\/pt-pt\/wp-json\/wp\/v2\/product\/283956","targetHints":{"allow":["GET"]}}],"collection":[{"href":"https:\/\/digalco.com\/pt-pt\/wp-json\/wp\/v2\/product"}],"about":[{"href":"https:\/\/digalco.com\/pt-pt\/wp-json\/wp\/v2\/types\/product"}],"wp:featuredmedia":[{"embeddable":true,"href":"https:\/\/digalco.com\/pt-pt\/wp-json\/wp\/v2\/media\/283930"}],"wp:attachment":[{"href":"https:\/\/digalco.com\/pt-pt\/wp-json\/wp\/v2\/media?parent=283956"}],"wp:term":[{"taxonomy":"product_brand","embeddable":true,"href":"https:\/\/digalco.com\/pt-pt\/wp-json\/wp\/v2\/product_brand?post=283956"},{"taxonomy":"product_cat","embeddable":true,"href":"https:\/\/digalco.com\/pt-pt\/wp-json\/wp\/v2\/product_cat?post=283956"},{"taxonomy":"product_tag","embeddable":true,"href":"https:\/\/digalco.com\/pt-pt\/wp-json\/wp\/v2\/product_tag?post=283956"}],"curies":[{"name":"wp","href":"https:\/\/api.w.org\/{rel}","templated":true}]}}