{"id":283991,"date":"2025-11-25T13:44:34","date_gmt":"2025-11-25T12:44:34","guid":{"rendered":"https:\/\/digalco.com\/tienda\/philips-107e-17-crt-43-recondicionado-1280x1024-pt-14409\/"},"modified":"2025-11-25T13:44:38","modified_gmt":"2025-11-25T12:44:38","slug":"philips-107e-17-crt-43-recondicionado-1280x1024-pt-14409","status":"publish","type":"product","link":"https:\/\/digalco.com\/pt-pt\/produto\/philips-107e-17-crt-43-recondicionado-1280x1024-pt-14409\/","title":{"rendered":"Philips 107E 17&#8221; CRT 4:3 | Recondicionado | 1280&#215;1024"},"content":{"rendered":"<p><strong>Tela<\/strong><br \/>CRT 17 &#8221; HD 4:3 \u00b7 Resolu\u00e7\u00e3o 1280&#215;1024<br \/><strong>Portas de v\u00eddeo<\/strong><br \/>VGA<br \/><strong>Espec\u00edfico tela<\/strong><br \/>Pedestal<br \/><strong>Outros<\/strong><br \/>hR embalagens<br \/><strong>Dimens\u00f5es<\/strong><br \/>40x42x39 cm.<br \/><strong>Peso<\/strong><br \/>14.00 Kg.<br \/><strong>Especifica\u00e7\u00f5es adicionais<\/strong><br \/>O PHILIPS 107E \u00e9 um monitor CRT pensado para quem precisa de um ecr\u00e3 robusto, est\u00e1vel e confi\u00e1vel, ideal para ambientes industriais, educativos ou corporativos onde ainda se utilizam sistemas e aplica\u00e7\u00f5es legacy. A sua reputa\u00e7\u00e3o de durabilidade torna-o uma op\u00e7\u00e3o valorizada por profissionais de TI que procuram monitores que combinem fiabilidade com funcionalidade.Com 17 polegadas no formato 4:3 e resolu\u00e7\u00e3o de 1280&#215;1024, o PHILIPS 107E oferece imagens n\u00edtidas e uniformes, com desempenho \u00f3timo para software cl\u00e1ssico e esta\u00e7\u00f5es de trabalho antigas. A sua conectividade VGA garante compatibilidade com equipamentos legacy e sistemas que exigem este padr\u00e3o, assegurando que cada detalhe seja exibido com precis\u00e3o.O PHILIPS 107E combina a solidez da tecnologia CRT com a confian\u00e7a de uma marca reconhecida, oferecendo um monitor pr\u00e1tico e dur\u00e1vel para tarefas profissionais e ambientes onde a estabilidade \u00e9 essencial. Um equipamento fi\u00e1vel, com imagem clara e pronto para continuar a funcionar onde outros monitores modernos n\u00e3o se adequam.Bom aspeto exterior. Consulta \u201c+ Fotos\u201d e \u201cV\u00eddeo\u201d e, se tiveres alguma d\u00favida, liga-nos ou usa o nosso chat para pedir mais informa\u00e7\u00f5es ou detalhes adicionais.<br \/><strong>Coment\u00e1rios<\/strong><br \/><u>Cabo de alimenta\u00e7\u00e3o e VGA inclu\u00eddo<\/u><\/p>\n","protected":false},"excerpt":{"rendered":"<p><strong>CRT 17 &#8221; <\/strong>HD 4:3 \u00b7 Resolu\u00e7\u00e3o 1280&#215;1024 \u00b7 VGA \u00b7<br \/>\n<u>Cabo de alimenta\u00e7\u00e3o e VGA inclu\u00eddo<br \/>\n<\/u> [&#8230;]<\/p>\n<p><a class=\"btn btn-secondary understrap-read-more-link\" href=\"https:\/\/digalco.com\/pt-pt\/produto\/philips-107e-17-crt-43-recondicionado-1280x1024-pt-14409\/\">Continuar a ler&#8230;<span class=\"screen-reader-text\"> from Philips 107E 17&#8221; CRT 4:3 | Recondicionado | 1280&#215;1024<\/span><\/a><\/p>\n","protected":false},"featured_media":283965,"template":"","meta":[],"product_brand":[3866],"product_cat":[2369,1491,1503],"product_tag":[],"class_list":{"0":"post-283991","1":"product","2":"type-product","3":"status-publish","4":"has-post-thumbnail","6":"product_brand-philips","7":"product_cat-monitores-17-pt","8":"product_cat-monitores-pt","9":"product_cat-monitores-outros-pt","11":"first","12":"instock","13":"taxable","14":"shipping-taxable","15":"purchasable","16":"product-type-simple"},"bundled_by":[],"bundle_stock_status":"instock","bundle_stock_quantity":1,"bundle_virtual":false,"bundle_layout":"","bundle_add_to_cart_form_location":"","bundle_editable_in_cart":false,"bundle_sold_individually_context":"","bundle_item_grouping":"","bundle_min_size":"","bundle_max_size":"","bundle_price":[],"bundled_items":[],"bundle_sell_ids":[],"exclude_global_add_ons":[],"addons":[],"df_price":233,"df_sale_price":"","df_regular_price":233,"df_image_link":"https:\/\/digalco.com\/wp-content\/uploads\/images\/product\/14409\/phil00054_01-300x225.jpg","_links":{"self":[{"href":"https:\/\/digalco.com\/pt-pt\/wp-json\/wp\/v2\/product\/283991","targetHints":{"allow":["GET"]}}],"collection":[{"href":"https:\/\/digalco.com\/pt-pt\/wp-json\/wp\/v2\/product"}],"about":[{"href":"https:\/\/digalco.com\/pt-pt\/wp-json\/wp\/v2\/types\/product"}],"wp:featuredmedia":[{"embeddable":true,"href":"https:\/\/digalco.com\/pt-pt\/wp-json\/wp\/v2\/media\/283965"}],"wp:attachment":[{"href":"https:\/\/digalco.com\/pt-pt\/wp-json\/wp\/v2\/media?parent=283991"}],"wp:term":[{"taxonomy":"product_brand","embeddable":true,"href":"https:\/\/digalco.com\/pt-pt\/wp-json\/wp\/v2\/product_brand?post=283991"},{"taxonomy":"product_cat","embeddable":true,"href":"https:\/\/digalco.com\/pt-pt\/wp-json\/wp\/v2\/product_cat?post=283991"},{"taxonomy":"product_tag","embeddable":true,"href":"https:\/\/digalco.com\/pt-pt\/wp-json\/wp\/v2\/product_tag?post=283991"}],"curies":[{"name":"wp","href":"https:\/\/api.w.org\/{rel}","templated":true}]}}