{"id":284192,"date":"2025-11-26T12:03:58","date_gmt":"2025-11-26T11:03:58","guid":{"rendered":"https:\/\/digalco.com\/tienda\/grande-quantidade-elo-1919l-pack-6-recondicionado-pt-14447\/"},"modified":"2025-11-26T12:04:02","modified_gmt":"2025-11-26T11:04:02","slug":"grande-quantidade-elo-1919l-pack-6-recondicionado-pt-14447","status":"publish","type":"product","link":"https:\/\/digalco.com\/pt-pt\/produto\/grande-quantidade-elo-1919l-pack-6-recondicionado-pt-14447\/","title":{"rendered":"Grande quantidade ELO 1919L Pack 6 | Recondicionado"},"content":{"rendered":"<p><strong>Tela<\/strong><br \/>T\u00e1til 18.5 &#8221; HD com Alto-falantes \u00b7 16:9 \u00b7 Resolu\u00e7\u00e3o 1366&#215;768<br \/>Resposta 5 ms<br \/>Contraste 1000:1<br \/>Brilho 250 cd\/m2<br \/>\u00c2ngulo vis\u00e3o 85\u00b0v\/170\u00b0h<br \/><strong>Portas de v\u00eddeo<\/strong><br \/>VGA<br \/><strong>Espec\u00edfico tela<\/strong><br \/>Apoio VESA<br \/>Pedestal<br \/><strong>Outros<\/strong><br \/>hR embalagens<br \/><strong>Dimens\u00f5es<\/strong><br \/>45x20x4 cm.<br \/><strong>Peso<\/strong><br \/>7.00 Kg.<br \/><strong>Especifica\u00e7\u00f5es adicionais<\/strong><br \/>O monitor t\u00e1ctil POS ELO 1919L de 18,5 polegadas \u00e9 um ecr\u00e3 profissional concebido para ambientes comerciais que exigem precis\u00e3o, conforto e durabilidade. O seu formato widescreen 16:9 com resolu\u00e7\u00e3o HD 1366&#215;768 oferece um ecr\u00e3 n\u00edtido e amplo, ideal para pontos de venda, ambientes de hotelaria ou self-service. Possui tecnologia touch de alta sensibilidade integrada com altifalantes que facilita a intera\u00e7\u00e3o com aplica\u00e7\u00f5es de gest\u00e3o de vendas ou de atendimento ao cliente. O seu n\u00edvel de brilho de 250 cd\/m2 e contraste de 1000 para 1 garante uma boa visibilidade mesmo em espa\u00e7os muito iluminados. O seu amplo \u00e2ngulo de vis\u00e3o de 85 graus na vertical e 170 graus na horizontal permite uma leitura clara das diferentes posi\u00e7\u00f5es. O ELO 1919L inclui uma entrada VGA e \u00e9 entregue com um cabo de alimenta\u00e7\u00e3o e VGA pronto a instalar, sendo uma solu\u00e7\u00e3o fi\u00e1vel e vers\u00e1til para qualquer sistema de ponto de venda que necessite de um ecr\u00e3 t\u00e1ctil profissional e resistente.Boa apar\u00eancia exterior. Pode apresentar ligeiros sinais de uso na caixa. Caso tenha alguma d\u00favida, ligue-nos ou utilize o nosso chat para obter mais informa\u00e7\u00f5es ou solicitar mais detalhes.<br \/><strong>Coment\u00e1rios<\/strong><br \/><u>1&#215;3,5mm TRS Jack \/ 2&#215;3,5mm TRS Jack \/ 1xRS232 &#8211; Cabo de alimenta\u00e7\u00e3o e VGA inclu\u00eddos<\/u><\/p>\n","protected":false},"excerpt":{"rendered":"<p><strong>Embalagem com 6 unidades:T\u00e1til 18.5 &#8221;<\/strong> HD com Alto-falantes \u00b7 16:9 \u00b7 Resolu\u00e7\u00e3o 1366&#215;768 \u00b7 Contraste 1000:1 \u00b7 Brilho 250 cd\/m2 \u00b7 \u00c2ngulo vis\u00e3o 85\u00b0v\/170\u00b0h \u00b7 VGA \u00b7<br \/>\n<u>1&#215;3,5mm TRS Jack \/ 2&#215;3,5mm TRS Jack \/ 1xRS232<\/u> \u00b7 <u>Cabo de alimenta\u00e7\u00e3o e VGA inclu\u00eddos<br \/>\n<\/u> [&#8230;]<\/p>\n<p><a class=\"btn btn-secondary understrap-read-more-link\" href=\"https:\/\/digalco.com\/pt-pt\/produto\/grande-quantidade-elo-1919l-pack-6-recondicionado-pt-14447\/\">Continuar a ler&#8230;<span class=\"screen-reader-text\"> from Grande quantidade ELO 1919L Pack 6 | Recondicionado<\/span><\/a><\/p>\n","protected":false},"featured_media":284176,"template":"","meta":[],"product_brand":[3874],"product_cat":[1495,1819,1491,1615,1827,1595],"product_tag":[],"class_list":{"0":"post-284192","1":"product","2":"type-product","3":"status-publish","4":"has-post-thumbnail","6":"product_brand-elo","7":"product_cat-monitores-de-toque-pt","8":"product_cat-lotes-pt","9":"product_cat-monitores-pt","10":"product_cat-pos-monitores-pt","11":"product_cat-lotes-monitores-pt","12":"product_cat-pos-pt","14":"first","15":"instock","16":"taxable","17":"shipping-taxable","18":"purchasable","19":"product-type-simple"},"bundled_by":[],"bundle_stock_status":"instock","bundle_stock_quantity":18,"bundle_virtual":false,"bundle_layout":"","bundle_add_to_cart_form_location":"","bundle_editable_in_cart":false,"bundle_sold_individually_context":"","bundle_item_grouping":"","bundle_min_size":"","bundle_max_size":"","bundle_price":[],"bundled_items":[],"bundle_sell_ids":[],"exclude_global_add_ons":[],"addons":[],"df_price":756,"df_sale_price":"","df_regular_price":756,"df_image_link":"https:\/\/digalco.com\/wp-content\/uploads\/images\/product\/14447\/elo00017_01-300x225.jpg","_links":{"self":[{"href":"https:\/\/digalco.com\/pt-pt\/wp-json\/wp\/v2\/product\/284192","targetHints":{"allow":["GET"]}}],"collection":[{"href":"https:\/\/digalco.com\/pt-pt\/wp-json\/wp\/v2\/product"}],"about":[{"href":"https:\/\/digalco.com\/pt-pt\/wp-json\/wp\/v2\/types\/product"}],"wp:featuredmedia":[{"embeddable":true,"href":"https:\/\/digalco.com\/pt-pt\/wp-json\/wp\/v2\/media\/284176"}],"wp:attachment":[{"href":"https:\/\/digalco.com\/pt-pt\/wp-json\/wp\/v2\/media?parent=284192"}],"wp:term":[{"taxonomy":"product_brand","embeddable":true,"href":"https:\/\/digalco.com\/pt-pt\/wp-json\/wp\/v2\/product_brand?post=284192"},{"taxonomy":"product_cat","embeddable":true,"href":"https:\/\/digalco.com\/pt-pt\/wp-json\/wp\/v2\/product_cat?post=284192"},{"taxonomy":"product_tag","embeddable":true,"href":"https:\/\/digalco.com\/pt-pt\/wp-json\/wp\/v2\/product_tag?post=284192"}],"curies":[{"name":"wp","href":"https:\/\/api.w.org\/{rel}","templated":true}]}}