{"id":284688,"date":"2025-11-27T13:38:20","date_gmt":"2025-11-27T12:38:20","guid":{"rendered":"https:\/\/digalco.com\/tienda\/ncr-realpos-xr7-15-aio-recondicionado-core-i3-24ghz-8-gb-ram-120-gb-ssd-pt-14259\/"},"modified":"2026-04-27T13:23:27","modified_gmt":"2026-04-27T11:23:27","slug":"ncr-realpos-xr7-15-aio-recondicionado-core-i3-24ghz-8-gb-ram-120-gb-ssd-pt-14259","status":"publish","type":"product","link":"https:\/\/digalco.com\/pt-pt\/produto\/ncr-realpos-xr7-15-aio-recondicionado-core-i3-24ghz-8-gb-ram-120-gb-ssd-pt-14259\/","title":{"rendered":"NCR RealPOS XR7 15&#8243; AIO | Recondicionado | Core i3 2.4GHz | 8 GB RAM | 120 GB SSD"},"content":{"rendered":"<p><strong>Processador<\/strong><br \/>Intel Core i3 4330TE 2.4 GHz.<br \/><strong>Fator de forma<\/strong><br \/>AIO<br \/><strong>Mem\u00f3ria RAM<\/strong><br \/>8 Gb. SO-DDR3 RAM<br \/><strong>Disco r\u00edgido<\/strong><br \/>120 Gb. SSD<br \/><strong>Cart\u00f5es<\/strong><br \/>Placa gr\u00e1fica: Intel HD 4600<br \/>Som: Realtek High Definition Audio<br \/>Network: Intel I219-LM<br \/><strong>Sistema operativo<\/strong><br \/>&#8211; Sem sistema operativo &#8211;<br \/><strong>Portos<\/strong><br \/>2x USB 3.0<br \/><strong>Tela<\/strong><br \/>T\u00e1til 15 &#8221; HD 4:3  \u00b7 Resolu\u00e7\u00e3o 1024&#215;768<br \/><strong>Portas de v\u00eddeo<\/strong><br \/>HDMI<br \/>Display Port<br \/><strong>Espec\u00edfico tela<\/strong><br \/>Fonte alimenta\u00e7\u00e3o externa<br \/><strong>Conectividade<\/strong><br \/>RJ-45<br \/><strong>Outros<\/strong><br \/>hR embalagens<br \/><strong>Dimens\u00f5es<\/strong><br \/>42x40x40 cm.<br \/><strong>Peso<\/strong><br \/>7.00 Kg.<br \/><strong>Especifica\u00e7\u00f5es adicionais<\/strong><br \/>O TPV t\u00e1ctil NCR RealPOS XR7 de 15 polegadas para com\u00e9rcio \u00e9 uma solu\u00e7\u00e3o avan\u00e7ada que combina pot\u00eancia, fiabilidade e facilidade de uso num \u00fanico equipamento, concebido para otimizar a gest\u00e3o em lojas, supermercados e neg\u00f3cios de retalho. Inclui um processador Intel Core i3 4330TE a 2,4 GHz, acompanhado de 8 GB de mem\u00f3ria SO-DDR3, oferecendo desempenho r\u00e1pido e est\u00e1vel. O seu SSD de 120 GB proporciona tempos de carregamento \u00e1geis e opera\u00e7\u00f5es fluidas. O ecr\u00e3 t\u00e1ctil de 15 polegadas em formato 4:3 e resolu\u00e7\u00e3o 1024&#215;768 permite um manuseio intuitivo e confort\u00e1vel, mesmo em jornadas de trabalho intensas.<br \/>O TPV NCR RealPOS XR7 oferece ampla conectividade com 3 x USB 2.0 (12V), 1 x USB 2.0 (24V), 2 x USB 3.0 e 1 porta para gaveta de dinheiro, garantindo compatibilidade com impressoras, leitores de c\u00f3digos de barras e outros dispositivos essenciais. O seu design robusto e elegante torna-o a op\u00e7\u00e3o perfeita para neg\u00f3cios que procuram um TPV t\u00e1ctil fi\u00e1vel, moderno e preparado para uso di\u00e1rio intensivo.<br \/>Bom aspeto exterior. Veja em \u201c+ Fotos\u201d e \u201cV\u00eddeo\u201d e se tiver alguma d\u00favida, ligue-nos ou use o nosso chat para obter mais informa\u00e7\u00f5es ou solicitar mais detalhes.<br \/><strong>Coment\u00e1rios<\/strong><br \/><u>3xUSB 2.0 12V \/ 1xUSB 2.0 24V \/ 2xUSB 3.0 \u2013 1xporta gaveta de dinheiro<\/u><\/p>\n","protected":false},"excerpt":{"rendered":"<p>Intel Core i3 4330TE 2.4 GHz. \u00b7 8 Gb. SO-DDR3 RAM \u00b7 120 Gb. SSD \u00b7 &#8211; <u>Sem sistema operativo<\/u> &#8211; \u00b7 <strong>T\u00e1til 15 &#8221; HD<\/strong> 4:3 \u00b7<br \/>\n<strong>3xUSB 2.0 12V \/ 1xUSB 2.0 24V \/ 2xUSB 3.0 \u2013 1xporta gaveta de dinheiro<\/strong> [&#8230;]<\/p>\n<p><a class=\"btn btn-secondary understrap-read-more-link\" href=\"https:\/\/digalco.com\/pt-pt\/produto\/ncr-realpos-xr7-15-aio-recondicionado-core-i3-24ghz-8-gb-ram-120-gb-ssd-pt-14259\/\">Continuar a ler&#8230;<span class=\"screen-reader-text\"> from NCR RealPOS XR7 15&#8243; AIO | Recondicionado | Core i3 2.4GHz | 8 GB RAM | 120 GB SSD<\/span><\/a><\/p>\n","protected":false},"featured_media":284642,"template":"","meta":[],"product_brand":[3867],"product_cat":[1599,1595],"product_tag":[],"class_list":{"0":"post-284688","1":"product","2":"type-product","3":"status-publish","4":"has-post-thumbnail","6":"product_brand-ncr","7":"product_cat-pos-all-in-one-pt","8":"product_cat-pos-pt","10":"first","11":"instock","12":"taxable","13":"shipping-taxable","14":"purchasable","15":"product-type-simple"},"bundled_by":[],"bundle_stock_status":"instock","bundle_stock_quantity":30,"bundle_virtual":false,"bundle_layout":"","bundle_add_to_cart_form_location":"","bundle_editable_in_cart":false,"bundle_sold_individually_context":"","bundle_item_grouping":"","bundle_min_size":"","bundle_max_size":"","bundle_price":[],"bundled_items":[],"bundle_sell_ids":[],"exclude_global_add_ons":true,"addons":{"ram-memory-upgrades":{"name":"Extens\u00e3o RAM","type":"multiple_choice","position":0,"required":false,"title_format":"heading","default":"","description_enable":false,"description":"","placeholder_enable":false,"placeholder":"","display":"radiobutton","restrictions_type":"any_text","adjust_price":false,"price":"","price_type":"quantity_based","restrictions":false,"min":"0","max":"0","options":[{"label":"Extens\u00e3o SODIM RAM 16 Gb DDR3 [AMP00004]","price":"50.0000","price_type":"quantity_based","image":0,"visibility":true}]},"hdd-upgrades":{"name":"Extens\u00e3o disco r\u00edgido","type":"multiple_choice","position":0,"required":false,"title_format":"heading","default":"","description_enable":false,"description":"","placeholder_enable":false,"placeholder":"","display":"radiobutton","restrictions_type":"any_text","adjust_price":false,"price":"","price_type":"quantity_based","restrictions":false,"min":"0","max":"0","options":[{"label":"Cambio a Disco SSD 240 Gb. [AMP00013]","price":"35.0000","price_type":"quantity_based","image":0,"visibility":true},{"label":"Cambio a Disco SSD 480 Gb. [AMP00014]","price":"59.0000","price_type":"quantity_based","image":0,"visibility":true},{"label":"Cambio a Disco SSD 1 Tb. [AMP00071]","price":"95.0000","price_type":"quantity_based","image":0,"visibility":true}]},"network-card-upgrades":{"name":"Extens\u00e3o WIFI","type":"multiple_choice","position":0,"required":false,"title_format":"heading","default":"","description_enable":false,"description":"","placeholder_enable":false,"placeholder":"","display":"radiobutton","restrictions_type":"any_text","adjust_price":false,"price":"","price_type":"quantity_based","restrictions":false,"min":"0","max":"0","options":[{"label":"Ampliaci\u00f3n a Wireless nano USB [AMP00018]","price":"12.0000","price_type":"quantity_based","image":0,"visibility":true}]},"keyboard-upgrades":{"name":"Extens\u00e3o teclado","type":"multiple_choice","position":0,"required":false,"title_format":"heading","default":"","description_enable":false,"description":"","placeholder_enable":false,"placeholder":"","display":"radiobutton","restrictions_type":"any_text","adjust_price":false,"price":"","price_type":"quantity_based","restrictions":false,"min":"0","max":"0","options":[{"label":"Teclado e Mouse [AMP00020]","price":"8.0000","price_type":"quantity_based","image":0,"visibility":true},{"label":"Teclado e Mouse Portugu\u00e9s Nuevo [AMP00088]","price":"15.0000","price_type":"quantity_based","image":0,"visibility":true},{"label":"Teclado e mouse USB em espanhol (Novo) [AMP00068]","price":"12.0000","price_type":"quantity_based","image":0,"visibility":true}]}},"df_price":199,"df_sale_price":"","df_regular_price":199,"df_image_link":"https:\/\/digalco.com\/wp-content\/uploads\/images\/product\/14259\/ncr00022_01-300x225.jpg","_links":{"self":[{"href":"https:\/\/digalco.com\/pt-pt\/wp-json\/wp\/v2\/product\/284688","targetHints":{"allow":["GET"]}}],"collection":[{"href":"https:\/\/digalco.com\/pt-pt\/wp-json\/wp\/v2\/product"}],"about":[{"href":"https:\/\/digalco.com\/pt-pt\/wp-json\/wp\/v2\/types\/product"}],"wp:featuredmedia":[{"embeddable":true,"href":"https:\/\/digalco.com\/pt-pt\/wp-json\/wp\/v2\/media\/284642"}],"wp:attachment":[{"href":"https:\/\/digalco.com\/pt-pt\/wp-json\/wp\/v2\/media?parent=284688"}],"wp:term":[{"taxonomy":"product_brand","embeddable":true,"href":"https:\/\/digalco.com\/pt-pt\/wp-json\/wp\/v2\/product_brand?post=284688"},{"taxonomy":"product_cat","embeddable":true,"href":"https:\/\/digalco.com\/pt-pt\/wp-json\/wp\/v2\/product_cat?post=284688"},{"taxonomy":"product_tag","embeddable":true,"href":"https:\/\/digalco.com\/pt-pt\/wp-json\/wp\/v2\/product_tag?post=284688"}],"curies":[{"name":"wp","href":"https:\/\/api.w.org\/{rel}","templated":true}]}}