{"id":285725,"date":"2025-12-02T13:01:34","date_gmt":"2025-12-02T12:01:34","guid":{"rendered":"https:\/\/digalco.com\/tienda\/lenovo-x13-yoga-gen-1-133-recondicionado-core-i5-16ghz-8-gb-ram-256-gb-ssd-m2-1920x1080-pt-14340\/"},"modified":"2026-04-09T18:50:14","modified_gmt":"2026-04-09T16:50:14","slug":"lenovo-x13-yoga-gen-1-133-recondicionado-core-i5-16ghz-8-gb-ram-256-gb-ssd-m2-1920x1080-pt-14340","status":"publish","type":"product","link":"https:\/\/digalco.com\/pt-pt\/produto\/lenovo-x13-yoga-gen-1-133-recondicionado-core-i5-16ghz-8-gb-ram-256-gb-ssd-m2-1920x1080-pt-14340\/","title":{"rendered":"Lenovo X13 Yoga Gen 1 13.3&#8221; | Recondicionado | Core i5 1.6GHz | 8 GB RAM | 256 GB SSD M2 1920&#215;1080"},"content":{"rendered":"<p><strong>Processador<\/strong><br \/>Intel Core i5 10210U 1.6 GHz.<br \/><strong>Mem\u00f3ria RAM<\/strong><br \/>8 Gb. SO-DDR4 RAM<br \/><strong>Disco r\u00edgido<\/strong><br \/>256 Gb. SSD M2<br \/><strong>Cart\u00f5es<\/strong><br \/>Placa gr\u00e1fica: Intel UHD Graphics<br \/>Som: Realtek Audio<br \/>Network: Intel Ethernet Connection I219-LM ( necesita adaptador RJ45)<br \/><strong>Sistema operativo<\/strong><br \/>Windows 11 Pro<br \/><strong>Portos<\/strong><br \/>2x USB 3.0<br \/>USB-C<br \/><strong>Tela<\/strong><br \/>T\u00e1til 13.3 &#8221; FullHD 16:9  \u00b7 Resolu\u00e7\u00e3o 1920&#215;1080<br \/><strong>Portas de v\u00eddeo<\/strong><br \/>HDMI<br \/><strong>Multim\u00eddia<\/strong><br \/>Webcam<br \/>Leitor impress\u00f5es digitais<br \/><strong>Conectividade<\/strong><br \/>RJ-45<br \/>WIFI<br \/>Bluetooth<br \/><strong>Espec\u00edfico laptop<\/strong><br \/>Layout do teclado Internacional (adesivos espanhol)<br \/><strong>Outros<\/strong><br \/>hR embalagens<br \/><strong>Dimens\u00f5es<\/strong><br \/>31x21x2 cm.<br \/><strong>Peso<\/strong><br \/>1.25 Kg.<br \/><strong>Especifica\u00e7\u00f5es adicionais<\/strong><br \/>O Lenovo X13 Yoga Gen 1 \u00e9 um port\u00e1til convers\u00edvel projetado para profissionais que procuram versatilidade, mobilidade e desempenho num \u00fanico equipamento. Equipado com Intel Core i5 de 10.\u00aa gera\u00e7\u00e3o, 8 GB de RAM DDR4 e SSD M.2 de 256 GB, garante opera\u00e7\u00e3o suave e est\u00e1vel para multitarefa, aplica\u00e7\u00f5es de escrit\u00f3rio e projetos di\u00e1rios. O seu ecr\u00e3 t\u00e1til de 13,3\u201d FullHD (1920&#215;1080) permite trabalhar em modo port\u00e1til tradicional ou convert\u00ea-lo em tablet para tomar notas, fazer apresenta\u00e7\u00f5es ou interagir de forma mais intuitiva.<br \/>A seguran\u00e7a \u00e9 refor\u00e7ada com TPM 2.0 e leitor de impress\u00f5es digitais, protegendo os seus dados de forma eficiente. Inclui tamb\u00e9m webcam integrada para videoconfer\u00eancias claras e confort\u00e1veis, ideal para reuni\u00f5es remotas ou chamadas profissionais. O seu design compacto e robusto combina portabilidade e durabilidade, tornando o X13 Yoga um companheiro de trabalho fi\u00e1vel em qualquer ambiente.<br \/>Um port\u00e1til convers\u00edvel que une estilo, funcionalidade e produtividade, oferecendo uma experi\u00eancia moderna e segura para profissionais que precisam de se adaptar a qualquer situa\u00e7\u00e3o com facilidade.<br \/>Bom aspeto exterior. Pode apresentar ligeiras marcas de uso na carca\u00e7a. Veja &#8220;+ Fotos&#8221; e &#8220;V\u00eddeo&#8221; e se tiver alguma d\u00favida contacte-nos ou utilize o nosso chat para mais informa\u00e7\u00f5es ou para pedir mais detalhes.<\/p>\n","protected":false},"excerpt":{"rendered":"<p>Intel Core i5 10210U 1.6 GHz. \u00b7 8 Gb. SO-DDR4 RAM \u00b7 256 Gb. SSD M2 \u00b7 <strong>Windows 11 Pro \u00b7 T\u00e1til 13.3 &#8221; FullHD<\/strong> 16:9 \u00b7 Webcam \u00b7<u>Teclado internacional com stickers em Portugu\u00eas<\/u> [&#8230;]<\/p>\n<p><a class=\"btn btn-secondary understrap-read-more-link\" href=\"https:\/\/digalco.com\/pt-pt\/produto\/lenovo-x13-yoga-gen-1-133-recondicionado-core-i5-16ghz-8-gb-ram-256-gb-ssd-m2-1920x1080-pt-14340\/\">Continuar a ler&#8230;<span class=\"screen-reader-text\"> from Lenovo X13 Yoga Gen 1 13.3&#8221; | Recondicionado | Core i5 1.6GHz | 8 GB RAM | 256 GB SSD M2 1920&#215;1080<\/span><\/a><\/p>\n","protected":false},"featured_media":285699,"template":"","meta":[],"product_brand":[3856],"product_cat":[3754,1531,1515,1579,3093],"product_tag":[],"class_list":{"0":"post-285725","1":"product","2":"type-product","3":"status-publish","4":"has-post-thumbnail","6":"product_brand-lenovo","7":"product_cat-laptops-13-pt","8":"product_cat-laptops-de-toque-pt","9":"product_cat-laptops-pt","10":"product_cat-tablets-pt","11":"product_cat-tablets-tablets-pt","13":"first","14":"instock","15":"taxable","16":"shipping-taxable","17":"purchasable","18":"product-type-simple"},"bundled_by":[],"bundle_stock_status":"instock","bundle_stock_quantity":9,"bundle_virtual":false,"bundle_layout":"","bundle_add_to_cart_form_location":"","bundle_editable_in_cart":false,"bundle_sold_individually_context":"","bundle_item_grouping":"","bundle_min_size":"","bundle_max_size":"","bundle_price":[],"bundled_items":[],"bundle_sell_ids":[],"exclude_global_add_ons":true,"addons":{"keyboard-iso-upgrades":{"name":"Selecione idioma teclado","type":"multiple_choice","position":0,"required":false,"title_format":"heading","default":"","description_enable":false,"description":"","placeholder_enable":false,"placeholder":"","display":"radiobutton","restrictions_type":"any_text","adjust_price":false,"price":"","price_type":"quantity_based","restrictions":false,"min":"0","max":"0","options":[{"label":"Pegatinas Espanhol [AMP00082]","price":"0.0000","price_type":"quantity_based","image":0,"visibility":true},{"label":"Pegatinas Franc\u00e9s [AMP00084]","price":"0.0000","price_type":"quantity_based","image":0,"visibility":true},{"label":"Pegatinas Portugues [AMP00083]","price":"0.0000","price_type":"quantity_based","image":0,"visibility":true}]},"hdd-upgrades":{"name":"Extens\u00e3o disco r\u00edgido","type":"multiple_choice","position":0,"required":false,"title_format":"heading","default":"","description_enable":false,"description":"","placeholder_enable":false,"placeholder":"","display":"radiobutton","restrictions_type":"any_text","adjust_price":false,"price":"","price_type":"quantity_based","restrictions":false,"min":"0","max":"0","options":[{"label":"Cambio a Disco SSD 500 Gb. M.2 2280 PCIe [AMP00106]","price":110,"price_type":"quantity_based","image":0,"visibility":true},{"label":"Cambio a Disco SSD 1 Tb. M.2 2280 PCIe [AMP00107]","price":165,"price_type":"quantity_based","image":0,"visibility":true},{"label":"Cambio a Disco SSD 2 Tb. M.2 2280 PCIe [AMP00171]","price":260,"price_type":"quantity_based","image":0,"visibility":true}]},"os-upgrades":{"name":"Extens\u00e3o OS","type":"multiple_choice","position":0,"required":false,"title_format":"heading","default":"","description_enable":false,"description":"","placeholder_enable":false,"placeholder":"","display":"radiobutton","restrictions_type":"any_text","adjust_price":false,"price":"","price_type":"quantity_based","restrictions":false,"min":"0","max":"0","options":[{"label":"Alterar idioma para franc\u00eas [AMP00125]","price":"0.0000","price_type":"quantity_based","image":0,"visibility":true},{"label":"Alterar idioma para ingl\u00eas [AMP00008]","price":"0.0000","price_type":"quantity_based","image":0,"visibility":true},{"label":"Alterar idioma para o portugu\u00eas [AMP00009]","price":"0.0000","price_type":"quantity_based","image":0,"visibility":true}]},"briefcase-upgrades":{"name":"Maleta","type":"multiple_choice","position":0,"required":false,"title_format":"heading","default":"","description_enable":false,"description":"","placeholder_enable":false,"placeholder":"","display":"radiobutton","restrictions_type":"any_text","adjust_price":false,"price":"","price_type":"quantity_based","restrictions":false,"min":"0","max":"0","options":[{"label":"Maleta Port\u00e1til [AMP00041]","price":"5.0000","price_type":"quantity_based","image":0,"visibility":true}]}},"df_price":269,"df_sale_price":"","df_regular_price":269,"df_image_link":"https:\/\/digalco.com\/wp-content\/uploads\/images\/product\/14340\/leno01102_01-300x225.jpg","_links":{"self":[{"href":"https:\/\/digalco.com\/pt-pt\/wp-json\/wp\/v2\/product\/285725","targetHints":{"allow":["GET"]}}],"collection":[{"href":"https:\/\/digalco.com\/pt-pt\/wp-json\/wp\/v2\/product"}],"about":[{"href":"https:\/\/digalco.com\/pt-pt\/wp-json\/wp\/v2\/types\/product"}],"wp:featuredmedia":[{"embeddable":true,"href":"https:\/\/digalco.com\/pt-pt\/wp-json\/wp\/v2\/media\/285699"}],"wp:attachment":[{"href":"https:\/\/digalco.com\/pt-pt\/wp-json\/wp\/v2\/media?parent=285725"}],"wp:term":[{"taxonomy":"product_brand","embeddable":true,"href":"https:\/\/digalco.com\/pt-pt\/wp-json\/wp\/v2\/product_brand?post=285725"},{"taxonomy":"product_cat","embeddable":true,"href":"https:\/\/digalco.com\/pt-pt\/wp-json\/wp\/v2\/product_cat?post=285725"},{"taxonomy":"product_tag","embeddable":true,"href":"https:\/\/digalco.com\/pt-pt\/wp-json\/wp\/v2\/product_tag?post=285725"}],"curies":[{"name":"wp","href":"https:\/\/api.w.org\/{rel}","templated":true}]}}