{"id":285867,"date":"2025-12-02T15:28:21","date_gmt":"2025-12-02T14:28:21","guid":{"rendered":"https:\/\/digalco.com\/tienda\/ncr-realpos-xr7-15-aio-recondicionado-core-i3-24ghz-8-gb-ram-120-gb-ssd-pt-14500\/"},"modified":"2026-05-13T15:28:18","modified_gmt":"2026-05-13T13:28:18","slug":"ncr-realpos-xr7-15-aio-recondicionado-core-i3-24ghz-8-gb-ram-120-gb-ssd-pt-14500","status":"publish","type":"product","link":"https:\/\/digalco.com\/pt-pt\/produto\/ncr-realpos-xr7-15-aio-recondicionado-core-i3-24ghz-8-gb-ram-120-gb-ssd-pt-14500\/","title":{"rendered":"Grande quantidade NCR RealPOS XR7 15&#8243; Pack 6 | Recondicionado"},"content":{"rendered":"<p><strong>Processador<\/strong><br \/>Intel Core i3 4330TE 2.4 GHz.<br \/><strong>Fator de forma<\/strong><br \/>AIO<br \/><strong>Mem\u00f3ria RAM<\/strong><br \/>8 Gb. SO-DDR3 RAM<br \/><strong>Disco r\u00edgido<\/strong><br \/>120 Gb. SSD<br \/><strong>Cart\u00f5es<\/strong><br \/>Placa gr\u00e1fica: Intel HD 4600<br \/>Som: Realtek High Definition Audio<br \/>Network: Intel I219-LM<br \/><strong>Sistema operativo<\/strong><br \/>&#8211; Sem sistema operativo &#8211;<br \/><strong>Portos<\/strong><br \/>2x USB 3.0<br \/><strong>Tela<\/strong><br \/>T\u00e1til 15 &#8221; HD 4:3 \u00b7 Resolu\u00e7\u00e3o 1024&#215;768<br \/><strong>Portas de v\u00eddeo<\/strong><br \/>HDMI<br \/>Display Port<br \/><strong>Espec\u00edfico tela<\/strong><br \/>Fonte alimenta\u00e7\u00e3o externa<br \/><strong>Conectividade<\/strong><br \/>RJ-45<br \/><strong>Outros<\/strong><br \/>hR embalagens<br \/><strong>Dimens\u00f5es<\/strong><br \/>42x40x40 cm.<br \/><strong>Peso<\/strong><br \/>7.00 Kg.<br \/><strong>Especifica\u00e7\u00f5es adicionais<\/strong><br \/>O TPV t\u00e1ctil NCR RealPOS XR7 de 15 polegadas para com\u00e9rcio \u00e9 uma solu\u00e7\u00e3o avan\u00e7ada que combina pot\u00eancia, fiabilidade e facilidade de uso num \u00fanico equipamento, concebido para otimizar a gest\u00e3o em lojas, supermercados e neg\u00f3cios de retalho. Inclui um processador Intel Core i3 4330TE a 2,4 GHz, acompanhado de 8 GB de mem\u00f3ria SO-DDR3, oferecendo desempenho r\u00e1pido e est\u00e1vel. O seu SSD de 120 GB proporciona tempos de carregamento \u00e1geis e opera\u00e7\u00f5es fluidas. O ecr\u00e3 t\u00e1ctil de 15 polegadas em formato 4:3 e resolu\u00e7\u00e3o 1024&#215;768 permite um manuseio intuitivo e confort\u00e1vel, mesmo em jornadas de trabalho intensas.O TPV NCR RealPOS XR7 oferece ampla conectividade com 3 x USB 2.0 (12V), 1 x USB 2.0 (24V), 2 x USB 3.0 e 1 porta para gaveta de dinheiro, garantindo compatibilidade com impressoras, leitores de c\u00f3digos de barras e outros dispositivos essenciais. O seu design robusto e elegante torna-o a op\u00e7\u00e3o perfeita para neg\u00f3cios que procuram um TPV t\u00e1ctil fi\u00e1vel, moderno e preparado para uso di\u00e1rio intensivo.Bom aspeto exterior. Veja em \u201c+ Fotos\u201d e \u201cV\u00eddeo\u201d e se tiver alguma d\u00favida, ligue-nos ou use o nosso chat para obter mais informa\u00e7\u00f5es ou solicitar mais detalhes.<br \/><strong>Coment\u00e1rios<\/strong><br \/><u>3xUSB 2.0 12V \/ 1xUSB 2.0 24V \/ 2xUSB 3.0 \u2013 1xporta gaveta de dinheiro<\/u><\/p>\n","protected":false},"excerpt":{"rendered":"<p><strong>Embalagem com 6 unidades:<\/strong>Intel Core i3 4330TE 2.4 GHz. \u00b7 8 Gb. SO-DDR3 RAM \u00b7 120 Gb. SSD \u00b7 &#8211; <u>Sem sistema operativo<\/u> &#8211; \u00b7 <strong>T\u00e1til 15 &#8221; HD<\/strong> 4:3 \u00b7<br \/>\n<strong>3xUSB 2.0 12V \/ 1xUSB 2.0 24V \/ 2xUSB 3.0 \u2013 1xporta gaveta de dinheiro<\/strong> [&#8230;]<\/p>\n<p><a class=\"btn btn-secondary understrap-read-more-link\" href=\"https:\/\/digalco.com\/pt-pt\/produto\/ncr-realpos-xr7-15-aio-recondicionado-core-i3-24ghz-8-gb-ram-120-gb-ssd-pt-14500\/\">Continuar a ler&#8230;<span class=\"screen-reader-text\"> from Grande quantidade NCR RealPOS XR7 15&#8243; Pack 6 | Recondicionado<\/span><\/a><\/p>\n","protected":false},"featured_media":285821,"template":"","meta":[],"product_brand":[3867],"product_cat":[4037,1595,1819,1599],"product_tag":[],"class_list":{"0":"post-285867","1":"product","2":"type-product","3":"status-publish","4":"has-post-thumbnail","6":"product_brand-ncr","7":"product_cat-lotes-computadores-pt","8":"product_cat-pos-pt","9":"product_cat-lotes-pt","10":"product_cat-pos-all-in-one-pt","12":"first","13":"instock","14":"taxable","15":"shipping-taxable","16":"purchasable","17":"product-type-simple"},"bundled_by":[],"bundle_stock_status":"instock","bundle_stock_quantity":3,"bundle_virtual":false,"bundle_layout":"","bundle_add_to_cart_form_location":"","bundle_editable_in_cart":false,"bundle_sold_individually_context":"","bundle_item_grouping":"","bundle_min_size":"","bundle_max_size":"","bundle_price":[],"bundled_items":[],"bundle_sell_ids":[],"exclude_global_add_ons":[],"addons":[],"df_price":1072,"df_sale_price":"","df_regular_price":1072,"df_image_link":"https:\/\/digalco.com\/wp-content\/uploads\/images\/product\/14500\/ncr00023_01-300x225.jpg","_links":{"self":[{"href":"https:\/\/digalco.com\/pt-pt\/wp-json\/wp\/v2\/product\/285867","targetHints":{"allow":["GET"]}}],"collection":[{"href":"https:\/\/digalco.com\/pt-pt\/wp-json\/wp\/v2\/product"}],"about":[{"href":"https:\/\/digalco.com\/pt-pt\/wp-json\/wp\/v2\/types\/product"}],"wp:featuredmedia":[{"embeddable":true,"href":"https:\/\/digalco.com\/pt-pt\/wp-json\/wp\/v2\/media\/285821"}],"wp:attachment":[{"href":"https:\/\/digalco.com\/pt-pt\/wp-json\/wp\/v2\/media?parent=285867"}],"wp:term":[{"taxonomy":"product_brand","embeddable":true,"href":"https:\/\/digalco.com\/pt-pt\/wp-json\/wp\/v2\/product_brand?post=285867"},{"taxonomy":"product_cat","embeddable":true,"href":"https:\/\/digalco.com\/pt-pt\/wp-json\/wp\/v2\/product_cat?post=285867"},{"taxonomy":"product_tag","embeddable":true,"href":"https:\/\/digalco.com\/pt-pt\/wp-json\/wp\/v2\/product_tag?post=285867"}],"curies":[{"name":"wp","href":"https:\/\/api.w.org\/{rel}","templated":true}]}}