{"id":285888,"date":"2025-12-02T15:35:36","date_gmt":"2025-12-02T14:35:36","guid":{"rendered":"https:\/\/digalco.com\/tienda\/opcao-portatil-hp-usb-c-dock-g4-recondicionado-pt-9972\/"},"modified":"2026-01-28T11:22:36","modified_gmt":"2026-01-28T10:22:36","slug":"opcao-portatil-hp-usb-c-dock-g4-recondicionado-pt-9972","status":"publish","type":"product","link":"https:\/\/digalco.com\/pt-pt\/produto\/opcao-portatil-hp-usb-c-dock-g4-recondicionado-pt-9972\/","title":{"rendered":"Op\u00e7\u00e3o port\u00e1til HP USB-C Dock G4 Recondicionado"},"content":{"rendered":"<p><b>Portas frontais:<\/b><br \/>1xUSB-C, 1xUSB 3.0<br \/><b>Portas Traseiras:<\/b><br \/>1xUSB-C, 1xUSB 3.0 (alimentado), 2xUSB 2.0, 1xGigabit Ethernet, 1xHDMI, 2xDisplayPort<br \/><b>Outros:<\/b><br \/><u>Adaptador de energia inclu\u00eddo<\/u><\/p>\n","protected":false},"excerpt":{"rendered":"<p>V\u00e1lido para cualquier tipo de Ordenador que lleva USB-C &#8211; <u>Adaptador de corriente Incluido<\/u> [&#8230;]<\/p>\n<p><a class=\"btn btn-secondary understrap-read-more-link\" href=\"https:\/\/digalco.com\/pt-pt\/produto\/opcao-portatil-hp-usb-c-dock-g4-recondicionado-pt-9972\/\">Continuar a ler&#8230;<span class=\"screen-reader-text\"> from Op\u00e7\u00e3o port\u00e1til HP USB-C Dock G4 Recondicionado<\/span><\/a><\/p>\n","protected":false},"featured_media":285877,"template":"","meta":[],"product_brand":[3854],"product_cat":[1515,3045,3065],"product_tag":[],"class_list":{"0":"post-285888","1":"product","2":"type-product","3":"status-publish","4":"has-post-thumbnail","6":"product_brand-hp","7":"product_cat-laptops-pt","8":"product_cat-laptops-opcaos-pt","9":"product_cat-laptops-opcaos-outros-pt","11":"first","12":"instock","13":"taxable","14":"shipping-taxable","15":"purchasable","16":"product-type-simple"},"bundled_by":[],"bundle_stock_status":"instock","bundle_stock_quantity":8,"bundle_virtual":false,"bundle_layout":"","bundle_add_to_cart_form_location":"","bundle_editable_in_cart":false,"bundle_sold_individually_context":"","bundle_item_grouping":"","bundle_min_size":"","bundle_max_size":"","bundle_price":[],"bundled_items":[],"bundle_sell_ids":[],"exclude_global_add_ons":[],"addons":[],"df_price":75,"df_sale_price":"","df_regular_price":75,"df_image_link":"https:\/\/digalco.com\/wp-content\/uploads\/images\/product\/9972\/hp01942_01-300x225.jpg","_links":{"self":[{"href":"https:\/\/digalco.com\/pt-pt\/wp-json\/wp\/v2\/product\/285888","targetHints":{"allow":["GET"]}}],"collection":[{"href":"https:\/\/digalco.com\/pt-pt\/wp-json\/wp\/v2\/product"}],"about":[{"href":"https:\/\/digalco.com\/pt-pt\/wp-json\/wp\/v2\/types\/product"}],"wp:featuredmedia":[{"embeddable":true,"href":"https:\/\/digalco.com\/pt-pt\/wp-json\/wp\/v2\/media\/285877"}],"wp:attachment":[{"href":"https:\/\/digalco.com\/pt-pt\/wp-json\/wp\/v2\/media?parent=285888"}],"wp:term":[{"taxonomy":"product_brand","embeddable":true,"href":"https:\/\/digalco.com\/pt-pt\/wp-json\/wp\/v2\/product_brand?post=285888"},{"taxonomy":"product_cat","embeddable":true,"href":"https:\/\/digalco.com\/pt-pt\/wp-json\/wp\/v2\/product_cat?post=285888"},{"taxonomy":"product_tag","embeddable":true,"href":"https:\/\/digalco.com\/pt-pt\/wp-json\/wp\/v2\/product_tag?post=285888"}],"curies":[{"name":"wp","href":"https:\/\/api.w.org\/{rel}","templated":true}]}}