{"id":286986,"date":"2025-12-05T13:23:19","date_gmt":"2025-12-05T12:23:19","guid":{"rendered":"https:\/\/digalco.com\/tienda\/samsung-s24d300h-24-led-169-recondicionado-1920x1080-pt-14173\/"},"modified":"2025-12-05T13:23:24","modified_gmt":"2025-12-05T12:23:24","slug":"samsung-s24d300h-24-led-169-recondicionado-1920x1080-pt-14173","status":"publish","type":"product","link":"https:\/\/digalco.com\/pt-pt\/produto\/samsung-s24d300h-24-led-169-recondicionado-1920x1080-pt-14173\/","title":{"rendered":"Samsung S24D300H 24&#8221; Led 16:9 | Recondicionado | 1920&#215;1080"},"content":{"rendered":"<p><strong>Tela<\/strong><br \/>Led 24 &#8221; FullHD 16:9 \u00b7 Resolu\u00e7\u00e3o 1920&#215;1080<br \/>Dot pitch 0.276 mm<br \/>Resposta 2 ms<br \/>Contraste 1000:1<br \/>Brilho 250 cd\/m2<br \/>\u00c2ngulo vis\u00e3o 170\u00b0v\/160\u00b0h<br \/><strong>Portas de v\u00eddeo<\/strong><br \/>VGA<br \/>HDMI<br \/><strong>Espec\u00edfico tela<\/strong><br \/>Fonte alimenta\u00e7\u00e3o externa<br \/>Tens\u00e3o fonte alimenta\u00e7\u00e3o externa 14V<br \/>Pedestal<br \/><strong>Outros<\/strong><br \/>hR embalagens<br \/><strong>Dimens\u00f5es<\/strong><br \/>57x42x20 cm.<br \/><strong>Peso<\/strong><br \/>3.10 Kg.<br \/><strong>Especifica\u00e7\u00f5es adicionais<\/strong><br \/>Descubra o Samsung S24D300H, um monitor pensado para quem procura combinar desempenho e conforto visual no seu espa\u00e7o de trabalho ou de entretenimento. Perfeito tanto para profissionais que precisam de precis\u00e3o em cada detalhe como para utilizadores que desfrutam de conte\u00fado multim\u00e9dia em qualidade FullHD.O seu ecr\u00e3 LED de 24\u2019\u2019 com resolu\u00e7\u00e3o 1920&#215;1080 e formato 16:9 oferece imagens n\u00edtidas e cores vibrantes, enquanto o tempo de resposta de 2 ms e o contraste 1000:1 garantem uma experi\u00eancia fluida e sem desfoques. Com um brilho de 250 cd\/m\u00b2 e \u00e2ngulos de vis\u00e3o de 170\u00b0\/160\u00b0, cada imagem permanece clara de qualquer posi\u00e7\u00e3o. Al\u00e9m disso, a conectividade HDMI e VGA permite ligar dispositivos de forma r\u00e1pida e pr\u00e1tica, com todos os cabos necess\u00e1rios inclu\u00eddos.Com o Samsung S24D300H, desfrutar\u00e1 de um monitor que n\u00e3o s\u00f3 aumenta a sua produtividade como tamb\u00e9m cuida dos seus olhos durante longas jornadas. O seu design elegante e funcional integra-se em qualquer ambiente, melhorando a sua experi\u00eancia diante do ecr\u00e3 e oferecendo um valor acrescentado que combina estilo, versatilidade e efici\u00eancia.Boa apar\u00eancia exterior. Se tiver alguma d\u00favida, ligue-nos ou use o nosso chat para obter mais informa\u00e7\u00f5es ou solicitar mais detalhes.<br \/><strong>Coment\u00e1rios<\/strong><br \/><u>Cabo de alimenta\u00e7\u00e3o e VGA inclu\u00eddo<\/u><\/p>\n","protected":false},"excerpt":{"rendered":"<p>Led 24 &#8221; FullHD 16:9 \u00b7 Resolu\u00e7\u00e3o 1920&#215;1080 \u00b7 Dot pitch 0.276 mm \u00b7 Resposta 2 ms \u00b7 Contraste 1000:1 \u00b7 Brilho 250 cd\/m2 \u00b7 VGA \u00b7 HDMI \u00b7<br \/>\n<u>Cabo de alimenta\u00e7\u00e3o e VGA inclu\u00eddo<br \/>\n<\/u> [&#8230;]<\/p>\n<p><a class=\"btn btn-secondary understrap-read-more-link\" href=\"https:\/\/digalco.com\/pt-pt\/produto\/samsung-s24d300h-24-led-169-recondicionado-1920x1080-pt-14173\/\">Continuar a ler&#8230;<span class=\"screen-reader-text\"> from Samsung S24D300H 24&#8221; Led 16:9 | Recondicionado | 1920&#215;1080<\/span><\/a><\/p>\n","protected":false},"featured_media":286955,"template":"","meta":[],"product_brand":[3868],"product_cat":[1491,2389],"product_tag":[],"class_list":{"0":"post-286986","1":"product","2":"type-product","3":"status-publish","4":"has-post-thumbnail","6":"product_brand-samsung","7":"product_cat-monitores-pt","8":"product_cat-monitores-24-pt","10":"first","11":"instock","12":"taxable","13":"shipping-taxable","14":"purchasable","15":"product-type-simple"},"bundled_by":[],"bundle_stock_status":"instock","bundle_stock_quantity":2,"bundle_virtual":false,"bundle_layout":"","bundle_add_to_cart_form_location":"","bundle_editable_in_cart":false,"bundle_sold_individually_context":"","bundle_item_grouping":"","bundle_min_size":"","bundle_max_size":"","bundle_price":[],"bundled_items":[],"bundle_sell_ids":[],"exclude_global_add_ons":true,"addons":{"webcam-upgrades":{"name":"Extens\u00e3o Webcam","type":"multiple_choice","position":0,"required":false,"title_format":"heading","default":"","description_enable":false,"description":"","placeholder_enable":false,"placeholder":"","display":"radiobutton","restrictions_type":"any_text","adjust_price":false,"price":"","price_type":"quantity_based","restrictions":false,"min":"0","max":"0","options":[{"label":"Conceptronic AMDIS FullHD [AMP00085]","price":"29.0000","price_type":"quantity_based","image":0,"visibility":true}]},"hdmi-upgrades":{"name":"Extens\u00e3o cabo","type":"multiple_choice","position":0,"required":false,"title_format":"heading","default":"","description_enable":false,"description":"","placeholder_enable":false,"placeholder":"","display":"radiobutton","restrictions_type":"any_text","adjust_price":false,"price":"","price_type":"quantity_based","restrictions":false,"min":"0","max":"0","options":[{"label":"Cabo HDMI 2 mts. [AMP00104]","price":"6.0000","price_type":"quantity_based","image":0,"visibility":true}]}},"df_price":94,"df_sale_price":"","df_regular_price":94,"df_image_link":"https:\/\/digalco.com\/wp-content\/uploads\/images\/product\/14173\/sam00144_01-300x225.jpg","_links":{"self":[{"href":"https:\/\/digalco.com\/pt-pt\/wp-json\/wp\/v2\/product\/286986","targetHints":{"allow":["GET"]}}],"collection":[{"href":"https:\/\/digalco.com\/pt-pt\/wp-json\/wp\/v2\/product"}],"about":[{"href":"https:\/\/digalco.com\/pt-pt\/wp-json\/wp\/v2\/types\/product"}],"wp:featuredmedia":[{"embeddable":true,"href":"https:\/\/digalco.com\/pt-pt\/wp-json\/wp\/v2\/media\/286955"}],"wp:attachment":[{"href":"https:\/\/digalco.com\/pt-pt\/wp-json\/wp\/v2\/media?parent=286986"}],"wp:term":[{"taxonomy":"product_brand","embeddable":true,"href":"https:\/\/digalco.com\/pt-pt\/wp-json\/wp\/v2\/product_brand?post=286986"},{"taxonomy":"product_cat","embeddable":true,"href":"https:\/\/digalco.com\/pt-pt\/wp-json\/wp\/v2\/product_cat?post=286986"},{"taxonomy":"product_tag","embeddable":true,"href":"https:\/\/digalco.com\/pt-pt\/wp-json\/wp\/v2\/product_tag?post=286986"}],"curies":[{"name":"wp","href":"https:\/\/api.w.org\/{rel}","templated":true}]}}