{"id":287510,"date":"2025-12-09T15:57:42","date_gmt":"2025-12-09T14:57:42","guid":{"rendered":"https:\/\/digalco.com\/tienda\/lg-w2243st-22-lcd-169-recondicionado-1920x1080-pt-14546\/"},"modified":"2025-12-09T15:57:46","modified_gmt":"2025-12-09T14:57:46","slug":"lg-w2243st-22-lcd-169-recondicionado-1920x1080-pt-14546","status":"publish","type":"product","link":"https:\/\/digalco.com\/pt-pt\/produto\/lg-w2243st-22-lcd-169-recondicionado-1920x1080-pt-14546\/","title":{"rendered":"LG W2243ST 22&#8221; LCD 16:9 | Recondicionado | 1920&#215;1080"},"content":{"rendered":"<p><strong>Tela<\/strong><br \/>LCD 22 &#8221; FullHD 16:9 \u00b7 Resolu\u00e7\u00e3o 1920&#215;1080<br \/>Dot pitch 0.248 mm<br \/>Resposta 5 ms<br \/>Contraste 1000:1<br \/>Brilho 250 cd\/m2<br \/>\u00c2ngulo vis\u00e3o 170\u00b0v\/160\u00b0h<br \/><strong>Portas de v\u00eddeo<\/strong><br \/>VGA<br \/><strong>Espec\u00edfico tela<\/strong><br \/>Apoio VESA<br \/>Pedestal<br \/><strong>Outros<\/strong><br \/>hR embalagens<br \/><strong>Dimens\u00f5es<\/strong><br \/>52x40x19 cm.<br \/><strong>Peso<\/strong><br \/>3.70 Kg.<br \/><strong>Especifica\u00e7\u00f5es adicionais<\/strong><br \/>O LG W2243ST \u00e9 uma excelente op\u00e7\u00e3o para quem procura um monitor de 22 polegadas capaz de oferecer uma imagem n\u00edtida, equilibrada e ideal para o trabalho di\u00e1rio ou entretenimento ocasional. O seu design compacto e desempenho est\u00e1vel tornam-no um aliado perfeito para escrit\u00f3rios, secret\u00e1rias dom\u00e9sticas ou como segundo ecr\u00e3 para melhorar a organiza\u00e7\u00e3o e a produtividade.O seu painel LCD FullHD de 22\u2019\u2019 com resolu\u00e7\u00e3o de 1920&#215;1080 proporciona uma excelente defini\u00e7\u00e3o, refor\u00e7ada pelo dot pitch de 0,248 mm, que garante grande precis\u00e3o em textos e detalhes finos. Com um contraste de 1000:1 e brilho de 250 cd\/m\u00b2, o monitor mant\u00e9m uma qualidade visual consistente em documentos, v\u00eddeos e aplica\u00e7\u00f5es. O tempo de resposta de 5 ms assegura transi\u00e7\u00f5es suaves, enquanto os \u00e2ngulos de vis\u00e3o de 170\u00b0\/160\u00b0 permitem manter boa fidelidade de imagem sem necessidade de estar diretamente em frente ao ecr\u00e3. A liga\u00e7\u00e3o VGA facilita a compatibilidade com uma variedade de equipamentos, e a sua instala\u00e7\u00e3o \u00e9 imediata gra\u00e7as aos cabos inclu\u00eddos.O LG W2243ST combina efici\u00eancia, nitidez e conforto visual, oferecendo uma experi\u00eancia equilibrada para quem precisa de um monitor pr\u00e1tico e fi\u00e1vel. O seu formato compacto e desempenho s\u00f3lido tornam-no uma escolha acertada para melhorar qualquer posto de trabalho com uma solu\u00e7\u00e3o simples, funcional e com valor acrescentado real.Bom aspeto exterior. Pode apresentar ligeiras marcas de uso na carca\u00e7a. Se tiver alguma d\u00favida, ligue-nos ou utilize o nosso chat para obter mais informa\u00e7\u00f5es ou solicitar mais detalhes.<br \/><strong>Coment\u00e1rios<\/strong><br \/><u>Cabo de alimenta\u00e7\u00e3o e VGA inclu\u00eddo<\/u><\/p>\n","protected":false},"excerpt":{"rendered":"<p>LCD 22 &#8221; FullHD 16:9 \u00b7 Resolu\u00e7\u00e3o 1920&#215;1080 \u00b7 Dot pitch 0.248 mm \u00b7 Resposta 5 ms \u00b7 Contraste 1000:1 \u00b7 Brilho 250 cd\/m2 \u00b7 VGA \u00b7<br \/>\n<u>Cabo de alimenta\u00e7\u00e3o e VGA inclu\u00eddo<br \/>\n<\/u> [&#8230;]<\/p>\n<p><a class=\"btn btn-secondary understrap-read-more-link\" href=\"https:\/\/digalco.com\/pt-pt\/produto\/lg-w2243st-22-lcd-169-recondicionado-1920x1080-pt-14546\/\">Continuar a ler&#8230;<span class=\"screen-reader-text\"> from LG W2243ST 22&#8221; LCD 16:9 | Recondicionado | 1920&#215;1080<\/span><\/a><\/p>\n","protected":false},"featured_media":287484,"template":"","meta":[],"product_brand":[3861],"product_cat":[1491,2381],"product_tag":[],"class_list":{"0":"post-287510","1":"product","2":"type-product","3":"status-publish","4":"has-post-thumbnail","6":"product_brand-lg","7":"product_cat-monitores-pt","8":"product_cat-monitores-22-pt","10":"first","11":"instock","12":"taxable","13":"shipping-taxable","14":"purchasable","15":"product-type-simple"},"bundled_by":[],"bundle_stock_status":"instock","bundle_stock_quantity":1,"bundle_virtual":false,"bundle_layout":"","bundle_add_to_cart_form_location":"","bundle_editable_in_cart":false,"bundle_sold_individually_context":"","bundle_item_grouping":"","bundle_min_size":"","bundle_max_size":"","bundle_price":[],"bundled_items":[],"bundle_sell_ids":[],"exclude_global_add_ons":true,"addons":{"webcam-upgrades":{"name":"Extens\u00e3o Webcam","type":"multiple_choice","position":0,"required":false,"title_format":"heading","default":"","description_enable":false,"description":"","placeholder_enable":false,"placeholder":"","display":"radiobutton","restrictions_type":"any_text","adjust_price":false,"price":"","price_type":"quantity_based","restrictions":false,"min":"0","max":"0","options":[{"label":"Conceptronic AMDIS FullHD [AMP00085]","price":"29.0000","price_type":"quantity_based","image":0,"visibility":true}]}},"df_price":66,"df_sale_price":"","df_regular_price":66,"df_image_link":"https:\/\/digalco.com\/wp-content\/uploads\/images\/product\/14546\/lg00094_01-300x225.jpg","_links":{"self":[{"href":"https:\/\/digalco.com\/pt-pt\/wp-json\/wp\/v2\/product\/287510","targetHints":{"allow":["GET"]}}],"collection":[{"href":"https:\/\/digalco.com\/pt-pt\/wp-json\/wp\/v2\/product"}],"about":[{"href":"https:\/\/digalco.com\/pt-pt\/wp-json\/wp\/v2\/types\/product"}],"wp:featuredmedia":[{"embeddable":true,"href":"https:\/\/digalco.com\/pt-pt\/wp-json\/wp\/v2\/media\/287484"}],"wp:attachment":[{"href":"https:\/\/digalco.com\/pt-pt\/wp-json\/wp\/v2\/media?parent=287510"}],"wp:term":[{"taxonomy":"product_brand","embeddable":true,"href":"https:\/\/digalco.com\/pt-pt\/wp-json\/wp\/v2\/product_brand?post=287510"},{"taxonomy":"product_cat","embeddable":true,"href":"https:\/\/digalco.com\/pt-pt\/wp-json\/wp\/v2\/product_cat?post=287510"},{"taxonomy":"product_tag","embeddable":true,"href":"https:\/\/digalco.com\/pt-pt\/wp-json\/wp\/v2\/product_tag?post=287510"}],"curies":[{"name":"wp","href":"https:\/\/api.w.org\/{rel}","templated":true}]}}