{"id":287936,"date":"2025-12-10T16:12:56","date_gmt":"2025-12-10T15:12:56","guid":{"rendered":"https:\/\/digalco.com\/tienda\/hannspree-he225dpb-22-led-169-recondicionado-1920x1080-pt-14544\/"},"modified":"2025-12-10T16:13:00","modified_gmt":"2025-12-10T15:13:00","slug":"hannspree-he225dpb-22-led-169-recondicionado-1920x1080-pt-14544","status":"publish","type":"product","link":"https:\/\/digalco.com\/pt-pt\/produto\/hannspree-he225dpb-22-led-169-recondicionado-1920x1080-pt-14544\/","title":{"rendered":"Hannspree HE225DPB 22&#8221; Led 16:9 | Recondicionado | 1920&#215;1080"},"content":{"rendered":"<p><strong>Tela<\/strong><br \/>Led 22 &#8221; FullHD com Alto-falantes \u00b7 16:9 \u00b7 Resolu\u00e7\u00e3o 1920&#215;1080<br \/>Dot pitch 0.248 mm<br \/>Resposta 5 ms<br \/>Contraste 1000:1<br \/>Brilho 250 cd\/m2<br \/>\u00c2ngulo vis\u00e3o 170\u00b0v\/176\u00b0h<br \/><strong>Portas de v\u00eddeo<\/strong><br \/>VGA<br \/>DVI<br \/><strong>Espec\u00edfico tela<\/strong><br \/>Apoio VESA<br \/>Pedestal<br \/><strong>Outros<\/strong><br \/>hR embalagens<br \/><strong>Dimens\u00f5es<\/strong><br \/>51x39x19 cm.<br \/><strong>Peso<\/strong><br \/>3.25 Kg.<br \/><strong>Especifica\u00e7\u00f5es adicionais<\/strong><br \/>O Hannspree HE225DPB foi pensado para quem procura um monitor de 22 polegadas que combine bom desempenho visual com a comodidade do som incorporado. Perfeito para escrit\u00f3rios, ambientes dom\u00e9sticos ou espa\u00e7os compactos onde o espa\u00e7o e a praticidade s\u00e3o importantes, este monitor oferece uma experi\u00eancia visual fluida e completa, sem complica\u00e7\u00f5es.O seu painel LED FullHD de 22\u2019\u2019 com resolu\u00e7\u00e3o 1920&#215;1080 no formato 16:9 proporciona imagens claras e detalhadas, gra\u00e7as ao dot pitch de 0.248 mm que mant\u00e9m a nitidez em textos, gr\u00e1ficos e v\u00eddeo. Com um contraste de 1000:1 e brilho de 250 cd\/m\u00b2, a imagem mant\u00e9m-se equilibrada mesmo sob condi\u00e7\u00f5es de ilumina\u00e7\u00e3o vari\u00e1veis. O tempo de resposta de 5 ms garante transi\u00e7\u00f5es suaves sem desfocagens inc\u00f3modas, enquanto os amplos \u00e2ngulos de vis\u00e3o de 170\u00b0 na vertical e 176\u00b0 na horizontal permitem uma visualiza\u00e7\u00e3o de qualidade a partir de diferentes posi\u00e7\u00f5es. Al\u00e9m disso, os altifalantes incorporados eliminam a necessidade de perif\u00e9ricos adicionais, e as liga\u00e7\u00f5es VGA e DVI garantem compatibilidade com uma ampla variedade de equipamentos, j\u00e1 com tudo inclu\u00eddo para come\u00e7ar a usar.O Hannspree HE225DPB combina versatilidade, comodidade e funcionalidade, tornando-se uma op\u00e7\u00e3o ideal para quem quer um monitor pr\u00e1tico e pronto a usar, sem sacrificar qualidade nem simplicidade. Um monitor completo que otimiza o espa\u00e7o, integra \u00e1udio e proporciona uma experi\u00eancia visual confort\u00e1vel e fi\u00e1vel tanto em ambientes de trabalho como dom\u00e9sticos.Bom aspeto exterior. Se tiveres alguma d\u00favida, liga-nos ou usa o nosso chat para solicitar mais detalhes ou informa\u00e7\u00e3o adicional.<br \/><strong>Coment\u00e1rios<\/strong><br \/><u>Cabo de alimenta\u00e7\u00e3o e VGA inclu\u00eddo<\/u><\/p>\n","protected":false},"excerpt":{"rendered":"<p>Led 22 &#8221; FullHD com Alto-falantes \u00b7 16:9 \u00b7 Resolu\u00e7\u00e3o 1920&#215;1080 \u00b7 Dot pitch 0.248 mm \u00b7 Resposta 5 ms \u00b7 Contraste 1000:1 \u00b7 Brilho 250 cd\/m2 \u00b7 VGA \u00b7 DVI \u00b7<br \/>\n<u>Cabo de alimenta\u00e7\u00e3o e VGA inclu\u00eddo<br \/>\n<\/u> [&#8230;]<\/p>\n<p><a class=\"btn btn-secondary understrap-read-more-link\" href=\"https:\/\/digalco.com\/pt-pt\/produto\/hannspree-he225dpb-22-led-169-recondicionado-1920x1080-pt-14544\/\">Continuar a ler&#8230;<span class=\"screen-reader-text\"> from Hannspree HE225DPB 22&#8221; Led 16:9 | Recondicionado | 1920&#215;1080<\/span><\/a><\/p>\n","protected":false},"featured_media":287910,"template":"","meta":[],"product_brand":[3926],"product_cat":[2381,1491],"product_tag":[],"class_list":{"0":"post-287936","1":"product","2":"type-product","3":"status-publish","4":"has-post-thumbnail","6":"product_brand-hannspree","7":"product_cat-monitores-22-pt","8":"product_cat-monitores-pt","10":"first","11":"instock","12":"taxable","13":"shipping-taxable","14":"purchasable","15":"product-type-simple"},"bundled_by":[],"bundle_stock_status":"instock","bundle_stock_quantity":4,"bundle_virtual":false,"bundle_layout":"","bundle_add_to_cart_form_location":"","bundle_editable_in_cart":false,"bundle_sold_individually_context":"","bundle_item_grouping":"","bundle_min_size":"","bundle_max_size":"","bundle_price":[],"bundled_items":[],"bundle_sell_ids":[],"exclude_global_add_ons":true,"addons":{"webcam-upgrades":{"name":"Extens\u00e3o Webcam","type":"multiple_choice","position":0,"required":false,"title_format":"heading","default":"","description_enable":false,"description":"","placeholder_enable":false,"placeholder":"","display":"radiobutton","restrictions_type":"any_text","adjust_price":false,"price":"","price_type":"quantity_based","restrictions":false,"min":"0","max":"0","options":[{"label":"Conceptronic AMDIS FullHD [AMP00085]","price":"29.0000","price_type":"quantity_based","image":0,"visibility":true}]},"hdmi-upgrades":{"name":"Extens\u00e3o cabo","type":"multiple_choice","position":0,"required":false,"title_format":"heading","default":"","description_enable":false,"description":"","placeholder_enable":false,"placeholder":"","display":"radiobutton","restrictions_type":"any_text","adjust_price":false,"price":"","price_type":"quantity_based","restrictions":false,"min":"0","max":"0","options":[{"label":"Cabo DVI-D M \/ M Dual Link 1,8 mts. [AMP00102]","price":"2.0000","price_type":"quantity_based","image":0,"visibility":true}]}},"df_price":70,"df_sale_price":"","df_regular_price":70,"df_image_link":"https:\/\/digalco.com\/wp-content\/uploads\/images\/product\/14544\/han00002_01-300x225.jpg","_links":{"self":[{"href":"https:\/\/digalco.com\/pt-pt\/wp-json\/wp\/v2\/product\/287936","targetHints":{"allow":["GET"]}}],"collection":[{"href":"https:\/\/digalco.com\/pt-pt\/wp-json\/wp\/v2\/product"}],"about":[{"href":"https:\/\/digalco.com\/pt-pt\/wp-json\/wp\/v2\/types\/product"}],"wp:featuredmedia":[{"embeddable":true,"href":"https:\/\/digalco.com\/pt-pt\/wp-json\/wp\/v2\/media\/287910"}],"wp:attachment":[{"href":"https:\/\/digalco.com\/pt-pt\/wp-json\/wp\/v2\/media?parent=287936"}],"wp:term":[{"taxonomy":"product_brand","embeddable":true,"href":"https:\/\/digalco.com\/pt-pt\/wp-json\/wp\/v2\/product_brand?post=287936"},{"taxonomy":"product_cat","embeddable":true,"href":"https:\/\/digalco.com\/pt-pt\/wp-json\/wp\/v2\/product_cat?post=287936"},{"taxonomy":"product_tag","embeddable":true,"href":"https:\/\/digalco.com\/pt-pt\/wp-json\/wp\/v2\/product_tag?post=287936"}],"curies":[{"name":"wp","href":"https:\/\/api.w.org\/{rel}","templated":true}]}}