{"id":287974,"date":"2025-12-10T16:33:49","date_gmt":"2025-12-10T15:33:49","guid":{"rendered":"https:\/\/digalco.com\/tienda\/acer-v226hql-22-led-169-recondicionado-1920x1080-pt-14541\/"},"modified":"2025-12-10T16:33:55","modified_gmt":"2025-12-10T15:33:55","slug":"acer-v226hql-22-led-169-recondicionado-1920x1080-pt-14541","status":"publish","type":"product","link":"https:\/\/digalco.com\/pt-pt\/produto\/acer-v226hql-22-led-169-recondicionado-1920x1080-pt-14541\/","title":{"rendered":"Acer V226HQL 22&#8221; Led 16:9 | Recondicionado | 1920&#215;1080"},"content":{"rendered":"<p><strong>Tela<\/strong><br \/>Led 22 &#8221; FullHD 16:9 \u00b7 Resolu\u00e7\u00e3o 1920&#215;1080<br \/>Dot pitch 0.282 mm<br \/>Resposta 5 ms<br \/>Contraste 1000:1<br \/>Brilho 200 cd\/m2<br \/>\u00c2ngulo vis\u00e3o 160\u00b0v\/170\u00b0h<br \/><strong>Portas de v\u00eddeo<\/strong><br \/>VGA<br \/>DVI<br \/><strong>Espec\u00edfico tela<\/strong><br \/>Apoio VESA<br \/>Pedestal<br \/><strong>Outros<\/strong><br \/>hR embalagens<br \/><strong>Dimens\u00f5es<\/strong><br \/>51x40x21 cm.<br \/><strong>Peso<\/strong><br \/>3.30 Kg.<br \/><strong>Especifica\u00e7\u00f5es adicionais<\/strong><br \/>O Acer V226HQL \u00e9 a op\u00e7\u00e3o perfeita para quem procura um monitor pr\u00e1tico, compacto e funcional, ideal para escrit\u00f3rios, postos de trabalho dom\u00e9sticos ou ambientes onde a efici\u00eancia e o bom desempenho s\u00e3o essenciais. O seu tamanho de 22 polegadas facilita a integra\u00e7\u00e3o em qualquer secret\u00e1ria, mantendo uma experi\u00eancia visual clara e equilibrada.O seu ecr\u00e3 LED de 22\u2019\u2019 com resolu\u00e7\u00e3o FullHD 1920&#215;1080 no formato 16:9 oferece imagens n\u00edtidas e bem definidas, enquanto o dot pitch de 0.282 mm garante uma visualiza\u00e7\u00e3o clara de textos, gr\u00e1ficos e conte\u00fados multim\u00e9dia. Com uma taxa de contraste de 1000:1 e brilho de 200 cd\/m\u00b2, o monitor proporciona uma imagem suficientemente luminosa para ambientes com ilumina\u00e7\u00e3o moderada. O tempo de resposta de 5 ms permite transi\u00e7\u00f5es suaves e os \u00e2ngulos de vis\u00e3o de 160\u00b0\/170\u00b0 oferecem uma qualidade visual satisfat\u00f3ria de diferentes posi\u00e7\u00f5es. Al\u00e9m disso, gra\u00e7as \u00e0s conex\u00f5es VGA e DVI e aos cabos inclu\u00eddos, o Acer V226HQL \u00e9 f\u00e1cil de instalar e compat\u00edvel com uma grande variedade de equipamentos.O Acer V226HQL destaca-se pelo equil\u00edbrio entre funcionalidade, qualidade e simplicidade, tornando-se uma solu\u00e7\u00e3o inteligente para quem precisa de um monitor fi\u00e1vel e vers\u00e1til sem complica\u00e7\u00f5es. Um ecr\u00e3 que cumpre o seu papel com solidez \u2014 ideal para trabalho, estudo ou uso dom\u00e9stico.Bom aspeto exterior. Se tiver alguma d\u00favida, ligue-nos ou utilize o nosso chat para solicitar mais informa\u00e7\u00f5es ou detalhes adicionais.<br \/><strong>Coment\u00e1rios<\/strong><br \/><u>Cabo de alimenta\u00e7\u00e3o e VGA inclu\u00eddo<\/u><\/p>\n","protected":false},"excerpt":{"rendered":"<p>Led 22 &#8221; FullHD 16:9 \u00b7 Resolu\u00e7\u00e3o 1920&#215;1080 \u00b7 Dot pitch 0.282 mm \u00b7 Resposta 5 ms \u00b7 Contraste 1000:1 \u00b7 Brilho 200 cd\/m2 \u00b7 VGA \u00b7 DVI \u00b7<br \/>\n<u>Cabo de alimenta\u00e7\u00e3o e VGA inclu\u00eddo<br \/>\n<\/u> [&#8230;]<\/p>\n<p><a class=\"btn btn-secondary understrap-read-more-link\" href=\"https:\/\/digalco.com\/pt-pt\/produto\/acer-v226hql-22-led-169-recondicionado-1920x1080-pt-14541\/\">Continuar a ler&#8230;<span class=\"screen-reader-text\"> from Acer V226HQL 22&#8221; Led 16:9 | Recondicionado | 1920&#215;1080<\/span><\/a><\/p>\n","protected":false},"featured_media":287948,"template":"","meta":[],"product_brand":[3858],"product_cat":[2381,1491],"product_tag":[],"class_list":{"0":"post-287974","1":"product","2":"type-product","3":"status-publish","4":"has-post-thumbnail","6":"product_brand-acer","7":"product_cat-monitores-22-pt","8":"product_cat-monitores-pt","10":"first","11":"instock","12":"taxable","13":"shipping-taxable","14":"purchasable","15":"product-type-simple"},"bundled_by":[],"bundle_stock_status":"instock","bundle_stock_quantity":1,"bundle_virtual":false,"bundle_layout":"","bundle_add_to_cart_form_location":"","bundle_editable_in_cart":false,"bundle_sold_individually_context":"","bundle_item_grouping":"","bundle_min_size":"","bundle_max_size":"","bundle_price":[],"bundled_items":[],"bundle_sell_ids":[],"exclude_global_add_ons":true,"addons":{"webcam-upgrades":{"name":"Extens\u00e3o Webcam","type":"multiple_choice","position":0,"required":false,"title_format":"heading","default":"","description_enable":false,"description":"","placeholder_enable":false,"placeholder":"","display":"radiobutton","restrictions_type":"any_text","adjust_price":false,"price":"","price_type":"quantity_based","restrictions":false,"min":"0","max":"0","options":[{"label":"Conceptronic AMDIS FullHD [AMP00085]","price":"29.0000","price_type":"quantity_based","image":0,"visibility":true}]},"hdmi-upgrades":{"name":"Extens\u00e3o cabo","type":"multiple_choice","position":0,"required":false,"title_format":"heading","default":"","description_enable":false,"description":"","placeholder_enable":false,"placeholder":"","display":"radiobutton","restrictions_type":"any_text","adjust_price":false,"price":"","price_type":"quantity_based","restrictions":false,"min":"0","max":"0","options":[{"label":"Cabo DVI-D M \/ M Dual Link 1,8 mts. [AMP00102]","price":"2.0000","price_type":"quantity_based","image":0,"visibility":true}]}},"df_price":70,"df_sale_price":"","df_regular_price":70,"df_image_link":"https:\/\/digalco.com\/wp-content\/uploads\/images\/product\/14541\/acer00043_01-300x225.jpg","_links":{"self":[{"href":"https:\/\/digalco.com\/pt-pt\/wp-json\/wp\/v2\/product\/287974","targetHints":{"allow":["GET"]}}],"collection":[{"href":"https:\/\/digalco.com\/pt-pt\/wp-json\/wp\/v2\/product"}],"about":[{"href":"https:\/\/digalco.com\/pt-pt\/wp-json\/wp\/v2\/types\/product"}],"wp:featuredmedia":[{"embeddable":true,"href":"https:\/\/digalco.com\/pt-pt\/wp-json\/wp\/v2\/media\/287948"}],"wp:attachment":[{"href":"https:\/\/digalco.com\/pt-pt\/wp-json\/wp\/v2\/media?parent=287974"}],"wp:term":[{"taxonomy":"product_brand","embeddable":true,"href":"https:\/\/digalco.com\/pt-pt\/wp-json\/wp\/v2\/product_brand?post=287974"},{"taxonomy":"product_cat","embeddable":true,"href":"https:\/\/digalco.com\/pt-pt\/wp-json\/wp\/v2\/product_cat?post=287974"},{"taxonomy":"product_tag","embeddable":true,"href":"https:\/\/digalco.com\/pt-pt\/wp-json\/wp\/v2\/product_tag?post=287974"}],"curies":[{"name":"wp","href":"https:\/\/api.w.org\/{rel}","templated":true}]}}