{"id":288545,"date":"2025-12-11T17:04:55","date_gmt":"2025-12-11T16:04:55","guid":{"rendered":"https:\/\/digalco.com\/tienda\/lenovo-x13-yoga-gen-2-133-recondicionado-core-i5-26ghz-16-gb-ram-256-gb-ssd-m2-1920x1200-pt-14191\/"},"modified":"2026-03-27T14:36:09","modified_gmt":"2026-03-27T13:36:09","slug":"lenovo-x13-yoga-gen-2-133-recondicionado-core-i5-26ghz-16-gb-ram-256-gb-ssd-m2-1920x1200-pt-14191","status":"publish","type":"product","link":"https:\/\/digalco.com\/pt-pt\/produto\/lenovo-x13-yoga-gen-2-133-recondicionado-core-i5-26ghz-16-gb-ram-256-gb-ssd-m2-1920x1200-pt-14191\/","title":{"rendered":"Lenovo X13 Yoga Gen 2 13.3&#8221; | Recondicionado | Core i5 2.6GHz | 16 GB RAM | 256 GB SSD M2 1920&#215;1200"},"content":{"rendered":"<p><strong>Processador<\/strong><br \/>Intel Core i5 1145G7 2.6 GHz.<br \/><strong>Mem\u00f3ria RAM<\/strong><br \/>16 Gb. SO-DDR4 RAM<br \/><strong>Disco r\u00edgido<\/strong><br \/>256 Gb. SSD M2<br \/><strong>Cart\u00f5es<\/strong><br \/>Placa gr\u00e1fica: Intel Iris Xe Graphics<br \/>Som: Realtek HDA<br \/>Network: &#8211;<br \/><strong>Sistema operativo<\/strong><br \/>Windows 11 Pro<br \/><strong>Portos<\/strong><br \/>Thunderbolt<br \/>2x USB 3.0<br \/>USB-C<br \/><strong>Tela<\/strong><br \/>T\u00e1til 13.3 &#8221; FullHD 16:9 \u00b7 Resolu\u00e7\u00e3o 1920&#215;1200<br \/><strong>Portas de v\u00eddeo<\/strong><br \/>HDMI<br \/><strong>Multim\u00eddia<\/strong><br \/>Webcam<br \/>Leitor DNI<br \/><strong>Conectividade<\/strong><br \/>WIFI<br \/>Bluetooth<br \/><strong>Espec\u00edfico laptop<\/strong><br \/>Layout do teclado Internacional (adesivos espanhol)<br \/><strong>Outros<\/strong><br \/>hR embalagens<br \/><strong>Dimens\u00f5es<\/strong><br \/>31x18x2 cm.<br \/><strong>Peso<\/strong><br \/>1.27 Kg.<br \/><strong>Especifica\u00e7\u00f5es adicionais<\/strong><br \/>O Lenovo ThinkPad X13 Yoga Gen 2 \u00e9 um convers\u00edvel premium desenvolvido para profissionais que precisam de versatilidade, mobilidade e um desempenho s\u00f3lido num equipamento compacto. O seu processador Intel Core i5-1145G7 a 2.6 GHz oferece pot\u00eancia mais do que suficiente para multitarefa exigente, aplica\u00e7\u00f5es empresariais, videoconfer\u00eancias e trabalho na nuvem, enquanto os seus 16 GB de RAM DDR4 garantem fluidez mesmo em cen\u00e1rios de uso intensivo. O SSD M.2 de 256 GB proporciona acesso r\u00e1pido aos dados e tempos de arranque muito reduzidos com o Windows 11 Pro.O ecr\u00e3 t\u00e1til de 13.3&#8221; FullHD (1920&#215;1200) no formato 16:10 n\u00e3o s\u00f3 oferece excelente qualidade de imagem, como tamb\u00e9m permite uma utiliza\u00e7\u00e3o flex\u00edvel gra\u00e7as \u00e0 sua dobradi\u00e7a de 360\u00b0, ideal para trabalhar em modo port\u00e1til, tablet ou apresenta\u00e7\u00e3o. A webcam integrada, o leitor de DNI e a inclus\u00e3o de uma caneta digital completam um conjunto pensado para maximizar a produtividade em qualquer ambiente. A robustez ThinkPad, a seguran\u00e7a avan\u00e7ada e o design leve fazem deste X13 Yoga Gen 2 a ferramenta perfeita para profissionais din\u00e2micos que necessitam de um dispositivo fi\u00e1vel, vers\u00e1til e moderno.Bom aspeto exterior. Consulta \u201c+ Fotos\u201d e \u201cV\u00eddeo\u201d, e se tiveres alguma d\u00favida liga-nos ou usa o nosso chat para mais informa\u00e7\u00f5es ou para solicitar mais detalhes.<br \/><strong>Coment\u00e1rios<\/strong><br \/><u>Inclui l\u00e1pis<\/u><\/p>\n","protected":false},"excerpt":{"rendered":"<p>Intel Core i5 1145G7 2.6 GHz. \u00b7 16 Gb. SO-DDR4 RAM \u00b7 256 Gb. SSD M2 \u00b7 <strong>Windows 11 Pro \u00b7 T\u00e1til 13.3 &#8221; FullHD<\/strong> 16:9 \u00b7 Webcam \u00b7<br \/>\n<u>Inclui l\u00e1pis \u00b7Teclado internacional com stickers em Portugu\u00eas<\/u> [&#8230;]<\/p>\n<p><a class=\"btn btn-secondary understrap-read-more-link\" href=\"https:\/\/digalco.com\/pt-pt\/produto\/lenovo-x13-yoga-gen-2-133-recondicionado-core-i5-26ghz-16-gb-ram-256-gb-ssd-m2-1920x1200-pt-14191\/\">Continuar a ler&#8230;<span class=\"screen-reader-text\"> from Lenovo X13 Yoga Gen 2 13.3&#8221; | Recondicionado | Core i5 2.6GHz | 16 GB RAM | 256 GB SSD M2 1920&#215;1200<\/span><\/a><\/p>\n","protected":false},"featured_media":288484,"template":"","meta":[],"product_brand":[3856],"product_cat":[3093,3754,1515,1579,1531],"product_tag":[],"class_list":{"0":"post-288545","1":"product","2":"type-product","3":"status-publish","4":"has-post-thumbnail","6":"product_brand-lenovo","7":"product_cat-tablets-tablets-pt","8":"product_cat-laptops-13-pt","9":"product_cat-laptops-pt","10":"product_cat-tablets-pt","11":"product_cat-laptops-de-toque-pt","13":"first","14":"instock","15":"taxable","16":"shipping-taxable","17":"purchasable","18":"product-type-simple"},"bundled_by":[],"bundle_stock_status":"instock","bundle_stock_quantity":3,"bundle_virtual":false,"bundle_layout":"","bundle_add_to_cart_form_location":"","bundle_editable_in_cart":false,"bundle_sold_individually_context":"","bundle_item_grouping":"","bundle_min_size":"","bundle_max_size":"","bundle_price":[],"bundled_items":[],"bundle_sell_ids":[],"exclude_global_add_ons":true,"addons":{"keyboard-iso-upgrades":{"name":"Selecione idioma teclado","type":"multiple_choice","position":0,"required":false,"title_format":"heading","default":"","description_enable":false,"description":"","placeholder_enable":false,"placeholder":"","display":"radiobutton","restrictions_type":"any_text","adjust_price":false,"price":"","price_type":"quantity_based","restrictions":false,"min":"0","max":"0","options":[{"label":"Pegatinas Espanhol [AMP00082]","price":"0.0000","price_type":"quantity_based","image":0,"visibility":true},{"label":"Pegatinas Franc\u00e9s [AMP00084]","price":"0.0000","price_type":"quantity_based","image":0,"visibility":true},{"label":"Pegatinas Portugues [AMP00083]","price":"0.0000","price_type":"quantity_based","image":0,"visibility":true}]},"hdd-upgrades":{"name":"Extens\u00e3o disco r\u00edgido","type":"multiple_choice","position":0,"required":false,"title_format":"heading","default":"","description_enable":false,"description":"","placeholder_enable":false,"placeholder":"","display":"radiobutton","restrictions_type":"any_text","adjust_price":false,"price":"","price_type":"quantity_based","restrictions":false,"min":"0","max":"0","options":[{"label":"Cambio a Disco SSD 500 Gb. M.2 2280 PCIe [AMP00106]","price":110,"price_type":"quantity_based","image":0,"visibility":true},{"label":"Cambio a Disco SSD 1 Tb. M.2 2280 PCIe [AMP00107]","price":165,"price_type":"quantity_based","image":0,"visibility":true},{"label":"Cambio a Disco SSD 2 Tb. M.2 2280 PCIe [AMP00171]","price":260,"price_type":"quantity_based","image":0,"visibility":true}]},"os-upgrades":{"name":"Extens\u00e3o OS","type":"multiple_choice","position":0,"required":false,"title_format":"heading","default":"","description_enable":false,"description":"","placeholder_enable":false,"placeholder":"","display":"radiobutton","restrictions_type":"any_text","adjust_price":false,"price":"","price_type":"quantity_based","restrictions":false,"min":"0","max":"0","options":[{"label":"Alterar idioma para franc\u00eas [AMP00125]","price":"0.0000","price_type":"quantity_based","image":0,"visibility":true},{"label":"Alterar idioma para ingl\u00eas [AMP00008]","price":"0.0000","price_type":"quantity_based","image":0,"visibility":true},{"label":"Alterar idioma para o portugu\u00eas [AMP00009]","price":"0.0000","price_type":"quantity_based","image":0,"visibility":true}]},"briefcase-upgrades":{"name":"Maleta","type":"multiple_choice","position":0,"required":false,"title_format":"heading","default":"","description_enable":false,"description":"","placeholder_enable":false,"placeholder":"","display":"radiobutton","restrictions_type":"any_text","adjust_price":false,"price":"","price_type":"quantity_based","restrictions":false,"min":"0","max":"0","options":[{"label":"Maleta Port\u00e1til [AMP00041]","price":"5.0000","price_type":"quantity_based","image":0,"visibility":true}]}},"df_price":401,"df_sale_price":"","df_regular_price":401,"df_image_link":"https:\/\/digalco.com\/wp-content\/uploads\/images\/product\/14191\/leno01069_01-300x225.jpg","_links":{"self":[{"href":"https:\/\/digalco.com\/pt-pt\/wp-json\/wp\/v2\/product\/288545","targetHints":{"allow":["GET"]}}],"collection":[{"href":"https:\/\/digalco.com\/pt-pt\/wp-json\/wp\/v2\/product"}],"about":[{"href":"https:\/\/digalco.com\/pt-pt\/wp-json\/wp\/v2\/types\/product"}],"wp:featuredmedia":[{"embeddable":true,"href":"https:\/\/digalco.com\/pt-pt\/wp-json\/wp\/v2\/media\/288484"}],"wp:attachment":[{"href":"https:\/\/digalco.com\/pt-pt\/wp-json\/wp\/v2\/media?parent=288545"}],"wp:term":[{"taxonomy":"product_brand","embeddable":true,"href":"https:\/\/digalco.com\/pt-pt\/wp-json\/wp\/v2\/product_brand?post=288545"},{"taxonomy":"product_cat","embeddable":true,"href":"https:\/\/digalco.com\/pt-pt\/wp-json\/wp\/v2\/product_cat?post=288545"},{"taxonomy":"product_tag","embeddable":true,"href":"https:\/\/digalco.com\/pt-pt\/wp-json\/wp\/v2\/product_tag?post=288545"}],"curies":[{"name":"wp","href":"https:\/\/api.w.org\/{rel}","templated":true}]}}