{"id":289274,"date":"2025-12-15T12:59:31","date_gmt":"2025-12-15T11:59:31","guid":{"rendered":"https:\/\/digalco.com\/tienda\/toshiba-portege-a30-c-133-recondicionado-core-i5-23ghz-8-gb-ram-256-gb-ssd-1366x768-pt-14457\/"},"modified":"2026-02-19T17:08:59","modified_gmt":"2026-02-19T16:08:59","slug":"toshiba-portege-a30-c-133-recondicionado-core-i5-23ghz-8-gb-ram-256-gb-ssd-1366x768-pt-14457","status":"publish","type":"product","link":"https:\/\/digalco.com\/pt-pt\/produto\/toshiba-portege-a30-c-133-recondicionado-core-i5-23ghz-8-gb-ram-256-gb-ssd-1366x768-pt-14457\/","title":{"rendered":"Toshiba Portege A30-C 13.3&#8221; | Recondicionado | Core i5 2.3GHz | 8 GB RAM | 256 GB SSD 1366&#215;768"},"content":{"rendered":"<p><strong>Processador<\/strong><br \/>Intel Core i5 6200U 2.3 GHz.<br \/><strong>Mem\u00f3ria RAM<\/strong><br \/>8 Gb. SO-DDR3 RAM<br \/><strong>Disco r\u00edgido<\/strong><br \/>256 Gb. SSD<br \/><strong>Drive \u00f3ptico<\/strong><br \/>DVD-RW<br \/><strong>Cart\u00f5es<\/strong><br \/>Placa gr\u00e1fica: Intel Hd Graphics 520<br \/>Som: Realtek HDA<br \/>Network: Intel Ethernet Connection I219v<br \/><strong>Sistema operativo<\/strong><br \/>Windows 10 Pro<br \/><strong>Portos<\/strong><br \/>3x USB 3.0<br \/><strong>Tela<\/strong><br \/>Led 13.3 &#8221; HD 16:9  \u00b7 Resolu\u00e7\u00e3o 1366&#215;768<br \/><strong>Portas de v\u00eddeo<\/strong><br \/>VGA<br \/>HDMI<br \/><strong>Multim\u00eddia<\/strong><br \/>Webcam<br \/>Leitor SD<br \/>Leitor impress\u00f5es digitais<br \/>Leitor DNI<br \/><strong>Conectividade<\/strong><br \/>RJ-45<br \/>WIFI<br \/>Bluetooth<br \/><strong>Espec\u00edfico laptop<\/strong><br \/>Layout do teclado Espanhol<br \/><strong>Outros<\/strong><br \/>hR embalagens<br \/><strong>Dimens\u00f5es<\/strong><br \/>31.5x23x2.5 cm.<br \/><strong>Peso<\/strong><br \/>1.45 Kg.<br \/><strong>Especifica\u00e7\u00f5es adicionais<\/strong><br \/>O TOSHIBA Porteg\u00e9 A30-C \u00e9 um port\u00e1til profissional concebido para quem necessita de mobilidade, seguran\u00e7a e desempenho fi\u00e1vel durante a jornada de trabalho. Equipado com processador Intel Core i5 de sexta gera\u00e7\u00e3o e 8 GB de mem\u00f3ria DDR3, oferece desempenho \u00e1gil e est\u00e1vel, ideal para tarefas de escrit\u00f3rio, videoconfer\u00eancias e gest\u00e3o de aplica\u00e7\u00f5es corporativas.<br \/>A sua unidade SSD de 256 GB garante arranques r\u00e1pidos, acesso instant\u00e2neo aos dados e uma experi\u00eancia fluida em qualquer ambiente de trabalho. O ecr\u00e3 LED HD de 13,3 polegadas no formato 16:9 proporciona uma visualiza\u00e7\u00e3o clara e confort\u00e1vel, perfeito para longas sess\u00f5es frente ao port\u00e1til.<br \/>Inclui Windows 10 Pro e TPM 2.0, oferecendo ferramentas avan\u00e7adas de seguran\u00e7a, gest\u00e3o e compatibilidade com software profissional. Al\u00e9m disso, conta com leitor de impress\u00f5es digitais e leitor de cart\u00e3o de identifica\u00e7\u00e3o, garantindo acesso seguro e prote\u00e7\u00e3o de informa\u00e7\u00f5es sens\u00edveis. A conectividade \u00e9 completada com webcam e leitor de cart\u00f5es SD, adaptando-se a diferentes necessidades profissionais.<br \/>Com design leve, compacto e resistente, o TOSHIBA Porteg\u00e9 A30-C \u00e9 a escolha ideal para profissionais que procuram portabilidade, produtividade e seguran\u00e7a, mantendo a qualidade e fiabilidade caracter\u00edstica da gama Porteg\u00e9.<br \/>Bom aspeto exterior. Pode apresentar ligeiras marcas de uso na carca\u00e7a. Veja em \u201c+ Fotos\u201d e \u201cVideo\u201d e se tiver alguma d\u00favida, ligue-nos ou utilize o nosso chat para obter mais informa\u00e7\u00f5es ou solicitar mais detalhes.<\/p>\n","protected":false},"excerpt":{"rendered":"<p>Intel Core i5 6200U 2.3 GHz. \u00b7 8 Gb. SO-DDR3 RAM \u00b7 256 Gb. SSD \u00b7 DVD-RW \u00b7 Windows 10 Pro \u00b7 Led 13.3 &#8221; HD 16:9  \u00b7 Resolu\u00e7\u00e3o 1366&#215;768 \u00b7 Webcam \u00b7 Leitor SD \u00b7 Leitor impress\u00f5es digitais \u00b7 Leitor DNI [&#8230;]<\/p>\n<p><a class=\"btn btn-secondary understrap-read-more-link\" href=\"https:\/\/digalco.com\/pt-pt\/produto\/toshiba-portege-a30-c-133-recondicionado-core-i5-23ghz-8-gb-ram-256-gb-ssd-1366x768-pt-14457\/\">Continuar a ler&#8230;<span class=\"screen-reader-text\"> from Toshiba Portege A30-C 13.3&#8221; | Recondicionado | Core i5 2.3GHz | 8 GB RAM | 256 GB SSD 1366&#215;768<\/span><\/a><\/p>\n","protected":false},"featured_media":289223,"template":"","meta":[],"product_brand":[3851],"product_cat":[3754,1515],"product_tag":[],"class_list":{"0":"post-289274","1":"product","2":"type-product","3":"status-publish","4":"has-post-thumbnail","6":"product_brand-toshiba","7":"product_cat-laptops-13-pt","8":"product_cat-laptops-pt","10":"first","11":"outofstock","12":"taxable","13":"shipping-taxable","14":"purchasable","15":"product-type-simple"},"bundled_by":[],"bundle_stock_status":"outofstock","bundle_stock_quantity":0,"bundle_virtual":false,"bundle_layout":"","bundle_add_to_cart_form_location":"","bundle_editable_in_cart":false,"bundle_sold_individually_context":"","bundle_item_grouping":"","bundle_min_size":"","bundle_max_size":"","bundle_price":[],"bundled_items":[],"bundle_sell_ids":[],"exclude_global_add_ons":true,"addons":{"keyboard-iso-upgrades":{"name":"Selecione idioma teclado","type":"multiple_choice","position":0,"required":false,"title_format":"heading","default":"","description_enable":false,"description":"","placeholder_enable":false,"placeholder":"","display":"radiobutton","restrictions_type":"any_text","adjust_price":false,"price":"","price_type":"quantity_based","restrictions":false,"min":"0","max":"0","options":[{"label":"Pegatinas Franc\u00e9s [AMP00084]","price":"0.0000","price_type":"quantity_based","image":0,"visibility":true},{"label":"Pegatinas Portugues [AMP00083]","price":"0.0000","price_type":"quantity_based","image":0,"visibility":true}]},"ram-memory-upgrades":{"name":"Extens\u00e3o RAM","type":"multiple_choice","position":0,"required":false,"title_format":"heading","default":"","description_enable":false,"description":"","placeholder_enable":false,"placeholder":"","display":"radiobutton","restrictions_type":"any_text","adjust_price":false,"price":"","price_type":"quantity_based","restrictions":false,"min":"0","max":"0","options":[{"label":"Extens\u00e3o SODIM RAM 16 Gb DDR3 [AMP00004]","price":"50.0000","price_type":"quantity_based","image":0,"visibility":true}]},"hdd-upgrades":{"name":"Extens\u00e3o disco r\u00edgido","type":"multiple_choice","position":0,"required":false,"title_format":"heading","default":"","description_enable":false,"description":"","placeholder_enable":false,"placeholder":"","display":"radiobutton","restrictions_type":"any_text","adjust_price":false,"price":"","price_type":"quantity_based","restrictions":false,"min":"0","max":"0","options":[{"label":"Cambio a Disco SSD 480 Gb. [AMP00014]","price":"59.0000","price_type":"quantity_based","image":0,"visibility":true},{"label":"Cambio a Disco SSD 1 Tb. [AMP00071]","price":"95.0000","price_type":"quantity_based","image":0,"visibility":true}]},"os-upgrades":{"name":"Extens\u00e3o OS","type":"multiple_choice","position":0,"required":false,"title_format":"heading","default":"","description_enable":false,"description":"","placeholder_enable":false,"placeholder":"","display":"radiobutton","restrictions_type":"any_text","adjust_price":false,"price":"","price_type":"quantity_based","restrictions":false,"min":"0","max":"0","options":[{"label":"Alterar idioma para franc\u00eas [AMP00125]","price":"0.0000","price_type":"quantity_based","image":0,"visibility":true},{"label":"Alterar idioma para ingl\u00eas [AMP00008]","price":"0.0000","price_type":"quantity_based","image":0,"visibility":true},{"label":"Alterar idioma para o portugu\u00eas [AMP00009]","price":"0.0000","price_type":"quantity_based","image":0,"visibility":true}]},"briefcase-upgrades":{"name":"Maleta","type":"multiple_choice","position":0,"required":false,"title_format":"heading","default":"","description_enable":false,"description":"","placeholder_enable":false,"placeholder":"","display":"radiobutton","restrictions_type":"any_text","adjust_price":false,"price":"","price_type":"quantity_based","restrictions":false,"min":"0","max":"0","options":[{"label":"Maleta Port\u00e1til [AMP00041]","price":"5.0000","price_type":"quantity_based","image":0,"visibility":true}]}},"df_price":186,"df_sale_price":"","df_regular_price":186,"df_image_link":"https:\/\/digalco.com\/wp-content\/uploads\/images\/product\/14457\/tosh00226_01-300x225.jpg","_links":{"self":[{"href":"https:\/\/digalco.com\/pt-pt\/wp-json\/wp\/v2\/product\/289274","targetHints":{"allow":["GET"]}}],"collection":[{"href":"https:\/\/digalco.com\/pt-pt\/wp-json\/wp\/v2\/product"}],"about":[{"href":"https:\/\/digalco.com\/pt-pt\/wp-json\/wp\/v2\/types\/product"}],"wp:featuredmedia":[{"embeddable":true,"href":"https:\/\/digalco.com\/pt-pt\/wp-json\/wp\/v2\/media\/289223"}],"wp:attachment":[{"href":"https:\/\/digalco.com\/pt-pt\/wp-json\/wp\/v2\/media?parent=289274"}],"wp:term":[{"taxonomy":"product_brand","embeddable":true,"href":"https:\/\/digalco.com\/pt-pt\/wp-json\/wp\/v2\/product_brand?post=289274"},{"taxonomy":"product_cat","embeddable":true,"href":"https:\/\/digalco.com\/pt-pt\/wp-json\/wp\/v2\/product_cat?post=289274"},{"taxonomy":"product_tag","embeddable":true,"href":"https:\/\/digalco.com\/pt-pt\/wp-json\/wp\/v2\/product_tag?post=289274"}],"curies":[{"name":"wp","href":"https:\/\/api.w.org\/{rel}","templated":true}]}}