{"id":291772,"date":"2025-12-30T11:25:23","date_gmt":"2025-12-30T10:25:23","guid":{"rendered":"https:\/\/digalco.com\/tienda\/dell-latitude-d630-14-tara-core-2-duo-18ghz-2-gb-ram-80-gb-hdd-1280x800-pt-14444\/"},"modified":"2025-12-30T11:25:28","modified_gmt":"2025-12-30T10:25:28","slug":"dell-latitude-d630-14-tara-core-2-duo-18ghz-2-gb-ram-80-gb-hdd-1280x800-pt-14444","status":"publish","type":"product","link":"https:\/\/digalco.com\/pt-pt\/produto\/dell-latitude-d630-14-tara-core-2-duo-18ghz-2-gb-ram-80-gb-hdd-1280x800-pt-14444\/","title":{"rendered":"Dell Latitude D630 14&#8221; | Tara  | Core 2 Duo 1.8GHz | 2 GB RAM | 80 GB HDD 1280&#215;800"},"content":{"rendered":"<p><strong>Processador<\/strong><br \/>Intel Core 2 Duo T7100 1.8 GHz.<br \/><strong>Mem\u00f3ria RAM<\/strong><br \/>2 Gb. SO-DDR2 RAM<br \/><strong>Disco r\u00edgido<\/strong><br \/>80 Gb. SATA<br \/><strong>Drive \u00f3ptico<\/strong><br \/>DVD-RW<br \/><strong>Cart\u00f5es<\/strong><br \/>Placa gr\u00e1fica: INTEL MOBILE GM965\/GL960<br \/>Som: Realtek<br \/>Network: Ethernet 10\/100\/1000<br \/><strong>Sistema operativo<\/strong><br \/>COA Ubuntu GNU\/Linux<br \/><strong>Portos<\/strong><br \/>S\u00e9rie<br \/>4x USB 2.0<br \/>Firewire<br \/><strong>Tela<\/strong><br \/>TFT 14 &#8221; HD 16:9  \u00b7 Resolu\u00e7\u00e3o 1280&#215;800<br \/><strong>Outros portos<\/strong><br \/>PCMCIA<br \/><strong>Portas de v\u00eddeo<\/strong><br \/>VGA<br \/><strong>Conectividade<\/strong><br \/>RJ-45<br \/>WIFI<br \/>Modem<br \/><strong>Espec\u00edfico laptop<\/strong><br \/>Layout do teclado Internacional (adesivos espanhol)<br \/><strong>Outros<\/strong><br \/>hR embalagens<br \/><strong>Dimens\u00f5es<\/strong><br \/>33.7&#215;23.8&#215;3.2 cm.<br \/><strong>Peso<\/strong><br \/>3.00 Kg.<br \/><strong>Coment\u00e1rios<\/strong><br \/><u>Pequenos pontos brancos no ecr\u00e3. S\u00e3o mais not\u00f3rios em fundos brancos; em fundos escuros, s\u00e3o quase impercept\u00edveis. As restantes fun\u00e7\u00f5es do port\u00e1til est\u00e3o a funcionar corretamente. Veja &#8220;+ Fotos&#8221; e, em caso de d\u00favida, contacte-nos por telefone ou chat para obter mais informa\u00e7\u00f5es ou solicitar detalhes adicionais.<\/u><\/p>\n","protected":false},"excerpt":{"rendered":"<p>Intel Core 2 Duo T7100 1.8 GHz. \u00b7 2 Gb. SO-DDR2 RAM \u00b7<u>Ligeiras manchas brancas no ecr\u00e3 (Veja em &#8220;+ Fotos&#8221;)<\/u> [&#8230;]<\/p>\n<p><a class=\"btn btn-secondary understrap-read-more-link\" href=\"https:\/\/digalco.com\/pt-pt\/produto\/dell-latitude-d630-14-tara-core-2-duo-18ghz-2-gb-ram-80-gb-hdd-1280x800-pt-14444\/\">Continuar a ler&#8230;<span class=\"screen-reader-text\"> from Dell Latitude D630 14&#8221; | Tara  | Core 2 Duo 1.8GHz | 2 GB RAM | 80 GB HDD 1280&#215;800<\/span><\/a><\/p>\n","protected":false},"featured_media":291746,"template":"","meta":[],"product_brand":[3852],"product_cat":[1871,1547,1515,1887],"product_tag":[],"class_list":{"0":"post-291772","1":"product","2":"type-product","3":"status-publish","4":"has-post-thumbnail","6":"product_brand-dell","7":"product_cat-com-taras-pt","8":"product_cat-laptops-com-taras-pt","9":"product_cat-laptops-pt","10":"product_cat-com-taras-laptops-pt","12":"first","13":"instock","14":"sale","15":"taxable","16":"shipping-taxable","17":"purchasable","18":"product-type-simple"},"bundled_by":[],"bundle_stock_status":"instock","bundle_stock_quantity":1,"bundle_virtual":false,"bundle_layout":"","bundle_add_to_cart_form_location":"","bundle_editable_in_cart":false,"bundle_sold_individually_context":"","bundle_item_grouping":"","bundle_min_size":"","bundle_max_size":"","bundle_price":[],"bundled_items":[],"bundle_sell_ids":[],"exclude_global_add_ons":[],"addons":[],"df_price":176,"df_sale_price":176,"df_regular_price":270,"df_image_link":"https:\/\/digalco.com\/wp-content\/uploads\/images\/product\/14444\/dell00197tr01_01-300x225.jpg","_links":{"self":[{"href":"https:\/\/digalco.com\/pt-pt\/wp-json\/wp\/v2\/product\/291772","targetHints":{"allow":["GET"]}}],"collection":[{"href":"https:\/\/digalco.com\/pt-pt\/wp-json\/wp\/v2\/product"}],"about":[{"href":"https:\/\/digalco.com\/pt-pt\/wp-json\/wp\/v2\/types\/product"}],"wp:featuredmedia":[{"embeddable":true,"href":"https:\/\/digalco.com\/pt-pt\/wp-json\/wp\/v2\/media\/291746"}],"wp:attachment":[{"href":"https:\/\/digalco.com\/pt-pt\/wp-json\/wp\/v2\/media?parent=291772"}],"wp:term":[{"taxonomy":"product_brand","embeddable":true,"href":"https:\/\/digalco.com\/pt-pt\/wp-json\/wp\/v2\/product_brand?post=291772"},{"taxonomy":"product_cat","embeddable":true,"href":"https:\/\/digalco.com\/pt-pt\/wp-json\/wp\/v2\/product_cat?post=291772"},{"taxonomy":"product_tag","embeddable":true,"href":"https:\/\/digalco.com\/pt-pt\/wp-json\/wp\/v2\/product_tag?post=291772"}],"curies":[{"name":"wp","href":"https:\/\/api.w.org\/{rel}","templated":true}]}}