{"id":292421,"date":"2026-01-07T13:14:58","date_gmt":"2026-01-07T12:14:58","guid":{"rendered":"https:\/\/digalco.com\/tienda\/switch-cyberoam-cr-25wing-firewall-recondicionado-pt-14108\/"},"modified":"2026-01-07T13:15:03","modified_gmt":"2026-01-07T12:15:03","slug":"switch-cyberoam-cr-25wing-firewall-recondicionado-pt-14108","status":"publish","type":"product","link":"https:\/\/digalco.com\/pt-pt\/produto\/switch-cyberoam-cr-25wing-firewall-recondicionado-pt-14108\/","title":{"rendered":"Switch Cyberoam CR 25wiNG Firewall | Recondicionado"},"content":{"rendered":"<p><strong>Geral impressora<\/strong><br \/>Switch<br \/><strong>Portos de rede<\/strong><br \/>4x Ethernet 1000 Mbps.<br \/><strong>Dimens\u00f5es<\/strong><br \/>23.5x16x4.5 cm.<br \/><strong>Peso<\/strong><br \/>2.00 Kg.<br \/><strong>Especifica\u00e7\u00f5es adicionais<\/strong><br \/>O CR25wiNG \u00e9 uma solu\u00e7\u00e3o de seguran\u00e7a completa \u201ctudo em um\u201d, projetada para proteger redes empresariais e profissionais com uma abordagem avan\u00e7ada, centralizada e f\u00e1cil de gerenciar. N\u00e3o se trata apenas de um firewall tradicional, mas de um sistema completo de seguran\u00e7a perimetral que combina prote\u00e7\u00e3o de rede, controle de aplica\u00e7\u00f5es, seguran\u00e7a web e conectividade sem fio em um \u00fanico dispositivo, ideal para PMEs, escrit\u00f3rios remotos e ambientes corporativos que exigem um alto n\u00edvel de prote\u00e7\u00e3o sem complexidade excessiva.<br \/>Na \u00e1rea de seguran\u00e7a, o CR25wiNG incorpora firewall com inspe\u00e7\u00e3o de estado, permitindo filtragem por IP, porta, aplica\u00e7\u00e3o e usu\u00e1rio para um controle preciso do tr\u00e1fego. Inclui Sistema de Preven\u00e7\u00e3o de Intrus\u00f5es (IPS) para detec\u00e7\u00e3o e preven\u00e7\u00e3o ativa de intrus\u00f5es e ataques \u00e0 rede, bem como antiv\u00edrus, anti-spyware e anti-spam no n\u00edvel de gateway, protegendo a rede antes que as amea\u00e7as atinjam os dispositivos internos. O filtro de web e de conte\u00fados permite aplicar pol\u00edticas por categorias e URLs, enquanto o controle de aplica\u00e7\u00f5es na camada 7 oferece total visibilidade sobre o uso real da rede. Al\u00e9m disso, integra prote\u00e7\u00e3o avan\u00e7ada de aplica\u00e7\u00f5es web (WAF) e um sistema completo de gest\u00e3o e relat\u00f3rios, com logs e relat\u00f3rios detalhados para auditoria e controle.<br \/>Em termos de conectividade e desempenho, o CR25wiNG possui 4 portas Ethernet Gigabit configur\u00e1veis como LAN, WAN ou DMZ, adaptando-se a diferentes topologias de rede. Suporta VLANs 802.1q e a cria\u00e7\u00e3o de m\u00faltiplas zonas de seguran\u00e7a, facilitando a segmenta\u00e7\u00e3o da rede e aumentando o n\u00edvel de prote\u00e7\u00e3o. Inclui Wi-Fi integrado compat\u00edvel com os padr\u00f5es 802.11b\/g\/n, suportando 2,4 GHz e parte de 5 GHz, e tecnologia 3\u00d73 MIMO, garantindo melhor cobertura e maior velocidade sem fio. Permite configurar at\u00e9 8 SSIDs com seguran\u00e7a WPA\/WPA2, 802.1x e criptografia AES\/TKIP, tornando-o uma solu\u00e7\u00e3o flex\u00edvel tanto para usu\u00e1rios internos quanto para redes de convidados.<br \/>Em resumo, o CR25wiNG \u00e9 uma solu\u00e7\u00e3o de seguran\u00e7a e conectividade robusta, eficiente e escal\u00e1vel, pensada para empresas que precisam proteger sua rede, controlar o tr\u00e1fego e simplificar a gest\u00e3o da seguran\u00e7a a partir de um \u00fanico dispositivo confi\u00e1vel e profissional.<br \/>Apar\u00eancia externa atraente. Se tiver alguma d\u00favida, ligue para n\u00f3s ou use nosso chat para obter mais informa\u00e7\u00f5es ou solicitar mais detalhes.<br \/><strong>Coment\u00e1rios<\/strong><br \/><u>UTM + Wi-Fi para SOHO\/SMB &#8211; Stateful + identidade (camada 8) &#8211; Antiv\u00edrus, IPS, controle de web\/aplicativos, anti-spam &#8211; 4\u00d7 GbE, Wi-Fi 3\u00d73 MIMO<\/u><\/p>\n","protected":false},"excerpt":{"rendered":"<p>Switch \u00b7 4x Ethernet 1000 Mbps. \u00b7 <u>UTM + Wi-Fi para SOHO\/SMB &#8211; Stateful + identidade (camada 8) &#8211; Antiv\u00edrus, IPS, controle de web\/aplicativos, anti-spam &#8211; 4\u00d7 GbE, Wi-Fi 3\u00d73 MIMO<\/u> [&#8230;]<\/p>\n<p><a class=\"btn btn-secondary understrap-read-more-link\" href=\"https:\/\/digalco.com\/pt-pt\/produto\/switch-cyberoam-cr-25wing-firewall-recondicionado-pt-14108\/\">Continuar a ler&#8230;<span class=\"screen-reader-text\"> from Switch Cyberoam CR 25wiNG Firewall | Recondicionado<\/span><\/a><\/p>\n","protected":false},"featured_media":292405,"template":"","meta":[],"product_brand":[3924],"product_cat":[1663,3785],"product_tag":[],"class_list":{"0":"post-292421","1":"product","2":"type-product","3":"status-publish","4":"has-post-thumbnail","6":"product_brand-cyberoam","7":"product_cat-networking-pt","8":"product_cat-networking-switches-pt","10":"first","11":"instock","12":"taxable","13":"shipping-taxable","14":"purchasable","15":"product-type-simple"},"bundled_by":[],"bundle_stock_status":"instock","bundle_stock_quantity":1,"bundle_virtual":false,"bundle_layout":"","bundle_add_to_cart_form_location":"","bundle_editable_in_cart":false,"bundle_sold_individually_context":"","bundle_item_grouping":"","bundle_min_size":"","bundle_max_size":"","bundle_price":[],"bundled_items":[],"bundle_sell_ids":[],"exclude_global_add_ons":[],"addons":[],"df_price":80,"df_sale_price":"","df_regular_price":80,"df_image_link":"https:\/\/digalco.com\/wp-content\/uploads\/images\/product\/14108\/cyb00001_01-300x225.jpg","_links":{"self":[{"href":"https:\/\/digalco.com\/pt-pt\/wp-json\/wp\/v2\/product\/292421","targetHints":{"allow":["GET"]}}],"collection":[{"href":"https:\/\/digalco.com\/pt-pt\/wp-json\/wp\/v2\/product"}],"about":[{"href":"https:\/\/digalco.com\/pt-pt\/wp-json\/wp\/v2\/types\/product"}],"wp:featuredmedia":[{"embeddable":true,"href":"https:\/\/digalco.com\/pt-pt\/wp-json\/wp\/v2\/media\/292405"}],"wp:attachment":[{"href":"https:\/\/digalco.com\/pt-pt\/wp-json\/wp\/v2\/media?parent=292421"}],"wp:term":[{"taxonomy":"product_brand","embeddable":true,"href":"https:\/\/digalco.com\/pt-pt\/wp-json\/wp\/v2\/product_brand?post=292421"},{"taxonomy":"product_cat","embeddable":true,"href":"https:\/\/digalco.com\/pt-pt\/wp-json\/wp\/v2\/product_cat?post=292421"},{"taxonomy":"product_tag","embeddable":true,"href":"https:\/\/digalco.com\/pt-pt\/wp-json\/wp\/v2\/product_tag?post=292421"}],"curies":[{"name":"wp","href":"https:\/\/api.w.org\/{rel}","templated":true}]}}