{"id":292868,"date":"2026-01-12T15:58:00","date_gmt":"2026-01-12T14:58:00","guid":{"rendered":"https:\/\/digalco.com\/tienda\/impressora-pos-termica-epson-tm-l90-termica-usb-negra-impecable-recondicionado-pt-14470\/"},"modified":"2026-01-12T15:58:08","modified_gmt":"2026-01-12T14:58:08","slug":"impressora-pos-termica-epson-tm-l90-termica-usb-negra-impecable-recondicionado-pt-14470","status":"publish","type":"product","link":"https:\/\/digalco.com\/pt-pt\/produto\/impressora-pos-termica-epson-tm-l90-termica-usb-negra-impecable-recondicionado-pt-14470\/","title":{"rendered":"Impressora POS T\u00e9rmica Epson TM-L90 T\u00e9rmica USB Negra-Impecable | Recondicionado"},"content":{"rendered":"<p><strong>Tecnologia<\/strong><br \/>T\u00e9rmica<br \/><strong>C\u00f3pias<\/strong><br \/>Velocidade de impress\u00e3o 150 mm\/s<br \/>Caracteres por polegada 20<br \/><strong>Manuseio de papel<\/strong><br \/>Largura do papel 80mm<br \/>Corte autom\u00e1tico<br \/><strong>Conectividade impressora<\/strong><br \/>Serie, USB, Abertura gaveta<br \/><strong>Dimens\u00f5es<\/strong><br \/>14&#215;14.5&#215;20 cm.<br \/><strong>Peso<\/strong><br \/>1.90 Kg.<br \/><strong>Especifica\u00e7\u00f5es adicionais<\/strong><br \/>A EPSON TM-L90 \u00e9 uma impressora t\u00e9rmica concebida para responder com efici\u00eancia onde a velocidade, a fiabilidade e a clareza de impress\u00e3o fazem a diferen\u00e7a. Pensada para pontos de venda, ambientes de restaura\u00e7\u00e3o e aplica\u00e7\u00f5es profissionais de elevado ritmo, oferece um funcionamento \u00e1gil e constante que otimiza o fluxo de trabalho di\u00e1rio e reduz os tempos de espera, mesmo nos momentos de maior atividade.<br \/>Gra\u00e7as \u00e0 sua tecnologia de impress\u00e3o t\u00e9rmica direta e \u00e0 largura de papel de 80 mm, a TM-L90 garante tal\u00f5es e etiquetas n\u00edtidos, bem definidos e perfeitamente leg\u00edveis. A sua elevada velocidade de impress\u00e3o de at\u00e9 150 mm por segundo, juntamente com uma densidade de 20 caracteres por polegada, permite gerar documentos rapidamente sem comprometer a qualidade. O sistema de corte autom\u00e1tico acrescenta precis\u00e3o e comodidade, enquanto as m\u00faltiplas op\u00e7\u00f5es de liga\u00e7\u00e3o \u2014 porta s\u00e9rie, USB e sa\u00edda para abertura de gaveta \u2014 facilitam uma integra\u00e7\u00e3o simples e flex\u00edvel em qualquer ambiente profissional.<br \/>Robusta, fi\u00e1vel e com uma elegante caixa na cor preta, a EPSON TM-L90 \u00e9 uma escolha segura para quem procura uma impressora t\u00e9rmica profissional capaz de melhorar a produtividade e oferecer uma experi\u00eancia de utiliza\u00e7\u00e3o fluida e sem interrup\u00e7\u00f5es. Uma solu\u00e7\u00e3o vers\u00e1til que acrescenta valor real ao neg\u00f3cio, preparada para trabalhar sem descanso e adaptar-se \u00e0s necessidades de cada instala\u00e7\u00e3o.<br \/><b>Aspeto exterior impec\u00e1vel.<\/b> Veja em \u201c+ Fotos\u201d e \u201cV\u00eddeo\u201d e, se tiver alguma d\u00favida, ligue para n\u00f3s ou utilize o nosso chat para obter mais informa\u00e7\u00f5es ou solicitar mais detalhes.<\/p>\n","protected":false},"excerpt":{"rendered":"<p>T\u00e9rmica \u00b7 Largura do papel 80mm \u00b7 Corte autom\u00e1tico \u00b7 Velocidade de impress\u00e3o 150 mm\/s \u00b7 Caracteres por polegada 20 \u00b7 Serie, USB, Abertura gaveta \u00b7 Caixa cor preto [&#8230;]<\/p>\n<p><a class=\"btn btn-secondary understrap-read-more-link\" href=\"https:\/\/digalco.com\/pt-pt\/produto\/impressora-pos-termica-epson-tm-l90-termica-usb-negra-impecable-recondicionado-pt-14470\/\">Continuar a ler&#8230;<span class=\"screen-reader-text\"> from Impressora POS T\u00e9rmica Epson TM-L90 T\u00e9rmica USB Negra-Impecable | Recondicionado<\/span><\/a><\/p>\n","protected":false},"featured_media":292837,"template":"","meta":[],"product_brand":[3863],"product_cat":[1671,3101,1595,1707],"product_tag":[],"class_list":{"0":"post-292868","1":"product","2":"type-product","3":"status-publish","4":"has-post-thumbnail","6":"product_brand-epson","7":"product_cat-impressoras-pt","8":"product_cat-pos-impressoras-pt","9":"product_cat-pos-pt","10":"product_cat-impressoras-pos-pt","12":"first","13":"instock","14":"taxable","15":"shipping-taxable","16":"purchasable","17":"product-type-simple"},"bundled_by":[],"bundle_stock_status":"instock","bundle_stock_quantity":13,"bundle_virtual":false,"bundle_layout":"","bundle_add_to_cart_form_location":"","bundle_editable_in_cart":false,"bundle_sold_individually_context":"","bundle_item_grouping":"","bundle_min_size":"","bundle_max_size":"","bundle_price":[],"bundled_items":[],"bundle_sell_ids":[],"exclude_global_add_ons":[],"addons":[],"df_price":90,"df_sale_price":"","df_regular_price":90,"df_image_link":"https:\/\/digalco.com\/wp-content\/uploads\/images\/product\/14470\/epso00065_01-300x225.jpg","_links":{"self":[{"href":"https:\/\/digalco.com\/pt-pt\/wp-json\/wp\/v2\/product\/292868","targetHints":{"allow":["GET"]}}],"collection":[{"href":"https:\/\/digalco.com\/pt-pt\/wp-json\/wp\/v2\/product"}],"about":[{"href":"https:\/\/digalco.com\/pt-pt\/wp-json\/wp\/v2\/types\/product"}],"wp:featuredmedia":[{"embeddable":true,"href":"https:\/\/digalco.com\/pt-pt\/wp-json\/wp\/v2\/media\/292837"}],"wp:attachment":[{"href":"https:\/\/digalco.com\/pt-pt\/wp-json\/wp\/v2\/media?parent=292868"}],"wp:term":[{"taxonomy":"product_brand","embeddable":true,"href":"https:\/\/digalco.com\/pt-pt\/wp-json\/wp\/v2\/product_brand?post=292868"},{"taxonomy":"product_cat","embeddable":true,"href":"https:\/\/digalco.com\/pt-pt\/wp-json\/wp\/v2\/product_cat?post=292868"},{"taxonomy":"product_tag","embeddable":true,"href":"https:\/\/digalco.com\/pt-pt\/wp-json\/wp\/v2\/product_tag?post=292868"}],"curies":[{"name":"wp","href":"https:\/\/api.w.org\/{rel}","templated":true}]}}