{"id":293086,"date":"2026-01-13T09:00:51","date_gmt":"2026-01-13T08:00:51","guid":{"rendered":"https:\/\/digalco.com\/tienda\/hp-elitedesk-800-g4-mini-impecable-mini-recondicionado-core-i7-24ghz-16-gb-ram-512-gb-ssd-m2-pt-14627\/"},"modified":"2026-04-15T12:28:44","modified_gmt":"2026-04-15T10:28:44","slug":"hp-elitedesk-800-g4-mini-impecable-mini-recondicionado-core-i7-24ghz-16-gb-ram-512-gb-ssd-m2-pt-14627","status":"publish","type":"product","link":"https:\/\/digalco.com\/pt-pt\/produto\/hp-elitedesk-800-g4-mini-impecable-mini-recondicionado-core-i7-24ghz-16-gb-ram-512-gb-ssd-m2-pt-14627\/","title":{"rendered":"HP EliteDesk 800 G4-Impecable Mini | Recondicionado | Core i7 2.4GHz | 16 GB RAM | 512 GB SSD M2"},"content":{"rendered":"<p><strong>Processador<\/strong><br \/>Intel Core i7 8700T 2.4 GHz.<br \/><strong>Fator de forma<\/strong><br \/>Mini<br \/><strong>Mem\u00f3ria RAM<\/strong><br \/>16 Gb. SO-DDR4 RAM<br \/><strong>Disco r\u00edgido<\/strong><br \/>512 Gb. SSD M2<br \/><strong>Cart\u00f5es<\/strong><br \/>Placa gr\u00e1fica: Intel UHD Graphics 630<br \/>Som: Synaptics HD Audio<br \/>Network: Intel Ethernet Connection I219-LM<br \/><strong>Sistema operativo<\/strong><br \/>Windows 11 Pro<br \/><strong>Portos<\/strong><br \/>6x USB 3.0<br \/>USB-C<br \/><strong>Portas de v\u00eddeo<\/strong><br \/>2x Display Port<br \/><strong>Conectividade<\/strong><br \/>RJ-45<br \/>WIFI<br \/>Bluetooth<br \/><strong>Outros<\/strong><br \/>hR embalagens<br \/><strong>Dimens\u00f5es<\/strong><br \/>18.5x18x4 cm.<br \/><strong>Peso<\/strong><br \/>1.20 Kg.<br \/><strong>Especifica\u00e7\u00f5es adicionais<\/strong><br \/>O HP EliteDesk 800 G4 Mini \u00e9 um computador de mesa profissional ultracompacto, concebido para se adaptar a ambientes de trabalho din\u00e2micos onde o espa\u00e7o, a conectividade e o desempenho s\u00e3o fundamentais. Equipado com o Intel Core i7 8700T, oferece uma pot\u00eancia excecional para multitarefa avan\u00e7ada, aplica\u00e7\u00f5es empresariais e fluxos de trabalho profissionais que exigem agilidade e estabilidade constantes.<br \/>Os seus 16 GB de mem\u00f3ria DDR4, juntamente com um SSD M.2 de 512 GB, garantem um funcionamento r\u00e1pido e fluido, com arranques quase instant\u00e2neos e acesso imediato \u00e0 informa\u00e7\u00e3o. Com o Windows 11 Pro, este PC de mesa empresarial oferece um ambiente seguro, moderno e preparado para a gest\u00e3o profissional e o trabalho colaborativo.<br \/>A inclus\u00e3o de conectividade Wi-Fi integrada proporciona grande flexibilidade de instala\u00e7\u00e3o, permitindo colocar o equipamento em qualquer espa\u00e7o sem depender de cabos de rede, sendo ideal para escrit\u00f3rios modernos, salas de reuni\u00f5es ou postos de trabalho tempor\u00e1rios. O seu formato mini facilita a instala\u00e7\u00e3o atr\u00e1s do monitor ou debaixo da secret\u00e1ria, mantendo um ambiente limpo e organizado.<br \/>Com TPM 2.0 para maior prote\u00e7\u00e3o de dados, funcionamento silencioso e consumo energ\u00e9tico otimizado, este computador fi\u00e1vel para escrit\u00f3rio destaca-se pela sua estabilidade e durabilidade. O HP EliteDesk 800 G4 Mini \u00e9 a solu\u00e7\u00e3o perfeita para quem procura um desktop potente, compacto e conectado, que combine desempenho, seguran\u00e7a e flexibilidade num \u00fanico equipamento.<br \/><b>Aspeto exterior impec\u00e1vel<\/b>. Veja em \u201c+ Fotos\u201d e \u201cV\u00eddeo\u201d e, se tiver alguma d\u00favida, ligue para n\u00f3s ou utilize o nosso chat para obter mais informa\u00e7\u00f5es ou solicitar mais detalhes.<br \/><strong>Coment\u00e1rios<\/strong><br \/><u>Wi-Fi &#8211; 1xM.2 2280 para armazenamento<\/u><\/p>\n","protected":false},"excerpt":{"rendered":"<p>Intel Core i7 8700T 2.4 GHz. \u00b7 16 Gb. SO-DDR4 RAM \u00b7 512 Gb. SSD M2 \u00b7 <strong>Windows 11 Pro \u00b7<br \/>\nWi-Fi<\/strong> &#8211; <u>1xM.2 2280 para armazenamento<br \/>\n<\/u> [&#8230;]<\/p>\n<p><a class=\"btn btn-secondary understrap-read-more-link\" href=\"https:\/\/digalco.com\/pt-pt\/produto\/hp-elitedesk-800-g4-mini-impecable-mini-recondicionado-core-i7-24ghz-16-gb-ram-512-gb-ssd-m2-pt-14627\/\">Continuar a ler&#8230;<span class=\"screen-reader-text\"> from HP EliteDesk 800 G4-Impecable Mini | Recondicionado | Core i7 2.4GHz | 16 GB RAM | 512 GB SSD M2<\/span><\/a><\/p>\n","protected":false},"featured_media":293055,"template":"","meta":[],"product_brand":[3854],"product_cat":[1467,1479],"product_tag":[],"class_list":{"0":"post-293086","1":"product","2":"type-product","3":"status-publish","4":"has-post-thumbnail","6":"product_brand-hp","7":"product_cat-computadores-pt","8":"product_cat-computadores-mini-pt","10":"first","11":"instock","12":"taxable","13":"shipping-taxable","14":"purchasable","15":"product-type-simple"},"bundled_by":[],"bundle_stock_status":"instock","bundle_stock_quantity":3,"bundle_virtual":false,"bundle_layout":"","bundle_add_to_cart_form_location":"","bundle_editable_in_cart":false,"bundle_sold_individually_context":"","bundle_item_grouping":"","bundle_min_size":"","bundle_max_size":"","bundle_price":[],"bundled_items":[],"bundle_sell_ids":[],"exclude_global_add_ons":true,"addons":{"webcam-upgrades":{"name":"Extens\u00e3o Webcam","type":"multiple_choice","position":0,"required":false,"title_format":"heading","default":"","description_enable":false,"description":"","placeholder_enable":false,"placeholder":"","display":"radiobutton","restrictions_type":"any_text","adjust_price":false,"price":"","price_type":"quantity_based","restrictions":false,"min":"0","max":"0","options":[{"label":"Conceptronic AMDIS FullHD [AMP00085]","price":"29.0000","price_type":"quantity_based","image":0,"visibility":true}]},"ram-memory-upgrades":{"name":"Extens\u00e3o RAM","type":"multiple_choice","position":0,"required":false,"title_format":"heading","default":"","description_enable":false,"description":"","placeholder_enable":false,"placeholder":"","display":"radiobutton","restrictions_type":"any_text","adjust_price":false,"price":"","price_type":"quantity_based","restrictions":false,"min":"0","max":"0","options":[{"label":"Extens\u00e3o SODIM RAM 32 Gb [AMP00098]","price":"150.0000","price_type":"quantity_based","image":0,"visibility":true}]},"hdd-upgrades":{"name":"Extens\u00e3o disco r\u00edgido","type":"multiple_choice","position":0,"required":false,"title_format":"heading","default":"","description_enable":false,"description":"","placeholder_enable":false,"placeholder":"","display":"radiobutton","restrictions_type":"any_text","adjust_price":false,"price":"","price_type":"quantity_based","restrictions":false,"min":"0","max":"0","options":[{"label":"Cambio a Disco SSD 1 Tb. M.2 2280 PCIe [AMP00107]","price":165,"price_type":"quantity_based","image":0,"visibility":true},{"label":"Cambio a Disco SSD 2 Tb. M.2 2280 PCIe [AMP00171]","price":260,"price_type":"quantity_based","image":0,"visibility":true},{"label":"SSD adicional de 500 Gb. M.2 2280 PCIe [AMP00108]","price":115,"price_type":"quantity_based","image":0,"visibility":true},{"label":"Disco SSD de 1 TB. M.2 2280 PCIe Adicional [AMP00109]","price":170,"price_type":"quantity_based","image":0,"visibility":true},{"label":"Disco SSD de 2 TB. M.2 2280 PCIe Adicional [AMP00176]","price":265,"price_type":"quantity_based","image":0,"visibility":true}]},"os-upgrades":{"name":"Extens\u00e3o OS","type":"multiple_choice","position":0,"required":false,"title_format":"heading","default":"","description_enable":false,"description":"","placeholder_enable":false,"placeholder":"","display":"radiobutton","restrictions_type":"any_text","adjust_price":false,"price":"","price_type":"quantity_based","restrictions":false,"min":"0","max":"0","options":[{"label":"Alterar idioma para franc\u00eas [AMP00125]","price":"0.0000","price_type":"quantity_based","image":0,"visibility":true},{"label":"Alterar idioma para ingl\u00eas [AMP00008]","price":"0.0000","price_type":"quantity_based","image":0,"visibility":true},{"label":"Alterar idioma para o portugu\u00eas [AMP00009]","price":"0.0000","price_type":"quantity_based","image":0,"visibility":true}]},"keyboard-upgrades":{"name":"Extens\u00e3o teclado","type":"multiple_choice","position":0,"required":false,"title_format":"heading","default":"","description_enable":false,"description":"","placeholder_enable":false,"placeholder":"","display":"radiobutton","restrictions_type":"any_text","adjust_price":false,"price":"","price_type":"quantity_based","restrictions":false,"min":"0","max":"0","options":[{"label":"Teclado e Mouse [AMP00020]","price":"8.0000","price_type":"quantity_based","image":0,"visibility":true},{"label":"Teclado e Mouse Portugu\u00e9s Nuevo [AMP00088]","price":"15.0000","price_type":"quantity_based","image":0,"visibility":true},{"label":"Teclado e mouse USB em espanhol (Novo) [AMP00068]","price":"12.0000","price_type":"quantity_based","image":0,"visibility":true}]}},"df_price":356,"df_sale_price":"","df_regular_price":356,"df_image_link":"https:\/\/digalco.com\/wp-content\/uploads\/images\/product\/14627\/hp03230_01-300x225.jpg","_links":{"self":[{"href":"https:\/\/digalco.com\/pt-pt\/wp-json\/wp\/v2\/product\/293086","targetHints":{"allow":["GET"]}}],"collection":[{"href":"https:\/\/digalco.com\/pt-pt\/wp-json\/wp\/v2\/product"}],"about":[{"href":"https:\/\/digalco.com\/pt-pt\/wp-json\/wp\/v2\/types\/product"}],"wp:featuredmedia":[{"embeddable":true,"href":"https:\/\/digalco.com\/pt-pt\/wp-json\/wp\/v2\/media\/293055"}],"wp:attachment":[{"href":"https:\/\/digalco.com\/pt-pt\/wp-json\/wp\/v2\/media?parent=293086"}],"wp:term":[{"taxonomy":"product_brand","embeddable":true,"href":"https:\/\/digalco.com\/pt-pt\/wp-json\/wp\/v2\/product_brand?post=293086"},{"taxonomy":"product_cat","embeddable":true,"href":"https:\/\/digalco.com\/pt-pt\/wp-json\/wp\/v2\/product_cat?post=293086"},{"taxonomy":"product_tag","embeddable":true,"href":"https:\/\/digalco.com\/pt-pt\/wp-json\/wp\/v2\/product_tag?post=293086"}],"curies":[{"name":"wp","href":"https:\/\/api.w.org\/{rel}","templated":true}]}}