{"id":294637,"date":"2026-01-20T17:41:01","date_gmt":"2026-01-20T16:41:01","guid":{"rendered":"https:\/\/digalco.com\/tienda\/dell-precision-5550-156-recondicionado-core-i7-27ghz-32-gb-ram-2048-gb-ssd-m2-1920x1200-pt-14377\/"},"modified":"2026-03-31T15:30:19","modified_gmt":"2026-03-31T13:30:19","slug":"dell-precision-5550-156-recondicionado-core-i7-27ghz-32-gb-ram-2048-gb-ssd-m2-1920x1200-pt-14377","status":"publish","type":"product","link":"https:\/\/digalco.com\/pt-pt\/produto\/dell-precision-5550-156-recondicionado-core-i7-27ghz-32-gb-ram-2048-gb-ssd-m2-1920x1200-pt-14377\/","title":{"rendered":"Dell Precision 5550 15.6&#8221; | Recondicionado | Core i7 2.7GHz | 32 GB RAM | 2048 GB SSD M2 1920&#215;1200"},"content":{"rendered":"<p><strong>Processador<\/strong><br \/>Intel Core i7 10850H 2.7 GHz.<br \/><strong>Mem\u00f3ria RAM<\/strong><br \/>32 Gb. SO-DDR4 RAM<br \/><strong>Disco r\u00edgido<\/strong><br \/>2.00 Tb. SSD M2<br \/><strong>Cart\u00f5es<\/strong><br \/>Placa gr\u00e1fica: nVidia Quadro T2000 4Gb. GDDR5 \/ Intel UHD Graphics<br \/>Som: Realtek Audio<br \/><strong>Sistema operativo<\/strong><br \/>Windows 11 Pro<br \/><strong>Portos<\/strong><br \/>2x Thunderbolt<br \/>USB-C<br \/><strong>Tela<\/strong><br \/>IPS 15.6 &#8221; FullHD 16:9  \u00b7 Resolu\u00e7\u00e3o 1920&#215;1200<br \/><strong>Multim\u00eddia<\/strong><br \/>Webcam<br \/>Leitor SD<br \/><strong>Conectividade<\/strong><br \/>WIFI<br \/>Bluetooth<br \/><strong>Espec\u00edfico laptop<\/strong><br \/>Layout do teclado Internacional (adesivos espanhol)<br \/><strong>Outros<\/strong><br \/>hR embalagens<br \/><strong>Dimens\u00f5es<\/strong><br \/>34x23x2 cm.<br \/><strong>Peso<\/strong><br \/>1.80 Kg.<br \/><strong>Especifica\u00e7\u00f5es adicionais<\/strong><br \/>O Dell Precision 5550 \u00e9 uma workstation port\u00e1til de alto n\u00edvel projetada para profissionais que exigem pot\u00eancia, fiabilidade e capacidade de armazenamento excecional em um formato elegante e compacto. Equipado com o processador Intel Core i7-10850H, lida com cargas de trabalho exigentes, como design 3D, edi\u00e7\u00e3o de v\u00eddeo profissional, engenharia, simula\u00e7\u00e3o e aplica\u00e7\u00f5es t\u00e9cnicas avan\u00e7adas com facilidade. Os 32 GB de mem\u00f3ria DDR4 e o SSD M.2 de 2 TB proporcionam desempenho ultra fluido, arranque r\u00e1pido e amplo espa\u00e7o de armazenamento para grandes projetos e dados cr\u00edticos.<br \/>O ecr\u00e3 IPS FullHD+ de 15,6 polegadas (1920&#215;1200) em formato 16:9 oferece imagens n\u00edtidas, cores precisas e uma \u00e1rea de trabalho ampliada para melhorar a produtividade em qualquer ambiente profissional. A placa gr\u00e1fica profissional NVIDIA Quadro T2000 Max-Q com 4 GB GDDR5 garante compatibilidade certificada com software profissional, acelera\u00e7\u00e3o por hardware e estabilidade em tarefas gr\u00e1ficas avan\u00e7adas.<br \/>Com TPM 2.0, leitor de cart\u00f5es SD e Windows 11 Pro, o Dell Precision 5550 oferece um ambiente seguro e moderno, pronto para fluxos de trabalho profissionais exigentes. Inclui ainda um slot M.2 2280 adicional para expans\u00e3o futura de armazenamento. Robusto, elegante e preparado para projetos intensivos, o Dell Precision 5550 \u00e9 a escolha definitiva para quem procura uma workstation port\u00e1til profissional de alto desempenho, com pot\u00eancia, capacidade e fiabilidade de n\u00edvel superior.<br \/>Bom aspeto exterior. Se tiver alguma d\u00favida, ligue-nos ou use o nosso chat para mais informa\u00e7\u00f5es ou solicitar detalhes adicionais.<br \/><strong>Coment\u00e1rios<\/strong><br \/><u>nVidia Quadro T2000 MAx-Q 4Gb. GDDR5 &#8211; 1xM.2 2280 para armazenamento<\/u><\/p>\n","protected":false},"excerpt":{"rendered":"<p>Intel Core i7 10850H 2.7 GHz. \u00b7 32 Gb. SO-DDR4 RAM \u00b7 2.00 Tb. SSD M2 \u00b7 <strong>Windows 11 Pro<\/strong> \u00b7 IPS 15.6 &#8221; FullHD 16:9 \u00b7 Webcam \u00b7<br \/>\n<strong>nVidia Quadro T2000 MAx-Q 4Gb. GDDR5<\/strong> &#8211; <u>1xM.2 2280 para armazenamento \u00b7Teclado internacional com stickers em Portugu\u00eas<\/u> [&#8230;]<\/p>\n<p><a class=\"btn btn-secondary understrap-read-more-link\" href=\"https:\/\/digalco.com\/pt-pt\/produto\/dell-precision-5550-156-recondicionado-core-i7-27ghz-32-gb-ram-2048-gb-ssd-m2-1920x1200-pt-14377\/\">Continuar a ler&#8230;<span class=\"screen-reader-text\"> from Dell Precision 5550 15.6&#8221; | Recondicionado | Core i7 2.7GHz | 32 GB RAM | 2048 GB SSD M2 1920&#215;1200<\/span><\/a><\/p>\n","protected":false},"featured_media":294611,"template":"","meta":[],"product_brand":[3852],"product_cat":[3136,1515,1523],"product_tag":[],"class_list":{"0":"post-294637","1":"product","2":"type-product","3":"status-publish","4":"has-post-thumbnail","6":"product_brand-dell","7":"product_cat-laptops-15-16-pt","8":"product_cat-laptops-pt","9":"product_cat-laptops-workstations-pt","11":"first","12":"instock","13":"taxable","14":"shipping-taxable","15":"purchasable","16":"product-type-simple"},"bundled_by":[],"bundle_stock_status":"instock","bundle_stock_quantity":1,"bundle_virtual":false,"bundle_layout":"","bundle_add_to_cart_form_location":"","bundle_editable_in_cart":false,"bundle_sold_individually_context":"","bundle_item_grouping":"","bundle_min_size":"","bundle_max_size":"","bundle_price":[],"bundled_items":[],"bundle_sell_ids":[],"exclude_global_add_ons":true,"addons":{"keyboard-iso-upgrades":{"name":"Selecione idioma teclado","type":"multiple_choice","position":0,"required":false,"title_format":"heading","default":"","description_enable":false,"description":"","placeholder_enable":false,"placeholder":"","display":"radiobutton","restrictions_type":"any_text","adjust_price":false,"price":"","price_type":"quantity_based","restrictions":false,"min":"0","max":"0","options":[{"label":"Pegatinas Espanhol [AMP00082]","price":"0.0000","price_type":"quantity_based","image":0,"visibility":true},{"label":"Pegatinas Franc\u00e9s [AMP00084]","price":"0.0000","price_type":"quantity_based","image":0,"visibility":true},{"label":"Pegatinas Portugues [AMP00083]","price":"0.0000","price_type":"quantity_based","image":0,"visibility":true}]},"ram-memory-upgrades":{"name":"Extens\u00e3o RAM","type":"multiple_choice","position":0,"required":false,"title_format":"heading","default":"","description_enable":false,"description":"","placeholder_enable":false,"placeholder":"","display":"radiobutton","restrictions_type":"any_text","adjust_price":false,"price":"","price_type":"quantity_based","restrictions":false,"min":"0","max":"0","options":[{"label":"Extens\u00e3o RAM DDR4 ECC 64 Gb [AMP00134]","price":"230.0000","price_type":"quantity_based","image":0,"visibility":true}]},"hdd-upgrades":{"name":"Extens\u00e3o disco r\u00edgido","type":"multiple_choice","position":0,"required":false,"title_format":"heading","default":"","description_enable":false,"description":"","placeholder_enable":false,"placeholder":"","display":"radiobutton","restrictions_type":"any_text","adjust_price":false,"price":"","price_type":"quantity_based","restrictions":false,"min":"0","max":"0","options":[{"label":"SSD adicional de 500 Gb. M.2 2280 PCIe [AMP00108]","price":"115.0000","price_type":"quantity_based","image":0,"visibility":true},{"label":"Disco SSD de 1 TB. M.2 2280 PCIe Adicional [AMP00109]","price":"170.0000","price_type":"quantity_based","image":0,"visibility":true},{"label":"Disco SSD de 2 TB. M.2 2280 PCIe Adicional [AMP00176]","price":"265.0000","price_type":"quantity_based","image":0,"visibility":true}]},"os-upgrades":{"name":"Extens\u00e3o OS","type":"multiple_choice","position":0,"required":false,"title_format":"heading","default":"","description_enable":false,"description":"","placeholder_enable":false,"placeholder":"","display":"radiobutton","restrictions_type":"any_text","adjust_price":false,"price":"","price_type":"quantity_based","restrictions":false,"min":"0","max":"0","options":[{"label":"Alterar idioma para franc\u00eas [AMP00125]","price":"0.0000","price_type":"quantity_based","image":0,"visibility":true},{"label":"Alterar idioma para ingl\u00eas [AMP00008]","price":"0.0000","price_type":"quantity_based","image":0,"visibility":true},{"label":"Alterar idioma para o portugu\u00eas [AMP00009]","price":"0.0000","price_type":"quantity_based","image":0,"visibility":true}]},"briefcase-upgrades":{"name":"Maleta","type":"multiple_choice","position":0,"required":false,"title_format":"heading","default":"","description_enable":false,"description":"","placeholder_enable":false,"placeholder":"","display":"radiobutton","restrictions_type":"any_text","adjust_price":false,"price":"","price_type":"quantity_based","restrictions":false,"min":"0","max":"0","options":[{"label":"Maleta Port\u00e1til [AMP00041]","price":"5.0000","price_type":"quantity_based","image":0,"visibility":true}]}},"df_price":786,"df_sale_price":"","df_regular_price":786,"df_image_link":"https:\/\/digalco.com\/wp-content\/uploads\/images\/product\/14377\/dell01560_01-300x225.jpg","_links":{"self":[{"href":"https:\/\/digalco.com\/pt-pt\/wp-json\/wp\/v2\/product\/294637","targetHints":{"allow":["GET"]}}],"collection":[{"href":"https:\/\/digalco.com\/pt-pt\/wp-json\/wp\/v2\/product"}],"about":[{"href":"https:\/\/digalco.com\/pt-pt\/wp-json\/wp\/v2\/types\/product"}],"wp:featuredmedia":[{"embeddable":true,"href":"https:\/\/digalco.com\/pt-pt\/wp-json\/wp\/v2\/media\/294611"}],"wp:attachment":[{"href":"https:\/\/digalco.com\/pt-pt\/wp-json\/wp\/v2\/media?parent=294637"}],"wp:term":[{"taxonomy":"product_brand","embeddable":true,"href":"https:\/\/digalco.com\/pt-pt\/wp-json\/wp\/v2\/product_brand?post=294637"},{"taxonomy":"product_cat","embeddable":true,"href":"https:\/\/digalco.com\/pt-pt\/wp-json\/wp\/v2\/product_cat?post=294637"},{"taxonomy":"product_tag","embeddable":true,"href":"https:\/\/digalco.com\/pt-pt\/wp-json\/wp\/v2\/product_tag?post=294637"}],"curies":[{"name":"wp","href":"https:\/\/api.w.org\/{rel}","templated":true}]}}