{"id":294668,"date":"2026-01-21T09:44:07","date_gmt":"2026-01-21T08:44:07","guid":{"rendered":"https:\/\/digalco.com\/tienda\/dell-poweredge-t430-torre-recondicionado-xeon-deca-core-26ghz-32-gb-ram-600-gb-sas-pt-14642\/"},"modified":"2026-04-08T17:08:12","modified_gmt":"2026-04-08T15:08:12","slug":"dell-poweredge-t430-torre-recondicionado-xeon-deca-core-26ghz-32-gb-ram-600-gb-sas-pt-14642","status":"publish","type":"product","link":"https:\/\/digalco.com\/pt-pt\/produto\/dell-poweredge-t430-torre-recondicionado-xeon-deca-core-26ghz-32-gb-ram-600-gb-sas-pt-14642\/","title":{"rendered":"Dell PowerEdge T430 Torre | Recondicionado | Xeon Deca Core 2.6GHz | 32 GB RAM | 600 GB SAS"},"content":{"rendered":"<p><strong>Processador<\/strong><br \/>Intel Xeon Deca Core E5-2660 V3 2.6 GHz.<br \/><strong>Fator de forma<\/strong><br \/>Torre<br \/><strong>Mem\u00f3ria RAM<\/strong><br \/>32 Gb. DDR4 RAM<br \/>12 ba\u00edas (10 vazio )<br \/><strong>Disco r\u00edgido<\/strong><br \/>4x 600 Gb. SAS 2.5&#8221; 10krpm<br \/>8 ba\u00edas (4 vazio )<br \/><strong>Drive \u00f3ptico<\/strong><br \/>DVD<br \/><strong>Cart\u00f5es<\/strong><br \/>Placa gr\u00e1fica: d200ER2<br \/>Network: Broadcom 5720<br \/><strong>Sistema operativo<\/strong><br \/>&#8211; Sem sistema operativo &#8211;<br \/><strong>Portos<\/strong><br \/>S\u00e9rie<br \/>5x USB 2.0<br \/>3x USB 3.0<br \/><strong>Conectividade<\/strong><br \/>2x RJ-45<br \/><strong>Alimenta\u00e7\u00e3o<\/strong><br \/>2x Fontes de alimenta\u00e7\u00e3o (Hotplug)<br \/><strong>Outros<\/strong><br \/>hR embalagens<br \/><strong>Dimens\u00f5es<\/strong><br \/>71&#215;44.5&#215;22 cm.<br \/><strong>Peso<\/strong><br \/>28.25 Kg.<br \/><strong>Especifica\u00e7\u00f5es adicionais<\/strong><br \/>O Dell PowerEdge T430 \u00e9 um servidor em torre concebido para ambientes profissionais que exigem alto desempenho, fiabilidade e capacidade de crescimento a m\u00e9dio e longo prazo. Equipado com um Intel Xeon Deca Core E5-2660 v3, oferece excelente capacidade de processamento para virtualiza\u00e7\u00e3o, bases de dados, aplica\u00e7\u00f5es empresariais e servi\u00e7os cr\u00edticos.<br \/>Os seus 32 GB de mem\u00f3ria DDR4 garantem estabilidade e fluidez em cargas de trabalho exigentes, enquanto o controlador RAID H330 oferece seguran\u00e7a e flexibilidade na gest\u00e3o do armazenamento.<br \/>Os 4 discos SAS de 600 GB a 10K rpm proporcionam um equil\u00edbrio \u00f3timo entre velocidade e fiabilidade, ideal para ambientes produtivos.<br \/>O seu formato em torre permite uma integra\u00e7\u00e3o f\u00e1cil em escrit\u00f3rios ou salas t\u00e9cnicas, reduzindo custos face a solu\u00e7\u00f5es rack tradicionais.<br \/>Um servidor robusto, silencioso e preparado para crescer juntamente com a sua infraestrutura de TI, perfeito para PME, ambientes profissionais e projetos de consolida\u00e7\u00e3o de servidores.<br \/>Uma aposta segura em servidores Dell PowerEdge, onde fiabilidade e desempenho andam de m\u00e3os dadas.<br \/>Bom aspeto exterior. Se tiver alguma d\u00favida, ligue-nos ou utilize o nosso chat para ampliar a informa\u00e7\u00e3o ou solicitar mais detalhes.<br \/><strong>Coment\u00e1rios<\/strong><br \/><u>H330 Raid Controller &#8211; 4xPCIe 3.0 \/ 2xPCIe 2.0<\/u><\/p>\n","protected":false},"excerpt":{"rendered":"<p>Intel Xeon Deca Core E5-2660 V3 2.6 GHz. \u00b7 32 Gb. DDR4 RAM \u00b7 12 ba\u00edas (10 vazio ) \u00b7 4x 600 Gb. SAS 2.5&#8221; 10krpm \u00b7 8 ba\u00edas (4 vazio ) \u00b7 DVD \u00b7<br \/>\n<strong>H330 Raid Controller<\/strong> &#8211; <u>4xPCIe 3.0 \/ 2xPCIe 2.0<br \/>\n<\/u> [&#8230;]<\/p>\n<p><a class=\"btn btn-secondary understrap-read-more-link\" href=\"https:\/\/digalco.com\/pt-pt\/produto\/dell-poweredge-t430-torre-recondicionado-xeon-deca-core-26ghz-32-gb-ram-600-gb-sas-pt-14642\/\">Continuar a ler&#8230;<span class=\"screen-reader-text\"> from Dell PowerEdge T430 Torre | Recondicionado | Xeon Deca Core 2.6GHz | 32 GB RAM | 600 GB SAS<\/span><\/a><\/p>\n","protected":false},"featured_media":294657,"template":"","meta":[],"product_brand":[3852],"product_cat":[1631,1643],"product_tag":[],"class_list":{"0":"post-294668","1":"product","2":"type-product","3":"status-publish","4":"has-post-thumbnail","6":"product_brand-dell","7":"product_cat-servidores-pt","8":"product_cat-servidores-torre-pt","10":"first","11":"instock","12":"taxable","13":"shipping-taxable","14":"purchasable","15":"product-type-simple"},"bundled_by":[],"bundle_stock_status":"instock","bundle_stock_quantity":18,"bundle_virtual":false,"bundle_layout":"","bundle_add_to_cart_form_location":"","bundle_editable_in_cart":false,"bundle_sold_individually_context":"","bundle_item_grouping":"","bundle_min_size":"","bundle_max_size":"","bundle_price":[],"bundled_items":[],"bundle_sell_ids":[],"exclude_global_add_ons":true,"addons":{"hdd-upgrades":{"name":"Extens\u00e3o disco r\u00edgido","type":"multiple_choice","position":0,"required":false,"title_format":"heading","default":"","description_enable":false,"description":"","placeholder_enable":false,"placeholder":"","display":"radiobutton","restrictions_type":"any_text","adjust_price":false,"price":"","price_type":"quantity_based","restrictions":false,"min":"0","max":"0","options":[{"label":"2x Disco SSD 240 Gb. [AMP00058]","price":"100.0000","price_type":"quantity_based","image":0,"visibility":true},{"label":"2x Disco SSD 480 Gb. [AMP00059]","price":"200.0000","price_type":"quantity_based","image":0,"visibility":true}]}},"df_price":669,"df_sale_price":"","df_regular_price":669,"df_image_link":"https:\/\/digalco.com\/wp-content\/uploads\/images\/product\/14642\/dell01629_01-300x225.jpg","_links":{"self":[{"href":"https:\/\/digalco.com\/pt-pt\/wp-json\/wp\/v2\/product\/294668","targetHints":{"allow":["GET"]}}],"collection":[{"href":"https:\/\/digalco.com\/pt-pt\/wp-json\/wp\/v2\/product"}],"about":[{"href":"https:\/\/digalco.com\/pt-pt\/wp-json\/wp\/v2\/types\/product"}],"wp:featuredmedia":[{"embeddable":true,"href":"https:\/\/digalco.com\/pt-pt\/wp-json\/wp\/v2\/media\/294657"}],"wp:attachment":[{"href":"https:\/\/digalco.com\/pt-pt\/wp-json\/wp\/v2\/media?parent=294668"}],"wp:term":[{"taxonomy":"product_brand","embeddable":true,"href":"https:\/\/digalco.com\/pt-pt\/wp-json\/wp\/v2\/product_brand?post=294668"},{"taxonomy":"product_cat","embeddable":true,"href":"https:\/\/digalco.com\/pt-pt\/wp-json\/wp\/v2\/product_cat?post=294668"},{"taxonomy":"product_tag","embeddable":true,"href":"https:\/\/digalco.com\/pt-pt\/wp-json\/wp\/v2\/product_tag?post=294668"}],"curies":[{"name":"wp","href":"https:\/\/api.w.org\/{rel}","templated":true}]}}