{"id":294821,"date":"2026-01-21T15:51:27","date_gmt":"2026-01-21T14:51:27","guid":{"rendered":"https:\/\/digalco.com\/tienda\/lenovo-thinkcentre-m70s-sff-recondicionado-core-i5-29ghz-16-gb-ram-512-gb-ssd-m2-pt-14658\/"},"modified":"2026-02-23T10:35:49","modified_gmt":"2026-02-23T09:35:49","slug":"lenovo-thinkcentre-m70s-sff-recondicionado-core-i5-29ghz-16-gb-ram-512-gb-ssd-m2-pt-14658","status":"publish","type":"product","link":"https:\/\/digalco.com\/pt-pt\/produto\/lenovo-thinkcentre-m70s-sff-recondicionado-core-i5-29ghz-16-gb-ram-512-gb-ssd-m2-pt-14658\/","title":{"rendered":"Lenovo ThinkCentre M70S SFF | Recondicionado | Core i5 2.9GHz | 16 GB RAM | 512 GB SSD M2"},"content":{"rendered":"<p><strong>Processador<\/strong><br \/>Intel Core i5 10400F 2.9 GHz.<br \/><strong>Fator de forma<\/strong><br \/>SFF<br \/><strong>Mem\u00f3ria RAM<\/strong><br \/>16 Gb. DDR4 RAM<br \/><strong>Disco r\u00edgido<\/strong><br \/>512 Gb. SSD M2<br \/><strong>Drive \u00f3ptico<\/strong><br \/>DVD-RW<br \/><strong>Cart\u00f5es<\/strong><br \/>Placa gr\u00e1fica: nVidia Quadro P400 2GB GDDR5<br \/>Som: NVIDIA High Definiton Audio \/ Realtek audio<br \/>Network: Intel ethernet connectionI219-V<br \/><strong>Sistema operativo<\/strong><br \/>Windows 11 Pro<br \/><strong>Portos<\/strong><br \/>S\u00e9rie<br \/>4x USB 2.0<br \/>USB-C<br \/>4x USB 3.1<br \/><strong>Portas de v\u00eddeo<\/strong><br \/>3x Mini Display Port<br \/><strong>Conectividade<\/strong><br \/>RJ-45<br \/><strong>Outros<\/strong><br \/>hR embalagens<br \/><strong>Dimens\u00f5es<\/strong><br \/>29x9x34 cm.<br \/><strong>Peso<\/strong><br \/>4.10 Kg.<br \/><strong>Especifica\u00e7\u00f5es adicionais<\/strong><br \/>O LENOVO ThinkCentre M70s SFF \u00e9 um computador de secret\u00e1ria profissional concebido para oferecer desempenho est\u00e1vel e fiabilidade em ambientes de trabalho exigentes. Equipado com o processador Intel Core i5-10400F, fornece a pot\u00eancia necess\u00e1ria para multitarefa avan\u00e7ada, aplica\u00e7\u00f5es empresariais e fluxos de trabalho t\u00e9cnicos com total fluidez.Gra\u00e7as aos seus 16 GB de mem\u00f3ria DDR4 e ao SSD M.2 de 512 GB, o sistema destaca-se pelos arranques r\u00e1pidos e pela resposta \u00e1gil no uso di\u00e1rio. Com o Windows 11 Pro, apresenta-se como um PC empresarial preparado para ambientes modernos que exigem seguran\u00e7a e estabilidade.Um dos seus principais diferenciais \u00e9 a placa gr\u00e1fica dedicada NVIDIA Quadro P400 com 2 GB de GDDR5, ideal para configura\u00e7\u00f5es multimonitor, aplica\u00e7\u00f5es de visualiza\u00e7\u00e3o profissional e software t\u00e9cnico leve. Tudo isto num formato SFF, que otimiza o espa\u00e7o sem abdicar da capacidade de expans\u00e3o, gra\u00e7as \u00e0s ranhuras PCIe X16 e X1.Com TPM 2.0, unidade DVD-RW para compatibilidade com suportes f\u00edsicos e a reconhecida qualidade de constru\u00e7\u00e3o da Lenovo, este equipamento fi\u00e1vel para escrit\u00f3rio e ambientes t\u00e9cnicos \u00e9 uma op\u00e7\u00e3o equilibrada para quem procura um desktop compacto, potente e gr\u00e1fico, com elevado n\u00edvel de estabilidade e rentabilidade profissional.Bom aspeto exterior. Veja \u201c+ Fotos\u201d e, se tiver alguma d\u00favida, ligue-nos ou utilize o nosso chat para obter mais informa\u00e7\u00f5es ou solicitar mais detalhes.<br \/><strong>Coment\u00e1rios<\/strong><br \/><u>nVidia Quadro P400 2GB GDDR5 &#8211; 1xPCIe X16 \/ 1xPCIe X1<\/u><\/p>\n","protected":false},"excerpt":{"rendered":"<p>Intel Core i5 10400F 2.9 GHz. \u00b7 16 Gb. DDR4 RAM \u00b7 512 Gb. SSD M2 \u00b7 DVD-RW \u00b7 <strong>Windows 11 Pro \u00b7<br \/>\nnVidia Quadro P400 2GB GDDR5<\/strong> &#8211; <u>1xPCIe X16 \/ 1xPCIe X1<br \/>\n<\/u> [&#8230;]<\/p>\n<p><a class=\"btn btn-secondary understrap-read-more-link\" href=\"https:\/\/digalco.com\/pt-pt\/produto\/lenovo-thinkcentre-m70s-sff-recondicionado-core-i5-29ghz-16-gb-ram-512-gb-ssd-m2-pt-14658\/\">Continuar a ler&#8230;<span class=\"screen-reader-text\"> from Lenovo ThinkCentre M70S SFF | Recondicionado | Core i5 2.9GHz | 16 GB RAM | 512 GB SSD M2<\/span><\/a><\/p>\n","protected":false},"featured_media":294790,"template":"","meta":[],"product_brand":[3856],"product_cat":[1467,2417],"product_tag":[],"class_list":{"0":"post-294821","1":"product","2":"type-product","3":"status-publish","4":"has-post-thumbnail","6":"product_brand-lenovo","7":"product_cat-computadores-pt","8":"product_cat-computadores-intel-core-i5-pt","10":"first","11":"outofstock","12":"taxable","13":"shipping-taxable","14":"purchasable","15":"product-type-simple"},"bundled_by":["295309","295323"],"bundle_stock_status":"outofstock","bundle_stock_quantity":0,"bundle_virtual":false,"bundle_layout":"","bundle_add_to_cart_form_location":"","bundle_editable_in_cart":false,"bundle_sold_individually_context":"","bundle_item_grouping":"","bundle_min_size":"","bundle_max_size":"","bundle_price":[],"bundled_items":[],"bundle_sell_ids":[],"exclude_global_add_ons":true,"addons":{"ram-memory-upgrades":{"name":"Extens\u00e3o RAM","type":"multiple_choice","position":0,"required":false,"title_format":"heading","default":"","description_enable":false,"description":"","placeholder_enable":false,"placeholder":"","display":"radiobutton","restrictions_type":"any_text","adjust_price":false,"price":"","price_type":"quantity_based","restrictions":false,"min":"0","max":"0","options":[{"label":"Extens\u00e3o DIMM RAM 32 Gb [AMP00122]","price":"150.0000","price_type":"quantity_based","image":0,"visibility":true}]},"hdd-upgrades":{"name":"Extens\u00e3o disco r\u00edgido","type":"multiple_choice","position":0,"required":false,"title_format":"heading","default":"","description_enable":false,"description":"","placeholder_enable":false,"placeholder":"","display":"radiobutton","restrictions_type":"any_text","adjust_price":false,"price":"","price_type":"quantity_based","restrictions":false,"min":"0","max":"0","options":[{"label":"Cambio a Disco SSD 1 Tb. M.2 2280 PCIe [AMP00107]","price":"120.0000","price_type":"quantity_based","image":0,"visibility":true},{"label":"Cambio a Disco SSD 2 Tb. M.2 2280 PCIe [AMP00171]","price":"200.0000","price_type":"quantity_based","image":0,"visibility":true},{"label":"SSD adicional de 500 Gb. M.2 2280 PCIe [AMP00108]","price":"70.0000","price_type":"quantity_based","image":0,"visibility":true},{"label":"Disco SSD de 1 TB. M.2 2280 PCIe Adicional [AMP00109]","price":"125.0000","price_type":"quantity_based","image":0,"visibility":true},{"label":"Disco SSD de 2 TB. M.2 2280 PCIe Adicional [AMP00176]","price":"205.0000","price_type":"quantity_based","image":0,"visibility":true}]},"network-card-upgrades":{"name":"Extens\u00e3o WIFI","type":"multiple_choice","position":0,"required":false,"title_format":"heading","default":"","description_enable":false,"description":"","placeholder_enable":false,"placeholder":"","display":"radiobutton","restrictions_type":"any_text","adjust_price":false,"price":"","price_type":"quantity_based","restrictions":false,"min":"0","max":"0","options":[{"label":"Ampliaci\u00f3n a Tarj. Wi-Fi PCI [AMP00017]","price":"15.0000","price_type":"quantity_based","image":0,"visibility":true},{"label":"Ampliaci\u00f3n a Wireless nano USB [AMP00018]","price":"12.0000","price_type":"quantity_based","image":0,"visibility":true}]},"os-upgrades":{"name":"Extens\u00e3o OS","type":"multiple_choice","position":0,"required":false,"title_format":"heading","default":"","description_enable":false,"description":"","placeholder_enable":false,"placeholder":"","display":"radiobutton","restrictions_type":"any_text","adjust_price":false,"price":"","price_type":"quantity_based","restrictions":false,"min":"0","max":"0","options":[{"label":"Alterar idioma para franc\u00eas [AMP00125]","price":"0.0000","price_type":"quantity_based","image":0,"visibility":true},{"label":"Alterar idioma para ingl\u00eas [AMP00008]","price":"0.0000","price_type":"quantity_based","image":0,"visibility":true},{"label":"Alterar idioma para o portugu\u00eas [AMP00009]","price":"0.0000","price_type":"quantity_based","image":0,"visibility":true}]},"keyboard-upgrades":{"name":"Extens\u00e3o teclado","type":"multiple_choice","position":0,"required":false,"title_format":"heading","default":"","description_enable":false,"description":"","placeholder_enable":false,"placeholder":"","display":"radiobutton","restrictions_type":"any_text","adjust_price":false,"price":"","price_type":"quantity_based","restrictions":false,"min":"0","max":"0","options":[{"label":"Teclado e Mouse [AMP00020]","price":"8.0000","price_type":"quantity_based","image":0,"visibility":true},{"label":"Teclado e Mouse Portugu\u00e9s Nuevo [AMP00088]","price":"15.0000","price_type":"quantity_based","image":0,"visibility":true},{"label":"Teclado e mouse USB em espanhol (Novo) [AMP00068]","price":"12.0000","price_type":"quantity_based","image":0,"visibility":true}]}},"df_price":373,"df_sale_price":"","df_regular_price":373,"df_image_link":"https:\/\/digalco.com\/wp-content\/uploads\/images\/product\/14658\/leno01137_01-300x225.jpg","_links":{"self":[{"href":"https:\/\/digalco.com\/pt-pt\/wp-json\/wp\/v2\/product\/294821","targetHints":{"allow":["GET"]}}],"collection":[{"href":"https:\/\/digalco.com\/pt-pt\/wp-json\/wp\/v2\/product"}],"about":[{"href":"https:\/\/digalco.com\/pt-pt\/wp-json\/wp\/v2\/types\/product"}],"wp:featuredmedia":[{"embeddable":true,"href":"https:\/\/digalco.com\/pt-pt\/wp-json\/wp\/v2\/media\/294790"}],"wp:attachment":[{"href":"https:\/\/digalco.com\/pt-pt\/wp-json\/wp\/v2\/media?parent=294821"}],"wp:term":[{"taxonomy":"product_brand","embeddable":true,"href":"https:\/\/digalco.com\/pt-pt\/wp-json\/wp\/v2\/product_brand?post=294821"},{"taxonomy":"product_cat","embeddable":true,"href":"https:\/\/digalco.com\/pt-pt\/wp-json\/wp\/v2\/product_cat?post=294821"},{"taxonomy":"product_tag","embeddable":true,"href":"https:\/\/digalco.com\/pt-pt\/wp-json\/wp\/v2\/product_tag?post=294821"}],"curies":[{"name":"wp","href":"https:\/\/api.w.org\/{rel}","templated":true}]}}