{"id":295404,"date":"2026-01-27T09:40:27","date_gmt":"2026-01-27T08:40:27","guid":{"rendered":"https:\/\/digalco.com\/tienda\/microsoft-surface-pro-7-plus-kit-portugues-recondicionado-pt-13928-bundle\/"},"modified":"2026-01-27T09:40:32","modified_gmt":"2026-01-27T08:40:32","slug":"microsoft-surface-pro-7-plus-kit-portugues-recondicionado-pt-13928-bundle","status":"publish","type":"product","link":"https:\/\/digalco.com\/pt-pt\/produto\/microsoft-surface-pro-7-plus-kit-portugues-recondicionado-pt-13928-bundle\/","title":{"rendered":"Microsoft Surface Pro 7 Plus Kit Portugu\u00e9s | Recondicionado (Bundle)"},"content":{"rendered":"<p><strong>Processador<\/strong><br \/>Intel Core i5 1135G7 2.4 GHz.<br \/><strong>Mem\u00f3ria RAM<\/strong><br \/>16 Gb. SO-DDR4 RAM<br \/><strong>Disco r\u00edgido<\/strong><br \/>256 Gb. SSD M2<br \/><strong>Cart\u00f5es<\/strong><br \/>Placa gr\u00e1fica: Intel Iris Xe Graphics<br \/>Som: High Definition Audio<br \/><strong>Sistema operativo<\/strong><br \/>Windows 11 Pro<br \/><strong>Portos<\/strong><br \/>USB 3.0<br \/>USB-C<br \/><strong>Tela<\/strong><br \/>T\u00e1til 12.3 &#8221; 2K 16:9 \u00b7 Resolu\u00e7\u00e3o 2736&#215;1824<br \/><strong>Multim\u00eddia<\/strong><br \/>C\u00e2mera traseira<br \/>C\u00e2mera frontal<br \/><strong>Conectividade<\/strong><br \/>WIFI<br \/>Bluetooth<br \/><strong>Outros<\/strong><br \/>hR embalagens<br \/><strong>Dimens\u00f5es<\/strong><br \/>29.2&#215;20.1&#215;0.85 cm.<br \/><strong>Peso<\/strong><br \/>0.79 Kg.<br \/><strong>Especifica\u00e7\u00f5es adicionais<\/strong><br \/>O Microsoft Surface Pro 7 Plus \u00e9 a solu\u00e7\u00e3o perfeita para quem procura mobilidade sem comprometer o desempenho. Equipado com um processador Intel Core i5-1135G7 de 2,4 GHz, 16 GB de RAM SO-DDR4 e um SSD M. 2 de 256 GB, este tablet convert\u00edvel garante um desempenho \u00e1gil e fluido para tarefas profissionais, criativas ou de escrit\u00f3rio.O seu ecr\u00e3 t\u00e1til de 12,3 polegadas com resolu\u00e7\u00e3o 2K (2736 x 1824) e formato 16:9 proporciona uma experi\u00eancia visual n\u00edtida e imersiva. Com o Windows 11 Pro e o TPM 2.0, oferece um ambiente moderno e seguro, ideal para ambientes empresariais e trabalho remoto.Leve, potente e vers\u00e1til, o Surface Pro 7 Plus \u00e9 a ferramenta ideal para os utilizadores que procuram um tablet-port\u00e1til convert\u00edvel premium com a m\u00e1xima efici\u00eancia e portabilidade.Exterior elegante. Veja &#8220;+ Fotos&#8221; e &#8220;V\u00eddeo&#8221; e, se tiver alguma d\u00favida, ligue-nos ou utilize o nosso chat para obter mais informa\u00e7\u00f5es ou solicitar mais detalhes.<\/p>\n","protected":false},"excerpt":{"rendered":"<p>Intel Core i5 1135G7 2.4 GHz. \u00b7 16 Gb. SO-DDR4 RAM \u00b7 256 Gb. SSD M2 \u00b7 <strong>Windows 11 Pro<\/strong> \u00b7 T\u00e1til 12.3 &#8221; 2K 16:9 \u00b7<strong>Teclado e Sistema Operativo em Portugu\u00eas<\/strong> [&#8230;]<\/p>\n<p><a class=\"btn btn-secondary understrap-read-more-link\" href=\"https:\/\/digalco.com\/pt-pt\/produto\/microsoft-surface-pro-7-plus-kit-portugues-recondicionado-pt-13928-bundle\/\">Continuar a ler&#8230;<span class=\"screen-reader-text\"> from Microsoft Surface Pro 7 Plus Kit Portugu\u00e9s | Recondicionado (Bundle)<\/span><\/a><\/p>\n","protected":false},"featured_media":265721,"template":"","meta":[],"product_brand":[3860],"product_cat":[3749,1579],"product_tag":[],"class_list":{"0":"post-295404","1":"product","2":"type-product","3":"status-publish","4":"has-post-thumbnail","6":"product_brand-microsoft","7":"product_cat-tablets-surface-pt","8":"product_cat-tablets-pt","10":"first","11":"instock","12":"sale","13":"virtual","14":"taxable","15":"purchasable","16":"product-type-bundle"},"bundled_by":[],"bundle_stock_status":"instock","bundle_stock_quantity":8,"bundle_virtual":false,"bundle_layout":"default","bundle_add_to_cart_form_location":"default","bundle_editable_in_cart":false,"bundle_sold_individually_context":"product","bundle_item_grouping":"parent","bundle_min_size":1,"bundle_max_size":2,"bundle_price":{"price":{"min":{"incl_tax":"516","excl_tax":"516"},"max":{"incl_tax":"555","excl_tax":"555"}},"regular_price":{"min":{"incl_tax":"516","excl_tax":"516"},"max":{"incl_tax":"576","excl_tax":"576"}}},"bundled_items":[{"bundled_item_id":374,"product_id":265757,"menu_order":0,"quantity_min":1,"quantity_max":1,"quantity_default":1,"priced_individually":true,"shipped_individually":false,"override_title":false,"title":"Microsoft Surface Pro 7 Plus Kit Portugu\u00e9s | Recondicionado","override_description":false,"description":"Microsoft Surface Pro 7 Plus Kit Portugu\u00e9s | Recondicionado","optional":false,"hide_thumbnail":false,"discount":"","override_variations":false,"allowed_variations":[""],"override_default_variation_attributes":false,"default_variation_attributes":[],"single_product_visibility":"visible","cart_visibility":"visible","order_visibility":"visible","single_product_price_visibility":"visible","cart_price_visibility":"visible","order_price_visibility":"visible","stock_status":"in_stock"},{"bundled_item_id":375,"product_id":162539,"menu_order":1,"quantity_min":1,"quantity_max":1,"quantity_default":1,"priced_individually":true,"shipped_individually":false,"override_title":false,"title":"Op\u00e7\u00e3o port\u00e1til Microsoft Surface Dockin 1661 | Recondicionado","override_description":false,"description":"Op\u00e7\u00e3o port\u00e1til Microsoft Surface Dockin 1661 | Recondicionado","optional":true,"hide_thumbnail":false,"discount":"35","override_variations":false,"allowed_variations":[""],"override_default_variation_attributes":false,"default_variation_attributes":[],"single_product_visibility":"visible","cart_visibility":"visible","order_visibility":"visible","single_product_price_visibility":"visible","cart_price_visibility":"visible","order_price_visibility":"visible","stock_status":"in_stock"}],"bundle_sell_ids":[],"exclude_global_add_ons":[],"addons":[],"df_price":"","df_sale_price":"","df_regular_price":"","df_image_link":"https:\/\/digalco.com\/wp-content\/uploads\/images\/product\/13928\/ms00200_01-300x225.jpg","_links":{"self":[{"href":"https:\/\/digalco.com\/pt-pt\/wp-json\/wp\/v2\/product\/295404","targetHints":{"allow":["GET"]}}],"collection":[{"href":"https:\/\/digalco.com\/pt-pt\/wp-json\/wp\/v2\/product"}],"about":[{"href":"https:\/\/digalco.com\/pt-pt\/wp-json\/wp\/v2\/types\/product"}],"wp:featuredmedia":[{"embeddable":true,"href":"https:\/\/digalco.com\/pt-pt\/wp-json\/wp\/v2\/media\/265721"}],"wp:attachment":[{"href":"https:\/\/digalco.com\/pt-pt\/wp-json\/wp\/v2\/media?parent=295404"}],"wp:term":[{"taxonomy":"product_brand","embeddable":true,"href":"https:\/\/digalco.com\/pt-pt\/wp-json\/wp\/v2\/product_brand?post=295404"},{"taxonomy":"product_cat","embeddable":true,"href":"https:\/\/digalco.com\/pt-pt\/wp-json\/wp\/v2\/product_cat?post=295404"},{"taxonomy":"product_tag","embeddable":true,"href":"https:\/\/digalco.com\/pt-pt\/wp-json\/wp\/v2\/product_tag?post=295404"}],"curies":[{"name":"wp","href":"https:\/\/api.w.org\/{rel}","templated":true}]}}