{"id":296827,"date":"2026-02-02T11:08:45","date_gmt":"2026-02-02T10:08:45","guid":{"rendered":"https:\/\/digalco.com\/tienda\/escaner-brother-ads-1700w-recondicionado-pt-13824\/"},"modified":"2026-04-07T11:19:22","modified_gmt":"2026-04-07T09:19:22","slug":"escaner-brother-ads-1700w-recondicionado-pt-13824","status":"publish","type":"product","link":"https:\/\/digalco.com\/pt-pt\/produto\/escaner-brother-ads-1700w-recondicionado-pt-13824\/","title":{"rendered":"Esc\u00e1ner Brother ADS-1700W-Impecable | Recondicionado"},"content":{"rendered":"<p><strong>Sensor de Imagem<\/strong><br \/><strong><\/strong>CCD Colorido<br \/><strong>Ecr\u00e3:<\/strong><br \/>Ecr\u00e3 Sens\u00edvel ao Toque Colorido 2,8&#8243;<strong><\/strong><br \/><strong>Velocidade de Digitaliza\u00e7\u00e3o<\/strong><br \/>Cor: At\u00e9 25 ppm<strong><\/strong><br \/><strong>Resolu\u00e7\u00e3o<\/strong><br \/><strong><\/strong>At\u00e9 1200 ppp<strong><\/strong><br \/><strong>Conectividade<\/strong><br \/>USB 3.0 &#8211; Wi-Fi<strong><\/strong><br \/><strong>Manuseamento de Papel<\/strong><br \/><strong><\/strong>Alimentador Autom\u00e1tico de Documentos para 20 folhas<br \/><strong>\u00c1rea de Digitaliza\u00e7\u00e3o<\/strong><br \/><strong><\/strong>ADF M\u00e1x. A4<strong><\/strong><br \/><strong>Especifica\u00e7\u00f5es Adicionais<\/strong><br \/>O Brother ADS-1700W \u00e9 um scanner documental concebido para ambientes onde a digitaliza\u00e7\u00e3o \u00e1gil e fi\u00e1vel \u00e9 essencial no dia a dia. Pensado para escrit\u00f3rios modernos, gabinetes profissionais e empresas que gerem documentos de forma cont\u00ednua, combina facilidade de utiliza\u00e7\u00e3o, conectividade sem fios e um tamanho compacto que se adapta perfeitamente a qualquer posto de trabalho sem abdicar de funcionalidades de n\u00edvel profissional. Este scanner documental a cores incorpora um sensor CCD de alta qualidade que garante uma reprodu\u00e7\u00e3o fiel e n\u00edtida de cada documento, com resolu\u00e7\u00f5es at\u00e9 1200 dpi. A sua velocidade de digitaliza\u00e7\u00e3o at\u00e9 25 p\u00e1ginas por minuto e a digitaliza\u00e7\u00e3o duplex autom\u00e1tica permitem digitalizar grandes volumes em menos tempo, otimizando os fluxos de trabalho. O alimentador autom\u00e1tico de 20 folhas agiliza a gest\u00e3o de documentos multip\u00e1gina, enquanto a conectividade USB 3.0 e WiFi oferece m\u00e1xima flexibilidade para uma integra\u00e7\u00e3o f\u00e1cil em qualquer ambiente inform\u00e1tico, tanto com liga\u00e7\u00e3o por cabo como sem fios. O Brother ADS-1700W n\u00e3o se limita a digitalizar, transforma a forma de trabalhar com a documenta\u00e7\u00e3o. Reduz tempos, elimina tarefas manuais repetitivas e melhora a organiza\u00e7\u00e3o digital com resultados profissionais desde a primeira utiliza\u00e7\u00e3o. Uma solu\u00e7\u00e3o compacta, eficiente e robusta que proporciona produtividade real, facilita a gest\u00e3o documental e torna-se um investimento inteligente para qualquer neg\u00f3cio que valorize efici\u00eancia, qualidade e comodidade nos seus processos de digitaliza\u00e7\u00e3o.<strong>Apar\u00eancia exterior impec\u00e1vel<\/strong>. Se tiver alguma d\u00favida, ligue-nos ou utilize o nosso chat para ampliar a informa\u00e7\u00e3o ou para solicitar mais detalhes.<\/p>\n","protected":false},"excerpt":{"rendered":"<p>Digitalizador de documentos a cores &#8211; CCD a cores \u2013 At\u00e9 25 ppm \u2013 At\u00e9 1200 dpi \u2013 USB 3.0 \/ <strong>WiFi<\/strong> \u2013 Digitaliza\u00e7\u00e3o frente e verso integrada \u2013 Alimentador autom\u00e1tico de documentos para 20 folhas. [&#8230;]<\/p>\n<p><a class=\"btn btn-secondary understrap-read-more-link\" href=\"https:\/\/digalco.com\/pt-pt\/produto\/escaner-brother-ads-1700w-recondicionado-pt-13824\/\">Continuar a ler&#8230;<span class=\"screen-reader-text\"> from Esc\u00e1ner Brother ADS-1700W-Impecable | Recondicionado<\/span><\/a><\/p>\n","protected":false},"featured_media":296816,"template":"","meta":[],"product_brand":[3855],"product_cat":[1723],"product_tag":[],"class_list":{"0":"post-296827","1":"product","2":"type-product","3":"status-publish","4":"has-post-thumbnail","6":"product_brand-brother","7":"product_cat-scanners-pt","9":"first","10":"instock","11":"taxable","12":"shipping-taxable","13":"purchasable","14":"product-type-simple"},"bundled_by":[],"bundle_stock_status":"instock","bundle_stock_quantity":5,"bundle_virtual":false,"bundle_layout":"","bundle_add_to_cart_form_location":"","bundle_editable_in_cart":false,"bundle_sold_individually_context":"","bundle_item_grouping":"","bundle_min_size":"","bundle_max_size":"","bundle_price":[],"bundled_items":[],"bundle_sell_ids":[],"exclude_global_add_ons":[],"addons":[],"df_price":145,"df_sale_price":"","df_regular_price":145,"df_image_link":"https:\/\/digalco.com\/wp-content\/uploads\/images\/product\/13824\/brot00041_01-300x225.jpg","_links":{"self":[{"href":"https:\/\/digalco.com\/pt-pt\/wp-json\/wp\/v2\/product\/296827","targetHints":{"allow":["GET"]}}],"collection":[{"href":"https:\/\/digalco.com\/pt-pt\/wp-json\/wp\/v2\/product"}],"about":[{"href":"https:\/\/digalco.com\/pt-pt\/wp-json\/wp\/v2\/types\/product"}],"wp:featuredmedia":[{"embeddable":true,"href":"https:\/\/digalco.com\/pt-pt\/wp-json\/wp\/v2\/media\/296816"}],"wp:attachment":[{"href":"https:\/\/digalco.com\/pt-pt\/wp-json\/wp\/v2\/media?parent=296827"}],"wp:term":[{"taxonomy":"product_brand","embeddable":true,"href":"https:\/\/digalco.com\/pt-pt\/wp-json\/wp\/v2\/product_brand?post=296827"},{"taxonomy":"product_cat","embeddable":true,"href":"https:\/\/digalco.com\/pt-pt\/wp-json\/wp\/v2\/product_cat?post=296827"},{"taxonomy":"product_tag","embeddable":true,"href":"https:\/\/digalco.com\/pt-pt\/wp-json\/wp\/v2\/product_tag?post=296827"}],"curies":[{"name":"wp","href":"https:\/\/api.w.org\/{rel}","templated":true}]}}