{"id":300409,"date":"2026-02-09T12:01:06","date_gmt":"2026-02-09T11:01:06","guid":{"rendered":"https:\/\/digalco.com\/tienda\/hp-e243-238-ips-169-tara-1920x1080-pt-14632\/"},"modified":"2026-03-03T15:45:08","modified_gmt":"2026-03-03T14:45:08","slug":"hp-e243-238-ips-169-tara-1920x1080-pt-14632","status":"publish","type":"product","link":"https:\/\/digalco.com\/pt-pt\/produto\/hp-e243-238-ips-169-tara-1920x1080-pt-14632\/","title":{"rendered":"HP E243 23.8&#8221; IPS 16:9 | Tara  | 1920&#215;1080"},"content":{"rendered":"<p><strong>Tela<\/strong><br \/>IPS 23.8 &#8221; FullHD 16:9  \u00b7 Resolu\u00e7\u00e3o 1920&#215;1080<br \/>Dot pitch 0.27 mm<br \/>Resposta 5 ms<br \/>Contraste 1000:1<br \/>Brilho 250 cd\/m2<br \/>\u00c2ngulo vis\u00e3o 178\u00b0v\/178\u00b0h<br \/><strong>Portas de v\u00eddeo<\/strong><br \/>VGA<br \/>HDMI<br \/>Display Port<br \/><strong>Espec\u00edfico tela<\/strong><br \/>Apoio VESA<br \/>Pedestal<br \/>Regul\u00e1vel em altura<br \/><strong>Outros<\/strong><br \/>hR embalagens<br \/><strong>Dimens\u00f5es<\/strong><br \/>54&#215;33.5&#215;20.5 cm.<br \/><strong>Peso<\/strong><br \/>5.40 Kg.<br \/><strong>Coment\u00e1rios<\/strong><br \/><u>Pequeno risco no ecr\u00e3, localizado no canto inferior esquerdo. \u00c9 mais vis\u00edvel com o monitor desligado e quase impercept\u00edvel com ele ligado. Uma \u00f3tima oportunidade! Consulte a sec\u00e7\u00e3o &#8220;+ Fotos&#8221; e, em caso de d\u00favida, contacte-nos por telefone ou chat para mais informa\u00e7\u00f5es ou detalhes.<\/u><br \/><strong>Taras<\/strong><br \/>Ara\u00f1azos o manchas en pantalla.<\/p>\n","protected":false},"excerpt":{"rendered":"<p>IPS 23.8 &#8221; FullHD 16:9 \u00b7 Resolu\u00e7\u00e3o 1920&#215;1080 \u00b7<u>Pequeno risco no ecr\u00e3 (Veja em &#8220;+ Fotos&#8221;)<\/u> [&#8230;]<\/p>\n<p><a class=\"btn btn-secondary understrap-read-more-link\" href=\"https:\/\/digalco.com\/pt-pt\/produto\/hp-e243-238-ips-169-tara-1920x1080-pt-14632\/\">Continuar a ler&#8230;<span class=\"screen-reader-text\"> from HP E243 23.8&#8221; IPS 16:9 | Tara  | 1920&#215;1080<\/span><\/a><\/p>\n","protected":false},"featured_media":300378,"template":"","meta":[],"product_brand":[3854],"product_cat":[1871,1507,1491,1875],"product_tag":[],"class_list":{"0":"post-300409","1":"product","2":"type-product","3":"status-publish","4":"has-post-thumbnail","6":"product_brand-hp","7":"product_cat-com-taras-pt","8":"product_cat-monitores-com-taras-pt","9":"product_cat-monitores-pt","10":"product_cat-com-taras-monitores-pt","12":"first","13":"outofstock","14":"taxable","15":"shipping-taxable","16":"purchasable","17":"product-type-simple"},"bundled_by":[],"bundle_stock_status":"outofstock","bundle_stock_quantity":0,"bundle_virtual":false,"bundle_layout":"","bundle_add_to_cart_form_location":"","bundle_editable_in_cart":false,"bundle_sold_individually_context":"","bundle_item_grouping":"","bundle_min_size":"","bundle_max_size":"","bundle_price":[],"bundled_items":[],"bundle_sell_ids":[],"exclude_global_add_ons":true,"addons":{"hdmi-upgrades":{"name":"Extens\u00e3o cabo","type":"multiple_choice","position":0,"required":false,"title_format":"heading","default":"","description_enable":false,"description":"","placeholder_enable":false,"placeholder":"","display":"radiobutton","restrictions_type":"any_text","adjust_price":false,"price":"","price_type":"quantity_based","restrictions":false,"min":"0","max":"0","options":[{"label":"Cabo HDMI 2 mts. [AMP00104]","price":"6.0000","price_type":"quantity_based","image":0,"visibility":true},{"label":"DisplayPort para cabo DisplayPort 1,8 mts. [AMP00103]","price":"8.0000","price_type":"quantity_based","image":0,"visibility":true}]}},"df_price":50,"df_sale_price":"","df_regular_price":50,"df_image_link":"https:\/\/digalco.com\/wp-content\/uploads\/images\/product\/14632\/hp02738tr01_01-300x225.jpg","_links":{"self":[{"href":"https:\/\/digalco.com\/pt-pt\/wp-json\/wp\/v2\/product\/300409","targetHints":{"allow":["GET"]}}],"collection":[{"href":"https:\/\/digalco.com\/pt-pt\/wp-json\/wp\/v2\/product"}],"about":[{"href":"https:\/\/digalco.com\/pt-pt\/wp-json\/wp\/v2\/types\/product"}],"wp:featuredmedia":[{"embeddable":true,"href":"https:\/\/digalco.com\/pt-pt\/wp-json\/wp\/v2\/media\/300378"}],"wp:attachment":[{"href":"https:\/\/digalco.com\/pt-pt\/wp-json\/wp\/v2\/media?parent=300409"}],"wp:term":[{"taxonomy":"product_brand","embeddable":true,"href":"https:\/\/digalco.com\/pt-pt\/wp-json\/wp\/v2\/product_brand?post=300409"},{"taxonomy":"product_cat","embeddable":true,"href":"https:\/\/digalco.com\/pt-pt\/wp-json\/wp\/v2\/product_cat?post=300409"},{"taxonomy":"product_tag","embeddable":true,"href":"https:\/\/digalco.com\/pt-pt\/wp-json\/wp\/v2\/product_tag?post=300409"}],"curies":[{"name":"wp","href":"https:\/\/api.w.org\/{rel}","templated":true}]}}