{"id":301081,"date":"2026-02-09T13:10:46","date_gmt":"2026-02-09T12:10:46","guid":{"rendered":"https:\/\/digalco.com\/tienda\/lenovo-thinkcenter-a70z-aio-19-aio-tara-core-2-duo-293ghz-4-gb-ram-320-gb-hdd-pt-9592\/"},"modified":"2026-04-16T13:16:02","modified_gmt":"2026-04-16T11:16:02","slug":"lenovo-thinkcenter-a70z-aio-19-aio-tara-core-2-duo-293ghz-4-gb-ram-320-gb-hdd-pt-9592","status":"publish","type":"product","link":"https:\/\/digalco.com\/pt-pt\/produto\/lenovo-thinkcenter-a70z-aio-19-aio-tara-core-2-duo-293ghz-4-gb-ram-320-gb-hdd-pt-9592\/","title":{"rendered":"Lenovo ThinkCenter A70Z AIO 19&#8243; AIO | Tara  | Core 2 Duo 2.93GHz | 4 GB RAM | 320 GB HDD"},"content":{"rendered":"<p><strong>Processador<\/strong><br \/>Intel Core 2 Duo E7500 2.93 GHz.<br \/><strong>Fator de forma<\/strong><br \/>AIO<br \/><strong>Mem\u00f3ria RAM<\/strong><br \/>4 Gb. DDR3 RAM<br \/><strong>Disco r\u00edgido<\/strong><br \/>320 Gb. SATA<br \/><strong>Drive \u00f3ptico<\/strong><br \/>DVD-RW<br \/><strong>Cart\u00f5es<\/strong><br \/>Placa gr\u00e1fica: Intel G41 Express<br \/>Som: High Definition Audio<br \/>Network: PCI RTL8168D<br \/><strong>Sistema operativo<\/strong><br \/>Ubuntu GNU\/Linux<br \/><strong>Portos<\/strong><br \/>S\u00e9rie<br \/>6x USB 2.0<br \/><strong>Tela<\/strong><br \/>TFT 19 &#8221; HD 16:10  \u00b7 Resolu\u00e7\u00e3o 1440&#215;900<br \/><strong>Multim\u00eddia<\/strong><br \/>Webcam<br \/><strong>Espec\u00edfico tela<\/strong><br \/>Apoio VESA<br \/>Pedestal<br \/><strong>Conectividade<\/strong><br \/>RJ-45<br \/>WIFI<br \/><strong>Outros<\/strong><br \/>hR embalagens<br \/><strong>Dimens\u00f5es<\/strong><br \/>42x47x25 cm.<br \/><strong>Peso<\/strong><br \/>7.00 Kg.<br \/><strong>Coment\u00e1rios<\/strong><br \/><u>O ecr\u00e3 apresenta riscos e marcas de uso na moldura. Isto n\u00e3o afeta a qualidade da imagem; s\u00e3o apenas riscos no pl\u00e1stico da moldura. Uma \u00f3tima oportunidade! Veja as &#8220;+ Fotos&#8221; e, em caso de d\u00favida, contacte-nos por telefone ou chat para obter mais informa\u00e7\u00f5es ou solicitar mais detalhes.<\/u><\/p>\n","protected":false},"excerpt":{"rendered":"<p>Intel Core 2 Duo E7500 2.93 GHz. \u00b7 4 Gb. DDR3 RAM \u00b7<u>Arranh\u00f5es na moldura da tela (Ver em &#8220;+ Fotos&#8221;)<\/u> [&#8230;]<\/p>\n<p><a class=\"btn btn-secondary understrap-read-more-link\" href=\"https:\/\/digalco.com\/pt-pt\/produto\/lenovo-thinkcenter-a70z-aio-19-aio-tara-core-2-duo-293ghz-4-gb-ram-320-gb-hdd-pt-9592\/\">Continuar a ler&#8230;<span class=\"screen-reader-text\"> from Lenovo ThinkCenter A70Z AIO 19&#8243; AIO | Tara  | Core 2 Duo 2.93GHz | 4 GB RAM | 320 GB HDD<\/span><\/a><\/p>\n","protected":false},"featured_media":301060,"template":"","meta":[],"product_brand":[3856],"product_cat":[1487,1871,1467,1879],"product_tag":[],"class_list":{"0":"post-301081","1":"product","2":"type-product","3":"status-publish","4":"has-post-thumbnail","6":"product_brand-lenovo","7":"product_cat-computadores-com-taras-pt","8":"product_cat-com-taras-pt","9":"product_cat-computadores-pt","10":"product_cat-com-taras-computadores-pt","12":"first","13":"instock","14":"taxable","15":"shipping-taxable","16":"purchasable","17":"product-type-simple"},"bundled_by":[],"bundle_stock_status":"instock","bundle_stock_quantity":1,"bundle_virtual":false,"bundle_layout":"","bundle_add_to_cart_form_location":"","bundle_editable_in_cart":false,"bundle_sold_individually_context":"","bundle_item_grouping":"","bundle_min_size":"","bundle_max_size":"","bundle_price":[],"bundled_items":[],"bundle_sell_ids":[],"exclude_global_add_ons":true,"addons":{"hdd-upgrades":{"name":"Extens\u00e3o disco r\u00edgido","type":"multiple_choice","position":0,"required":false,"title_format":"heading","default":"","description_enable":false,"description":"","placeholder_enable":false,"placeholder":"","display":"radiobutton","restrictions_type":"any_text","adjust_price":false,"price":"","price_type":"quantity_based","restrictions":false,"min":"0","max":"0","options":[{"label":"Cambio a Disco SSD 480 Gb. [AMP00014]","price":"59.0000","price_type":"quantity_based","image":0,"visibility":true},{"label":"Cambio a Disco SSD 1 Tb. [AMP00071]","price":"95.0000","price_type":"quantity_based","image":0,"visibility":true}]},"network-card-upgrades":{"name":"Extens\u00e3o WIFI","type":"multiple_choice","position":0,"required":false,"title_format":"heading","default":"","description_enable":false,"description":"","placeholder_enable":false,"placeholder":"","display":"radiobutton","restrictions_type":"any_text","adjust_price":false,"price":"","price_type":"quantity_based","restrictions":false,"min":"0","max":"0","options":[{"label":"Ampliaci\u00f3n a Wireless nano USB [AMP00018]","price":"12.0000","price_type":"quantity_based","image":0,"visibility":true}]},"os-upgrades":{"name":"Extens\u00e3o OS","type":"multiple_choice","position":0,"required":false,"title_format":"heading","default":"","description_enable":false,"description":"","placeholder_enable":false,"placeholder":"","display":"radiobutton","restrictions_type":"any_text","adjust_price":false,"price":"","price_type":"quantity_based","restrictions":false,"min":"0","max":"0","options":[{"label":"Alterar idioma para franc\u00eas [AMP00125]","price":"0.0000","price_type":"quantity_based","image":0,"visibility":true},{"label":"Alterar idioma para ingl\u00eas [AMP00008]","price":"0.0000","price_type":"quantity_based","image":0,"visibility":true},{"label":"Alterar idioma para o portugu\u00eas [AMP00009]","price":"0.0000","price_type":"quantity_based","image":0,"visibility":true}]}},"df_price":84,"df_sale_price":"","df_regular_price":84,"df_image_link":"https:\/\/digalco.com\/wp-content\/uploads\/images\/product\/9592\/leno00691tr01_01-300x225.jpg","_links":{"self":[{"href":"https:\/\/digalco.com\/pt-pt\/wp-json\/wp\/v2\/product\/301081","targetHints":{"allow":["GET"]}}],"collection":[{"href":"https:\/\/digalco.com\/pt-pt\/wp-json\/wp\/v2\/product"}],"about":[{"href":"https:\/\/digalco.com\/pt-pt\/wp-json\/wp\/v2\/types\/product"}],"wp:featuredmedia":[{"embeddable":true,"href":"https:\/\/digalco.com\/pt-pt\/wp-json\/wp\/v2\/media\/301060"}],"wp:attachment":[{"href":"https:\/\/digalco.com\/pt-pt\/wp-json\/wp\/v2\/media?parent=301081"}],"wp:term":[{"taxonomy":"product_brand","embeddable":true,"href":"https:\/\/digalco.com\/pt-pt\/wp-json\/wp\/v2\/product_brand?post=301081"},{"taxonomy":"product_cat","embeddable":true,"href":"https:\/\/digalco.com\/pt-pt\/wp-json\/wp\/v2\/product_cat?post=301081"},{"taxonomy":"product_tag","embeddable":true,"href":"https:\/\/digalco.com\/pt-pt\/wp-json\/wp\/v2\/product_tag?post=301081"}],"curies":[{"name":"wp","href":"https:\/\/api.w.org\/{rel}","templated":true}]}}