{"id":301535,"date":"2026-02-09T16:33:59","date_gmt":"2026-02-09T15:33:59","guid":{"rendered":"https:\/\/digalco.com\/tienda\/lenovo-thinkpad-l460-14-recondicionado-core-i5-24ghz-8-gb-ram-500-gb-hdd-1366x768-pt-4846\/"},"modified":"2026-02-12T11:45:20","modified_gmt":"2026-02-12T10:45:20","slug":"lenovo-thinkpad-l460-14-recondicionado-core-i5-24ghz-8-gb-ram-500-gb-hdd-1366x768-pt-4846","status":"publish","type":"product","link":"https:\/\/digalco.com\/pt-pt\/produto\/lenovo-thinkpad-l460-14-recondicionado-core-i5-24ghz-8-gb-ram-500-gb-hdd-1366x768-pt-4846\/","title":{"rendered":"Lenovo ThinkPad L460 14&#8221; | Recondicionado | Core i5 2.4GHz | 8 GB RAM | 500 GB HDD 1366&#215;768"},"content":{"rendered":"<p><strong>Processador<\/strong><br \/>Intel Core i5 6300U 2.4 GHz.<br \/><strong>Mem\u00f3ria RAM<\/strong><br \/>8 Gb. SO-DDR3 RAM<br \/><strong>Disco r\u00edgido<\/strong><br \/>500 Gb. SATA<br \/><strong>Cart\u00f5es<\/strong><br \/>Placa gr\u00e1fica: Intel HD 520<br \/>Som: High Definition Audio<br \/>Network: Intel Ethernet Connection I219-LM<br \/><strong>Sistema operativo<\/strong><br \/>Windows 10 Pro<br \/><strong>Portos<\/strong><br \/>3x USB 3.0<br \/><strong>Tela<\/strong><br \/>LCD 14 &#8221; HD 16:9  \u00b7 Resolu\u00e7\u00e3o 1366&#215;768<br \/><strong>Portas de v\u00eddeo<\/strong><br \/>VGA<br \/>Mini Display Port<br \/><strong>Multim\u00eddia<\/strong><br \/>Webcam<br \/>Leitor SD<br \/><strong>Conectividade<\/strong><br \/>RJ-45<br \/>WIFI<br \/>Bluetooth<br \/>4G<br \/><strong>Espec\u00edfico laptop<\/strong><br \/>Layout do teclado Espanhol<br \/><strong>Outros<\/strong><br \/>hR embalagens<br \/><strong>Dimens\u00f5es<\/strong><br \/>34&#215;23.5&#215;3 cm.<br \/><strong>Peso<\/strong><br \/>1.85 Kg.<br \/><strong>Especifica\u00e7\u00f5es adicionais<\/strong><br \/>O Lenovo ThinkPad L460 \u00e9 um port\u00e1til profissional equilibrado, projetado para oferecer fiabilidade, desempenho e conectividade avan\u00e7ada em ambientes de trabalho din\u00e2micos. Equipado com processador Intel Core i5-6300U a 2.4 GHz e 8 GB de RAM, proporciona desempenho fluido para multitarefa, aplica\u00e7\u00f5es de escrit\u00f3rio, gest\u00e3o administrativa e uso profissional di\u00e1rio.<br \/>O seu disco r\u00edgido SATA de 500 GB oferece amplo espa\u00e7o para documentos, ficheiros e aplica\u00e7\u00f5es, enquanto o ecr\u00e3 LCD de 14\u201d em formato HD garante visualiza\u00e7\u00e3o confort\u00e1vel para o trabalho di\u00e1rio. Inclui Windows 10 Pro, assegurando compatibilidade e seguran\u00e7a em ambientes profissionais.<br \/>Um dos seus grandes diferenciais \u00e9 a conectividade 4G integrada, que permite trabalhar a partir de qualquer lugar com liga\u00e7\u00e3o m\u00f3vel, ideal para profissionais em movimento ou ambientes onde o acesso a redes fixas \u00e9 limitado. Al\u00e9m disso, incorpora webcam e leitor de cart\u00f5es SD, proporcionando versatilidade e conectividade adicional.<br \/>O ThinkPad L460 destaca-se pela sua constru\u00e7\u00e3o robusta e fi\u00e1vel, caracter\u00edstica da gama ThinkPad, tornando-o numa excelente op\u00e7\u00e3o como esta\u00e7\u00e3o de trabalho m\u00f3vel, posto fixo ou port\u00e1til de apoio, combinando mobilidade, desempenho e conectividade num \u00fanico dispositivo.<br \/>Bom estado est\u00e9tico. Pode apresentar ligeiras marcas de uso na carca\u00e7a. Veja em \u201c+ Fotos\u201d e &#8220;V\u00eddeo&#8221; e se tiver alguma d\u00favida ligue-nos ou utilize o nosso chat para ampliar a informa\u00e7\u00e3o ou para solicitar mais detalhes.<\/p>\n","protected":false},"excerpt":{"rendered":"<p>Intel Core i5 6300U 2.4 GHz. \u00b7 8 Gb. SO-DDR3 RAM \u00b7 500 Gb. SATA \u00b7 Windows 10 Pro \u00b7 LCD 14 &#8221; HD 16:9  \u00b7 Resolu\u00e7\u00e3o 1366&#215;768 \u00b7 Webcam \u00b7 Leitor SD [&#8230;]<\/p>\n<p><a class=\"btn btn-secondary understrap-read-more-link\" href=\"https:\/\/digalco.com\/pt-pt\/produto\/lenovo-thinkpad-l460-14-recondicionado-core-i5-24ghz-8-gb-ram-500-gb-hdd-1366x768-pt-4846\/\">Continuar a ler&#8230;<span class=\"screen-reader-text\"> from Lenovo ThinkPad L460 14&#8221; | Recondicionado | Core i5 2.4GHz | 8 GB RAM | 500 GB HDD 1366&#215;768<\/span><\/a><\/p>\n","protected":false},"featured_media":301484,"template":"","meta":[],"product_brand":[3856],"product_cat":[3759,1515],"product_tag":[],"class_list":{"0":"post-301535","1":"product","2":"type-product","3":"status-publish","4":"has-post-thumbnail","6":"product_brand-lenovo","7":"product_cat-laptops-14-pt","8":"product_cat-laptops-pt","10":"first","11":"outofstock","12":"taxable","13":"shipping-taxable","14":"purchasable","15":"product-type-simple"},"bundled_by":[],"bundle_stock_status":"outofstock","bundle_stock_quantity":0,"bundle_virtual":false,"bundle_layout":"","bundle_add_to_cart_form_location":"","bundle_editable_in_cart":false,"bundle_sold_individually_context":"","bundle_item_grouping":"","bundle_min_size":"","bundle_max_size":"","bundle_price":[],"bundled_items":[],"bundle_sell_ids":[],"exclude_global_add_ons":true,"addons":{"keyboard-iso-upgrades":{"name":"Selecione idioma teclado","type":"multiple_choice","position":0,"required":false,"title_format":"heading","default":"","description_enable":false,"description":"","placeholder_enable":false,"placeholder":"","display":"radiobutton","restrictions_type":"any_text","adjust_price":false,"price":"","price_type":"quantity_based","restrictions":false,"min":"0","max":"0","options":[{"label":"Pegatinas Franc\u00e9s [AMP00084]","price":"0.0000","price_type":"quantity_based","image":0,"visibility":true},{"label":"Pegatinas Portugues [AMP00083]","price":"0.0000","price_type":"quantity_based","image":0,"visibility":true}]},"ram-memory-upgrades":{"name":"Extens\u00e3o RAM","type":"multiple_choice","position":0,"required":false,"title_format":"heading","default":"","description_enable":false,"description":"","placeholder_enable":false,"placeholder":"","display":"radiobutton","restrictions_type":"any_text","adjust_price":false,"price":"","price_type":"quantity_based","restrictions":false,"min":"0","max":"0","options":[{"label":"Extens\u00e3o SODIM RAM 16 Gb DDR3 [AMP00004]","price":"50.0000","price_type":"quantity_based","image":0,"visibility":true}]},"hdd-upgrades":{"name":"Extens\u00e3o disco r\u00edgido","type":"multiple_choice","position":0,"required":false,"title_format":"heading","default":"","description_enable":false,"description":"","placeholder_enable":false,"placeholder":"","display":"radiobutton","restrictions_type":"any_text","adjust_price":false,"price":"","price_type":"quantity_based","restrictions":false,"min":"0","max":"0","options":[{"label":"Cambio a Disco 1 Tb. SATA 2,5&quot; [AMP00035]","price":"45.0000","price_type":"quantity_based","image":0,"visibility":true},{"label":"Cambio a Disco SSD 1 Tb. [AMP00071]","price":"95.0000","price_type":"quantity_based","image":0,"visibility":true},{"label":"Cambio a Disco SSD 120 Gb. [AMP00012]","price":"25.0000","price_type":"quantity_based","image":0,"visibility":true},{"label":"Cambio a Disco SSD 240 Gb. [AMP00013]","price":"35.0000","price_type":"quantity_based","image":0,"visibility":true},{"label":"Cambio a Disco SSD 480 Gb. [AMP00014]","price":"59.0000","price_type":"quantity_based","image":0,"visibility":true}]},"os-upgrades":{"name":"Extens\u00e3o OS","type":"multiple_choice","position":0,"required":false,"title_format":"heading","default":"","description_enable":false,"description":"","placeholder_enable":false,"placeholder":"","display":"radiobutton","restrictions_type":"any_text","adjust_price":false,"price":"","price_type":"quantity_based","restrictions":false,"min":"0","max":"0","options":[{"label":"Alterar idioma para franc\u00eas [AMP00125]","price":"0.0000","price_type":"quantity_based","image":0,"visibility":true},{"label":"Alterar idioma para ingl\u00eas [AMP00008]","price":"0.0000","price_type":"quantity_based","image":0,"visibility":true},{"label":"Alterar idioma para o portugu\u00eas [AMP00009]","price":"0.0000","price_type":"quantity_based","image":0,"visibility":true},{"label":"Alterar para o Windows 32 bits [AMP00005]","price":"10.0000","price_type":"quantity_based","image":0,"visibility":true}]},"briefcase-upgrades":{"name":"Maleta","type":"multiple_choice","position":0,"required":false,"title_format":"heading","default":"","description_enable":false,"description":"","placeholder_enable":false,"placeholder":"","display":"radiobutton","restrictions_type":"any_text","adjust_price":false,"price":"","price_type":"quantity_based","restrictions":false,"min":"0","max":"0","options":[{"label":"Maleta Port\u00e1til [AMP00041]","price":"5.0000","price_type":"quantity_based","image":0,"visibility":true}]}},"df_price":142,"df_sale_price":"","df_regular_price":142,"df_image_link":"https:\/\/digalco.com\/wp-content\/uploads\/images\/product\/4846\/leno00426_01-300x225.jpg","_links":{"self":[{"href":"https:\/\/digalco.com\/pt-pt\/wp-json\/wp\/v2\/product\/301535","targetHints":{"allow":["GET"]}}],"collection":[{"href":"https:\/\/digalco.com\/pt-pt\/wp-json\/wp\/v2\/product"}],"about":[{"href":"https:\/\/digalco.com\/pt-pt\/wp-json\/wp\/v2\/types\/product"}],"wp:featuredmedia":[{"embeddable":true,"href":"https:\/\/digalco.com\/pt-pt\/wp-json\/wp\/v2\/media\/301484"}],"wp:attachment":[{"href":"https:\/\/digalco.com\/pt-pt\/wp-json\/wp\/v2\/media?parent=301535"}],"wp:term":[{"taxonomy":"product_brand","embeddable":true,"href":"https:\/\/digalco.com\/pt-pt\/wp-json\/wp\/v2\/product_brand?post=301535"},{"taxonomy":"product_cat","embeddable":true,"href":"https:\/\/digalco.com\/pt-pt\/wp-json\/wp\/v2\/product_cat?post=301535"},{"taxonomy":"product_tag","embeddable":true,"href":"https:\/\/digalco.com\/pt-pt\/wp-json\/wp\/v2\/product_tag?post=301535"}],"curies":[{"name":"wp","href":"https:\/\/api.w.org\/{rel}","templated":true}]}}