{"id":306516,"date":"2026-02-16T12:34:00","date_gmt":"2026-02-16T11:34:00","guid":{"rendered":"https:\/\/digalco.com\/tienda\/dell-latitude-5410-14-recondicionado-core-i5-17ghz-8-gb-ram-256-gb-ssd-m2-1366x768-pt-14468\/"},"modified":"2026-04-09T18:50:13","modified_gmt":"2026-04-09T16:50:13","slug":"dell-latitude-5410-14-recondicionado-core-i5-17ghz-8-gb-ram-256-gb-ssd-m2-1366x768-pt-14468","status":"publish","type":"product","link":"https:\/\/digalco.com\/pt-pt\/produto\/dell-latitude-5410-14-recondicionado-core-i5-17ghz-8-gb-ram-256-gb-ssd-m2-1366x768-pt-14468\/","title":{"rendered":"Dell Latitude 5410 14&#8221; | Recondicionado | Core i5 1.7GHz | 8 GB RAM | 256 GB SSD M2 1366&#215;768"},"content":{"rendered":"<p><strong>Processador<\/strong><br \/>Intel Core i5 10310U 1.7 GHz.<br \/><strong>Mem\u00f3ria RAM<\/strong><br \/>8 Gb. SO-DDR4 RAM<br \/><strong>Disco r\u00edgido<\/strong><br \/>256 Gb. SSD M2<br \/><strong>Cart\u00f5es<\/strong><br \/>Placa gr\u00e1fica: Intel UHD Graphics<br \/>Som: Realtek HDA<br \/>Network: L219LM Gigabit Ethernet<br \/><strong>Sistema operativo<\/strong><br \/>Windows 11 Pro<br \/><strong>Portos<\/strong><br \/>3x USB 3.1<br \/><strong>Tela<\/strong><br \/>Led 14 &#8221; HD 16:9 \u00b7 Resolu\u00e7\u00e3o 1366&#215;768<br \/><strong>Portas de v\u00eddeo<\/strong><br \/>HDMI<br \/>Mini Display Port<br \/><strong>Multim\u00eddia<\/strong><br \/>Webcam<br \/>Leitor SD<br \/>Leitor DNI<br \/><strong>Conectividade<\/strong><br \/>RJ-45<br \/>WIFI<br \/>Bluetooth<br \/><strong>Espec\u00edfico laptop<\/strong><br \/>Layout do teclado Espanhol<br \/><strong>Outros<\/strong><br \/>hR embalagens<br \/><strong>Dimens\u00f5es<\/strong><br \/>22x33x2.5 cm.<br \/><strong>Peso<\/strong><br \/>1.50 Kg.<br \/><strong>Especifica\u00e7\u00f5es adicionais<\/strong><br \/>O Dell Latitude 5410 \u00e9 um port\u00e1til profissional concebido para oferecer desempenho eficiente, seguran\u00e7a avan\u00e7ada e fiabilidade a longo prazo. Equipado com processador Intel Core i5-10310U de 10.\u00aa gera\u00e7\u00e3o a 1.7 GHz e 8 GB de mem\u00f3ria DDR4, proporciona uma experi\u00eancia fluida em multitarefa, aplica\u00e7\u00f5es de escrit\u00f3rio, gest\u00e3o administrativa e ambientes empresariais exigentes.O SSD M.2 de 256 GB garante arranques r\u00e1pidos e acesso imediato aos dados, otimizando os tempos de trabalho e melhorando a produtividade di\u00e1ria. O ecr\u00e3 LED HD de 14\u201d em formato 16:9 oferece um equil\u00edbrio ideal entre portabilidade e conforto visual, perfeito para jornadas intensivas tanto no escrit\u00f3rio como em mobilidade.Inclui Windows 11 Pro e TPM 2.0, assegurando um ambiente seguro, atualizado e compat\u00edvel com ferramentas corporativas modernas. Al\u00e9m disso, incorpora webcam, leitor de cart\u00f5es SD e leitor de cart\u00e3o de cidad\u00e3o, oferecendo conectividade e autentica\u00e7\u00e3o segura em ambientes profissionais e administrativos.O Latitude 5410 destaca-se pela sua constru\u00e7\u00e3o robusta e design elegante, caracter\u00edsticos da gama Latitude, tornando-o uma excelente op\u00e7\u00e3o como port\u00e1til profissional para empresa, teletrabalho ou posto fixo compacto, combinando desempenho, seguran\u00e7a e efici\u00eancia operacional num \u00fanico equipamento.Bom aspeto exterior. Veja em \u201c+ Fotos\u201d e &#8220;Video&#8221; e se tiver alguma d\u00favida ligue-nos ou utilize o nosso chat para ampliar a informa\u00e7\u00e3o ou para solicitar mais detalhes.<\/p>\n","protected":false},"excerpt":{"rendered":"<p>Intel Core i5 10310U 1.7 GHz. \u00b7 8 Gb. SO-DDR4 RAM \u00b7 256 Gb. SSD M2 \u00b7 <strong>Windows 11 Pro<\/strong> \u00b7 Led 14 &#8221; HD 16:9 \u00b7 Resolu\u00e7\u00e3o 1366&#215;768 \u00b7 Webcam \u00b7 Leitor SD \u00b7 Leitor DNI [&#8230;]<\/p>\n<p><a class=\"btn btn-secondary understrap-read-more-link\" href=\"https:\/\/digalco.com\/pt-pt\/produto\/dell-latitude-5410-14-recondicionado-core-i5-17ghz-8-gb-ram-256-gb-ssd-m2-1366x768-pt-14468\/\">Continuar a ler&#8230;<span class=\"screen-reader-text\"> from Dell Latitude 5410 14&#8221; | Recondicionado | Core i5 1.7GHz | 8 GB RAM | 256 GB SSD M2 1366&#215;768<\/span><\/a><\/p>\n","protected":false},"featured_media":306470,"template":"","meta":[],"product_brand":[3852],"product_cat":[3759,1515],"product_tag":[],"class_list":{"0":"post-306516","1":"product","2":"type-product","3":"status-publish","4":"has-post-thumbnail","6":"product_brand-dell","7":"product_cat-laptops-14-pt","8":"product_cat-laptops-pt","10":"first","11":"instock","12":"taxable","13":"shipping-taxable","14":"purchasable","15":"product-type-simple"},"bundled_by":[],"bundle_stock_status":"instock","bundle_stock_quantity":15,"bundle_virtual":false,"bundle_layout":"","bundle_add_to_cart_form_location":"","bundle_editable_in_cart":false,"bundle_sold_individually_context":"","bundle_item_grouping":"","bundle_min_size":"","bundle_max_size":"","bundle_price":[],"bundled_items":[],"bundle_sell_ids":[],"exclude_global_add_ons":true,"addons":{"keyboard-iso-upgrades":{"name":"Selecione idioma teclado","type":"multiple_choice","position":0,"required":false,"title_format":"heading","default":"","description_enable":false,"description":"","placeholder_enable":false,"placeholder":"","display":"radiobutton","restrictions_type":"any_text","adjust_price":false,"price":"","price_type":"quantity_based","restrictions":false,"min":"0","max":"0","options":[{"label":"Pegatinas Franc\u00e9s [AMP00084]","price":"0.0000","price_type":"quantity_based","image":0,"visibility":true},{"label":"Pegatinas Portugues [AMP00083]","price":"0.0000","price_type":"quantity_based","image":0,"visibility":true}]},"ram-memory-upgrades":{"name":"Extens\u00e3o RAM","type":"multiple_choice","position":0,"required":false,"title_format":"heading","default":"","description_enable":false,"description":"","placeholder_enable":false,"placeholder":"","display":"radiobutton","restrictions_type":"any_text","adjust_price":false,"price":"","price_type":"quantity_based","restrictions":false,"min":"0","max":"0","options":[{"label":"Extens\u00e3o SO-DIMM RAM 16 Gb DDR4 [AMP00081]","price":"60.0000","price_type":"quantity_based","image":0,"visibility":true}]},"hdd-upgrades":{"name":"Extens\u00e3o disco r\u00edgido","type":"multiple_choice","position":0,"required":false,"title_format":"heading","default":"","description_enable":false,"description":"","placeholder_enable":false,"placeholder":"","display":"radiobutton","restrictions_type":"any_text","adjust_price":false,"price":"","price_type":"quantity_based","restrictions":false,"min":"0","max":"0","options":[{"label":"Cambio a Disco SSD 500 Gb. M.2 2280 PCIe [AMP00106]","price":110,"price_type":"quantity_based","image":0,"visibility":true},{"label":"Cambio a Disco SSD 1 Tb. M.2 2280 PCIe [AMP00107]","price":165,"price_type":"quantity_based","image":0,"visibility":true},{"label":"Cambio a Disco SSD 2 Tb. M.2 2280 PCIe [AMP00171]","price":260,"price_type":"quantity_based","image":0,"visibility":true}]},"os-upgrades":{"name":"Extens\u00e3o OS","type":"multiple_choice","position":0,"required":false,"title_format":"heading","default":"","description_enable":false,"description":"","placeholder_enable":false,"placeholder":"","display":"radiobutton","restrictions_type":"any_text","adjust_price":false,"price":"","price_type":"quantity_based","restrictions":false,"min":"0","max":"0","options":[{"label":"Alterar idioma para franc\u00eas [AMP00125]","price":"0.0000","price_type":"quantity_based","image":0,"visibility":true},{"label":"Alterar idioma para ingl\u00eas [AMP00008]","price":"0.0000","price_type":"quantity_based","image":0,"visibility":true},{"label":"Alterar idioma para o portugu\u00eas [AMP00009]","price":"0.0000","price_type":"quantity_based","image":0,"visibility":true}]},"briefcase-upgrades":{"name":"Maleta","type":"multiple_choice","position":0,"required":false,"title_format":"heading","default":"","description_enable":false,"description":"","placeholder_enable":false,"placeholder":"","display":"radiobutton","restrictions_type":"any_text","adjust_price":false,"price":"","price_type":"quantity_based","restrictions":false,"min":"0","max":"0","options":[{"label":"Maleta Port\u00e1til [AMP00041]","price":"5.0000","price_type":"quantity_based","image":0,"visibility":true}]}},"df_price":246,"df_sale_price":"","df_regular_price":246,"df_image_link":"https:\/\/digalco.com\/wp-content\/uploads\/images\/product\/14468\/dell01583_01-300x225.jpg","_links":{"self":[{"href":"https:\/\/digalco.com\/pt-pt\/wp-json\/wp\/v2\/product\/306516","targetHints":{"allow":["GET"]}}],"collection":[{"href":"https:\/\/digalco.com\/pt-pt\/wp-json\/wp\/v2\/product"}],"about":[{"href":"https:\/\/digalco.com\/pt-pt\/wp-json\/wp\/v2\/types\/product"}],"wp:featuredmedia":[{"embeddable":true,"href":"https:\/\/digalco.com\/pt-pt\/wp-json\/wp\/v2\/media\/306470"}],"wp:attachment":[{"href":"https:\/\/digalco.com\/pt-pt\/wp-json\/wp\/v2\/media?parent=306516"}],"wp:term":[{"taxonomy":"product_brand","embeddable":true,"href":"https:\/\/digalco.com\/pt-pt\/wp-json\/wp\/v2\/product_brand?post=306516"},{"taxonomy":"product_cat","embeddable":true,"href":"https:\/\/digalco.com\/pt-pt\/wp-json\/wp\/v2\/product_cat?post=306516"},{"taxonomy":"product_tag","embeddable":true,"href":"https:\/\/digalco.com\/pt-pt\/wp-json\/wp\/v2\/product_tag?post=306516"}],"curies":[{"name":"wp","href":"https:\/\/api.w.org\/{rel}","templated":true}]}}