{"id":313343,"date":"2026-02-25T08:53:32","date_gmt":"2026-02-25T07:53:32","guid":{"rendered":"https:\/\/digalco.com\/tienda\/dell-latitude-7200-123-recondicionado-core-i5-19ghz-16-gb-ram-256-gb-ssd-m2-1920x1080-pt-14604\/"},"modified":"2026-03-09T19:31:55","modified_gmt":"2026-03-09T18:31:55","slug":"dell-latitude-7200-123-recondicionado-core-i5-19ghz-16-gb-ram-256-gb-ssd-m2-1920x1080-pt-14604","status":"publish","type":"product","link":"https:\/\/digalco.com\/pt-pt\/produto\/dell-latitude-7200-123-recondicionado-core-i5-19ghz-16-gb-ram-256-gb-ssd-m2-1920x1080-pt-14604\/","title":{"rendered":"Dell Latitude 7200 12.3&#8221; | Recondicionado | Core i5 1.9GHz | 16 GB RAM | 256 GB SSD M2 1920&#215;1080"},"content":{"rendered":"<p><strong>Processador<\/strong><br \/>Intel Core i5 8365U 1.9 GHz.<br \/><strong>Mem\u00f3ria RAM<\/strong><br \/>16 Gb. SO-DDR3 RAM<br \/><strong>Disco r\u00edgido<\/strong><br \/>256 Gb. SSD M2<br \/><strong>Cart\u00f5es<\/strong><br \/>Placa gr\u00e1fica: Intel UHD 620<br \/>Som: Realtek Audio<br \/>Network: &#8211;<br \/><strong>Sistema operativo<\/strong><br \/>Windows 11 Pro<br \/><strong>Portos<\/strong><br \/>2x USB-C<br \/>USB 3.1<br \/><strong>Tela<\/strong><br \/>T\u00e1til 12.3 &#8221; FullHD 16:9  \u00b7 Resolu\u00e7\u00e3o 1920&#215;1080<br \/><strong>Multim\u00eddia<\/strong><br \/>Leitor SD<br \/>C\u00e2mera traseira<br \/>C\u00e2mera frontal<br \/><strong>Conectividade<\/strong><br \/>WIFI<br \/>Bluetooth<br \/><strong>Outros<\/strong><br \/>hR embalagens<br \/><strong>Dimens\u00f5es<\/strong><br \/>29x21x1.5 cm.<br \/><strong>Peso<\/strong><br \/>1.18 Kg.<br \/><strong>Especifica\u00e7\u00f5es adicionais<\/strong><br \/>O Dell Latitude 7200 \u00e9 um tablet profissional concebido para quem procura desempenho, mobilidade e fiabilidade num formato compacto e vers\u00e1til. Ideal para ambientes de trabalho din\u00e2micos, escrit\u00f3rios modernos ou profissionais em movimento, oferece toda a experi\u00eancia do Windows 11 Pro num dispositivo leve e preparado para o dia a dia empresarial.<br \/>Equipado com Intel Core i5-8365U a 1.9 GHz, 16 GB de mem\u00f3ria RAM e um r\u00e1pido SSD M.2 de 256 GB, garante fluidez em multitarefa avan\u00e7ada, aplica\u00e7\u00f5es corporativas e gest\u00e3o simult\u00e2nea de projetos. O seu ecr\u00e3 t\u00e1til de 12,3 polegadas FullHD (1920 x 1080) em formato 16:9 proporciona visualiza\u00e7\u00e3o clara e precisa, ideal para documentos, apresenta\u00e7\u00f5es e navega\u00e7\u00e3o profissional. Incorpora ainda TPM 2.0, acrescentando uma camada extra de seguran\u00e7a para proteger informa\u00e7\u00e3o sens\u00edvel e refor\u00e7ar ambientes de trabalho exigentes.<br \/>O Dell Latitude 7200 destaca-se pelo equil\u00edbrio entre pot\u00eancia, portabilidade e seguran\u00e7a, tornando-se uma excelente op\u00e7\u00e3o como tablet Windows profissional ou equipamento principal em mobilidade. Um dispositivo eficiente e elegante, preparado para impulsionar a produtividade com a garantia de uma gama empresarial consolidada.<br \/>Bom aspeto exterior. Se tiver alguma d\u00favida ligue-nos ou utilize o nosso chat para ampliar a informa\u00e7\u00e3o ou solicitar mais detalhes.<\/p>\n","protected":false},"excerpt":{"rendered":"<p>Intel Core i5 8365U 1.9 GHz. [TPM 2.0] \u00b7 16 Gb. SO-DDR3 RAM \u00b7 256 Gb. SSD M2 \u00b7 <strong>Windows 11 Pro<\/strong> \u00b7 T\u00e1til 12.3 &#8221; FullHD 16:9 \u00b7 Resolu\u00e7\u00e3o 1920&#215;1080 [&#8230;]<\/p>\n<p><a class=\"btn btn-secondary understrap-read-more-link\" href=\"https:\/\/digalco.com\/pt-pt\/produto\/dell-latitude-7200-123-recondicionado-core-i5-19ghz-16-gb-ram-256-gb-ssd-m2-1920x1080-pt-14604\/\">Continuar a ler&#8230;<span class=\"screen-reader-text\"> from Dell Latitude 7200 12.3&#8221; | Recondicionado | Core i5 1.9GHz | 16 GB RAM | 256 GB SSD M2 1920&#215;1080<\/span><\/a><\/p>\n","protected":false},"featured_media":313332,"template":"","meta":[],"product_brand":[3852],"product_cat":[3093,1579],"product_tag":[],"class_list":{"0":"post-313343","1":"product","2":"type-product","3":"status-publish","4":"has-post-thumbnail","6":"product_brand-dell","7":"product_cat-tablets-tablets-pt","8":"product_cat-tablets-pt","10":"first","11":"outofstock","12":"taxable","13":"shipping-taxable","14":"purchasable","15":"product-type-simple"},"bundled_by":[],"bundle_stock_status":"outofstock","bundle_stock_quantity":0,"bundle_virtual":false,"bundle_layout":"","bundle_add_to_cart_form_location":"","bundle_editable_in_cart":false,"bundle_sold_individually_context":"","bundle_item_grouping":"","bundle_min_size":"","bundle_max_size":"","bundle_price":[],"bundled_items":[],"bundle_sell_ids":[],"exclude_global_add_ons":true,"addons":{"os-upgrades":{"name":"Extens\u00e3o OS","type":"multiple_choice","position":0,"required":false,"title_format":"heading","default":"","description_enable":false,"description":"","placeholder_enable":false,"placeholder":"","display":"radiobutton","restrictions_type":"any_text","adjust_price":false,"price":"","price_type":"quantity_based","restrictions":false,"min":"0","max":"0","options":[{"label":"Alterar idioma para franc\u00eas [AMP00125]","price":"0.0000","price_type":"quantity_based","image":0,"visibility":true},{"label":"Alterar idioma para ingl\u00eas [AMP00008]","price":"0.0000","price_type":"quantity_based","image":0,"visibility":true},{"label":"Alterar idioma para o portugu\u00eas [AMP00009]","price":"0.0000","price_type":"quantity_based","image":0,"visibility":true}]}},"df_price":264,"df_sale_price":"","df_regular_price":264,"df_image_link":"https:\/\/digalco.com\/wp-content\/uploads\/images\/product\/14604\/dell01625_01-300x225.jpg","_links":{"self":[{"href":"https:\/\/digalco.com\/pt-pt\/wp-json\/wp\/v2\/product\/313343","targetHints":{"allow":["GET"]}}],"collection":[{"href":"https:\/\/digalco.com\/pt-pt\/wp-json\/wp\/v2\/product"}],"about":[{"href":"https:\/\/digalco.com\/pt-pt\/wp-json\/wp\/v2\/types\/product"}],"wp:featuredmedia":[{"embeddable":true,"href":"https:\/\/digalco.com\/pt-pt\/wp-json\/wp\/v2\/media\/313332"}],"wp:attachment":[{"href":"https:\/\/digalco.com\/pt-pt\/wp-json\/wp\/v2\/media?parent=313343"}],"wp:term":[{"taxonomy":"product_brand","embeddable":true,"href":"https:\/\/digalco.com\/pt-pt\/wp-json\/wp\/v2\/product_brand?post=313343"},{"taxonomy":"product_cat","embeddable":true,"href":"https:\/\/digalco.com\/pt-pt\/wp-json\/wp\/v2\/product_cat?post=313343"},{"taxonomy":"product_tag","embeddable":true,"href":"https:\/\/digalco.com\/pt-pt\/wp-json\/wp\/v2\/product_tag?post=313343"}],"curies":[{"name":"wp","href":"https:\/\/api.w.org\/{rel}","templated":true}]}}