{"id":320431,"date":"2026-03-10T11:37:38","date_gmt":"2026-03-10T10:37:38","guid":{"rendered":"https:\/\/digalco.com\/tienda\/grandstream-gxp2140-recondicionado-pt-14112\/"},"modified":"2026-03-10T11:37:41","modified_gmt":"2026-03-10T10:37:41","slug":"grandstream-gxp2140-recondicionado-pt-14112","status":"publish","type":"product","link":"https:\/\/digalco.com\/pt-pt\/produto\/grandstream-gxp2140-recondicionado-pt-14112\/","title":{"rendered":"Grandstream GXP2140 | Recondicionado"},"content":{"rendered":"<p>4 contas SIP.<br \/>Tela LCD de 4,3&#8243;.<br \/>Portas Ethernet de 2 Gb, PoE<br \/>Bluetooth<br \/>5 teclas XML program\u00e1veis \u200b\u200be contextuais<br \/>Confer\u00eancia de voz de 5 vias<br \/>Qualidade de som HD<br \/>Compat\u00edvel com o m\u00f3dulo de extens\u00e3o GXP2200<\/p>\n","protected":false},"excerpt":{"rendered":"<p>4 contas SIP &#8211; Ecr\u00e3 LCD de 4,3&#8221; &#8211; 2x Gigabit Ethernet &#8211; PoE &#8211; Bluetooth &#8211; 5 teclas XML program\u00e1veis \u200b\u200b- Confer\u00eancia de voz com 5 participantes &#8211; Qualidade de som HD &#8211; Compat\u00edvel com o m\u00f3dulo de expans\u00e3o GXP2200 &#8211; <strong>Produto novo, sem selo<\/strong> [&#8230;]<\/p>\n<p><a class=\"btn btn-secondary understrap-read-more-link\" href=\"https:\/\/digalco.com\/pt-pt\/produto\/grandstream-gxp2140-recondicionado-pt-14112\/\">Continuar a ler&#8230;<span class=\"screen-reader-text\"> from Grandstream GXP2140 | Recondicionado<\/span><\/a><\/p>\n","protected":false},"featured_media":320425,"template":"","meta":[],"product_brand":[4062],"product_cat":[1663,3797],"product_tag":[],"class_list":{"0":"post-320431","1":"product","2":"type-product","3":"status-publish","4":"has-post-thumbnail","6":"product_brand-grandstream","7":"product_cat-networking-pt","8":"product_cat-networking-telefonia-ip-pt","10":"first","11":"instock","12":"taxable","13":"shipping-taxable","14":"purchasable","15":"product-type-simple"},"bundled_by":[],"bundle_stock_status":"instock","bundle_stock_quantity":1,"bundle_virtual":false,"bundle_layout":"","bundle_add_to_cart_form_location":"","bundle_editable_in_cart":false,"bundle_sold_individually_context":"","bundle_item_grouping":"","bundle_min_size":"","bundle_max_size":"","bundle_price":[],"bundled_items":[],"bundle_sell_ids":[],"exclude_global_add_ons":[],"addons":[],"df_price":108,"df_sale_price":"","df_regular_price":108,"df_image_link":"https:\/\/digalco.com\/wp-content\/uploads\/images\/product\/14112\/gran00002_01-300x225.jpg","_links":{"self":[{"href":"https:\/\/digalco.com\/pt-pt\/wp-json\/wp\/v2\/product\/320431","targetHints":{"allow":["GET"]}}],"collection":[{"href":"https:\/\/digalco.com\/pt-pt\/wp-json\/wp\/v2\/product"}],"about":[{"href":"https:\/\/digalco.com\/pt-pt\/wp-json\/wp\/v2\/types\/product"}],"wp:featuredmedia":[{"embeddable":true,"href":"https:\/\/digalco.com\/pt-pt\/wp-json\/wp\/v2\/media\/320425"}],"wp:attachment":[{"href":"https:\/\/digalco.com\/pt-pt\/wp-json\/wp\/v2\/media?parent=320431"}],"wp:term":[{"taxonomy":"product_brand","embeddable":true,"href":"https:\/\/digalco.com\/pt-pt\/wp-json\/wp\/v2\/product_brand?post=320431"},{"taxonomy":"product_cat","embeddable":true,"href":"https:\/\/digalco.com\/pt-pt\/wp-json\/wp\/v2\/product_cat?post=320431"},{"taxonomy":"product_tag","embeddable":true,"href":"https:\/\/digalco.com\/pt-pt\/wp-json\/wp\/v2\/product_tag?post=320431"}],"curies":[{"name":"wp","href":"https:\/\/api.w.org\/{rel}","templated":true}]}}