{"id":320487,"date":"2026-03-10T12:02:14","date_gmt":"2026-03-10T11:02:14","guid":{"rendered":"https:\/\/digalco.com\/tienda\/ponto-de-acesso-siemens-openstage-60-g-sip-impecable-recondicionado-pt-14110\/"},"modified":"2026-03-10T12:02:19","modified_gmt":"2026-03-10T11:02:19","slug":"ponto-de-acesso-siemens-openstage-60-g-sip-impecable-recondicionado-pt-14110","status":"publish","type":"product","link":"https:\/\/digalco.com\/pt-pt\/produto\/ponto-de-acesso-siemens-openstage-60-g-sip-impecable-recondicionado-pt-14110\/","title":{"rendered":"Ponto de acesso Siemens OpenStage 60 G SIP-Impecable | Recondicionado"},"content":{"rendered":"<p><strong>Geral impressora<\/strong><br \/>Ponto de acesso<br \/><strong>Dimens\u00f5es<\/strong><br \/>22.5&#215;30.5&#215;9 cm.<br \/><strong>Peso<\/strong><br \/>1.00 Kg.<br \/><strong>Especifica\u00e7\u00f5es adicionais<\/strong><br \/>Terminal SIP desbloqueado2 portas Ethernet 10Base-T\/100Base-TX (OpenStage 60G: porta Ethernet de 1000 Mbps)Alimenta\u00e7\u00e3o PoESuporte para m\u00f3dulo de extens\u00e3o de tecladoInterface web intuitiva para configura\u00e7\u00e3oGerenciamento remotoBluetooth 2.0Codecs de voz suportados: G. 722 (banda larga), G. 729ab, G. 711u, G. 711aCancelamento de eco no auscultadorTecla de navega\u00e7\u00e3o de 5 dire\u00e7\u00f5es (Touchguide)6 teclas de fun\u00e7\u00e3o fixas com 6 LEDs azuis8 teclas program\u00e1veis \u200b\u200b\u200b\u200bcom LEDs azuis6 teclas diretas para: m\u00e3os-livres, mensagens e menu, com LEDs azuis\/brancosVolume regul\u00e1vel (campainha e auscultador)Toques polif\u00f3nicosEcr\u00e3 a cores TFT retroiluminado inclin\u00e1vel de 8 linhas, 320 x 240 pixelsAgenda telef\u00f3nica com 1000 entradasIdentificador de chamadasChamada e Luzes indicadoras de mensagensAlta-voz full-duplexChamada em espera, encaminhamento, transfer\u00eancia e esperaFun\u00e7\u00e3o N\u00e3o incomodarBloqueio de tecladoConfer\u00eancia de 3 viasHist\u00f3rico de chamadasInterface para m\u00f3dulos de teclado adicionais (at\u00e9 2 com alimenta\u00e7\u00e3o externa)Capacidade de carregar toques (MP3) a partir de um PC e atribu\u00ed-los a contactosCapacidade de carregar imagens de um PC e atribu\u00ed-las a contactosCorreio de vozConector para auscultadores RJ45Tecla dedicada para auricularAdaptador de alimenta\u00e7\u00e3o n\u00e3o inclu\u00eddoFirmware atualiz\u00e1velUSB mestre e escravoCores dispon\u00edveis: Lava e Azul \u00c1rticoDimens\u00f5es: 70 x 300 x 269 mmPeso: 1235 g<br \/><strong>Coment\u00e1rios<\/strong><br \/><u>Terminal SIP desbloqueado &#8211; 2x10Base-T\/100Base-TX &#8211; PoE &#8211; Bluetooth 2.0 &#8211; 6 teclas de fun\u00e7\u00e3o fixas &#8211; 6 LEDs azuis &#8211; 8 teclas program\u00e1veis- 6 teclas diretas &#8211; Ecr\u00e3 a cores TFT retroiluminado e inclin\u00e1vel de 8 linhas, 320 x 240 pixels.<\/u><\/p>\n","protected":false},"excerpt":{"rendered":"<p>Terminal SIP desbloqueado &#8211; 2x10Base-T\/100Base-TX &#8211; PoE &#8211; Bluetooth 2.0 &#8211; 6 teclas de fun\u00e7\u00e3o fixas &#8211; 6 LEDs azuis &#8211; 8 teclas program\u00e1veis- 6 teclas diretas &#8211; Ecr\u00e3 a cores TFT retroiluminado e inclin\u00e1vel de 8 linhas, 320 x 240 pixels. [&#8230;]<\/p>\n<p><a class=\"btn btn-secondary understrap-read-more-link\" href=\"https:\/\/digalco.com\/pt-pt\/produto\/ponto-de-acesso-siemens-openstage-60-g-sip-impecable-recondicionado-pt-14110\/\">Continuar a ler&#8230;<span class=\"screen-reader-text\"> from Ponto de acesso Siemens OpenStage 60 G SIP-Impecable | Recondicionado<\/span><\/a><\/p>\n","protected":false},"featured_media":320481,"template":"","meta":[],"product_brand":[4063],"product_cat":[1663,3797],"product_tag":[],"class_list":{"0":"post-320487","1":"product","2":"type-product","3":"status-publish","4":"has-post-thumbnail","6":"product_brand-siemens","7":"product_cat-networking-pt","8":"product_cat-networking-telefonia-ip-pt","10":"first","11":"instock","12":"taxable","13":"shipping-taxable","14":"purchasable","15":"product-type-simple"},"bundled_by":[],"bundle_stock_status":"instock","bundle_stock_quantity":1,"bundle_virtual":false,"bundle_layout":"","bundle_add_to_cart_form_location":"","bundle_editable_in_cart":false,"bundle_sold_individually_context":"","bundle_item_grouping":"","bundle_min_size":"","bundle_max_size":"","bundle_price":[],"bundled_items":[],"bundle_sell_ids":[],"exclude_global_add_ons":[],"addons":[],"df_price":108,"df_sale_price":"","df_regular_price":108,"df_image_link":"https:\/\/digalco.com\/wp-content\/uploads\/images\/product\/14110\/siem00001_01-300x225.jpg","_links":{"self":[{"href":"https:\/\/digalco.com\/pt-pt\/wp-json\/wp\/v2\/product\/320487","targetHints":{"allow":["GET"]}}],"collection":[{"href":"https:\/\/digalco.com\/pt-pt\/wp-json\/wp\/v2\/product"}],"about":[{"href":"https:\/\/digalco.com\/pt-pt\/wp-json\/wp\/v2\/types\/product"}],"wp:featuredmedia":[{"embeddable":true,"href":"https:\/\/digalco.com\/pt-pt\/wp-json\/wp\/v2\/media\/320481"}],"wp:attachment":[{"href":"https:\/\/digalco.com\/pt-pt\/wp-json\/wp\/v2\/media?parent=320487"}],"wp:term":[{"taxonomy":"product_brand","embeddable":true,"href":"https:\/\/digalco.com\/pt-pt\/wp-json\/wp\/v2\/product_brand?post=320487"},{"taxonomy":"product_cat","embeddable":true,"href":"https:\/\/digalco.com\/pt-pt\/wp-json\/wp\/v2\/product_cat?post=320487"},{"taxonomy":"product_tag","embeddable":true,"href":"https:\/\/digalco.com\/pt-pt\/wp-json\/wp\/v2\/product_tag?post=320487"}],"curies":[{"name":"wp","href":"https:\/\/api.w.org\/{rel}","templated":true}]}}