{"id":322660,"date":"2026-03-12T10:35:14","date_gmt":"2026-03-12T09:35:14","guid":{"rendered":"https:\/\/digalco.com\/tienda\/lg-l1717s-17-tft-43-recondicionado-1280x1024-pt-5806\/"},"modified":"2026-03-12T10:35:19","modified_gmt":"2026-03-12T09:35:19","slug":"lg-l1717s-17-tft-43-recondicionado-1280x1024-pt-5806","status":"publish","type":"product","link":"https:\/\/digalco.com\/pt-pt\/produto\/lg-l1717s-17-tft-43-recondicionado-1280x1024-pt-5806\/","title":{"rendered":"LG L1717S 17&#8221; TFT 4:3 | Recondicionado | 1280&#215;1024"},"content":{"rendered":"<p><strong>Tela<\/strong><br \/>TFT 17 &#8221; HD 4:3  \u00b7 Resolu\u00e7\u00e3o 1280&#215;1024<br \/>Dot pitch 0.264 mm<br \/>Resposta 12 ms<br \/>Contraste 500:1<br \/>Brilho 250 cd\/m2<br \/>\u00c2ngulo vis\u00e3o 160\u00b0v\/160\u00b0h<br \/><strong>Portas de v\u00eddeo<\/strong><br \/>VGA<br \/><strong>Espec\u00edfico tela<\/strong><br \/>Apoio VESA<br \/>Pedestal<br \/><strong>Outros<\/strong><br \/>hR embalagens<br \/><strong>Dimens\u00f5es<\/strong><br \/>38.5&#215;38.5&#215;18.5 cm.<br \/><strong>Peso<\/strong><br \/>3.95 Kg.<br \/><strong>Especifica\u00e7\u00f5es adicionais<\/strong><br \/>Boa apar\u00eancia exterior. Se voc\u00ea tiver alguma d\u00favida, ligue para n\u00f3s ou use nosso chat para mais informa\u00e7\u00f5es ou para solicitar mais detalhes.<\/p>\n<p><strong>Coment\u00e1rios<\/strong><br \/><u>Cabo de alimenta\u00e7\u00e3o e VGA inclu\u00eddo<\/u><\/p>\n","protected":false},"excerpt":{"rendered":"<p>TFT 17 &#8221; HD 4:3 \u00b7 Resolu\u00e7\u00e3o 1280&#215;1024 \u00b7 Dot pitch 0.264 mm \u00b7 Resposta 12 ms \u00b7 Contraste 500:1 \u00b7 Brilho 250 cd\/m2 \u00b7 VGA \u00b7<br \/>\n<u>Cabo de alimenta\u00e7\u00e3o e VGA inclu\u00eddo<\/u> [&#8230;]<\/p>\n<p><a class=\"btn btn-secondary understrap-read-more-link\" href=\"https:\/\/digalco.com\/pt-pt\/produto\/lg-l1717s-17-tft-43-recondicionado-1280x1024-pt-5806\/\">Continuar a ler&#8230;<span class=\"screen-reader-text\"> from LG L1717S 17&#8221; TFT 4:3 | Recondicionado | 1280&#215;1024<\/span><\/a><\/p>\n","protected":false},"featured_media":322649,"template":"","meta":[],"product_brand":[3861],"product_cat":[2369,1491],"product_tag":[],"class_list":{"0":"post-322660","1":"product","2":"type-product","3":"status-publish","4":"has-post-thumbnail","6":"product_brand-lg","7":"product_cat-monitores-17-pt","8":"product_cat-monitores-pt","10":"first","11":"instock","12":"taxable","13":"shipping-taxable","14":"purchasable","15":"product-type-simple"},"bundled_by":[],"bundle_stock_status":"instock","bundle_stock_quantity":1,"bundle_virtual":false,"bundle_layout":"","bundle_add_to_cart_form_location":"","bundle_editable_in_cart":false,"bundle_sold_individually_context":"","bundle_item_grouping":"","bundle_min_size":"","bundle_max_size":"","bundle_price":[],"bundled_items":[],"bundle_sell_ids":[],"exclude_global_add_ons":true,"addons":{"webcam-upgrades":{"name":"Extens\u00e3o Webcam","type":"multiple_choice","position":0,"required":false,"title_format":"heading","default":"","description_enable":false,"description":"","placeholder_enable":false,"placeholder":"","display":"radiobutton","restrictions_type":"any_text","adjust_price":false,"price":"","price_type":"quantity_based","restrictions":false,"min":"0","max":"0","options":[{"label":"Conceptronic AMDIS FullHD [AMP00085]","price":"29.0000","price_type":"quantity_based","image":0,"visibility":true}]},"warranty-upgrades":{"name":"Extens\u00e3o garant\u00eda","type":"multiple_choice","position":0,"required":false,"title_format":"heading","default":"","description_enable":false,"description":"","placeholder_enable":false,"placeholder":"","display":"radiobutton","restrictions_type":"any_text","adjust_price":false,"price":"","price_type":"quantity_based","restrictions":false,"min":"0","max":"0","options":[{"label":"Extensi\u00f3n de Garantia a 2 a\u00f1os [AMP00029]","price":"6.0000","price_type":"quantity_based","image":0,"visibility":true}]}},"df_price":34,"df_sale_price":"","df_regular_price":34,"df_image_link":"https:\/\/digalco.com\/wp-content\/uploads\/images\/product\/5806\/lg00028_01-300x225.jpg","_links":{"self":[{"href":"https:\/\/digalco.com\/pt-pt\/wp-json\/wp\/v2\/product\/322660","targetHints":{"allow":["GET"]}}],"collection":[{"href":"https:\/\/digalco.com\/pt-pt\/wp-json\/wp\/v2\/product"}],"about":[{"href":"https:\/\/digalco.com\/pt-pt\/wp-json\/wp\/v2\/types\/product"}],"wp:featuredmedia":[{"embeddable":true,"href":"https:\/\/digalco.com\/pt-pt\/wp-json\/wp\/v2\/media\/322649"}],"wp:attachment":[{"href":"https:\/\/digalco.com\/pt-pt\/wp-json\/wp\/v2\/media?parent=322660"}],"wp:term":[{"taxonomy":"product_brand","embeddable":true,"href":"https:\/\/digalco.com\/pt-pt\/wp-json\/wp\/v2\/product_brand?post=322660"},{"taxonomy":"product_cat","embeddable":true,"href":"https:\/\/digalco.com\/pt-pt\/wp-json\/wp\/v2\/product_cat?post=322660"},{"taxonomy":"product_tag","embeddable":true,"href":"https:\/\/digalco.com\/pt-pt\/wp-json\/wp\/v2\/product_tag?post=322660"}],"curies":[{"name":"wp","href":"https:\/\/api.w.org\/{rel}","templated":true}]}}