{"id":323200,"date":"2026-03-12T13:17:31","date_gmt":"2026-03-12T12:17:31","guid":{"rendered":"https:\/\/digalco.com\/tienda\/microsoft-surface-pro-7-plus-negro-kit-portugues-recondicionado-pt-14853\/"},"modified":"2026-03-24T18:35:38","modified_gmt":"2026-03-24T17:35:38","slug":"microsoft-surface-pro-7-plus-negro-kit-portugues-recondicionado-pt-14853","status":"publish","type":"product","link":"https:\/\/digalco.com\/pt-pt\/produto\/microsoft-surface-pro-7-plus-negro-kit-portugues-recondicionado-pt-14853\/","title":{"rendered":"Microsoft Surface Pro 7 Plus Negro Kit Portugu\u00e9s | Recondicionado"},"content":{"rendered":"<p><strong>Processador<\/strong><br \/>Intel Core i7 1165G7 2.8 GHz.<br \/><strong>Mem\u00f3ria RAM<\/strong><br \/>16 Gb. SO-DDR4 RAM<br \/><strong>Disco r\u00edgido<\/strong><br \/>512 Gb. SSD M2<br \/><strong>Cart\u00f5es<\/strong><br \/>Placa gr\u00e1fica: Intel Iris Xe Graphics<br \/>Som: High Definition Audio<br \/><strong>Sistema operativo<\/strong><br \/>Windows 11 Pro<br \/><strong>Portos<\/strong><br \/>USB 3.0<br \/>USB-C<br \/><strong>Tela<\/strong><br \/>T\u00e1til 12.3 &#8221; 2K 16:9 \u00b7 Resolu\u00e7\u00e3o 2736&#215;1824<br \/><strong>Multim\u00eddia<\/strong><br \/>C\u00e2mera traseira<br \/>C\u00e2mera frontal<br \/><strong>Conectividade<\/strong><br \/>WIFI<br \/>Bluetooth<br \/><strong>Outros<\/strong><br \/>hR embalagens<br \/><strong>Dimens\u00f5es<\/strong><br \/>29.2&#215;20.1&#215;0.85 cm.<br \/><strong>Peso<\/strong><br \/>0.79 Kg.<br \/><strong>Coment\u00e1rios<\/strong><br \/>O Microsoft Surface Pro 7 Plus \u00e9 um tablet convers\u00edvel projetado para profissionais que procuram pot\u00eancia, mobilidade e flexibilidade num \u00fanico dispositivo. O seu design 2-em-1 permite alternar de forma intuitiva entre port\u00e1til e tablet, oferecendo toda a experi\u00eancia do Windows 11 Pro num equipamento leve, elegante e preparado para ambientes de trabalho exigentes, criatividade e colabora\u00e7\u00e3o em qualquer lugar. Equipado com um Intel Core i7-1165G7 a 2,8 GHz, 16 GB de RAM DDR4 e um SSD M.2 de 512 GB, garante desempenho excecional em multitarefa avan\u00e7ada, aplica\u00e7\u00f5es profissionais, design gr\u00e1fico e gest\u00e3o de projetos complexos. O ecr\u00e3 t\u00e1til de 12,3 polegadas 2K (16:9) oferece cores precisas e alta nitidez para apresenta\u00e7\u00f5es, edi\u00e7\u00e3o de documentos e cria\u00e7\u00e3o de conte\u00fado visual. Inclui o teclado Microsoft Surface Pro em portugu\u00eas, a caneta ativa Microsoft para escrita e desenho precisos, e o Surface Docking 1661, que potencia a conectividade e produtividade em escrit\u00f3rio. O Surface Pro 7 Plus combina versatilidade, pot\u00eancia e ferramentas profissionais, tornando-se o tablet Windows perfeito para quem procura m\u00e1xima efici\u00eancia, criatividade e conectividade avan\u00e7ada. Um dispositivo desenhado para elevar a produtividade e a experi\u00eancia profissional, tanto em mobilidade como no escrit\u00f3rio.<br \/>\nBom aspeto exterior. Veja em \u201c+ Fotos\u201d e se tiver alguma d\u00favida ligue-nos ou use o nosso chat para obter mais informa\u00e7\u00f5es ou solicitar detalhes adicionais.<\/p>\n","protected":false},"excerpt":{"rendered":"<p>Intel Core i7 1165G7 2.8 GHz. \u00b7 16 Gb. SO-DDR4 RAM \u00b7 512 Gb. SSD M2 \u00b7 <strong>Windows 11 Pro<\/strong> \u00b7 T\u00e1til 12.3 &#8221; 2K 16:9 \u00b7<strong>Teclado portugu\u00eas para Microsoft Surface Pro \u00b7 Caneta ativa Microsoft \u00b7 Docking Station Microsoft Surface 1661<\/strong> [&#8230;]<\/p>\n<p><a class=\"btn btn-secondary understrap-read-more-link\" href=\"https:\/\/digalco.com\/pt-pt\/produto\/microsoft-surface-pro-7-plus-negro-kit-portugues-recondicionado-pt-14853\/\">Continuar a ler&#8230;<span class=\"screen-reader-text\"> from Microsoft Surface Pro 7 Plus Negro Kit Portugu\u00e9s | Recondicionado<\/span><\/a><\/p>\n","protected":false},"featured_media":323159,"template":"","meta":[],"product_brand":[3860],"product_cat":[3749,1579],"product_tag":[],"class_list":{"0":"post-323200","1":"product","2":"type-product","3":"status-publish","4":"has-post-thumbnail","6":"product_brand-microsoft","7":"product_cat-tablets-surface-pt","8":"product_cat-tablets-pt","10":"first","11":"instock","12":"taxable","13":"shipping-taxable","14":"purchasable","15":"product-type-simple"},"bundled_by":[],"bundle_stock_status":"instock","bundle_stock_quantity":6,"bundle_virtual":false,"bundle_layout":"","bundle_add_to_cart_form_location":"","bundle_editable_in_cart":false,"bundle_sold_individually_context":"","bundle_item_grouping":"","bundle_min_size":"","bundle_max_size":"","bundle_price":[],"bundled_items":[],"bundle_sell_ids":[],"exclude_global_add_ons":[],"addons":[],"df_price":730,"df_sale_price":"","df_regular_price":730,"df_image_link":"https:\/\/digalco.com\/wp-content\/uploads\/images\/product\/14853\/ms00241_01-300x225.jpg","_links":{"self":[{"href":"https:\/\/digalco.com\/pt-pt\/wp-json\/wp\/v2\/product\/323200","targetHints":{"allow":["GET"]}}],"collection":[{"href":"https:\/\/digalco.com\/pt-pt\/wp-json\/wp\/v2\/product"}],"about":[{"href":"https:\/\/digalco.com\/pt-pt\/wp-json\/wp\/v2\/types\/product"}],"wp:featuredmedia":[{"embeddable":true,"href":"https:\/\/digalco.com\/pt-pt\/wp-json\/wp\/v2\/media\/323159"}],"wp:attachment":[{"href":"https:\/\/digalco.com\/pt-pt\/wp-json\/wp\/v2\/media?parent=323200"}],"wp:term":[{"taxonomy":"product_brand","embeddable":true,"href":"https:\/\/digalco.com\/pt-pt\/wp-json\/wp\/v2\/product_brand?post=323200"},{"taxonomy":"product_cat","embeddable":true,"href":"https:\/\/digalco.com\/pt-pt\/wp-json\/wp\/v2\/product_cat?post=323200"},{"taxonomy":"product_tag","embeddable":true,"href":"https:\/\/digalco.com\/pt-pt\/wp-json\/wp\/v2\/product_tag?post=323200"}],"curies":[{"name":"wp","href":"https:\/\/api.w.org\/{rel}","templated":true}]}}